{"id":13689,"date":"2025-11-14T08:15:24","date_gmt":"2025-11-14T08:15:24","guid":{"rendered":"https:\/\/www.cnbaianfire.com\/?post_type=product&#038;p=13689"},"modified":"2025-11-14T09:18:35","modified_gmt":"2025-11-14T09:18:35","slug":"bus-driver","status":"publish","type":"product","link":"https:\/\/www.cnbaianfire.com\/pt\/produto\/bus-driver\/","title":{"rendered":"Bus Driver"},"content":{"rendered":"<h2><strong>Bus Driver<\/strong><\/h2>\n<h2>J-EI8036<\/h2>\n<p><img loading=\"lazy\" decoding=\"async\" class=\"alignnone size-medium wp-image-13690\" data-src=\"https:\/\/www.cnbaianfire.com\/wp-content\/uploads\/2025\/11\/Bus-Driver-300x300.webp\" alt=\"Bus Driver\" width=\"300\" height=\"300\" \/><\/p>\n<h2><strong>Carater\u00edsticas<\/strong><\/h2>\n<p>1.Enhances bus driving capability and extends bus communication distance.<br \/>\n2.Output can be connected to coded intrinsically safe explosion-proof products.<br \/>\n3.Features output short-circuit isolation.<br \/>\n4.Both inputs and outputs are non-polarized.<br \/>\n5.Adopts a pluggable structure, with an aesthetically pleasing appearance and convenient installation.<\/p>\n<h2><strong>Technical Parameter<\/strong><\/h2>\n<table class=\"tg\" style=\"border-collapse: collapse;border-spacing: 0\">\n<thead>\n<tr>\n<th style=\"background-color: #073980;color: #fff;font-family: Arial, sans-serif;font-size: 14px;font-weight: bold;overflow: hidden;padding: 10px 5px;text-align: center;vertical-align: top;border: 1px solid #000000\">Operating Environment<\/th>\n<th style=\"font-family: Arial, sans-serif;font-size: 14px;font-weight: normal;overflow: hidden;padding: 10px 5px;text-align: center;vertical-align: top;border: 1px solid #000000\">Temperature: -10\u2103~50\u2103; Humidity: \u226495%RH (non-condensing)<\/th>\n<\/tr>\n<\/thead>\n<tbody>\n<tr>\n<td style=\"background-color: #073980;color: #fff;font-family: Arial, sans-serif;font-size: 14px;font-weight: bold;overflow: hidden;padding: 10px 5px;text-align: center;vertical-align: top;border: 1px solid #000000\">Operating Voltage<\/td>\n<td style=\"background-color: #dad6d5;font-family: Arial, sans-serif;font-size: 14px;overflow: hidden;padding: 10px 5px;text-align: center;vertical-align: top;border: 1px solid #000000\">Busbar 24V; Power supply: DC24V\u00b11015%<\/td>\n<\/tr>\n<tr>\n<td style=\"background-color: #073980;color: #fff;font-family: Arial, sans-serif;font-size: 14px;font-weight: bold;overflow: hidden;padding: 10px 5px;text-align: center;vertical-align: top;border: 1px solid #000000\">Operating Environment<\/td>\n<td style=\"font-family: Arial, sans-serif;font-size: 14px;overflow: hidden;padding: 10px 5px;text-align: center;vertical-align: top;border: 1px solid #000000\">\u22641mA<\/td>\n<\/tr>\n<tr>\n<td style=\"background-color: #073980;color: #fff;font-family: Arial, sans-serif;font-size: 14px;font-weight: bold;overflow: hidden;padding: 10px 5px;text-align: center;vertical-align: top;border: 1px solid #000000\">Operating Voltage<\/td>\n<td style=\"background-color: #dad6d5;font-family: Arial, sans-serif;font-size: 14px;overflow: hidden;padding: 10px 5px;text-align: center;vertical-align: top;border: 1px solid #000000\">\u2264200mA<\/td>\n<\/tr>\n<tr>\n<td style=\"background-color: #073980;color: #fff;font-family: Arial, sans-serif;font-size: 14px;font-weight: bold;overflow: hidden;padding: 10px 5px;text-align: center;vertical-align: top;border: 1px solid #000000\">Explosion-proof Mark<\/td>\n<td style=\"font-family: Arial, sans-serif;font-size: 14px;overflow: hidden;padding: 10px 5px;text-align: center;vertical-align: top;border: 1px solid #000000\">\u22651000 meters (1.5mm\u00b2 twisted pair cable)<\/td>\n<\/tr>\n<tr>\n<td style=\"background-color: #073980;color: #fff;font-family: Arial, sans-serif;font-size: 14px;font-weight: bold;overflow: hidden;padding: 10px 5px;text-align: center;vertical-align: top;border: 1px solid #000000\">Enclosure Material and Color<\/td>\n<td style=\"background-color: #dad6d5;font-family: Arial, sans-serif;font-size: 14px;overflow: hidden;padding: 10px 5px;text-align: center;vertical-align: top;border: 1px solid #000000\">ABS, White<\/td>\n<\/tr>\n<tr>\n<td style=\"background-color: #073980;color: #fff;font-family: Arial, sans-serif;font-size: 14px;font-weight: bold;overflow: hidden;padding: 10px 5px;text-align: center;vertical-align: top;border: 1px solid #000000\">Protection Rating<\/td>\n<td style=\"font-family: Arial, sans-serif;font-size: 14px;overflow: hidden;padding: 10px 5px;text-align: center;vertical-align: top;border: 1px solid #000000\">J-EI8049Y<\/td>\n<\/tr>\n<tr>\n<td style=\"background-color: #073980;color: #fff;font-family: Arial, sans-serif;font-size: 14px;font-weight: bold;overflow: hidden;padding: 10px 5px;text-align: center;vertical-align: top;border: 1px solid #000000\">Dimens\u00f5es<\/td>\n<td style=\"background-color: #dad6d5;font-family: Arial, sans-serif;font-size: 14px;overflow: hidden;padding: 10px 5px;text-align: center;vertical-align: top;border: 1px solid #000000\">90mm\u00d790mm\u00d741mm (including base) (Length\u00d7Width\u00d7Height)<\/td>\n<\/tr>\n<\/tbody>\n<\/table>\n<p>&nbsp;<\/p>\n<p>&nbsp;<\/p>\n<p>&nbsp;<\/p>\n<p>&nbsp;<\/p>\n<p>&nbsp;<\/p>\n<p>&nbsp;<\/p>\n<p>&nbsp;<\/p>\n<p>&nbsp;<\/p>\n<p>&nbsp;<\/p>\n<p>&nbsp;<\/p>\n<p>&nbsp;<\/p>\n<p>&nbsp;<\/p>\n<p>&nbsp;<\/p>\n<p>&nbsp;<\/p>\n<p>&nbsp;<\/p>\n<p>&nbsp;<\/p>\n<p>&nbsp;<\/p>\n<p>&nbsp;<\/p>","protected":false},"excerpt":{"rendered":"<p>Bus Driver J-EI8036 Features 1.Enhances bus driving capability and extends bus communication distance. 2.Output can be connected to coded intrinsically safe explosion-proof products. 3.Features output short-circuit isolation. 4.Both inputs and outputs are non-polarized. 5.Adopts a pluggable structure, with an aesthetically pleasing appearance and convenient installation. Technical Parameter Operating Environment Temperature: -10\u2103~50\u2103; Humidity: \u226495%RH (non-condensing) Operating [&hellip;]<\/p>","protected":false},"featured_media":13690,"template":"","meta":{"_et_pb_use_builder":"","_et_pb_old_content":"","_et_gb_content_width":""},"product_cat":[336,337],"product_tag":[],"yoast_head":"<!-- This site is optimized with the Yoast SEO plugin v22.7 - https:\/\/yoast.com\/wordpress\/plugins\/seo\/ -->\n<title>China wholesales Bus Driver supplier - BAIAN FIRE PROTECTION EQUIPMENT<\/title>\n<meta name=\"description\" content=\"Professional Bus Driver manufacturer - Baian. We offers reliable, certified fire fighting equipment backed by technical support and global experience.\" \/>\n<meta name=\"robots\" content=\"index, follow, max-snippet:-1, max-image-preview:large, max-video-preview:-1\" \/>\n<link rel=\"canonical\" href=\"https:\/\/www.cnbaianfire.com\/pt\/produto\/bus-driver\/\" \/>\n<meta property=\"og:locale\" content=\"pt_PT\" \/>\n<meta property=\"og:type\" content=\"article\" \/>\n<meta property=\"og:title\" content=\"China wholesales Bus Driver supplier - BAIAN FIRE PROTECTION EQUIPMENT\" \/>\n<meta property=\"og:description\" content=\"Professional Bus Driver manufacturer - Baian. We offers reliable, certified fire fighting equipment backed by technical support and global experience.\" \/>\n<meta property=\"og:url\" content=\"https:\/\/www.cnbaianfire.com\/pt\/produto\/bus-driver\/\" \/>\n<meta property=\"og:site_name\" content=\"BAIAN FIRE PROTECTION EQUIPMENT\" \/>\n<meta property=\"article:publisher\" content=\"https:\/\/www.facebook.com\/BaianFirefightingEquipment\" \/>\n<meta property=\"article:modified_time\" content=\"2025-11-14T09:18:35+00:00\" \/>\n<meta property=\"og:image\" content=\"https:\/\/www.cnbaianfire.com\/wp-content\/uploads\/2025\/11\/Bus-Driver.webp\" \/>\n\t<meta property=\"og:image:width\" content=\"800\" \/>\n\t<meta property=\"og:image:height\" content=\"800\" \/>\n\t<meta property=\"og:image:type\" content=\"image\/webp\" \/>\n<meta name=\"twitter:card\" content=\"summary_large_image\" \/>\n<meta name=\"twitter:label1\" content=\"Tempo estimado de leitura\" \/>\n\t<meta name=\"twitter:data1\" content=\"1 minuto\" \/>\n<script type=\"application\/ld+json\" class=\"yoast-schema-graph\">{\"@context\":\"https:\/\/schema.org\",\"@graph\":[{\"@type\":\"WebPage\",\"@id\":\"https:\/\/www.cnbaianfire.com\/product\/bus-driver\/\",\"url\":\"https:\/\/www.cnbaianfire.com\/product\/bus-driver\/\",\"name\":\"China wholesales Bus Driver supplier - BAIAN FIRE PROTECTION EQUIPMENT\",\"isPartOf\":{\"@id\":\"https:\/\/www.cnbaianfire.com\/#website\"},\"primaryImageOfPage\":{\"@id\":\"https:\/\/www.cnbaianfire.com\/product\/bus-driver\/#primaryimage\"},\"image\":{\"@id\":\"https:\/\/www.cnbaianfire.com\/product\/bus-driver\/#primaryimage\"},\"thumbnailUrl\":\"https:\/\/www.cnbaianfire.com\/wp-content\/uploads\/2025\/11\/Bus-Driver.webp\",\"datePublished\":\"2025-11-14T08:15:24+00:00\",\"dateModified\":\"2025-11-14T09:18:35+00:00\",\"description\":\"Professional Bus Driver manufacturer - Baian. We offers reliable, certified fire fighting equipment backed by technical support and global experience.\",\"breadcrumb\":{\"@id\":\"https:\/\/www.cnbaianfire.com\/product\/bus-driver\/#breadcrumb\"},\"inLanguage\":\"pt-PT\",\"potentialAction\":[{\"@type\":\"ReadAction\",\"target\":[\"https:\/\/www.cnbaianfire.com\/product\/bus-driver\/\"]}]},{\"@type\":\"ImageObject\",\"inLanguage\":\"pt-PT\",\"@id\":\"https:\/\/www.cnbaianfire.com\/product\/bus-driver\/#primaryimage\",\"url\":\"https:\/\/www.cnbaianfire.com\/wp-content\/uploads\/2025\/11\/Bus-Driver.webp\",\"contentUrl\":\"https:\/\/www.cnbaianfire.com\/wp-content\/uploads\/2025\/11\/Bus-Driver.webp\",\"width\":800,\"height\":800,\"caption\":\"Bus Driver\"},{\"@type\":\"BreadcrumbList\",\"@id\":\"https:\/\/www.cnbaianfire.com\/product\/bus-driver\/#breadcrumb\",\"itemListElement\":[{\"@type\":\"ListItem\",\"position\":1,\"name\":\"Home\",\"item\":\"https:\/\/www.cnbaianfire.com\/\"},{\"@type\":\"ListItem\",\"position\":2,\"name\":\"Products\",\"item\":\"https:\/\/www.cnbaianfire.com\/shop\/\"},{\"@type\":\"ListItem\",\"position\":3,\"name\":\"Bus Driver\"}]},{\"@type\":\"WebSite\",\"@id\":\"https:\/\/www.cnbaianfire.com\/#website\",\"url\":\"https:\/\/www.cnbaianfire.com\/\",\"name\":\"BAIAN FIRE PROTECTION EQUIPMENT\",\"description\":\"\",\"publisher\":{\"@id\":\"https:\/\/www.cnbaianfire.com\/#organization\"},\"potentialAction\":[{\"@type\":\"SearchAction\",\"target\":{\"@type\":\"EntryPoint\",\"urlTemplate\":\"https:\/\/www.cnbaianfire.com\/?s={search_term_string}\"},\"query-input\":\"required name=search_term_string\"}],\"inLanguage\":\"pt-PT\"},{\"@type\":\"Organization\",\"@id\":\"https:\/\/www.cnbaianfire.com\/#organization\",\"name\":\"Baian Group\",\"url\":\"https:\/\/www.cnbaianfire.com\/\",\"logo\":{\"@type\":\"ImageObject\",\"inLanguage\":\"pt-PT\",\"@id\":\"https:\/\/www.cnbaianfire.com\/#\/schema\/logo\/image\/\",\"url\":\"https:\/\/www.cnbaianfire.com\/wp-content\/uploads\/2025\/05\/baian-fire-ptotection-logo.webp\",\"contentUrl\":\"https:\/\/www.cnbaianfire.com\/wp-content\/uploads\/2025\/05\/baian-fire-ptotection-logo.webp\",\"width\":501,\"height\":494,\"caption\":\"Baian Group\"},\"image\":{\"@id\":\"https:\/\/www.cnbaianfire.com\/#\/schema\/logo\/image\/\"},\"sameAs\":[\"https:\/\/www.facebook.com\/BaianFirefightingEquipment\"]}]}<\/script>\n<!-- \/ Yoast SEO plugin. -->","yoast_head_json":{"title":"China wholesales Bus Driver supplier - BAIAN FIRE PROTECTION EQUIPMENT","description":"Professional Bus Driver manufacturer - Baian. We offers reliable, certified fire fighting equipment backed by technical support and global experience.","robots":{"index":"index","follow":"follow","max-snippet":"max-snippet:-1","max-image-preview":"max-image-preview:large","max-video-preview":"max-video-preview:-1"},"canonical":"https:\/\/www.cnbaianfire.com\/pt\/produto\/bus-driver\/","og_locale":"pt_PT","og_type":"article","og_title":"China wholesales Bus Driver supplier - BAIAN FIRE PROTECTION EQUIPMENT","og_description":"Professional Bus Driver manufacturer - Baian. We offers reliable, certified fire fighting equipment backed by technical support and global experience.","og_url":"https:\/\/www.cnbaianfire.com\/pt\/produto\/bus-driver\/","og_site_name":"BAIAN FIRE PROTECTION EQUIPMENT","article_publisher":"https:\/\/www.facebook.com\/BaianFirefightingEquipment","article_modified_time":"2025-11-14T09:18:35+00:00","og_image":[{"width":800,"height":800,"url":"https:\/\/www.cnbaianfire.com\/wp-content\/uploads\/2025\/11\/Bus-Driver.webp","type":"image\/webp"}],"twitter_card":"summary_large_image","twitter_misc":{"Tempo estimado de leitura":"1 minuto"},"schema":{"@context":"https:\/\/schema.org","@graph":[{"@type":"WebPage","@id":"https:\/\/www.cnbaianfire.com\/product\/bus-driver\/","url":"https:\/\/www.cnbaianfire.com\/product\/bus-driver\/","name":"China wholesales Bus Driver supplier - BAIAN FIRE PROTECTION EQUIPMENT","isPartOf":{"@id":"https:\/\/www.cnbaianfire.com\/#website"},"primaryImageOfPage":{"@id":"https:\/\/www.cnbaianfire.com\/product\/bus-driver\/#primaryimage"},"image":{"@id":"https:\/\/www.cnbaianfire.com\/product\/bus-driver\/#primaryimage"},"thumbnailUrl":"https:\/\/www.cnbaianfire.com\/wp-content\/uploads\/2025\/11\/Bus-Driver.webp","datePublished":"2025-11-14T08:15:24+00:00","dateModified":"2025-11-14T09:18:35+00:00","description":"Professional Bus Driver manufacturer - Baian. We offers reliable, certified fire fighting equipment backed by technical support and global experience.","breadcrumb":{"@id":"https:\/\/www.cnbaianfire.com\/product\/bus-driver\/#breadcrumb"},"inLanguage":"pt-PT","potentialAction":[{"@type":"ReadAction","target":["https:\/\/www.cnbaianfire.com\/product\/bus-driver\/"]}]},{"@type":"ImageObject","inLanguage":"pt-PT","@id":"https:\/\/www.cnbaianfire.com\/product\/bus-driver\/#primaryimage","url":"https:\/\/www.cnbaianfire.com\/wp-content\/uploads\/2025\/11\/Bus-Driver.webp","contentUrl":"https:\/\/www.cnbaianfire.com\/wp-content\/uploads\/2025\/11\/Bus-Driver.webp","width":800,"height":800,"caption":"Bus Driver"},{"@type":"BreadcrumbList","@id":"https:\/\/www.cnbaianfire.com\/product\/bus-driver\/#breadcrumb","itemListElement":[{"@type":"ListItem","position":1,"name":"Home","item":"https:\/\/www.cnbaianfire.com\/"},{"@type":"ListItem","position":2,"name":"Products","item":"https:\/\/www.cnbaianfire.com\/shop\/"},{"@type":"ListItem","position":3,"name":"Bus Driver"}]},{"@type":"WebSite","@id":"https:\/\/www.cnbaianfire.com\/#website","url":"https:\/\/www.cnbaianfire.com\/","name":"BAIAN FIRE PROTECTION EQUIPMENT","description":"","publisher":{"@id":"https:\/\/www.cnbaianfire.com\/#organization"},"potentialAction":[{"@type":"SearchAction","target":{"@type":"EntryPoint","urlTemplate":"https:\/\/www.cnbaianfire.com\/?s={search_term_string}"},"query-input":"required name=search_term_string"}],"inLanguage":"pt-PT"},{"@type":"Organization","@id":"https:\/\/www.cnbaianfire.com\/#organization","name":"Baian Group","url":"https:\/\/www.cnbaianfire.com\/","logo":{"@type":"ImageObject","inLanguage":"pt-PT","@id":"https:\/\/www.cnbaianfire.com\/#\/schema\/logo\/image\/","url":"https:\/\/www.cnbaianfire.com\/wp-content\/uploads\/2025\/05\/baian-fire-ptotection-logo.webp","contentUrl":"https:\/\/www.cnbaianfire.com\/wp-content\/uploads\/2025\/05\/baian-fire-ptotection-logo.webp","width":501,"height":494,"caption":"Baian Group"},"image":{"@id":"https:\/\/www.cnbaianfire.com\/#\/schema\/logo\/image\/"},"sameAs":["https:\/\/www.facebook.com\/BaianFirefightingEquipment"]}]}},"_links":{"self":[{"href":"https:\/\/www.cnbaianfire.com\/pt\/wp-json\/wp\/v2\/product\/13689"}],"collection":[{"href":"https:\/\/www.cnbaianfire.com\/pt\/wp-json\/wp\/v2\/product"}],"about":[{"href":"https:\/\/www.cnbaianfire.com\/pt\/wp-json\/wp\/v2\/types\/product"}],"wp:featuredmedia":[{"embeddable":true,"href":"https:\/\/www.cnbaianfire.com\/pt\/wp-json\/wp\/v2\/media\/13690"}],"wp:attachment":[{"href":"https:\/\/www.cnbaianfire.com\/pt\/wp-json\/wp\/v2\/media?parent=13689"}],"wp:term":[{"taxonomy":"product_cat","embeddable":true,"href":"https:\/\/www.cnbaianfire.com\/pt\/wp-json\/wp\/v2\/product_cat?post=13689"},{"taxonomy":"product_tag","embeddable":true,"href":"https:\/\/www.cnbaianfire.com\/pt\/wp-json\/wp\/v2\/product_tag?post=13689"}],"curies":[{"name":"wp","href":"https:\/\/api.w.org\/{rel}","templated":true}]}}