{"id":13567,"date":"2025-10-27T07:27:41","date_gmt":"2025-10-27T07:27:41","guid":{"rendered":"https:\/\/www.cnbaianfire.com\/?post_type=product&#038;p=13567"},"modified":"2025-10-27T07:37:06","modified_gmt":"2025-10-27T07:37:06","slug":"vertical-multi-stage-in-line-centrifugal-pump","status":"publish","type":"product","link":"https:\/\/www.cnbaianfire.com\/pt\/produto\/vertical-multi-stage-in-line-centrifugal-pump\/","title":{"rendered":"Bomba centr\u00edfuga vertical multiest\u00e1gio em linha"},"content":{"rendered":"<h2><strong>Bomba centr\u00edfuga vertical multiest\u00e1gio em linha<\/strong><\/h2>\n<p><img loading=\"lazy\" decoding=\"async\" class=\"alignnone size-medium wp-image-13568\" data-src=\"https:\/\/www.cnbaianfire.com\/wp-content\/uploads\/2025\/10\/Vertical-multi-stage-in-line-centrifugal-pump-300x300.webp\" alt=\"Bomba centr\u00edfuga vertical multiest\u00e1gio em linha\" width=\"300\" height=\"300\" \/><\/p>\n<h2><strong>Introdu\u00e7\u00e3o ao produto<\/strong><\/h2>\n<p>1. Vertical Structure: The vertical structure features a small footprint, with the pump&#8217;s center of gravity centered at the pump feet, resulting in smooth operation, minimal vibration, and a long lifespan.<br \/>\n2. Convenient Installation: Vertical centrifugal pumps are of the same diameter and located on the same horizontal centerline, eliminating the need to modify the piping structure and allowing for direct installation anywhere on the pipeline.<br \/>\n3. Cost-Effective: The motor, with its rainproof cover, can be installed outdoors without the need for a pump room, significantly reducing capital investment.<br \/>\n4. Widely Applicable: The vertical centrifugal pump&#8217;s head can be adjusted to meet varying requirements by varying the number of stages (impellers), resulting in a wide range of applications.<br \/>\n5. Reliable Sealing: The shaft seal utilizes a carbide mechanical seal, ensuring reliable sealing, no leakage, and minimal mechanical loss.<\/p>\n<h2><strong>Core Advantages<\/strong><\/h2>\n<p>1.Fully Electric Protection<br \/>\nPrevents impacts during production and protects the stator coils<br \/>\n2.High-performance design, no burnout<br \/>\nBuilt-in overload protection and phase loss protection prevent burnout<br \/>\n3.Long-lasting durability<br \/>\nLong bearing life, low noise, and energy savings<br \/>\n4.Excellent heat dissipation<br \/>\nFull contact between the core and the casing ensures excellent heat dissipation and low operating temperature rise.<\/p>\n<h2><strong>Aplica\u00e7\u00f5es<\/strong><\/h2>\n<p>Centrifugal pumps are particularly suitable for boiler water supply, and can also be widely used in various industries such as pressure vessel water supply, hot water circulation, high-rise building water supply, farmland irrigation, fire boosting, hydraulic flushing, food, brewing, medicine, chemical industry, aquaculture, environmental protection, chemical process and machine tool supporting, as power equipment for water supply and drainage.<\/p>\n<h2><strong>Especifica\u00e7\u00f5es<\/strong><\/h2>\n<p>1. Liquid Flow Range: 1-200 m\u00b3\/h<br \/>\n2. Head Range: 1-300 m<br \/>\n3. Power Range: 0.18-160 kW<br \/>\n4. Diameter Range: \u03c615-\u03c6500 mm<br \/>\n5. Material: Stainless steel pump casing, ball mill pump casing, stainless steel impeller, stainless steel shaft<\/p>\n<h2><strong>Operating Conditions<\/strong><\/h2>\n<p>1. Liquid temperature: -15\u00b0C to +104\u00b0C. This pump can pump clear water or liquids with similar physical and chemical properties to clear water.<br \/>\n2. Maximum operating pressure: &lt;2.5 MPa (system pressure = inlet pressure + closed valve operating pressure &lt;2.5 MPa).<br \/>\n3. Ambient temperature: below 40\u00b0C, relative humidity: not exceeding 95%.<\/p>\n<h2><strong>Structural Analysis<\/strong><\/h2>\n<p><img loading=\"lazy\" decoding=\"async\" class=\"alignnone size-medium wp-image-13569\" data-src=\"https:\/\/www.cnbaianfire.com\/wp-content\/uploads\/2025\/10\/10.2_\u7ed3\u679c-300x300.webp\" alt=\"Bomba centr\u00edfuga vertical multiest\u00e1gio em linha\" width=\"300\" height=\"300\" srcset=\"https:\/\/www.cnbaianfire.com\/wp-content\/uploads\/2025\/10\/10.2_\u7ed3\u679c-300x300.webp 300w, https:\/\/www.cnbaianfire.com\/wp-content\/uploads\/2025\/10\/10.2_\u7ed3\u679c-150x150.webp 150w, https:\/\/www.cnbaianfire.com\/wp-content\/uploads\/2025\/10\/10.2_\u7ed3\u679c-768x768.webp 768w, https:\/\/www.cnbaianfire.com\/wp-content\/uploads\/2025\/10\/10.2_\u7ed3\u679c-12x12.webp 12w, https:\/\/www.cnbaianfire.com\/wp-content\/uploads\/2025\/10\/10.2_\u7ed3\u679c-480x480.webp 480w, https:\/\/www.cnbaianfire.com\/wp-content\/uploads\/2025\/10\/10.2_\u7ed3\u679c-600x600.webp 600w, https:\/\/www.cnbaianfire.com\/wp-content\/uploads\/2025\/10\/10.2_\u7ed3\u679c-100x100.webp 100w, https:\/\/www.cnbaianfire.com\/wp-content\/uploads\/2025\/10\/10.2_\u7ed3\u679c.webp 800w\" sizes=\"(max-width: 300px) 100vw, 300px\" \/><\/p>\n<table class=\"tg\" style=\"border-collapse: collapse;border-spacing: 0\">\n<thead>\n<tr>\n<th style=\"background-color: #073980;color: #fff;font-family: Arial, sans-serif;font-size: 14px;font-weight: bold;overflow: hidden;padding: 10px 5px;text-align: center;vertical-align: top;border: 1px solid #000000\">N\u00e3o.<\/th>\n<th style=\"background-color: #073980;color: #fff;font-family: Arial, sans-serif;font-size: 14px;font-weight: bold;overflow: hidden;padding: 10px 5px;text-align: center;vertical-align: top;border: 1px solid #000000\">Nome<\/th>\n<th style=\"background-color: #073980;color: #fff;font-family: Arial, sans-serif;font-size: 14px;font-weight: bold;overflow: hidden;padding: 10px 5px;text-align: center;vertical-align: top;border: 1px solid #000000\">N\u00e3o.<\/th>\n<th style=\"background-color: #073980;color: #fff;font-family: Arial, sans-serif;font-size: 14px;font-weight: bold;overflow: hidden;padding: 10px 5px;text-align: center;vertical-align: top;border: 1px solid #000000\">Nome<\/th>\n<\/tr>\n<\/thead>\n<tbody>\n<tr>\n<td style=\"font-family: Arial, sans-serif;font-size: 14px;font-weight: bold;overflow: hidden;padding: 10px 5px;text-align: center;vertical-align: top;border: 1px solid #000000\"><span style=\"font-weight: bold\">1<\/span><\/td>\n<td style=\"font-family: Arial, sans-serif;font-size: 14px;overflow: hidden;padding: 10px 5px;text-align: center;vertical-align: top;border: 1px solid #000000\">Motor<\/td>\n<td style=\"font-family: Arial, sans-serif;font-size: 14px;font-weight: bold;overflow: hidden;padding: 10px 5px;text-align: center;vertical-align: top;border: 1px solid #000000\"><span style=\"font-weight: bold\">5<\/span><\/td>\n<td style=\"font-family: Arial, sans-serif;font-size: 14px;overflow: hidden;padding: 10px 5px;text-align: center;vertical-align: top;border: 1px solid #000000\">Motor base<\/td>\n<\/tr>\n<tr>\n<td style=\"background-color: #dad6d5;font-family: Arial, sans-serif;font-size: 14px;font-weight: bold;overflow: hidden;padding: 10px 5px;text-align: center;vertical-align: top;border: 1px solid #000000\"><span style=\"font-weight: bold\">2<\/span><\/td>\n<td style=\"background-color: #dad6d5;font-family: Arial, sans-serif;font-size: 14px;overflow: hidden;padding: 10px 5px;text-align: center;vertical-align: top;border: 1px solid #000000\">Mechanical seal<\/td>\n<td style=\"background-color: #dad6d5;font-family: Arial, sans-serif;font-size: 14px;font-weight: bold;overflow: hidden;padding: 10px 5px;text-align: center;vertical-align: top;border: 1px solid #000000\"><span style=\"font-weight: bold\">6<\/span><\/td>\n<td style=\"background-color: #dad6d5;font-family: Arial, sans-serif;font-size: 14px;overflow: hidden;padding: 10px 5px;text-align: center;vertical-align: top;border: 1px solid #000000\">Connecting base<\/td>\n<\/tr>\n<tr>\n<td style=\"font-family: Arial, sans-serif;font-size: 14px;font-weight: bold;overflow: hidden;padding: 10px 5px;text-align: center;vertical-align: top;border: 1px solid #000000\"><span style=\"font-weight: bold\">3<\/span><\/td>\n<td style=\"font-family: Arial, sans-serif;font-size: 14px;overflow: hidden;padding: 10px 5px;text-align: center;vertical-align: top;border: 1px solid #000000\">Impeller<\/td>\n<td style=\"font-family: Arial, sans-serif;font-size: 14px;font-weight: bold;overflow: hidden;padding: 10px 5px;text-align: center;vertical-align: top;border: 1px solid #000000\"><span style=\"font-weight: bold\">7<\/span><\/td>\n<td style=\"font-family: Arial, sans-serif;font-size: 14px;overflow: hidden;padding: 10px 5px;text-align: center;vertical-align: top;border: 1px solid #000000\">Coupling<\/td>\n<\/tr>\n<tr>\n<td style=\"background-color: #dad6d5;font-family: Arial, sans-serif;font-size: 14px;font-weight: bold;overflow: hidden;padding: 10px 5px;text-align: center;vertical-align: top;border: 1px solid #000000\"><span style=\"font-weight: bold\">4<\/span><\/td>\n<td style=\"background-color: #dad6d5;font-family: Arial, sans-serif;font-size: 14px;overflow: hidden;padding: 10px 5px;text-align: center;vertical-align: top;border: 1px solid #000000\">Impeller retaining sleeve<\/td>\n<td style=\"background-color: #dad6d5;font-family: Arial, sans-serif;font-size: 14px;font-weight: bold;overflow: hidden;padding: 10px 5px;text-align: center;vertical-align: top;border: 1px solid #000000\"><span style=\"font-weight: bold\">8<\/span><\/td>\n<td style=\"background-color: #dad6d5;font-family: Arial, sans-serif;font-size: 14px;overflow: hidden;padding: 10px 5px;text-align: center;vertical-align: top;border: 1px solid #000000\">Tension bolt<\/td>\n<\/tr>\n<\/tbody>\n<\/table>\n<p>&nbsp;<\/p>\n<p>&nbsp;<\/p>\n<p>&nbsp;<\/p>\n<p>&nbsp;<\/p>\n<p>&nbsp;<\/p>\n<p>&nbsp;<\/p>\n<p>&nbsp;<\/p>\n<p>&nbsp;<\/p>\n<p>&nbsp;<\/p>\n<p>&nbsp;<\/p>\n<p>&nbsp;<\/p>\n<p>&nbsp;<\/p>\n<p>&nbsp;<\/p>\n<p>&nbsp;<\/p>\n<p>&nbsp;<\/p>\n<p>&nbsp;<\/p>\n<p>&nbsp;<\/p>\n<p>&nbsp;<\/p>\n<p>&nbsp;<\/p>\n<p>&nbsp;<\/p>\n<p>&nbsp;<\/p>\n<p>&nbsp;<\/p>\n<p>&nbsp;<\/p>\n<p>&nbsp;<\/p>\n<p>&nbsp;<\/p>","protected":false},"excerpt":{"rendered":"<p>Vertical multi-stage in-line centrifugal pump Product Introduction 1. Vertical Structure: The vertical structure features a small footprint, with the pump&#8217;s center of gravity centered at the pump feet, resulting in smooth operation, minimal vibration, and a long lifespan. 2. Convenient Installation: Vertical centrifugal pumps are of the same diameter and located on the same horizontal [&hellip;]<\/p>","protected":false},"featured_media":13568,"template":"","meta":{"_et_pb_use_builder":"","_et_pb_old_content":"","_et_gb_content_width":""},"product_cat":[332],"product_tag":[],"yoast_head":"<!-- This site is optimized with the Yoast SEO plugin v22.7 - https:\/\/yoast.com\/wordpress\/plugins\/seo\/ -->\n<title>China wholesales Vertical multi-stage in-line centrifugal pump supplier - BAIAN FIRE PROTECTION EQUIPMENT<\/title>\n<meta name=\"description\" content=\"Professional Vertical multi-stage in-line centrifugal pump manufacturer - Baian. We offers reliable, certified fire fighting equipment backed by technical support and global experience.\" \/>\n<meta name=\"robots\" content=\"index, follow, max-snippet:-1, max-image-preview:large, max-video-preview:-1\" \/>\n<link rel=\"canonical\" href=\"https:\/\/www.cnbaianfire.com\/pt\/produto\/vertical-multi-stage-in-line-centrifugal-pump\/\" \/>\n<meta property=\"og:locale\" content=\"pt_PT\" \/>\n<meta property=\"og:type\" content=\"article\" \/>\n<meta property=\"og:title\" content=\"China wholesales Vertical multi-stage in-line centrifugal pump supplier - BAIAN FIRE PROTECTION EQUIPMENT\" \/>\n<meta property=\"og:description\" content=\"Professional Vertical multi-stage in-line centrifugal pump manufacturer - Baian. We offers reliable, certified fire fighting equipment backed by technical support and global experience.\" \/>\n<meta property=\"og:url\" content=\"https:\/\/www.cnbaianfire.com\/pt\/produto\/vertical-multi-stage-in-line-centrifugal-pump\/\" \/>\n<meta property=\"og:site_name\" content=\"BAIAN FIRE PROTECTION EQUIPMENT\" \/>\n<meta property=\"article:publisher\" content=\"https:\/\/www.facebook.com\/BaianFirefightingEquipment\" \/>\n<meta property=\"article:modified_time\" content=\"2025-10-27T07:37:06+00:00\" \/>\n<meta property=\"og:image\" content=\"https:\/\/www.cnbaianfire.com\/wp-content\/uploads\/2025\/10\/Vertical-multi-stage-in-line-centrifugal-pump.webp\" \/>\n\t<meta property=\"og:image:width\" content=\"800\" \/>\n\t<meta property=\"og:image:height\" content=\"800\" \/>\n\t<meta property=\"og:image:type\" content=\"image\/webp\" \/>\n<meta name=\"twitter:card\" content=\"summary_large_image\" \/>\n<meta name=\"twitter:label1\" content=\"Tempo estimado de leitura\" \/>\n\t<meta name=\"twitter:data1\" content=\"3 minutos\" \/>\n<script type=\"application\/ld+json\" class=\"yoast-schema-graph\">{\"@context\":\"https:\/\/schema.org\",\"@graph\":[{\"@type\":\"WebPage\",\"@id\":\"https:\/\/www.cnbaianfire.com\/product\/vertical-multi-stage-in-line-centrifugal-pump\/\",\"url\":\"https:\/\/www.cnbaianfire.com\/product\/vertical-multi-stage-in-line-centrifugal-pump\/\",\"name\":\"China wholesales Vertical multi-stage in-line centrifugal pump supplier - BAIAN FIRE PROTECTION EQUIPMENT\",\"isPartOf\":{\"@id\":\"https:\/\/www.cnbaianfire.com\/#website\"},\"primaryImageOfPage\":{\"@id\":\"https:\/\/www.cnbaianfire.com\/product\/vertical-multi-stage-in-line-centrifugal-pump\/#primaryimage\"},\"image\":{\"@id\":\"https:\/\/www.cnbaianfire.com\/product\/vertical-multi-stage-in-line-centrifugal-pump\/#primaryimage\"},\"thumbnailUrl\":\"https:\/\/www.cnbaianfire.com\/wp-content\/uploads\/2025\/10\/Vertical-multi-stage-in-line-centrifugal-pump.webp\",\"datePublished\":\"2025-10-27T07:27:41+00:00\",\"dateModified\":\"2025-10-27T07:37:06+00:00\",\"description\":\"Professional Vertical multi-stage in-line centrifugal pump manufacturer - Baian. We offers reliable, certified fire fighting equipment backed by technical support and global experience.\",\"breadcrumb\":{\"@id\":\"https:\/\/www.cnbaianfire.com\/product\/vertical-multi-stage-in-line-centrifugal-pump\/#breadcrumb\"},\"inLanguage\":\"pt-PT\",\"potentialAction\":[{\"@type\":\"ReadAction\",\"target\":[\"https:\/\/www.cnbaianfire.com\/product\/vertical-multi-stage-in-line-centrifugal-pump\/\"]}]},{\"@type\":\"ImageObject\",\"inLanguage\":\"pt-PT\",\"@id\":\"https:\/\/www.cnbaianfire.com\/product\/vertical-multi-stage-in-line-centrifugal-pump\/#primaryimage\",\"url\":\"https:\/\/www.cnbaianfire.com\/wp-content\/uploads\/2025\/10\/Vertical-multi-stage-in-line-centrifugal-pump.webp\",\"contentUrl\":\"https:\/\/www.cnbaianfire.com\/wp-content\/uploads\/2025\/10\/Vertical-multi-stage-in-line-centrifugal-pump.webp\",\"width\":800,\"height\":800,\"caption\":\"Vertical multi-stage in-line centrifugal pump\"},{\"@type\":\"BreadcrumbList\",\"@id\":\"https:\/\/www.cnbaianfire.com\/product\/vertical-multi-stage-in-line-centrifugal-pump\/#breadcrumb\",\"itemListElement\":[{\"@type\":\"ListItem\",\"position\":1,\"name\":\"Home\",\"item\":\"https:\/\/www.cnbaianfire.com\/\"},{\"@type\":\"ListItem\",\"position\":2,\"name\":\"Products\",\"item\":\"https:\/\/www.cnbaianfire.com\/shop\/\"},{\"@type\":\"ListItem\",\"position\":3,\"name\":\"Vertical multi-stage in-line centrifugal pump\"}]},{\"@type\":\"WebSite\",\"@id\":\"https:\/\/www.cnbaianfire.com\/#website\",\"url\":\"https:\/\/www.cnbaianfire.com\/\",\"name\":\"BAIAN FIRE PROTECTION EQUIPMENT\",\"description\":\"\",\"publisher\":{\"@id\":\"https:\/\/www.cnbaianfire.com\/#organization\"},\"potentialAction\":[{\"@type\":\"SearchAction\",\"target\":{\"@type\":\"EntryPoint\",\"urlTemplate\":\"https:\/\/www.cnbaianfire.com\/?s={search_term_string}\"},\"query-input\":\"required name=search_term_string\"}],\"inLanguage\":\"pt-PT\"},{\"@type\":\"Organization\",\"@id\":\"https:\/\/www.cnbaianfire.com\/#organization\",\"name\":\"Baian Group\",\"url\":\"https:\/\/www.cnbaianfire.com\/\",\"logo\":{\"@type\":\"ImageObject\",\"inLanguage\":\"pt-PT\",\"@id\":\"https:\/\/www.cnbaianfire.com\/#\/schema\/logo\/image\/\",\"url\":\"https:\/\/www.cnbaianfire.com\/wp-content\/uploads\/2025\/05\/baian-fire-ptotection-logo.webp\",\"contentUrl\":\"https:\/\/www.cnbaianfire.com\/wp-content\/uploads\/2025\/05\/baian-fire-ptotection-logo.webp\",\"width\":501,\"height\":494,\"caption\":\"Baian Group\"},\"image\":{\"@id\":\"https:\/\/www.cnbaianfire.com\/#\/schema\/logo\/image\/\"},\"sameAs\":[\"https:\/\/www.facebook.com\/BaianFirefightingEquipment\"]}]}<\/script>\n<!-- \/ Yoast SEO plugin. -->","yoast_head_json":{"title":"China wholesales Vertical multi-stage in-line centrifugal pump supplier - BAIAN FIRE PROTECTION EQUIPMENT","description":"Professional Vertical multi-stage in-line centrifugal pump manufacturer - Baian. We offers reliable, certified fire fighting equipment backed by technical support and global experience.","robots":{"index":"index","follow":"follow","max-snippet":"max-snippet:-1","max-image-preview":"max-image-preview:large","max-video-preview":"max-video-preview:-1"},"canonical":"https:\/\/www.cnbaianfire.com\/pt\/produto\/vertical-multi-stage-in-line-centrifugal-pump\/","og_locale":"pt_PT","og_type":"article","og_title":"China wholesales Vertical multi-stage in-line centrifugal pump supplier - BAIAN FIRE PROTECTION EQUIPMENT","og_description":"Professional Vertical multi-stage in-line centrifugal pump manufacturer - Baian. We offers reliable, certified fire fighting equipment backed by technical support and global experience.","og_url":"https:\/\/www.cnbaianfire.com\/pt\/produto\/vertical-multi-stage-in-line-centrifugal-pump\/","og_site_name":"BAIAN FIRE PROTECTION EQUIPMENT","article_publisher":"https:\/\/www.facebook.com\/BaianFirefightingEquipment","article_modified_time":"2025-10-27T07:37:06+00:00","og_image":[{"width":800,"height":800,"url":"https:\/\/www.cnbaianfire.com\/wp-content\/uploads\/2025\/10\/Vertical-multi-stage-in-line-centrifugal-pump.webp","type":"image\/webp"}],"twitter_card":"summary_large_image","twitter_misc":{"Tempo estimado de leitura":"3 minutos"},"schema":{"@context":"https:\/\/schema.org","@graph":[{"@type":"WebPage","@id":"https:\/\/www.cnbaianfire.com\/product\/vertical-multi-stage-in-line-centrifugal-pump\/","url":"https:\/\/www.cnbaianfire.com\/product\/vertical-multi-stage-in-line-centrifugal-pump\/","name":"China wholesales Vertical multi-stage in-line centrifugal pump supplier - BAIAN FIRE PROTECTION EQUIPMENT","isPartOf":{"@id":"https:\/\/www.cnbaianfire.com\/#website"},"primaryImageOfPage":{"@id":"https:\/\/www.cnbaianfire.com\/product\/vertical-multi-stage-in-line-centrifugal-pump\/#primaryimage"},"image":{"@id":"https:\/\/www.cnbaianfire.com\/product\/vertical-multi-stage-in-line-centrifugal-pump\/#primaryimage"},"thumbnailUrl":"https:\/\/www.cnbaianfire.com\/wp-content\/uploads\/2025\/10\/Vertical-multi-stage-in-line-centrifugal-pump.webp","datePublished":"2025-10-27T07:27:41+00:00","dateModified":"2025-10-27T07:37:06+00:00","description":"Professional Vertical multi-stage in-line centrifugal pump manufacturer - Baian. We offers reliable, certified fire fighting equipment backed by technical support and global experience.","breadcrumb":{"@id":"https:\/\/www.cnbaianfire.com\/product\/vertical-multi-stage-in-line-centrifugal-pump\/#breadcrumb"},"inLanguage":"pt-PT","potentialAction":[{"@type":"ReadAction","target":["https:\/\/www.cnbaianfire.com\/product\/vertical-multi-stage-in-line-centrifugal-pump\/"]}]},{"@type":"ImageObject","inLanguage":"pt-PT","@id":"https:\/\/www.cnbaianfire.com\/product\/vertical-multi-stage-in-line-centrifugal-pump\/#primaryimage","url":"https:\/\/www.cnbaianfire.com\/wp-content\/uploads\/2025\/10\/Vertical-multi-stage-in-line-centrifugal-pump.webp","contentUrl":"https:\/\/www.cnbaianfire.com\/wp-content\/uploads\/2025\/10\/Vertical-multi-stage-in-line-centrifugal-pump.webp","width":800,"height":800,"caption":"Vertical multi-stage in-line centrifugal pump"},{"@type":"BreadcrumbList","@id":"https:\/\/www.cnbaianfire.com\/product\/vertical-multi-stage-in-line-centrifugal-pump\/#breadcrumb","itemListElement":[{"@type":"ListItem","position":1,"name":"Home","item":"https:\/\/www.cnbaianfire.com\/"},{"@type":"ListItem","position":2,"name":"Products","item":"https:\/\/www.cnbaianfire.com\/shop\/"},{"@type":"ListItem","position":3,"name":"Vertical multi-stage in-line centrifugal pump"}]},{"@type":"WebSite","@id":"https:\/\/www.cnbaianfire.com\/#website","url":"https:\/\/www.cnbaianfire.com\/","name":"BAIAN FIRE PROTECTION EQUIPMENT","description":"","publisher":{"@id":"https:\/\/www.cnbaianfire.com\/#organization"},"potentialAction":[{"@type":"SearchAction","target":{"@type":"EntryPoint","urlTemplate":"https:\/\/www.cnbaianfire.com\/?s={search_term_string}"},"query-input":"required name=search_term_string"}],"inLanguage":"pt-PT"},{"@type":"Organization","@id":"https:\/\/www.cnbaianfire.com\/#organization","name":"Baian Group","url":"https:\/\/www.cnbaianfire.com\/","logo":{"@type":"ImageObject","inLanguage":"pt-PT","@id":"https:\/\/www.cnbaianfire.com\/#\/schema\/logo\/image\/","url":"https:\/\/www.cnbaianfire.com\/wp-content\/uploads\/2025\/05\/baian-fire-ptotection-logo.webp","contentUrl":"https:\/\/www.cnbaianfire.com\/wp-content\/uploads\/2025\/05\/baian-fire-ptotection-logo.webp","width":501,"height":494,"caption":"Baian Group"},"image":{"@id":"https:\/\/www.cnbaianfire.com\/#\/schema\/logo\/image\/"},"sameAs":["https:\/\/www.facebook.com\/BaianFirefightingEquipment"]}]}},"_links":{"self":[{"href":"https:\/\/www.cnbaianfire.com\/pt\/wp-json\/wp\/v2\/product\/13567"}],"collection":[{"href":"https:\/\/www.cnbaianfire.com\/pt\/wp-json\/wp\/v2\/product"}],"about":[{"href":"https:\/\/www.cnbaianfire.com\/pt\/wp-json\/wp\/v2\/types\/product"}],"wp:featuredmedia":[{"embeddable":true,"href":"https:\/\/www.cnbaianfire.com\/pt\/wp-json\/wp\/v2\/media\/13568"}],"wp:attachment":[{"href":"https:\/\/www.cnbaianfire.com\/pt\/wp-json\/wp\/v2\/media?parent=13567"}],"wp:term":[{"taxonomy":"product_cat","embeddable":true,"href":"https:\/\/www.cnbaianfire.com\/pt\/wp-json\/wp\/v2\/product_cat?post=13567"},{"taxonomy":"product_tag","embeddable":true,"href":"https:\/\/www.cnbaianfire.com\/pt\/wp-json\/wp\/v2\/product_tag?post=13567"}],"curies":[{"name":"wp","href":"https:\/\/api.w.org\/{rel}","templated":true}]}}