{"id":12528,"date":"2025-06-06T01:21:02","date_gmt":"2025-06-06T01:21:02","guid":{"rendered":"https:\/\/www.cnbaianfire.com\/?post_type=product&#038;p=12528"},"modified":"2025-07-17T07:02:07","modified_gmt":"2025-07-17T07:02:07","slug":"in-line-inductor-foam-manufacturer","status":"publish","type":"product","link":"https:\/\/www.cnbaianfire.com\/pt\/produto\/in-line-inductor-foam-manufacturer\/","title":{"rendered":"Fabricante de espuma indutora em linha"},"content":{"rendered":"<h2>Indutor de espuma em linha Fabricante<br \/>\nPHF\/A<\/h2>\n<table class=\"tg\" style=\"border-collapse: collapse; border-spacing: 0;\">\n<thead>\n<tr>\n<th style=\"font-family: Arial, sans-serif; font-size: 14px; font-weight: normal; overflow: hidden; padding: 10px 5px; text-align: center; vertical-align: middle; word-break: normal; border: 1px solid black;\" colspan=\"5\">Dimens\u00f5es<\/th>\n<\/tr>\n<\/thead>\n<tbody>\n<tr>\n<td style=\"background-color: #073980; color: #fff; font-family: Arial, sans-serif; font-size: 14px; font-weight: bold; overflow: hidden; padding: 10px 5px; text-align: center; vertical-align: middle; word-break: normal; border: 1px solid black;\">N\u00famero do modelo<\/td>\n<td style=\"background-color: #073980; color: #fff; font-family: Arial, sans-serif; font-size: 14px; font-weight: bold; overflow: hidden; padding: 10px 5px; text-align: center; vertical-align: middle; word-break: normal; border: 1px solid black;\">Press\u00e3o de trabalho<\/td>\n<td style=\"background-color: #073980; color: #fff; font-family: Arial, sans-serif; font-size: 14px; font-weight: bold; overflow: hidden; padding: 10px 5px; text-align: center; vertical-align: middle; word-break: normal; border: 1px solid black;\">Caudal<\/td>\n<td style=\"background-color: #073980; color: #fff; font-family: Arial, sans-serif; font-size: 14px; font-weight: bold; overflow: hidden; padding: 10px 5px; text-align: center; vertical-align: middle; word-break: normal; border: 1px solid black;\">Tamanho da liga\u00e7\u00e3o<\/td>\n<td style=\"background-color: #073980; color: #fff; font-family: Arial, sans-serif; font-size: 14px; font-weight: bold; overflow: hidden; padding: 10px 5px; text-align: center; vertical-align: middle; word-break: normal; border: 1px solid black;\">Ra\u00e7\u00e3o de solu\u00e7\u00e3o de espuma<\/td>\n<\/tr>\n<tr>\n<td style=\"background-color: #fff; font-family: Arial, sans-serif; font-size: 14px; font-weight: bold; overflow: hidden; padding: 10px 5px; text-align: center; vertical-align: middle; word-break: normal; border: 1px solid black;\">PHF\/A<\/td>\n<td style=\"background-color: #fff; font-family: Arial, sans-serif; font-size: 14px; overflow: hidden; padding: 10px 5px; text-align: center; vertical-align: middle; word-break: normal; border: 1px solid black;\">7-10 Bar<\/td>\n<td style=\"background-color: #fff; font-family: Arial, sans-serif; font-size: 14px; overflow: hidden; padding: 10px 5px; text-align: center; vertical-align: middle; word-break: normal; border: 1px solid black;\">240LPM@7 Bar<\/td>\n<td style=\"background-color: #fff; font-family: Arial, sans-serif; font-size: 14px; overflow: hidden; padding: 10px 5px; text-align: center; vertical-align: middle; word-break: normal; border: 1px solid black;\">2.5&#8221;<\/td>\n<td style=\"background-color: #fff; font-family: Arial, sans-serif; font-size: 14px; overflow: hidden; padding: 10px 5px; text-align: center; vertical-align: middle; word-break: normal; border: 1px solid black;\">1%-6% ajust\u00e1vel<\/td>\n<\/tr>\n<tr>\n<td style=\"background-color: #dad6d5; font-family: Arial, sans-serif; font-size: 14px; font-weight: bold; overflow: hidden; padding: 10px 5px; text-align: center; vertical-align: middle; word-break: normal; border: 1px solid black;\"><\/td>\n<td style=\"background-color: #dad6d5; font-family: Arial, sans-serif; font-size: 14px; overflow: hidden; padding: 10px 5px; text-align: center; vertical-align: middle; word-break: normal; border: 1px solid black;\"><\/td>\n<td style=\"background-color: #dad6d5; font-family: Arial, sans-serif; font-size: 14px; overflow: hidden; padding: 10px 5px; text-align: center; vertical-align: middle; word-break: normal; border: 1px solid black;\">360LPM@10Bar<\/td>\n<td style=\"background-color: #dad6d5; font-family: Arial, sans-serif; font-size: 14px; overflow: hidden; padding: 10px 5px; text-align: center; vertical-align: middle; word-break: normal; border: 1px solid black;\"><\/td>\n<td style=\"background-color: #dad6d5; font-family: Arial, sans-serif; font-size: 14px; overflow: hidden; padding: 10px 5px; text-align: left; vertical-align: middle; word-break: normal; border: 1px solid black;\"><\/td>\n<\/tr>\n<\/tbody>\n<\/table>\n<h2>Especifica\u00e7\u00f5es<\/h2>\n<p>1. Norma de flange de misturador proporcional: ANSI \/ BS4504 \/ GB;<br \/>\n2. Material do corpo da v\u00e1lvula: tubo galvanizado;<br \/>\n3. Tratamento de superf\u00edcie: pintura por pulveriza\u00e7\u00e3o<\/p>\n<h2>Cen\u00e1rios de aplica\u00e7\u00e3o<\/h2>\n<p>Aplic\u00e1vel a sistemas de extin\u00e7\u00e3o de inc\u00eandios com espuma pequenos ou m\u00f3veis:<br \/>\nCondutas de cami\u00f5es de bombeiros<br \/>\nPequena \u00e1rea de tanque de armazenamento<br \/>\nEquipamento de extin\u00e7\u00e3o r\u00e1pida de inc\u00eandios em terminais portu\u00e1rios<br \/>\nCen\u00e1rios que requerem um produto leve e pronto a utilizar<\/p>\n<h2>Princ\u00edpio de funcionamento<\/h2>\n<p>1. A press\u00e3o negativa forma-se quando a \u00e1gua pressurizada passa pelo tubo venturi;<br \/>\n2. A press\u00e3o negativa aspira automaticamente a espuma l\u00edquida e mistura-a com \u00e1gua instantaneamente na garganta;<br \/>\n3. A quantidade de l\u00edquido de espuma aspirado \u00e9 controlada pela v\u00e1lvula reguladora para manter com precis\u00e3o a propor\u00e7\u00e3o de mistura definida (como 3%\/6%).<\/p>\n<h2>Carater\u00edsticas<\/h2>\n<p>1. Pronto a utilizar: sem dep\u00f3sito de armazenamento, resposta de arranque r\u00e1pida, manuten\u00e7\u00e3o simples;<br \/>\n2. Compacto e leve: design de liga\u00e7\u00e3o direta \u00e0 tubagem, ocupa\u00e7\u00e3o m\u00ednima de espa\u00e7o;<br \/>\n3. Sem depend\u00eancia de energia: estrutura mec\u00e2nica hidr\u00e1ulica pura, alta fiabilidade;<br \/>\n4. Vantagem em termos de custos: n\u00e3o \u00e9 necess\u00e1rio um tanque\/c\u00e1psula de press\u00e3o e o custo \u00e9 significativamente inferior ao dos misturadores de tanque.<\/p>\n<h2>Press\u00e3o de trabalho<\/h2>\n<p>1. Requisitos de press\u00e3o da \u00e1gua de entrada: \u22650,7 MPa<br \/>\n2. Press\u00e3o m\u00e1xima de funcionamento: \u22641,6 MPa<br \/>\n3. Perda de press\u00e3o: cerca de 0,2~0,35 MPa<\/p>\n<p><img loading=\"lazy\" decoding=\"async\" class=\"size-full wp-image-12529 aligncenter\" data-src=\"https:\/\/www.cnbaianfire.com\/wp-content\/uploads\/2025\/06\/In-Line-Foam-Inductor-Manufacturer.webp\" alt=\"Indutor de espuma em linha Fabricante\" width=\"800\" height=\"800\" srcset=\"https:\/\/www.cnbaianfire.com\/wp-content\/uploads\/2025\/06\/In-Line-Foam-Inductor-Manufacturer.webp 800w, https:\/\/www.cnbaianfire.com\/wp-content\/uploads\/2025\/06\/In-Line-Foam-Inductor-Manufacturer-480x480.webp 480w\" sizes=\"(min-width: 0px) and (max-width: 480px) 480px, (min-width: 481px) 800px, 100vw\" \/><\/p>","protected":false},"excerpt":{"rendered":"<p>N\u00f3s <strong>Em linha <a href=\"https:\/\/www.cnbaianfire.com\/product\/in-line-inductor-foam-manufacturer\/\">Espuma indutora<\/a> Fabricante<\/strong> oferece produtos com flanges de misturador proporcional padr\u00e3o ANSI\/BS4504\/GB, corpos de v\u00e1lvula de tubo galvanizado e superf\u00edcies pintadas com spray. Ideal para o combate a inc\u00eandios com espuma de pequenas dimens\u00f5es\/m\u00f3veis em \u00e1reas como cami\u00f5es de bombeiros e pequenos tanques de armazenamento, utiliza um princ\u00edpio baseado em venturi, est\u00e1 pronto a utilizar, \u00e9 compacto e funciona num intervalo de press\u00e3o de 0,7 - 1,6 MPa.<\/p>\n<p>Ver mais em <a href=\"https:\/\/www.cnbaianfire.com\/category\/foam-system\/proportioning-and-mixing-equipment\/\"><strong>Equipamento de dosagem e mistura<\/strong><\/a> Cat\u00e1logo!<\/p>","protected":false},"featured_media":12529,"template":"","meta":{"_et_pb_use_builder":"","_et_pb_old_content":"","_et_gb_content_width":""},"product_cat":[208,211],"product_tag":[],"yoast_head":"<!-- This site is optimized with the Yoast SEO plugin v22.7 - https:\/\/yoast.com\/wordpress\/plugins\/seo\/ -->\n<title>China wholesales In-Line Inductor Foam Manufacturer supplier - BAIAN FIRE PROTECTION EQUIPMENT<\/title>\n<meta name=\"description\" content=\"Professional In-Line Inductor Foam Manufacturer manufacturer - Baian. We offers reliable, certified fire fighting equipment backed by technical support and global experience.\" \/>\n<meta name=\"robots\" content=\"index, follow, max-snippet:-1, max-image-preview:large, max-video-preview:-1\" \/>\n<link rel=\"canonical\" href=\"https:\/\/www.cnbaianfire.com\/pt\/produto\/in-line-inductor-foam-manufacturer\/\" \/>\n<meta property=\"og:locale\" content=\"pt_PT\" \/>\n<meta property=\"og:type\" content=\"article\" \/>\n<meta property=\"og:title\" content=\"China wholesales In-Line Inductor Foam Manufacturer supplier - BAIAN FIRE PROTECTION EQUIPMENT\" \/>\n<meta property=\"og:description\" content=\"Professional In-Line Inductor Foam Manufacturer manufacturer - Baian. We offers reliable, certified fire fighting equipment backed by technical support and global experience.\" \/>\n<meta property=\"og:url\" content=\"https:\/\/www.cnbaianfire.com\/pt\/produto\/in-line-inductor-foam-manufacturer\/\" \/>\n<meta property=\"og:site_name\" content=\"BAIAN FIRE PROTECTION EQUIPMENT\" \/>\n<meta property=\"article:publisher\" content=\"https:\/\/www.facebook.com\/BaianFirefightingEquipment\" \/>\n<meta property=\"article:modified_time\" content=\"2025-07-17T07:02:07+00:00\" \/>\n<meta property=\"og:image\" content=\"https:\/\/www.cnbaianfire.com\/wp-content\/uploads\/2025\/06\/In-Line-Foam-Inductor-Manufacturer.webp\" \/>\n\t<meta property=\"og:image:width\" content=\"800\" \/>\n\t<meta property=\"og:image:height\" content=\"800\" \/>\n\t<meta property=\"og:image:type\" content=\"image\/webp\" \/>\n<meta name=\"twitter:card\" content=\"summary_large_image\" \/>\n<meta name=\"twitter:label1\" content=\"Tempo estimado de leitura\" \/>\n\t<meta name=\"twitter:data1\" content=\"2 minutos\" \/>\n<script type=\"application\/ld+json\" class=\"yoast-schema-graph\">{\"@context\":\"https:\/\/schema.org\",\"@graph\":[{\"@type\":\"WebPage\",\"@id\":\"https:\/\/www.cnbaianfire.com\/product\/in-line-inductor-foam-manufacturer\/\",\"url\":\"https:\/\/www.cnbaianfire.com\/product\/in-line-inductor-foam-manufacturer\/\",\"name\":\"China wholesales In-Line Inductor Foam Manufacturer supplier - BAIAN FIRE PROTECTION EQUIPMENT\",\"isPartOf\":{\"@id\":\"https:\/\/www.cnbaianfire.com\/#website\"},\"primaryImageOfPage\":{\"@id\":\"https:\/\/www.cnbaianfire.com\/product\/in-line-inductor-foam-manufacturer\/#primaryimage\"},\"image\":{\"@id\":\"https:\/\/www.cnbaianfire.com\/product\/in-line-inductor-foam-manufacturer\/#primaryimage\"},\"thumbnailUrl\":\"https:\/\/www.cnbaianfire.com\/wp-content\/uploads\/2025\/06\/In-Line-Foam-Inductor-Manufacturer.webp\",\"datePublished\":\"2025-06-06T01:21:02+00:00\",\"dateModified\":\"2025-07-17T07:02:07+00:00\",\"description\":\"Professional In-Line Inductor Foam Manufacturer manufacturer - Baian. We offers reliable, certified fire fighting equipment backed by technical support and global experience.\",\"breadcrumb\":{\"@id\":\"https:\/\/www.cnbaianfire.com\/product\/in-line-inductor-foam-manufacturer\/#breadcrumb\"},\"inLanguage\":\"pt-PT\",\"potentialAction\":[{\"@type\":\"ReadAction\",\"target\":[\"https:\/\/www.cnbaianfire.com\/product\/in-line-inductor-foam-manufacturer\/\"]}]},{\"@type\":\"ImageObject\",\"inLanguage\":\"pt-PT\",\"@id\":\"https:\/\/www.cnbaianfire.com\/product\/in-line-inductor-foam-manufacturer\/#primaryimage\",\"url\":\"https:\/\/www.cnbaianfire.com\/wp-content\/uploads\/2025\/06\/In-Line-Foam-Inductor-Manufacturer.webp\",\"contentUrl\":\"https:\/\/www.cnbaianfire.com\/wp-content\/uploads\/2025\/06\/In-Line-Foam-Inductor-Manufacturer.webp\",\"width\":800,\"height\":800,\"caption\":\"In-Line Foam Inductor Manufacturer\"},{\"@type\":\"BreadcrumbList\",\"@id\":\"https:\/\/www.cnbaianfire.com\/product\/in-line-inductor-foam-manufacturer\/#breadcrumb\",\"itemListElement\":[{\"@type\":\"ListItem\",\"position\":1,\"name\":\"Home\",\"item\":\"https:\/\/www.cnbaianfire.com\/\"},{\"@type\":\"ListItem\",\"position\":2,\"name\":\"Products\",\"item\":\"https:\/\/www.cnbaianfire.com\/shop\/\"},{\"@type\":\"ListItem\",\"position\":3,\"name\":\"In-Line Inductor Foam Manufacturer\"}]},{\"@type\":\"WebSite\",\"@id\":\"https:\/\/www.cnbaianfire.com\/#website\",\"url\":\"https:\/\/www.cnbaianfire.com\/\",\"name\":\"BAIAN FIRE PROTECTION EQUIPMENT\",\"description\":\"\",\"publisher\":{\"@id\":\"https:\/\/www.cnbaianfire.com\/#organization\"},\"potentialAction\":[{\"@type\":\"SearchAction\",\"target\":{\"@type\":\"EntryPoint\",\"urlTemplate\":\"https:\/\/www.cnbaianfire.com\/?s={search_term_string}\"},\"query-input\":\"required name=search_term_string\"}],\"inLanguage\":\"pt-PT\"},{\"@type\":\"Organization\",\"@id\":\"https:\/\/www.cnbaianfire.com\/#organization\",\"name\":\"Baian Group\",\"url\":\"https:\/\/www.cnbaianfire.com\/\",\"logo\":{\"@type\":\"ImageObject\",\"inLanguage\":\"pt-PT\",\"@id\":\"https:\/\/www.cnbaianfire.com\/#\/schema\/logo\/image\/\",\"url\":\"https:\/\/www.cnbaianfire.com\/wp-content\/uploads\/2025\/05\/baian-fire-ptotection-logo.webp\",\"contentUrl\":\"https:\/\/www.cnbaianfire.com\/wp-content\/uploads\/2025\/05\/baian-fire-ptotection-logo.webp\",\"width\":501,\"height\":494,\"caption\":\"Baian Group\"},\"image\":{\"@id\":\"https:\/\/www.cnbaianfire.com\/#\/schema\/logo\/image\/\"},\"sameAs\":[\"https:\/\/www.facebook.com\/BaianFirefightingEquipment\"]}]}<\/script>\n<!-- \/ Yoast SEO plugin. -->","yoast_head_json":{"title":"China wholesales In-Line Inductor Foam Manufacturer supplier - BAIAN FIRE PROTECTION EQUIPMENT","description":"Professional In-Line Inductor Foam Manufacturer manufacturer - Baian. We offers reliable, certified fire fighting equipment backed by technical support and global experience.","robots":{"index":"index","follow":"follow","max-snippet":"max-snippet:-1","max-image-preview":"max-image-preview:large","max-video-preview":"max-video-preview:-1"},"canonical":"https:\/\/www.cnbaianfire.com\/pt\/produto\/in-line-inductor-foam-manufacturer\/","og_locale":"pt_PT","og_type":"article","og_title":"China wholesales In-Line Inductor Foam Manufacturer supplier - BAIAN FIRE PROTECTION EQUIPMENT","og_description":"Professional In-Line Inductor Foam Manufacturer manufacturer - Baian. We offers reliable, certified fire fighting equipment backed by technical support and global experience.","og_url":"https:\/\/www.cnbaianfire.com\/pt\/produto\/in-line-inductor-foam-manufacturer\/","og_site_name":"BAIAN FIRE PROTECTION EQUIPMENT","article_publisher":"https:\/\/www.facebook.com\/BaianFirefightingEquipment","article_modified_time":"2025-07-17T07:02:07+00:00","og_image":[{"width":800,"height":800,"url":"https:\/\/www.cnbaianfire.com\/wp-content\/uploads\/2025\/06\/In-Line-Foam-Inductor-Manufacturer.webp","type":"image\/webp"}],"twitter_card":"summary_large_image","twitter_misc":{"Tempo estimado de leitura":"2 minutos"},"schema":{"@context":"https:\/\/schema.org","@graph":[{"@type":"WebPage","@id":"https:\/\/www.cnbaianfire.com\/product\/in-line-inductor-foam-manufacturer\/","url":"https:\/\/www.cnbaianfire.com\/product\/in-line-inductor-foam-manufacturer\/","name":"China wholesales In-Line Inductor Foam Manufacturer supplier - BAIAN FIRE PROTECTION EQUIPMENT","isPartOf":{"@id":"https:\/\/www.cnbaianfire.com\/#website"},"primaryImageOfPage":{"@id":"https:\/\/www.cnbaianfire.com\/product\/in-line-inductor-foam-manufacturer\/#primaryimage"},"image":{"@id":"https:\/\/www.cnbaianfire.com\/product\/in-line-inductor-foam-manufacturer\/#primaryimage"},"thumbnailUrl":"https:\/\/www.cnbaianfire.com\/wp-content\/uploads\/2025\/06\/In-Line-Foam-Inductor-Manufacturer.webp","datePublished":"2025-06-06T01:21:02+00:00","dateModified":"2025-07-17T07:02:07+00:00","description":"Professional In-Line Inductor Foam Manufacturer manufacturer - Baian. We offers reliable, certified fire fighting equipment backed by technical support and global experience.","breadcrumb":{"@id":"https:\/\/www.cnbaianfire.com\/product\/in-line-inductor-foam-manufacturer\/#breadcrumb"},"inLanguage":"pt-PT","potentialAction":[{"@type":"ReadAction","target":["https:\/\/www.cnbaianfire.com\/product\/in-line-inductor-foam-manufacturer\/"]}]},{"@type":"ImageObject","inLanguage":"pt-PT","@id":"https:\/\/www.cnbaianfire.com\/product\/in-line-inductor-foam-manufacturer\/#primaryimage","url":"https:\/\/www.cnbaianfire.com\/wp-content\/uploads\/2025\/06\/In-Line-Foam-Inductor-Manufacturer.webp","contentUrl":"https:\/\/www.cnbaianfire.com\/wp-content\/uploads\/2025\/06\/In-Line-Foam-Inductor-Manufacturer.webp","width":800,"height":800,"caption":"In-Line Foam Inductor Manufacturer"},{"@type":"BreadcrumbList","@id":"https:\/\/www.cnbaianfire.com\/product\/in-line-inductor-foam-manufacturer\/#breadcrumb","itemListElement":[{"@type":"ListItem","position":1,"name":"Home","item":"https:\/\/www.cnbaianfire.com\/"},{"@type":"ListItem","position":2,"name":"Products","item":"https:\/\/www.cnbaianfire.com\/shop\/"},{"@type":"ListItem","position":3,"name":"In-Line Inductor Foam Manufacturer"}]},{"@type":"WebSite","@id":"https:\/\/www.cnbaianfire.com\/#website","url":"https:\/\/www.cnbaianfire.com\/","name":"BAIAN FIRE PROTECTION EQUIPMENT","description":"","publisher":{"@id":"https:\/\/www.cnbaianfire.com\/#organization"},"potentialAction":[{"@type":"SearchAction","target":{"@type":"EntryPoint","urlTemplate":"https:\/\/www.cnbaianfire.com\/?s={search_term_string}"},"query-input":"required name=search_term_string"}],"inLanguage":"pt-PT"},{"@type":"Organization","@id":"https:\/\/www.cnbaianfire.com\/#organization","name":"Baian Group","url":"https:\/\/www.cnbaianfire.com\/","logo":{"@type":"ImageObject","inLanguage":"pt-PT","@id":"https:\/\/www.cnbaianfire.com\/#\/schema\/logo\/image\/","url":"https:\/\/www.cnbaianfire.com\/wp-content\/uploads\/2025\/05\/baian-fire-ptotection-logo.webp","contentUrl":"https:\/\/www.cnbaianfire.com\/wp-content\/uploads\/2025\/05\/baian-fire-ptotection-logo.webp","width":501,"height":494,"caption":"Baian Group"},"image":{"@id":"https:\/\/www.cnbaianfire.com\/#\/schema\/logo\/image\/"},"sameAs":["https:\/\/www.facebook.com\/BaianFirefightingEquipment"]}]}},"_links":{"self":[{"href":"https:\/\/www.cnbaianfire.com\/pt\/wp-json\/wp\/v2\/product\/12528"}],"collection":[{"href":"https:\/\/www.cnbaianfire.com\/pt\/wp-json\/wp\/v2\/product"}],"about":[{"href":"https:\/\/www.cnbaianfire.com\/pt\/wp-json\/wp\/v2\/types\/product"}],"wp:featuredmedia":[{"embeddable":true,"href":"https:\/\/www.cnbaianfire.com\/pt\/wp-json\/wp\/v2\/media\/12529"}],"wp:attachment":[{"href":"https:\/\/www.cnbaianfire.com\/pt\/wp-json\/wp\/v2\/media?parent=12528"}],"wp:term":[{"taxonomy":"product_cat","embeddable":true,"href":"https:\/\/www.cnbaianfire.com\/pt\/wp-json\/wp\/v2\/product_cat?post=12528"},{"taxonomy":"product_tag","embeddable":true,"href":"https:\/\/www.cnbaianfire.com\/pt\/wp-json\/wp\/v2\/product_tag?post=12528"}],"curies":[{"name":"wp","href":"https:\/\/api.w.org\/{rel}","templated":true}]}}