{"id":12497,"date":"2025-06-05T07:38:39","date_gmt":"2025-06-05T07:38:39","guid":{"rendered":"https:\/\/www.cnbaianfire.com\/?post_type=product&#038;p=12497"},"modified":"2025-07-26T06:36:37","modified_gmt":"2025-07-26T06:36:37","slug":"versatile-stainless-steel-manual-fire-water-monitor","status":"publish","type":"product","link":"https:\/\/www.cnbaianfire.com\/pt\/produto\/versatile-stainless-steel-manual-fire-water-monitor\/","title":{"rendered":"Monitor manual de \u00e1gua de inc\u00eandio em a\u00e7o inoxid\u00e1vel vers\u00e1til"},"content":{"rendered":"<h2><a href=\"https:\/\/www.cnbaianfire.com\/product\/versatile-stainless-steel-manual-fire-water-monitor\/\"><strong>Monitor manual de \u00e1gua de inc\u00eandio em a\u00e7o inoxid\u00e1vel vers\u00e1til<\/strong><\/a><br \/>\nPS10\/60-80-W-H(3600-4800LPM)<\/h2>\n<table class=\"tg\" style=\"border-collapse: collapse; border-spacing: 0;\">\n<thead>\n<tr>\n<th style=\"font-family: Arial, sans-serif; font-size: 14px; font-weight: normal; overflow: hidden; padding: 10px 5px; vertical-align: middle; word-break: normal; border: 1px solid black; text-align: center;\" colspan=\"2\">Par\u00e2metros t\u00e9cnicos<\/th>\n<\/tr>\n<\/thead>\n<tbody>\n<tr>\n<td style=\"background-color: #073980; color: #fff; font-family: Arial, sans-serif; font-size: 14px; font-weight: bold; overflow: hidden; padding: 10px 5px; text-align: center; vertical-align: middle; word-break: normal; border: 1px solid black;\">N\u00famero do modelo<\/td>\n<td style=\"font-family: Arial, sans-serif; font-size: 14px; overflow: hidden; padding: 10px 5px; text-align: center; vertical-align: middle; word-break: normal; border: 1px solid black;\">PS10\/60-80-W-H<\/td>\n<\/tr>\n<tr>\n<td style=\"background-color: #073980; color: #fff; font-family: Arial, sans-serif; font-size: 14px; font-weight: bold; overflow: hidden; padding: 10px 5px; text-align: center; vertical-align: middle; word-break: normal; border: 1px solid black;\">Caudal<\/td>\n<td style=\"background-color: #dad6d5; font-family: Arial, sans-serif; font-size: 14px; overflow: hidden; padding: 10px 5px; text-align: center; vertical-align: middle; word-break: normal; border: 1px solid black;\">3600\/4200\/4800LPM (Escolha um caudal)<\/td>\n<\/tr>\n<tr>\n<td style=\"background-color: #073980; color: #fff; font-family: Arial, sans-serif; font-size: 14px; font-weight: bold; overflow: hidden; padding: 10px 5px; text-align: center; vertical-align: middle; word-break: normal; border: 1px solid black;\">Press\u00e3o de trabalho<\/td>\n<td style=\"font-family: Arial, sans-serif; font-size: 14px; overflow: hidden; padding: 10px 5px; text-align: center; vertical-align: middle; word-break: normal; border: 1px solid black;\">10Bar<\/td>\n<\/tr>\n<tr>\n<td style=\"background-color: #073980; color: #fff; font-family: Arial, sans-serif; font-size: 14px; font-weight: bold; overflow: hidden; padding: 10px 5px; text-align: center; vertical-align: middle; word-break: normal; border: 1px solid black;\">M\u00e1x. Alcance @ 10 bar<\/td>\n<td style=\"background-color: #dad6d5; font-family: Arial, sans-serif; font-size: 14px; overflow: hidden; padding: 10px 5px; text-align: center; vertical-align: middle; word-break: normal; border: 1px solid black;\">85 metros @4800 LPM<\/td>\n<\/tr>\n<tr>\n<td style=\"background-color: #073980; color: #fff; font-family: Arial, sans-serif; font-size: 14px; font-weight: bold; overflow: hidden; padding: 10px 5px; text-align: center; vertical-align: middle; word-break: normal; border: 1px solid black;\">M\u00e1ximo. \u00c2ngulo de nevoeiro<\/td>\n<td style=\"font-family: Arial, sans-serif; font-size: 14px; overflow: hidden; padding: 10px 5px; text-align: center; vertical-align: middle; word-break: normal; border: 1px solid black;\">120\u00b0<\/td>\n<\/tr>\n<tr>\n<td style=\"background-color: #073980; color: #fff; font-family: Arial, sans-serif; font-size: 14px; font-weight: bold; overflow: hidden; padding: 10px 5px; text-align: center; vertical-align: middle; word-break: normal; border: 1px solid black;\">Alcance m\u00e1ximo do monitor<\/td>\n<td style=\"background-color: #dad6d5; font-family: Arial, sans-serif; font-size: 14px; overflow: hidden; padding: 10px 5px; text-align: center; vertical-align: middle; word-break: normal; border: 1px solid black;\">-15\u00b0 a +60\u00b0 verticalmente, rota\u00e7\u00e3o de 360<\/td>\n<\/tr>\n<tr>\n<td style=\"background-color: #073980; color: #fff; font-family: Arial, sans-serif; font-size: 14px; font-weight: bold; overflow: hidden; padding: 10px 5px; text-align: center; vertical-align: middle; word-break: normal; border: 1px solid black;\">Tamanho da via naveg\u00e1vel<\/td>\n<td style=\"font-family: Arial, sans-serif; font-size: 14px; overflow: hidden; padding: 10px 5px; text-align: center; vertical-align: middle; word-break: normal; border: 1px solid black;\">2,5\" (65 mm)<\/td>\n<\/tr>\n<tr>\n<td style=\"background-color: #073980; color: #fff; font-family: Arial, sans-serif; font-size: 14px; font-weight: bold; overflow: hidden; padding: 10px 5px; text-align: center; vertical-align: middle; word-break: normal; border: 1px solid black;\">Sa\u00edda do monitor<\/td>\n<td style=\"background-color: #dad6d5; font-family: Arial, sans-serif; font-size: 14px; overflow: hidden; padding: 10px 5px; text-align: center; vertical-align: middle; word-break: normal; border: 1px solid black;\">Rosca macho NH de 2,5\" (65 mm)<\/td>\n<\/tr>\n<tr>\n<td style=\"background-color: #073980; color: #fff; font-family: Arial, sans-serif; font-size: 14px; font-weight: bold; overflow: hidden; padding: 10px 5px; text-align: center; vertical-align: middle; word-break: normal; border: 1px solid black;\">Entrada do monitor<\/td>\n<td style=\"font-family: Arial, sans-serif; font-size: 14px; overflow: hidden; padding: 10px 5px; text-align: center; vertical-align: middle; word-break: normal; border: 1px solid black;\">Flange de 4\" BS4504 \u00e9 padr\u00e3o, outra flange padr\u00e3o est\u00e1 dispon\u00edvel<\/td>\n<\/tr>\n<tr>\n<td style=\"background-color: #073980; color: #fff; font-family: Arial, sans-serif; font-size: 14px; font-weight: bold; overflow: hidden; padding: 10px 5px; text-align: center; vertical-align: middle; word-break: normal; border: 1px solid black;\">Material<\/td>\n<td style=\"background-color: #dad6d5; font-family: Arial, sans-serif; font-size: 14px; overflow: hidden; padding: 10px 5px; text-align: center; vertical-align: middle; word-break: normal; border: 1px solid black;\">SS304<\/td>\n<\/tr>\n<\/tbody>\n<\/table>\n<h2>Especifica\u00e7\u00f5es<\/h2>\n<p>1. Estrutura do material: O corpo da pistola e o canal de fluxo do n\u00facleo s\u00e3o feitos de material SS304, que \u00e9 resistente \u00e0 corros\u00e3o e resistente a altas temperaturas (a temperatura de trabalho geralmente cobre -20\u00b0C a +80\u00b0C), adequado para ambientes corrosivos, como qu\u00edmicos e marinhos.<br \/>\n2. Modo de pulveriza\u00e7\u00e3o: corrente cont\u00ednua, n\u00e9voa;<br \/>\n3. Rota\u00e7\u00e3o horizontal de 360\u00b0;<br \/>\n4. Eleva\u00e7\u00e3o vertical de -15\u00b0 a +60\u00b0;<\/p>\n<h2>Caudal e gama:<\/h2>\n<p>Caudal de funcionamento: 20-180 L\/s (de acordo com a classifica\u00e7\u00e3o do modelo)<br \/>\nAlcance efetivo: 70-150 m (positivamente correlacionado com a press\u00e3o)<\/p>\n<h2>Flange standard<\/h2>\n<p>BS4504, ANSI150, GB, etc.<\/p>\n<h2>Aplica\u00e7\u00f5es<\/h2>\n<p>1. Cen\u00e1rios industriais:<br \/>\n\u00c1rea de tanques petroqu\u00edmicos, f\u00e1brica de produtos qu\u00edmicos (resist\u00eancia \u00e0 corros\u00e3o qu\u00edmica)<br \/>\nTerminal portu\u00e1rio, esta\u00e7\u00e3o de rece\u00e7\u00e3o de GNL (resist\u00eancia \u00e0 corros\u00e3o por proje\u00e7\u00e3o salina)<br \/>\n2. Ambiente especial:<br \/>\nCombate a inc\u00eandios em t\u00faneis (pode ser instalado de forma fixa na parede lateral)<br \/>\nSalvamento em aeroportos (extin\u00e7\u00e3o r\u00e1pida de inc\u00eandios de combust\u00edvel de avia\u00e7\u00e3o)<br \/>\n3. Equipamentos p\u00fablicos:<br \/>\nGrande gin\u00e1sio, centro de armazenamento e log\u00edstica (grande \u00e1rea de cobertura)<\/p>\n<h2>Princ\u00edpio de funcionamento<\/h2>\n<p>1. controlo manual:<br \/>\nO mecanismo de engrenagem de parafuso sem-fim duplo \u00e9 utilizado para obter um posicionamento preciso horizontal\/ponto, e a pega de funcionamento aplica for\u00e7a mec\u00e2nica para fazer rodar o corpo da pistola.<br \/>\n2.Controlo de fluidos:<br \/>\nA \u00e1gua passa atrav\u00e9s do retificador do corpo da pistola para eliminar a turbul\u00eancia e acelera atrav\u00e9s do bico de contra\u00e7\u00e3o para formar um jato concentrado (corrente cont\u00ednua) ou uma cobertura de atomiza\u00e7\u00e3o (modo de flora\u00e7\u00e3o).<br \/>\n3. bloqueio de seguran\u00e7a:<br \/>\nPino de bloqueio angular incorporado para evitar que o recuo do golpe de ar\u00edete fa\u00e7a com que o corpo da pistola perca o controlo.<\/p>\n<h2>Carater\u00edsticas<\/h2>\n<p>1. Durabilidade:<br \/>\nA estrutura de a\u00e7o inoxid\u00e1vel suporta alta press\u00e3o (press\u00e3o normal 1.0-1.6 MPa), radia\u00e7\u00e3o de chama a alta temperatura e eros\u00e3o qu\u00edmica m\u00e9dia, e a sua vida \u00fatil excede em muito a do a\u00e7o carbono comum1.<br \/>\n2. Spray multifuncional:<br \/>\nComuta\u00e7\u00e3o cont\u00ednua de corrente cont\u00ednua\/floresc\u00eancia: O modo de corrente cont\u00ednua afecta pontos de inc\u00eandio distantes e o modo de floresc\u00eancia difunde a n\u00e9voa de \u00e1gua para arrefecer grandes \u00e1reas.<br \/>\n3. Seguran\u00e7a operacional:<br \/>\nA cauda da pistola foi concebida com uma v\u00e1lvula de amortecimento para evitar choques de press\u00e3o instant\u00e2neos durante o arranque e a paragem; alguns modelos t\u00eam dispositivos integrados de prote\u00e7\u00e3o contra o al\u00edvio da press\u00e3o.<br \/>\n4. Facilidade de manuten\u00e7\u00e3o:<br \/>\nConce\u00e7\u00e3o modular, os vedantes (como os an\u00e9is de borracha PTFE\/Viton) podem ser rapidamente substitu\u00eddos1.<\/p>\n<h2>Press\u00e3o nominal<\/h2>\n<p>Modelo padr\u00e3o: 1,0 MPa, o modelo de alta press\u00e3o pode atingir 1,6 MPa<\/p>\n<p><img loading=\"lazy\" decoding=\"async\" class=\"size-full wp-image-12498 aligncenter\" data-src=\"https:\/\/www.cnbaianfire.com\/wp-content\/uploads\/2025\/06\/Versatile-Stainless-Steel-Manual-Fire-Water-Monitor.webp\" alt=\"Monitor manual de \u00e1gua de inc\u00eandio em a\u00e7o inoxid\u00e1vel vers\u00e1til\" width=\"800\" height=\"800\" srcset=\"https:\/\/www.cnbaianfire.com\/wp-content\/uploads\/2025\/06\/Versatile-Stainless-Steel-Manual-Fire-Water-Monitor.webp 800w, https:\/\/www.cnbaianfire.com\/wp-content\/uploads\/2025\/06\/Versatile-Stainless-Steel-Manual-Fire-Water-Monitor-480x480.webp 480w\" sizes=\"(min-width: 0px) and (max-width: 480px) 480px, (min-width: 481px) 800px, 100vw\" \/><\/p>","protected":false},"excerpt":{"rendered":"<p>Este tipo de <a href=\"https:\/\/www.cnbaianfire.com\/category\/fire-monitor-system\/manual-fire-water-cannon\/\"><strong>Canh\u00e3o de \u00e1gua de fogo manual<\/strong><\/a> \u00e9 feita de SS304, o corpo da pistola com canal de fluxo central resiste \u00e0 corros\u00e3o e a temperaturas elevadas (-20\u00b0C~+80\u00b0C). Inclui pulveriza\u00e7\u00e3o DC\/mistura, rota\u00e7\u00e3o horizontal de 360\u00b0 e eleva\u00e7\u00e3o vertical de -15\u00b0~+60\u00b0.<\/p>","protected":false},"featured_media":12498,"template":"","meta":{"_et_pb_use_builder":"","_et_pb_old_content":"","_et_gb_content_width":""},"product_cat":[204,203],"product_tag":[],"yoast_head":"<!-- This site is optimized with the Yoast SEO plugin v22.7 - https:\/\/yoast.com\/wordpress\/plugins\/seo\/ -->\n<title>China wholesales Versatile Stainless Steel Manual Fire Water Monitor supplier - BAIAN FIRE PROTECTION EQUIPMENT<\/title>\n<meta name=\"description\" content=\"Professional Versatile Stainless Steel Manual Fire Water Monitor manufacturer - Baian. We offers reliable, certified fire fighting equipment backed by technical support and global experience.\" \/>\n<meta name=\"robots\" content=\"index, follow, max-snippet:-1, max-image-preview:large, max-video-preview:-1\" \/>\n<link rel=\"canonical\" href=\"https:\/\/www.cnbaianfire.com\/pt\/produto\/versatile-stainless-steel-manual-fire-water-monitor\/\" \/>\n<meta property=\"og:locale\" content=\"pt_PT\" \/>\n<meta property=\"og:type\" content=\"article\" \/>\n<meta property=\"og:title\" content=\"China wholesales Versatile Stainless Steel Manual Fire Water Monitor supplier - BAIAN FIRE PROTECTION EQUIPMENT\" \/>\n<meta property=\"og:description\" content=\"Professional Versatile Stainless Steel Manual Fire Water Monitor manufacturer - Baian. We offers reliable, certified fire fighting equipment backed by technical support and global experience.\" \/>\n<meta property=\"og:url\" content=\"https:\/\/www.cnbaianfire.com\/pt\/produto\/versatile-stainless-steel-manual-fire-water-monitor\/\" \/>\n<meta property=\"og:site_name\" content=\"BAIAN FIRE PROTECTION EQUIPMENT\" \/>\n<meta property=\"article:publisher\" content=\"https:\/\/www.facebook.com\/BaianFirefightingEquipment\" \/>\n<meta property=\"article:modified_time\" content=\"2025-07-26T06:36:37+00:00\" \/>\n<meta property=\"og:image\" content=\"https:\/\/www.cnbaianfire.com\/wp-content\/uploads\/2025\/06\/Versatile-Stainless-Steel-Manual-Fire-Water-Monitor.webp\" \/>\n\t<meta property=\"og:image:width\" content=\"800\" \/>\n\t<meta property=\"og:image:height\" content=\"800\" \/>\n\t<meta property=\"og:image:type\" content=\"image\/webp\" \/>\n<meta name=\"twitter:card\" content=\"summary_large_image\" \/>\n<meta name=\"twitter:label1\" content=\"Tempo estimado de leitura\" \/>\n\t<meta name=\"twitter:data1\" content=\"3 minutos\" \/>\n<script type=\"application\/ld+json\" class=\"yoast-schema-graph\">{\"@context\":\"https:\/\/schema.org\",\"@graph\":[{\"@type\":\"WebPage\",\"@id\":\"https:\/\/www.cnbaianfire.com\/product\/versatile-stainless-steel-manual-fire-water-monitor\/\",\"url\":\"https:\/\/www.cnbaianfire.com\/product\/versatile-stainless-steel-manual-fire-water-monitor\/\",\"name\":\"China wholesales Versatile Stainless Steel Manual Fire Water Monitor supplier - BAIAN FIRE PROTECTION EQUIPMENT\",\"isPartOf\":{\"@id\":\"https:\/\/www.cnbaianfire.com\/#website\"},\"primaryImageOfPage\":{\"@id\":\"https:\/\/www.cnbaianfire.com\/product\/versatile-stainless-steel-manual-fire-water-monitor\/#primaryimage\"},\"image\":{\"@id\":\"https:\/\/www.cnbaianfire.com\/product\/versatile-stainless-steel-manual-fire-water-monitor\/#primaryimage\"},\"thumbnailUrl\":\"https:\/\/www.cnbaianfire.com\/wp-content\/uploads\/2025\/06\/Versatile-Stainless-Steel-Manual-Fire-Water-Monitor.webp\",\"datePublished\":\"2025-06-05T07:38:39+00:00\",\"dateModified\":\"2025-07-26T06:36:37+00:00\",\"description\":\"Professional Versatile Stainless Steel Manual Fire Water Monitor manufacturer - Baian. We offers reliable, certified fire fighting equipment backed by technical support and global experience.\",\"breadcrumb\":{\"@id\":\"https:\/\/www.cnbaianfire.com\/product\/versatile-stainless-steel-manual-fire-water-monitor\/#breadcrumb\"},\"inLanguage\":\"pt-PT\",\"potentialAction\":[{\"@type\":\"ReadAction\",\"target\":[\"https:\/\/www.cnbaianfire.com\/product\/versatile-stainless-steel-manual-fire-water-monitor\/\"]}]},{\"@type\":\"ImageObject\",\"inLanguage\":\"pt-PT\",\"@id\":\"https:\/\/www.cnbaianfire.com\/product\/versatile-stainless-steel-manual-fire-water-monitor\/#primaryimage\",\"url\":\"https:\/\/www.cnbaianfire.com\/wp-content\/uploads\/2025\/06\/Versatile-Stainless-Steel-Manual-Fire-Water-Monitor.webp\",\"contentUrl\":\"https:\/\/www.cnbaianfire.com\/wp-content\/uploads\/2025\/06\/Versatile-Stainless-Steel-Manual-Fire-Water-Monitor.webp\",\"width\":800,\"height\":800,\"caption\":\"Versatile Stainless Steel Manual Fire Water Monitor\"},{\"@type\":\"BreadcrumbList\",\"@id\":\"https:\/\/www.cnbaianfire.com\/product\/versatile-stainless-steel-manual-fire-water-monitor\/#breadcrumb\",\"itemListElement\":[{\"@type\":\"ListItem\",\"position\":1,\"name\":\"Home\",\"item\":\"https:\/\/www.cnbaianfire.com\/\"},{\"@type\":\"ListItem\",\"position\":2,\"name\":\"Products\",\"item\":\"https:\/\/www.cnbaianfire.com\/shop\/\"},{\"@type\":\"ListItem\",\"position\":3,\"name\":\"Versatile Stainless Steel Manual Fire Water Monitor\"}]},{\"@type\":\"WebSite\",\"@id\":\"https:\/\/www.cnbaianfire.com\/#website\",\"url\":\"https:\/\/www.cnbaianfire.com\/\",\"name\":\"BAIAN FIRE PROTECTION EQUIPMENT\",\"description\":\"\",\"publisher\":{\"@id\":\"https:\/\/www.cnbaianfire.com\/#organization\"},\"potentialAction\":[{\"@type\":\"SearchAction\",\"target\":{\"@type\":\"EntryPoint\",\"urlTemplate\":\"https:\/\/www.cnbaianfire.com\/?s={search_term_string}\"},\"query-input\":\"required name=search_term_string\"}],\"inLanguage\":\"pt-PT\"},{\"@type\":\"Organization\",\"@id\":\"https:\/\/www.cnbaianfire.com\/#organization\",\"name\":\"Baian Group\",\"url\":\"https:\/\/www.cnbaianfire.com\/\",\"logo\":{\"@type\":\"ImageObject\",\"inLanguage\":\"pt-PT\",\"@id\":\"https:\/\/www.cnbaianfire.com\/#\/schema\/logo\/image\/\",\"url\":\"https:\/\/www.cnbaianfire.com\/wp-content\/uploads\/2025\/05\/baian-fire-ptotection-logo.webp\",\"contentUrl\":\"https:\/\/www.cnbaianfire.com\/wp-content\/uploads\/2025\/05\/baian-fire-ptotection-logo.webp\",\"width\":501,\"height\":494,\"caption\":\"Baian Group\"},\"image\":{\"@id\":\"https:\/\/www.cnbaianfire.com\/#\/schema\/logo\/image\/\"},\"sameAs\":[\"https:\/\/www.facebook.com\/BaianFirefightingEquipment\"]}]}<\/script>\n<!-- \/ Yoast SEO plugin. -->","yoast_head_json":{"title":"China wholesales Versatile Stainless Steel Manual Fire Water Monitor supplier - BAIAN FIRE PROTECTION EQUIPMENT","description":"Professional Versatile Stainless Steel Manual Fire Water Monitor manufacturer - Baian. We offers reliable, certified fire fighting equipment backed by technical support and global experience.","robots":{"index":"index","follow":"follow","max-snippet":"max-snippet:-1","max-image-preview":"max-image-preview:large","max-video-preview":"max-video-preview:-1"},"canonical":"https:\/\/www.cnbaianfire.com\/pt\/produto\/versatile-stainless-steel-manual-fire-water-monitor\/","og_locale":"pt_PT","og_type":"article","og_title":"China wholesales Versatile Stainless Steel Manual Fire Water Monitor supplier - BAIAN FIRE PROTECTION EQUIPMENT","og_description":"Professional Versatile Stainless Steel Manual Fire Water Monitor manufacturer - Baian. We offers reliable, certified fire fighting equipment backed by technical support and global experience.","og_url":"https:\/\/www.cnbaianfire.com\/pt\/produto\/versatile-stainless-steel-manual-fire-water-monitor\/","og_site_name":"BAIAN FIRE PROTECTION EQUIPMENT","article_publisher":"https:\/\/www.facebook.com\/BaianFirefightingEquipment","article_modified_time":"2025-07-26T06:36:37+00:00","og_image":[{"width":800,"height":800,"url":"https:\/\/www.cnbaianfire.com\/wp-content\/uploads\/2025\/06\/Versatile-Stainless-Steel-Manual-Fire-Water-Monitor.webp","type":"image\/webp"}],"twitter_card":"summary_large_image","twitter_misc":{"Tempo estimado de leitura":"3 minutos"},"schema":{"@context":"https:\/\/schema.org","@graph":[{"@type":"WebPage","@id":"https:\/\/www.cnbaianfire.com\/product\/versatile-stainless-steel-manual-fire-water-monitor\/","url":"https:\/\/www.cnbaianfire.com\/product\/versatile-stainless-steel-manual-fire-water-monitor\/","name":"China wholesales Versatile Stainless Steel Manual Fire Water Monitor supplier - BAIAN FIRE PROTECTION EQUIPMENT","isPartOf":{"@id":"https:\/\/www.cnbaianfire.com\/#website"},"primaryImageOfPage":{"@id":"https:\/\/www.cnbaianfire.com\/product\/versatile-stainless-steel-manual-fire-water-monitor\/#primaryimage"},"image":{"@id":"https:\/\/www.cnbaianfire.com\/product\/versatile-stainless-steel-manual-fire-water-monitor\/#primaryimage"},"thumbnailUrl":"https:\/\/www.cnbaianfire.com\/wp-content\/uploads\/2025\/06\/Versatile-Stainless-Steel-Manual-Fire-Water-Monitor.webp","datePublished":"2025-06-05T07:38:39+00:00","dateModified":"2025-07-26T06:36:37+00:00","description":"Professional Versatile Stainless Steel Manual Fire Water Monitor manufacturer - Baian. We offers reliable, certified fire fighting equipment backed by technical support and global experience.","breadcrumb":{"@id":"https:\/\/www.cnbaianfire.com\/product\/versatile-stainless-steel-manual-fire-water-monitor\/#breadcrumb"},"inLanguage":"pt-PT","potentialAction":[{"@type":"ReadAction","target":["https:\/\/www.cnbaianfire.com\/product\/versatile-stainless-steel-manual-fire-water-monitor\/"]}]},{"@type":"ImageObject","inLanguage":"pt-PT","@id":"https:\/\/www.cnbaianfire.com\/product\/versatile-stainless-steel-manual-fire-water-monitor\/#primaryimage","url":"https:\/\/www.cnbaianfire.com\/wp-content\/uploads\/2025\/06\/Versatile-Stainless-Steel-Manual-Fire-Water-Monitor.webp","contentUrl":"https:\/\/www.cnbaianfire.com\/wp-content\/uploads\/2025\/06\/Versatile-Stainless-Steel-Manual-Fire-Water-Monitor.webp","width":800,"height":800,"caption":"Versatile Stainless Steel Manual Fire Water Monitor"},{"@type":"BreadcrumbList","@id":"https:\/\/www.cnbaianfire.com\/product\/versatile-stainless-steel-manual-fire-water-monitor\/#breadcrumb","itemListElement":[{"@type":"ListItem","position":1,"name":"Home","item":"https:\/\/www.cnbaianfire.com\/"},{"@type":"ListItem","position":2,"name":"Products","item":"https:\/\/www.cnbaianfire.com\/shop\/"},{"@type":"ListItem","position":3,"name":"Versatile Stainless Steel Manual Fire Water Monitor"}]},{"@type":"WebSite","@id":"https:\/\/www.cnbaianfire.com\/#website","url":"https:\/\/www.cnbaianfire.com\/","name":"BAIAN FIRE PROTECTION EQUIPMENT","description":"","publisher":{"@id":"https:\/\/www.cnbaianfire.com\/#organization"},"potentialAction":[{"@type":"SearchAction","target":{"@type":"EntryPoint","urlTemplate":"https:\/\/www.cnbaianfire.com\/?s={search_term_string}"},"query-input":"required name=search_term_string"}],"inLanguage":"pt-PT"},{"@type":"Organization","@id":"https:\/\/www.cnbaianfire.com\/#organization","name":"Baian Group","url":"https:\/\/www.cnbaianfire.com\/","logo":{"@type":"ImageObject","inLanguage":"pt-PT","@id":"https:\/\/www.cnbaianfire.com\/#\/schema\/logo\/image\/","url":"https:\/\/www.cnbaianfire.com\/wp-content\/uploads\/2025\/05\/baian-fire-ptotection-logo.webp","contentUrl":"https:\/\/www.cnbaianfire.com\/wp-content\/uploads\/2025\/05\/baian-fire-ptotection-logo.webp","width":501,"height":494,"caption":"Baian Group"},"image":{"@id":"https:\/\/www.cnbaianfire.com\/#\/schema\/logo\/image\/"},"sameAs":["https:\/\/www.facebook.com\/BaianFirefightingEquipment"]}]}},"_links":{"self":[{"href":"https:\/\/www.cnbaianfire.com\/pt\/wp-json\/wp\/v2\/product\/12497"}],"collection":[{"href":"https:\/\/www.cnbaianfire.com\/pt\/wp-json\/wp\/v2\/product"}],"about":[{"href":"https:\/\/www.cnbaianfire.com\/pt\/wp-json\/wp\/v2\/types\/product"}],"wp:featuredmedia":[{"embeddable":true,"href":"https:\/\/www.cnbaianfire.com\/pt\/wp-json\/wp\/v2\/media\/12498"}],"wp:attachment":[{"href":"https:\/\/www.cnbaianfire.com\/pt\/wp-json\/wp\/v2\/media?parent=12497"}],"wp:term":[{"taxonomy":"product_cat","embeddable":true,"href":"https:\/\/www.cnbaianfire.com\/pt\/wp-json\/wp\/v2\/product_cat?post=12497"},{"taxonomy":"product_tag","embeddable":true,"href":"https:\/\/www.cnbaianfire.com\/pt\/wp-json\/wp\/v2\/product_tag?post=12497"}],"curies":[{"name":"wp","href":"https:\/\/api.w.org\/{rel}","templated":true}]}}