{"id":12493,"date":"2025-06-05T07:32:06","date_gmt":"2025-06-05T07:32:06","guid":{"rendered":"https:\/\/www.cnbaianfire.com\/?post_type=product&#038;p=12493"},"modified":"2025-06-06T01:08:21","modified_gmt":"2025-06-06T01:08:21","slug":"stainless-steel-manual-fire-water-cannon","status":"publish","type":"product","link":"https:\/\/www.cnbaianfire.com\/pt\/produto\/stainless-steel-manual-fire-water-cannon\/","title":{"rendered":"Canh\u00e3o de \u00e1gua de inc\u00eandio manual em a\u00e7o inoxid\u00e1vel"},"content":{"rendered":"<h2><a href=\"https:\/\/www.cnbaianfire.com\/product\/stainless-steel-manual-fire-water-cannon\/\">Canh\u00e3o de \u00e1gua de inc\u00eandio manual em a\u00e7o inoxid\u00e1vel<\/a><br \/>\nPS8\/20-50-W-H\uff081200-3000LPM\uff09<\/h2>\n<table class=\"tg\" style=\"border-collapse: collapse; border-spacing: 0;\">\n<thead>\n<tr>\n<th style=\"font-family: Arial, sans-serif; font-size: 14px; font-weight: normal; overflow: hidden; padding: 10px 5px; text-align: center; vertical-align: middle; word-break: normal; border: 1px solid black;\" colspan=\"2\">Par\u00e2metros t\u00e9cnicos<\/th>\n<\/tr>\n<\/thead>\n<tbody>\n<tr>\n<td style=\"background-color: #073980; color: #fff; font-family: Arial, sans-serif; font-size: 14px; font-weight: bold; overflow: hidden; padding: 10px 5px; text-align: center; vertical-align: middle; word-break: normal; border: 1px solid black;\">N\u00famero do modelo<\/td>\n<td style=\"font-family: Arial, sans-serif; font-size: 14px; overflow: hidden; padding: 10px 5px; text-align: center; vertical-align: middle; word-break: normal; border: 1px solid black;\">PS8\/20-50-W-H\uff09<\/td>\n<\/tr>\n<tr>\n<td style=\"background-color: #073980; color: #fff; font-family: Arial, sans-serif; font-size: 14px; font-weight: bold; overflow: hidden; padding: 10px 5px; text-align: center; vertical-align: middle; word-break: normal; border: 1px solid black;\">Caudal<\/td>\n<td style=\"background-color: #dad6d5; font-family: Arial, sans-serif; font-size: 14px; overflow: hidden; padding: 10px 5px; text-align: center; vertical-align: middle; word-break: normal; border: 1px solid black;\">1200\/1800\/2400\/3000LPM (Escolha um caudal)<\/td>\n<\/tr>\n<tr>\n<td style=\"background-color: #073980; color: #fff; font-family: Arial, sans-serif; font-size: 14px; font-weight: bold; overflow: hidden; padding: 10px 5px; text-align: center; vertical-align: middle; word-break: normal; border: 1px solid black;\">Press\u00e3o de trabalho<\/td>\n<td style=\"font-family: Arial, sans-serif; font-size: 14px; overflow: hidden; padding: 10px 5px; text-align: center; vertical-align: middle; word-break: normal; border: 1px solid black;\">8 Barras<\/td>\n<\/tr>\n<tr>\n<td style=\"background-color: #073980; color: #fff; font-family: Arial, sans-serif; font-size: 14px; font-weight: bold; overflow: hidden; padding: 10px 5px; text-align: center; vertical-align: middle; word-break: normal; border: 1px solid black;\">M\u00e1x. Alcance @ 8 bar<\/td>\n<td style=\"background-color: #dad6d5; font-family: Arial, sans-serif; font-size: 14px; overflow: hidden; padding: 10px 5px; text-align: center; vertical-align: middle; word-break: normal; border: 1px solid black;\">70 metros a 3000 LPM<\/td>\n<\/tr>\n<tr>\n<td style=\"background-color: #073980; color: #fff; font-family: Arial, sans-serif; font-size: 14px; font-weight: bold; overflow: hidden; padding: 10px 5px; text-align: center; vertical-align: middle; word-break: normal; border: 1px solid black;\">M\u00e1ximo. \u00c2ngulo de nevoeiro<\/td>\n<td style=\"font-family: Arial, sans-serif; font-size: 14px; overflow: hidden; padding: 10px 5px; text-align: center; vertical-align: middle; word-break: normal; border: 1px solid black;\">120\u00b0<\/td>\n<\/tr>\n<tr>\n<td style=\"background-color: #073980; color: #fff; font-family: Arial, sans-serif; font-size: 14px; font-weight: bold; overflow: hidden; padding: 10px 5px; text-align: center; vertical-align: middle; word-break: normal; border: 1px solid black;\">Alcance m\u00e1ximo do monitor<\/td>\n<td style=\"background-color: #dad6d5; font-family: Arial, sans-serif; font-size: 14px; overflow: hidden; padding: 10px 5px; text-align: center; vertical-align: middle; word-break: normal; border: 1px solid black;\">-15\u00b0 a +60\u00b0 verticalmente, rota\u00e7\u00e3o de 360<\/td>\n<\/tr>\n<tr>\n<td style=\"background-color: #073980; color: #fff; font-family: Arial, sans-serif; font-size: 14px; font-weight: bold; overflow: hidden; padding: 10px 5px; text-align: center; vertical-align: middle; word-break: normal; border: 1px solid black;\">Tamanho da via naveg\u00e1vel<\/td>\n<td style=\"font-family: Arial, sans-serif; font-size: 14px; overflow: hidden; padding: 10px 5px; text-align: center; vertical-align: middle; word-break: normal; border: 1px solid black;\">2,5\" (65 mm)<\/td>\n<\/tr>\n<tr>\n<td style=\"background-color: #073980; color: #fff; font-family: Arial, sans-serif; font-size: 14px; font-weight: bold; overflow: hidden; padding: 10px 5px; text-align: center; vertical-align: middle; word-break: normal; border: 1px solid black;\">Sa\u00edda do monitor<\/td>\n<td style=\"background-color: #dad6d5; font-family: Arial, sans-serif; font-size: 14px; overflow: hidden; padding: 10px 5px; text-align: center; vertical-align: middle; word-break: normal; border: 1px solid black;\">Rosca macho NH de 2,5\" (65 mm)<\/td>\n<\/tr>\n<tr>\n<td style=\"background-color: #073980; color: #fff; font-family: Arial, sans-serif; font-size: 14px; font-weight: bold; overflow: hidden; padding: 10px 5px; text-align: center; vertical-align: middle; word-break: normal; border: 1px solid black;\">Entrada do monitor<\/td>\n<td style=\"font-family: Arial, sans-serif; font-size: 14px; overflow: hidden; padding: 10px 5px; text-align: center; vertical-align: middle; word-break: normal; border: 1px solid black;\">Flange de 4\" BS4504 \u00e9 padr\u00e3o, outra flange padr\u00e3o est\u00e1 dispon\u00edvel<\/td>\n<\/tr>\n<tr>\n<td style=\"background-color: #073980; color: #fff; font-family: Arial, sans-serif; font-size: 14px; font-weight: bold; overflow: hidden; padding: 10px 5px; text-align: center; vertical-align: middle; word-break: normal; border: 1px solid black;\">Material<\/td>\n<td style=\"background-color: #dad6d5; font-family: Arial, sans-serif; font-size: 14px; overflow: hidden; padding: 10px 5px; text-align: center; vertical-align: middle; word-break: normal; border: 1px solid black;\">SS304<\/td>\n<\/tr>\n<\/tbody>\n<\/table>\n<h2>Especifica\u00e7\u00f5es<\/h2>\n<p>1. Tamanho e caudal:<br \/>\nA gama de di\u00e2metros comuns deste <a href=\"https:\/\/www.cnbaianfire.com\/category\/fire-monitor-system\/manual-fire-water-cannon\/\"><strong>Canh\u00e3o de \u00e1gua de fogo manual<\/strong><\/a> \u00e9 de 50-100 mm, o caudal nominal \u00e9 normalmente de 16-64 L\/s e o alcance pode atingir 40-70 metros (dependendo da press\u00e3o da \u00e1gua e da conce\u00e7\u00e3o do bocal).<br \/>\n2. Composi\u00e7\u00e3o do material:<br \/>\nO corpo principal \u00e9 feito de SS304.<br \/>\n3. Conce\u00e7\u00e3o estrutural:<br \/>\nControlo do punho.<br \/>\nModo de pulveriza\u00e7\u00e3o: DC, n\u00e9voa.<br \/>\nRota\u00e7\u00e3o horizontal de 360\u00b0.<br \/>\nEleva\u00e7\u00e3o vertical de -15\u00b0 a +60\u00b0.<\/p>\n<h2>Aplica\u00e7\u00f5es<\/h2>\n<p>1. ambiente industrial altamente corrosivo.<br \/>\n2. ind\u00fastria alimentar e farmac\u00eautica.<br \/>\n3. cen\u00e1rios de temperaturas extremas e alta press\u00e3o.<br \/>\n4. centro de dados, subesta\u00e7\u00e3o.<\/p>\n<h2>Princ\u00edpio de funcionamento<\/h2>\n<p>1. A \u00e1gua a alta press\u00e3o entra no canh\u00e3o de \u00e1gua a partir da bomba\/tubagem de inc\u00eandio atrav\u00e9s da interface.<br \/>\n2. O operador abre e regula a v\u00e1lvula para controlar o caudal de \u00e1gua.<br \/>\n3. O operador roda o volante de inclina\u00e7\u00e3o para ajustar o \u00e2ngulo de subida e descida do jato de \u00e1gua, conforme necess\u00e1rio.<br \/>\n4. O operador roda o volante de rota\u00e7\u00e3o horizontal (ou o man\u00edpulo push-pull) para ajustar a dire\u00e7\u00e3o esquerda e direita do jato de \u00e1gua.<br \/>\n5. O operador roda o anel de ajuste da boca para selecionar a forma de pulveriza\u00e7\u00e3o de corrente cont\u00ednua (longo alcance, forte impacto) ou de pulveriza\u00e7\u00e3o (cobertura de uma grande \u00e1rea, forte arrefecimento).<br \/>\n6. A \u00e1gua flui atrav\u00e9s do canal de fluxo do corpo da pistola e do bocal, e \u00e9 pulverizada para o alvo de fogo na forma, fluxo, dire\u00e7\u00e3o e alcance pretendidos.<\/p>\n<h2>Carater\u00edsticas<\/h2>\n<p>1. estrutura simples e fi\u00e1vel: sem componentes electr\u00f3nicos complexos ou fontes de energia, poucos pontos de falha.<br \/>\n2. opera\u00e7\u00e3o intuitiva: o pessoal pode domin\u00e1-lo ap\u00f3s uma simples forma\u00e7\u00e3o.<br \/>\n3. n\u00e3o \u00e9 afetado pela eletricidade: pode continuar a funcionar de forma fi\u00e1vel quando n\u00e3o h\u00e1 eletricidade ou quando o equipamento eletr\u00f3nico falha.<br \/>\n4. baixo custo: custos de aquisi\u00e7\u00e3o e manuten\u00e7\u00e3o inferiores aos dos canh\u00f5es de \u00e1gua el\u00e9ctricos ou hidr\u00e1ulicos.<br \/>\n5.Requer m\u00e3o de obra: o ajuste da dire\u00e7\u00e3o e do caudal depende inteiramente da for\u00e7a e das capacidades do operador, especialmente a alta press\u00e3o e alto caudal, que podem exigir uma maior for\u00e7a de opera\u00e7\u00e3o.<\/p>\n<h2>Flange standard<\/h2>\n<p>BS4504, ANSI150, GB, etc.<\/p>\n<h2>Press\u00e3o de trabalho<\/h2>\n<p>Gama normal: 0,8-1,2 MPa (cerca de 8-12 bar), a resist\u00eancia m\u00e1xima \u00e0 press\u00e3o pode atingir 1,6 MPa (16 bar).<\/p>\n<p><img loading=\"lazy\" decoding=\"async\" class=\"size-full wp-image-12496 aligncenter\" data-src=\"https:\/\/www.cnbaianfire.com\/wp-content\/uploads\/2025\/06\/Stainless-Steel-Manual-Fire-Water-Cannon-1.webp\" alt=\"Canh\u00e3o de \u00e1gua de inc\u00eandio manual em a\u00e7o inoxid\u00e1vel\" width=\"800\" height=\"800\" srcset=\"https:\/\/www.cnbaianfire.com\/wp-content\/uploads\/2025\/06\/Stainless-Steel-Manual-Fire-Water-Cannon-1.webp 800w, https:\/\/www.cnbaianfire.com\/wp-content\/uploads\/2025\/06\/Stainless-Steel-Manual-Fire-Water-Cannon-1-480x480.webp 480w\" sizes=\"(min-width: 0px) and (max-width: 480px) 480px, (min-width: 481px) 800px, 100vw\" \/><\/p>","protected":false},"excerpt":{"rendered":"<p>Stainless Steel Manual Fire Water Cannon PS8\/20-50-W-H\uff081200-3000LPM\uff09 Technical\u00a0\u00a0\u00a0Parameter Model\u00a0\u00a0\u00a0Number PS8\/20-50-W-H\uff09 Flow Rate 1200\/1800\/2400\/3000LPM\u00a0\u00a0\u00a0(Choose one flow rate ) Working Pressure 8\u00a0\u00a0\u00a0Bar Max. Reach @ 8 bar 70\u00a0\u00a0\u00a0meters @ 3000 LPM Max. Fog Angle 120\u00b0 Max Range Of Monitor -15\u00b0\u00a0\u00a0\u00a0to +60\u00b0 Vertically, 360\u00b0 Rotation Waterway Size 2.5\u201d(65mm) Monitor Outlet 2.5\u201d\u00a0\u00a0\u00a0(65mm) NH male thread Monitor Inlet Flange\u00a0\u00a0\u00a04\u201d BS4504 [&hellip;]<\/p>","protected":false},"featured_media":12494,"template":"","meta":{"_et_pb_use_builder":"","_et_pb_old_content":"","_et_gb_content_width":""},"product_cat":[204,203],"product_tag":[],"yoast_head":"<!-- This site is optimized with the Yoast SEO plugin v22.7 - https:\/\/yoast.com\/wordpress\/plugins\/seo\/ -->\n<title>China wholesales Stainless Steel Manual Fire Water Cannon supplier - BAIAN FIRE PROTECTION EQUIPMENT<\/title>\n<meta name=\"description\" content=\"Professional Stainless Steel Manual Fire Water Cannon manufacturer - Baian. We offers reliable, certified fire fighting equipment backed by technical support and global experience.\" \/>\n<meta name=\"robots\" content=\"index, follow, max-snippet:-1, max-image-preview:large, max-video-preview:-1\" \/>\n<link rel=\"canonical\" href=\"https:\/\/www.cnbaianfire.com\/pt\/produto\/stainless-steel-manual-fire-water-cannon\/\" \/>\n<meta property=\"og:locale\" content=\"pt_PT\" \/>\n<meta property=\"og:type\" content=\"article\" \/>\n<meta property=\"og:title\" content=\"China wholesales Stainless Steel Manual Fire Water Cannon supplier - BAIAN FIRE PROTECTION EQUIPMENT\" \/>\n<meta property=\"og:description\" content=\"Professional Stainless Steel Manual Fire Water Cannon manufacturer - Baian. We offers reliable, certified fire fighting equipment backed by technical support and global experience.\" \/>\n<meta property=\"og:url\" content=\"https:\/\/www.cnbaianfire.com\/pt\/produto\/stainless-steel-manual-fire-water-cannon\/\" \/>\n<meta property=\"og:site_name\" content=\"BAIAN FIRE PROTECTION EQUIPMENT\" \/>\n<meta property=\"article:publisher\" content=\"https:\/\/www.facebook.com\/BaianFirefightingEquipment\" \/>\n<meta property=\"article:modified_time\" content=\"2025-06-06T01:08:21+00:00\" \/>\n<meta property=\"og:image\" content=\"https:\/\/www.cnbaianfire.com\/wp-content\/uploads\/2025\/06\/Stainless-Steel-Manual-Fire-Water-Cannon.webp\" \/>\n\t<meta property=\"og:image:width\" content=\"800\" \/>\n\t<meta property=\"og:image:height\" content=\"800\" \/>\n\t<meta property=\"og:image:type\" content=\"image\/webp\" \/>\n<meta name=\"twitter:card\" content=\"summary_large_image\" \/>\n<meta name=\"twitter:label1\" content=\"Tempo estimado de leitura\" \/>\n\t<meta name=\"twitter:data1\" content=\"3 minutos\" \/>\n<script type=\"application\/ld+json\" class=\"yoast-schema-graph\">{\"@context\":\"https:\/\/schema.org\",\"@graph\":[{\"@type\":\"WebPage\",\"@id\":\"https:\/\/www.cnbaianfire.com\/product\/stainless-steel-manual-fire-water-cannon\/\",\"url\":\"https:\/\/www.cnbaianfire.com\/product\/stainless-steel-manual-fire-water-cannon\/\",\"name\":\"China wholesales Stainless Steel Manual Fire Water Cannon supplier - BAIAN FIRE PROTECTION EQUIPMENT\",\"isPartOf\":{\"@id\":\"https:\/\/www.cnbaianfire.com\/#website\"},\"primaryImageOfPage\":{\"@id\":\"https:\/\/www.cnbaianfire.com\/product\/stainless-steel-manual-fire-water-cannon\/#primaryimage\"},\"image\":{\"@id\":\"https:\/\/www.cnbaianfire.com\/product\/stainless-steel-manual-fire-water-cannon\/#primaryimage\"},\"thumbnailUrl\":\"https:\/\/www.cnbaianfire.com\/wp-content\/uploads\/2025\/06\/Stainless-Steel-Manual-Fire-Water-Cannon.webp\",\"datePublished\":\"2025-06-05T07:32:06+00:00\",\"dateModified\":\"2025-06-06T01:08:21+00:00\",\"description\":\"Professional Stainless Steel Manual Fire Water Cannon manufacturer - Baian. We offers reliable, certified fire fighting equipment backed by technical support and global experience.\",\"breadcrumb\":{\"@id\":\"https:\/\/www.cnbaianfire.com\/product\/stainless-steel-manual-fire-water-cannon\/#breadcrumb\"},\"inLanguage\":\"pt-PT\",\"potentialAction\":[{\"@type\":\"ReadAction\",\"target\":[\"https:\/\/www.cnbaianfire.com\/product\/stainless-steel-manual-fire-water-cannon\/\"]}]},{\"@type\":\"ImageObject\",\"inLanguage\":\"pt-PT\",\"@id\":\"https:\/\/www.cnbaianfire.com\/product\/stainless-steel-manual-fire-water-cannon\/#primaryimage\",\"url\":\"https:\/\/www.cnbaianfire.com\/wp-content\/uploads\/2025\/06\/Stainless-Steel-Manual-Fire-Water-Cannon.webp\",\"contentUrl\":\"https:\/\/www.cnbaianfire.com\/wp-content\/uploads\/2025\/06\/Stainless-Steel-Manual-Fire-Water-Cannon.webp\",\"width\":800,\"height\":800,\"caption\":\"Stainless Steel Manual Fire Water Cannon\"},{\"@type\":\"BreadcrumbList\",\"@id\":\"https:\/\/www.cnbaianfire.com\/product\/stainless-steel-manual-fire-water-cannon\/#breadcrumb\",\"itemListElement\":[{\"@type\":\"ListItem\",\"position\":1,\"name\":\"Home\",\"item\":\"https:\/\/www.cnbaianfire.com\/\"},{\"@type\":\"ListItem\",\"position\":2,\"name\":\"Products\",\"item\":\"https:\/\/www.cnbaianfire.com\/shop\/\"},{\"@type\":\"ListItem\",\"position\":3,\"name\":\"Stainless Steel Manual Fire Water Cannon\"}]},{\"@type\":\"WebSite\",\"@id\":\"https:\/\/www.cnbaianfire.com\/#website\",\"url\":\"https:\/\/www.cnbaianfire.com\/\",\"name\":\"BAIAN FIRE PROTECTION EQUIPMENT\",\"description\":\"\",\"publisher\":{\"@id\":\"https:\/\/www.cnbaianfire.com\/#organization\"},\"potentialAction\":[{\"@type\":\"SearchAction\",\"target\":{\"@type\":\"EntryPoint\",\"urlTemplate\":\"https:\/\/www.cnbaianfire.com\/?s={search_term_string}\"},\"query-input\":\"required name=search_term_string\"}],\"inLanguage\":\"pt-PT\"},{\"@type\":\"Organization\",\"@id\":\"https:\/\/www.cnbaianfire.com\/#organization\",\"name\":\"Baian Group\",\"url\":\"https:\/\/www.cnbaianfire.com\/\",\"logo\":{\"@type\":\"ImageObject\",\"inLanguage\":\"pt-PT\",\"@id\":\"https:\/\/www.cnbaianfire.com\/#\/schema\/logo\/image\/\",\"url\":\"https:\/\/www.cnbaianfire.com\/wp-content\/uploads\/2025\/05\/baian-fire-ptotection-logo.webp\",\"contentUrl\":\"https:\/\/www.cnbaianfire.com\/wp-content\/uploads\/2025\/05\/baian-fire-ptotection-logo.webp\",\"width\":501,\"height\":494,\"caption\":\"Baian Group\"},\"image\":{\"@id\":\"https:\/\/www.cnbaianfire.com\/#\/schema\/logo\/image\/\"},\"sameAs\":[\"https:\/\/www.facebook.com\/BaianFirefightingEquipment\"]}]}<\/script>\n<!-- \/ Yoast SEO plugin. -->","yoast_head_json":{"title":"China wholesales Stainless Steel Manual Fire Water Cannon supplier - BAIAN FIRE PROTECTION EQUIPMENT","description":"Professional Stainless Steel Manual Fire Water Cannon manufacturer - Baian. We offers reliable, certified fire fighting equipment backed by technical support and global experience.","robots":{"index":"index","follow":"follow","max-snippet":"max-snippet:-1","max-image-preview":"max-image-preview:large","max-video-preview":"max-video-preview:-1"},"canonical":"https:\/\/www.cnbaianfire.com\/pt\/produto\/stainless-steel-manual-fire-water-cannon\/","og_locale":"pt_PT","og_type":"article","og_title":"China wholesales Stainless Steel Manual Fire Water Cannon supplier - BAIAN FIRE PROTECTION EQUIPMENT","og_description":"Professional Stainless Steel Manual Fire Water Cannon manufacturer - Baian. We offers reliable, certified fire fighting equipment backed by technical support and global experience.","og_url":"https:\/\/www.cnbaianfire.com\/pt\/produto\/stainless-steel-manual-fire-water-cannon\/","og_site_name":"BAIAN FIRE PROTECTION EQUIPMENT","article_publisher":"https:\/\/www.facebook.com\/BaianFirefightingEquipment","article_modified_time":"2025-06-06T01:08:21+00:00","og_image":[{"width":800,"height":800,"url":"https:\/\/www.cnbaianfire.com\/wp-content\/uploads\/2025\/06\/Stainless-Steel-Manual-Fire-Water-Cannon.webp","type":"image\/webp"}],"twitter_card":"summary_large_image","twitter_misc":{"Tempo estimado de leitura":"3 minutos"},"schema":{"@context":"https:\/\/schema.org","@graph":[{"@type":"WebPage","@id":"https:\/\/www.cnbaianfire.com\/product\/stainless-steel-manual-fire-water-cannon\/","url":"https:\/\/www.cnbaianfire.com\/product\/stainless-steel-manual-fire-water-cannon\/","name":"China wholesales Stainless Steel Manual Fire Water Cannon supplier - BAIAN FIRE PROTECTION EQUIPMENT","isPartOf":{"@id":"https:\/\/www.cnbaianfire.com\/#website"},"primaryImageOfPage":{"@id":"https:\/\/www.cnbaianfire.com\/product\/stainless-steel-manual-fire-water-cannon\/#primaryimage"},"image":{"@id":"https:\/\/www.cnbaianfire.com\/product\/stainless-steel-manual-fire-water-cannon\/#primaryimage"},"thumbnailUrl":"https:\/\/www.cnbaianfire.com\/wp-content\/uploads\/2025\/06\/Stainless-Steel-Manual-Fire-Water-Cannon.webp","datePublished":"2025-06-05T07:32:06+00:00","dateModified":"2025-06-06T01:08:21+00:00","description":"Professional Stainless Steel Manual Fire Water Cannon manufacturer - Baian. We offers reliable, certified fire fighting equipment backed by technical support and global experience.","breadcrumb":{"@id":"https:\/\/www.cnbaianfire.com\/product\/stainless-steel-manual-fire-water-cannon\/#breadcrumb"},"inLanguage":"pt-PT","potentialAction":[{"@type":"ReadAction","target":["https:\/\/www.cnbaianfire.com\/product\/stainless-steel-manual-fire-water-cannon\/"]}]},{"@type":"ImageObject","inLanguage":"pt-PT","@id":"https:\/\/www.cnbaianfire.com\/product\/stainless-steel-manual-fire-water-cannon\/#primaryimage","url":"https:\/\/www.cnbaianfire.com\/wp-content\/uploads\/2025\/06\/Stainless-Steel-Manual-Fire-Water-Cannon.webp","contentUrl":"https:\/\/www.cnbaianfire.com\/wp-content\/uploads\/2025\/06\/Stainless-Steel-Manual-Fire-Water-Cannon.webp","width":800,"height":800,"caption":"Stainless Steel Manual Fire Water Cannon"},{"@type":"BreadcrumbList","@id":"https:\/\/www.cnbaianfire.com\/product\/stainless-steel-manual-fire-water-cannon\/#breadcrumb","itemListElement":[{"@type":"ListItem","position":1,"name":"Home","item":"https:\/\/www.cnbaianfire.com\/"},{"@type":"ListItem","position":2,"name":"Products","item":"https:\/\/www.cnbaianfire.com\/shop\/"},{"@type":"ListItem","position":3,"name":"Stainless Steel Manual Fire Water Cannon"}]},{"@type":"WebSite","@id":"https:\/\/www.cnbaianfire.com\/#website","url":"https:\/\/www.cnbaianfire.com\/","name":"BAIAN FIRE PROTECTION EQUIPMENT","description":"","publisher":{"@id":"https:\/\/www.cnbaianfire.com\/#organization"},"potentialAction":[{"@type":"SearchAction","target":{"@type":"EntryPoint","urlTemplate":"https:\/\/www.cnbaianfire.com\/?s={search_term_string}"},"query-input":"required name=search_term_string"}],"inLanguage":"pt-PT"},{"@type":"Organization","@id":"https:\/\/www.cnbaianfire.com\/#organization","name":"Baian Group","url":"https:\/\/www.cnbaianfire.com\/","logo":{"@type":"ImageObject","inLanguage":"pt-PT","@id":"https:\/\/www.cnbaianfire.com\/#\/schema\/logo\/image\/","url":"https:\/\/www.cnbaianfire.com\/wp-content\/uploads\/2025\/05\/baian-fire-ptotection-logo.webp","contentUrl":"https:\/\/www.cnbaianfire.com\/wp-content\/uploads\/2025\/05\/baian-fire-ptotection-logo.webp","width":501,"height":494,"caption":"Baian Group"},"image":{"@id":"https:\/\/www.cnbaianfire.com\/#\/schema\/logo\/image\/"},"sameAs":["https:\/\/www.facebook.com\/BaianFirefightingEquipment"]}]}},"_links":{"self":[{"href":"https:\/\/www.cnbaianfire.com\/pt\/wp-json\/wp\/v2\/product\/12493"}],"collection":[{"href":"https:\/\/www.cnbaianfire.com\/pt\/wp-json\/wp\/v2\/product"}],"about":[{"href":"https:\/\/www.cnbaianfire.com\/pt\/wp-json\/wp\/v2\/types\/product"}],"wp:featuredmedia":[{"embeddable":true,"href":"https:\/\/www.cnbaianfire.com\/pt\/wp-json\/wp\/v2\/media\/12494"}],"wp:attachment":[{"href":"https:\/\/www.cnbaianfire.com\/pt\/wp-json\/wp\/v2\/media?parent=12493"}],"wp:term":[{"taxonomy":"product_cat","embeddable":true,"href":"https:\/\/www.cnbaianfire.com\/pt\/wp-json\/wp\/v2\/product_cat?post=12493"},{"taxonomy":"product_tag","embeddable":true,"href":"https:\/\/www.cnbaianfire.com\/pt\/wp-json\/wp\/v2\/product_tag?post=12493"}],"curies":[{"name":"wp","href":"https:\/\/api.w.org\/{rel}","templated":true}]}}