{"id":12486,"date":"2025-06-05T07:18:08","date_gmt":"2025-06-05T07:18:08","guid":{"rendered":"https:\/\/www.cnbaianfire.com\/?post_type=product&#038;p=12486"},"modified":"2025-07-31T04:34:34","modified_gmt":"2025-07-31T04:34:34","slug":"fixed-type-aluminum-alloy-manual-fire-water-monitor","status":"publish","type":"product","link":"https:\/\/www.cnbaianfire.com\/pt\/produto\/fixed-type-aluminum-alloy-manual-fire-water-monitor\/","title":{"rendered":"Monitor manual de \u00e1gua de inc\u00eandio em liga de alum\u00ednio de tipo fixo"},"content":{"rendered":"<h2><a href=\"https:\/\/www.cnbaianfire.com\/product\/fixed-type-aluminum-alloy-manual-fire-water-monitor\/\"><strong>Monitor manual de \u00e1gua de inc\u00eandio em liga de alum\u00ednio de tipo fixo<\/strong><\/a><br \/>\nPS8\/30-50-W-A(1800-3000LPM)<\/h2>\n<table class=\"tg\" style=\"border-collapse: collapse; border-spacing: 0;\">\n<thead>\n<tr>\n<th style=\"font-family: Arial, sans-serif; font-size: 14px; font-weight: normal; overflow: hidden; padding: 10px 5px; text-align: left; vertical-align: middle; word-break: normal; border: 1px solid black;\" colspan=\"2\">Par\u00e2metros t\u00e9cnicos<\/th>\n<\/tr>\n<\/thead>\n<tbody>\n<tr>\n<td style=\"background-color: #073980; color: #fff; font-family: Arial, sans-serif; font-size: 14px; font-weight: bold; overflow: hidden; padding: 10px 5px; text-align: center; vertical-align: middle; word-break: normal; border: 1px solid black;\">N\u00famero do modelo<\/td>\n<td style=\"font-family: Arial, sans-serif; font-size: 14px; overflow: hidden; padding: 10px 5px; text-align: center; vertical-align: middle; word-break: normal; border: 1px solid black;\">PS8\/30-50-W-A<\/td>\n<\/tr>\n<tr>\n<td style=\"background-color: #073980; color: #fff; font-family: Arial, sans-serif; font-size: 14px; font-weight: bold; overflow: hidden; padding: 10px 5px; text-align: center; vertical-align: middle; word-break: normal; border: 1px solid black;\">Caudal<\/td>\n<td style=\"background-color: #dad6d5; font-family: Arial, sans-serif; font-size: 14px; overflow: hidden; padding: 10px 5px; text-align: center; vertical-align: middle; word-break: normal; border: 1px solid black;\">1800\/2400\/3000LPM (Escolha um caudal)<\/td>\n<\/tr>\n<tr>\n<td style=\"background-color: #073980; color: #fff; font-family: Arial, sans-serif; font-size: 14px; font-weight: bold; overflow: hidden; padding: 10px 5px; text-align: center; vertical-align: middle; word-break: normal; border: 1px solid black;\">Press\u00e3o de trabalho<\/td>\n<td style=\"font-family: Arial, sans-serif; font-size: 14px; overflow: hidden; padding: 10px 5px; text-align: center; vertical-align: middle; word-break: normal; border: 1px solid black;\">8 Barras<\/td>\n<\/tr>\n<tr>\n<td style=\"background-color: #073980; color: #fff; font-family: Arial, sans-serif; font-size: 14px; font-weight: bold; overflow: hidden; padding: 10px 5px; text-align: center; vertical-align: middle; word-break: normal; border: 1px solid black;\">M\u00e1x.   Alcance @ 8 bar<\/td>\n<td style=\"background-color: #dad6d5; font-family: Arial, sans-serif; font-size: 14px; overflow: hidden; padding: 10px 5px; text-align: center; vertical-align: middle; word-break: normal; border: 1px solid black;\">70 metros a 3000 LPM<\/td>\n<\/tr>\n<tr>\n<td style=\"background-color: #073980; color: #fff; font-family: Arial, sans-serif; font-size: 14px; font-weight: bold; overflow: hidden; padding: 10px 5px; text-align: center; vertical-align: middle; word-break: normal; border: 1px solid black;\">M\u00e1ximo.   \u00c2ngulo de nevoeiro<\/td>\n<td style=\"font-family: Arial, sans-serif; font-size: 14px; overflow: hidden; padding: 10px 5px; text-align: center; vertical-align: middle; word-break: normal; border: 1px solid black;\">120\u00b0<\/td>\n<\/tr>\n<tr>\n<td style=\"background-color: #073980; color: #fff; font-family: Arial, sans-serif; font-size: 14px; font-weight: bold; overflow: hidden; padding: 10px 5px; text-align: center; vertical-align: middle; word-break: normal; border: 1px solid black;\">Alcance m\u00e1ximo do monitor<\/td>\n<td style=\"background-color: #dad6d5; font-family: Arial, sans-serif; font-size: 14px; overflow: hidden; padding: 10px 5px; text-align: center; vertical-align: middle; word-break: normal; border: 1px solid black;\">-15\u00b0 a +60\u00b0 verticalmente, rota\u00e7\u00e3o de 360<\/td>\n<\/tr>\n<tr>\n<td style=\"background-color: #073980; color: #fff; font-family: Arial, sans-serif; font-size: 14px; font-weight: bold; overflow: hidden; padding: 10px 5px; text-align: center; vertical-align: middle; word-break: normal; border: 1px solid black;\">Tamanho da via naveg\u00e1vel<\/td>\n<td style=\"font-family: Arial, sans-serif; font-size: 14px; overflow: hidden; padding: 10px 5px; text-align: center; vertical-align: middle; word-break: normal; border: 1px solid black;\">2,5\" (65 mm)<\/td>\n<\/tr>\n<tr>\n<td style=\"background-color: #073980; color: #fff; font-family: Arial, sans-serif; font-size: 14px; font-weight: bold; overflow: hidden; padding: 10px 5px; text-align: center; vertical-align: middle; word-break: normal; border: 1px solid black;\">Sa\u00edda do monitor<\/td>\n<td style=\"background-color: #dad6d5; font-family: Arial, sans-serif; font-size: 14px; overflow: hidden; padding: 10px 5px; text-align: center; vertical-align: middle; word-break: normal; border: 1px solid black;\">Rosca macho NH de 2,5\" (65 mm)<\/td>\n<\/tr>\n<tr>\n<td style=\"background-color: #073980; color: #fff; font-family: Arial, sans-serif; font-size: 14px; font-weight: bold; overflow: hidden; padding: 10px 5px; text-align: center; vertical-align: middle; word-break: normal; border: 1px solid black;\">Entrada do monitor<\/td>\n<td style=\"font-family: Arial, sans-serif; font-size: 14px; overflow: hidden; padding: 10px 5px; text-align: center; vertical-align: middle; word-break: normal; border: 1px solid black;\">Flange 4\" BS4504 \u00e9 padr\u00e3o, outra flange padr\u00e3o est\u00e1 dispon\u00edvel<\/td>\n<\/tr>\n<tr>\n<td style=\"background-color: #073980; color: #fff; font-family: Arial, sans-serif; font-size: 14px; font-weight: bold; overflow: hidden; padding: 10px 5px; text-align: center; vertical-align: middle; word-break: normal; border: 1px solid black;\">Material<\/td>\n<td style=\"background-color: #dad6d5; font-family: Arial, sans-serif; font-size: 14px; overflow: hidden; padding: 10px 5px; text-align: center; vertical-align: middle; word-break: normal; border: 1px solid black;\">Alum\u00ednio<\/td>\n<\/tr>\n<\/tbody>\n<\/table>\n<h3>Estrutura de base<\/h3>\n<p><strong>1. Esquema sim\u00e9trico de cotovelos duplos<\/strong><br \/>\nCotovelo duplo <a href=\"https:\/\/www.cnbaianfire.com\/category\/fire-monitor-system\/manual-fire-water-cannon\/\"><strong>canh\u00e3o de \u00e1gua manual<\/strong><\/a> \u00e9 normalmente composto por uma base, um t\u00ea de entrada de \u00e1gua, um cotovelo duplo, um t\u00ea de sa\u00edda de \u00e1gua e uma cabe\u00e7a de pistola. Os cotovelos duplos est\u00e3o distribu\u00eddos simetricamente \u00e0 esquerda e \u00e0 direita. Ao desviar o fluxo, o di\u00e2metro do tubo \u00fanico \u00e9 reduzido, o peso total \u00e9 reduzido (cerca de 30%), a for\u00e7a de recuo \u00e9 equilibrada, a vibra\u00e7\u00e3o durante a inje\u00e7\u00e3o de \u00e1gua \u00e9 reduzida e a estabilidade operacional \u00e9 melhorada.<br \/>\n<strong>2. Corpo do monitor de inc\u00eandio<\/strong>: A estrutura principal \u00e9 geralmente feita de materiais met\u00e1licos resistentes \u00e0 corros\u00e3o e \u00e0 alta press\u00e3o (como a liga de alum\u00ednio e o a\u00e7o inoxid\u00e1vel).<br \/>\n<strong>3. Bocal<\/strong>: Forma de fluxo de \u00e1gua ajust\u00e1vel (corrente cont\u00ednua\/pulveriza\u00e7\u00e3o), gama de controlo e gama de cobertura.<br \/>\n<strong>4. Dispositivo de acionamento<\/strong>: Fornece energia para a rota\u00e7\u00e3o horizontal e a regula\u00e7\u00e3o do \u00e2ngulo de inclina\u00e7\u00e3o, dividida em acionamento manual, el\u00e9trico, hidr\u00e1ulico ou pneum\u00e1tico.<\/p>\n<h3>Carater\u00edsticas<\/h3>\n<p><strong>1. Regula\u00e7\u00e3o horizontal e da inclina\u00e7\u00e3o<\/strong>: Suporta rota\u00e7\u00e3o horizontal de 360\u00b0 e ajuste do \u00e2ngulo de inclina\u00e7\u00e3o de -15\u00b0 a +60\u00b0, e \u00e9 bloqueado e posicionado pela pega para facilitar a evacua\u00e7\u00e3o dos bombeiros do local do inc\u00eandio.<br \/>\n<strong>2. Modo de pulveriza\u00e7\u00e3o dupla<\/strong>: com fun\u00e7\u00f5es de corrente cont\u00ednua (extin\u00e7\u00e3o de inc\u00eandios s\u00f3lidos) e de pulveriza\u00e7\u00e3o (arrefecimento e salvamento), alguns modelos suportam a comuta\u00e7\u00e3o entre \u00e1gua e espuma.<\/p>\n<h3>Princ\u00edpio de funcionamento<\/h3>\n<p>1. Atrav\u00e9s da pressuriza\u00e7\u00e3o da bomba de \u00e1gua, o fluxo de \u00e1gua da rede de tubagem de inc\u00eandio ou da fonte de \u00e1gua \u00e9 pulverizado para o local do inc\u00eandio a alta velocidade.<br \/>\n2. O operador ou o sistema inteligente ajusta o \u00e2ngulo do bico e a forma do caudal de \u00e1gua para cobrir com precis\u00e3o o foco de inc\u00eandio.<\/p>\n<h3>Cen\u00e1rios de aplica\u00e7\u00e3o<\/h3>\n<p>1. \u00c1rea de tanques de armazenamento petroqu\u00edmico, refinaria<br \/>\n2. Grande armaz\u00e9m log\u00edstico, parque de estacionamento<br \/>\n3. Est\u00e1dio, centro de exposi\u00e7\u00f5es, terminal de aeroporto<br \/>\n4. \u00c1reas abertas ao ar livre, como florestas e portos<\/p>\n<h3>Normas de flange<\/h3>\n<p>BS4504, ANSI150, GB, etc.<\/p>\n<p><img loading=\"lazy\" decoding=\"async\" class=\"aligncenter wp-image-13016\" data-src=\"https:\/\/www.cnbaianfire.com\/wp-content\/uploads\/2025\/06\/Fixed-Type-Aluminum-Alloy-Manual-Fire-Water-Monitor-1.webp\" alt=\"Monitor manual de \u00e1gua de inc\u00eandio em liga de alum\u00ednio de tipo fixo\" width=\"600\" height=\"600\" \/><\/p>","protected":false},"excerpt":{"rendered":"<p>Os monitores de inc\u00eandio manuais de cotovelo duplo possuem cotovelos duplos sim\u00e9tricos para um recuo e estabilidade equilibrados, corpos met\u00e1licos resistentes \u00e0 corros\u00e3o, bocais ajust\u00e1veis e accionamentos manuais\/el\u00e9ctricos\/hidr\u00e1ulicos\/pneum\u00e1ticos.<\/p>","protected":false},"featured_media":13016,"template":"","meta":{"_et_pb_use_builder":"","_et_pb_old_content":"","_et_gb_content_width":""},"product_cat":[204,203],"product_tag":[],"yoast_head":"<!-- This site is optimized with the Yoast SEO plugin v22.7 - https:\/\/yoast.com\/wordpress\/plugins\/seo\/ -->\n<title>China wholesales Fixed Type Aluminum Alloy Manual Fire Water Monitor supplier - BAIAN FIRE PROTECTION EQUIPMENT<\/title>\n<meta name=\"description\" content=\"Professional Fixed Type Aluminum Alloy Manual Fire Water Monitor manufacturer - Baian. We offers reliable, certified fire fighting equipment backed by technical support and global experience.\" \/>\n<meta name=\"robots\" content=\"index, follow, max-snippet:-1, max-image-preview:large, max-video-preview:-1\" \/>\n<link rel=\"canonical\" href=\"https:\/\/www.cnbaianfire.com\/pt\/produto\/fixed-type-aluminum-alloy-manual-fire-water-monitor\/\" \/>\n<meta property=\"og:locale\" content=\"pt_PT\" \/>\n<meta property=\"og:type\" content=\"article\" \/>\n<meta property=\"og:title\" content=\"China wholesales Fixed Type Aluminum Alloy Manual Fire Water Monitor supplier - BAIAN FIRE PROTECTION EQUIPMENT\" \/>\n<meta property=\"og:description\" content=\"Professional Fixed Type Aluminum Alloy Manual Fire Water Monitor manufacturer - Baian. We offers reliable, certified fire fighting equipment backed by technical support and global experience.\" \/>\n<meta property=\"og:url\" content=\"https:\/\/www.cnbaianfire.com\/pt\/produto\/fixed-type-aluminum-alloy-manual-fire-water-monitor\/\" \/>\n<meta property=\"og:site_name\" content=\"BAIAN FIRE PROTECTION EQUIPMENT\" \/>\n<meta property=\"article:publisher\" content=\"https:\/\/www.facebook.com\/BaianFirefightingEquipment\" \/>\n<meta property=\"article:modified_time\" content=\"2025-07-31T04:34:34+00:00\" \/>\n<meta property=\"og:image\" content=\"https:\/\/www.cnbaianfire.com\/wp-content\/uploads\/2025\/06\/Fixed-Type-Aluminum-Alloy-Manual-Fire-Water-Monitor-1.webp\" \/>\n\t<meta property=\"og:image:width\" content=\"1100\" \/>\n\t<meta property=\"og:image:height\" content=\"1100\" \/>\n\t<meta property=\"og:image:type\" content=\"image\/webp\" \/>\n<meta name=\"twitter:card\" content=\"summary_large_image\" \/>\n<meta name=\"twitter:label1\" content=\"Tempo estimado de leitura\" \/>\n\t<meta name=\"twitter:data1\" content=\"2 minutos\" \/>\n<script type=\"application\/ld+json\" class=\"yoast-schema-graph\">{\"@context\":\"https:\/\/schema.org\",\"@graph\":[{\"@type\":\"WebPage\",\"@id\":\"https:\/\/www.cnbaianfire.com\/product\/fixed-type-aluminum-alloy-manual-fire-water-monitor\/\",\"url\":\"https:\/\/www.cnbaianfire.com\/product\/fixed-type-aluminum-alloy-manual-fire-water-monitor\/\",\"name\":\"China wholesales Fixed Type Aluminum Alloy Manual Fire Water Monitor supplier - BAIAN FIRE PROTECTION EQUIPMENT\",\"isPartOf\":{\"@id\":\"https:\/\/www.cnbaianfire.com\/#website\"},\"primaryImageOfPage\":{\"@id\":\"https:\/\/www.cnbaianfire.com\/product\/fixed-type-aluminum-alloy-manual-fire-water-monitor\/#primaryimage\"},\"image\":{\"@id\":\"https:\/\/www.cnbaianfire.com\/product\/fixed-type-aluminum-alloy-manual-fire-water-monitor\/#primaryimage\"},\"thumbnailUrl\":\"https:\/\/www.cnbaianfire.com\/wp-content\/uploads\/2025\/06\/Fixed-Type-Aluminum-Alloy-Manual-Fire-Water-Monitor-1.webp\",\"datePublished\":\"2025-06-05T07:18:08+00:00\",\"dateModified\":\"2025-07-31T04:34:34+00:00\",\"description\":\"Professional Fixed Type Aluminum Alloy Manual Fire Water Monitor manufacturer - Baian. We offers reliable, certified fire fighting equipment backed by technical support and global experience.\",\"breadcrumb\":{\"@id\":\"https:\/\/www.cnbaianfire.com\/product\/fixed-type-aluminum-alloy-manual-fire-water-monitor\/#breadcrumb\"},\"inLanguage\":\"pt-PT\",\"potentialAction\":[{\"@type\":\"ReadAction\",\"target\":[\"https:\/\/www.cnbaianfire.com\/product\/fixed-type-aluminum-alloy-manual-fire-water-monitor\/\"]}]},{\"@type\":\"ImageObject\",\"inLanguage\":\"pt-PT\",\"@id\":\"https:\/\/www.cnbaianfire.com\/product\/fixed-type-aluminum-alloy-manual-fire-water-monitor\/#primaryimage\",\"url\":\"https:\/\/www.cnbaianfire.com\/wp-content\/uploads\/2025\/06\/Fixed-Type-Aluminum-Alloy-Manual-Fire-Water-Monitor-1.webp\",\"contentUrl\":\"https:\/\/www.cnbaianfire.com\/wp-content\/uploads\/2025\/06\/Fixed-Type-Aluminum-Alloy-Manual-Fire-Water-Monitor-1.webp\",\"width\":1100,\"height\":1100,\"caption\":\"Fixed Type Aluminum Alloy Manual Fire Water Monitor\"},{\"@type\":\"BreadcrumbList\",\"@id\":\"https:\/\/www.cnbaianfire.com\/product\/fixed-type-aluminum-alloy-manual-fire-water-monitor\/#breadcrumb\",\"itemListElement\":[{\"@type\":\"ListItem\",\"position\":1,\"name\":\"Home\",\"item\":\"https:\/\/www.cnbaianfire.com\/\"},{\"@type\":\"ListItem\",\"position\":2,\"name\":\"Products\",\"item\":\"https:\/\/www.cnbaianfire.com\/shop\/\"},{\"@type\":\"ListItem\",\"position\":3,\"name\":\"Fixed Type Aluminum Alloy Manual Fire Water Monitor\"}]},{\"@type\":\"WebSite\",\"@id\":\"https:\/\/www.cnbaianfire.com\/#website\",\"url\":\"https:\/\/www.cnbaianfire.com\/\",\"name\":\"BAIAN FIRE PROTECTION EQUIPMENT\",\"description\":\"\",\"publisher\":{\"@id\":\"https:\/\/www.cnbaianfire.com\/#organization\"},\"potentialAction\":[{\"@type\":\"SearchAction\",\"target\":{\"@type\":\"EntryPoint\",\"urlTemplate\":\"https:\/\/www.cnbaianfire.com\/?s={search_term_string}\"},\"query-input\":\"required name=search_term_string\"}],\"inLanguage\":\"pt-PT\"},{\"@type\":\"Organization\",\"@id\":\"https:\/\/www.cnbaianfire.com\/#organization\",\"name\":\"Baian Group\",\"url\":\"https:\/\/www.cnbaianfire.com\/\",\"logo\":{\"@type\":\"ImageObject\",\"inLanguage\":\"pt-PT\",\"@id\":\"https:\/\/www.cnbaianfire.com\/#\/schema\/logo\/image\/\",\"url\":\"https:\/\/www.cnbaianfire.com\/wp-content\/uploads\/2025\/05\/baian-fire-ptotection-logo.webp\",\"contentUrl\":\"https:\/\/www.cnbaianfire.com\/wp-content\/uploads\/2025\/05\/baian-fire-ptotection-logo.webp\",\"width\":501,\"height\":494,\"caption\":\"Baian Group\"},\"image\":{\"@id\":\"https:\/\/www.cnbaianfire.com\/#\/schema\/logo\/image\/\"},\"sameAs\":[\"https:\/\/www.facebook.com\/BaianFirefightingEquipment\"]}]}<\/script>\n<!-- \/ Yoast SEO plugin. -->","yoast_head_json":{"title":"China wholesales Fixed Type Aluminum Alloy Manual Fire Water Monitor supplier - BAIAN FIRE PROTECTION EQUIPMENT","description":"Professional Fixed Type Aluminum Alloy Manual Fire Water Monitor manufacturer - Baian. We offers reliable, certified fire fighting equipment backed by technical support and global experience.","robots":{"index":"index","follow":"follow","max-snippet":"max-snippet:-1","max-image-preview":"max-image-preview:large","max-video-preview":"max-video-preview:-1"},"canonical":"https:\/\/www.cnbaianfire.com\/pt\/produto\/fixed-type-aluminum-alloy-manual-fire-water-monitor\/","og_locale":"pt_PT","og_type":"article","og_title":"China wholesales Fixed Type Aluminum Alloy Manual Fire Water Monitor supplier - BAIAN FIRE PROTECTION EQUIPMENT","og_description":"Professional Fixed Type Aluminum Alloy Manual Fire Water Monitor manufacturer - Baian. We offers reliable, certified fire fighting equipment backed by technical support and global experience.","og_url":"https:\/\/www.cnbaianfire.com\/pt\/produto\/fixed-type-aluminum-alloy-manual-fire-water-monitor\/","og_site_name":"BAIAN FIRE PROTECTION EQUIPMENT","article_publisher":"https:\/\/www.facebook.com\/BaianFirefightingEquipment","article_modified_time":"2025-07-31T04:34:34+00:00","og_image":[{"width":1100,"height":1100,"url":"https:\/\/www.cnbaianfire.com\/wp-content\/uploads\/2025\/06\/Fixed-Type-Aluminum-Alloy-Manual-Fire-Water-Monitor-1.webp","type":"image\/webp"}],"twitter_card":"summary_large_image","twitter_misc":{"Tempo estimado de leitura":"2 minutos"},"schema":{"@context":"https:\/\/schema.org","@graph":[{"@type":"WebPage","@id":"https:\/\/www.cnbaianfire.com\/product\/fixed-type-aluminum-alloy-manual-fire-water-monitor\/","url":"https:\/\/www.cnbaianfire.com\/product\/fixed-type-aluminum-alloy-manual-fire-water-monitor\/","name":"China wholesales Fixed Type Aluminum Alloy Manual Fire Water Monitor supplier - BAIAN FIRE PROTECTION EQUIPMENT","isPartOf":{"@id":"https:\/\/www.cnbaianfire.com\/#website"},"primaryImageOfPage":{"@id":"https:\/\/www.cnbaianfire.com\/product\/fixed-type-aluminum-alloy-manual-fire-water-monitor\/#primaryimage"},"image":{"@id":"https:\/\/www.cnbaianfire.com\/product\/fixed-type-aluminum-alloy-manual-fire-water-monitor\/#primaryimage"},"thumbnailUrl":"https:\/\/www.cnbaianfire.com\/wp-content\/uploads\/2025\/06\/Fixed-Type-Aluminum-Alloy-Manual-Fire-Water-Monitor-1.webp","datePublished":"2025-06-05T07:18:08+00:00","dateModified":"2025-07-31T04:34:34+00:00","description":"Professional Fixed Type Aluminum Alloy Manual Fire Water Monitor manufacturer - Baian. We offers reliable, certified fire fighting equipment backed by technical support and global experience.","breadcrumb":{"@id":"https:\/\/www.cnbaianfire.com\/product\/fixed-type-aluminum-alloy-manual-fire-water-monitor\/#breadcrumb"},"inLanguage":"pt-PT","potentialAction":[{"@type":"ReadAction","target":["https:\/\/www.cnbaianfire.com\/product\/fixed-type-aluminum-alloy-manual-fire-water-monitor\/"]}]},{"@type":"ImageObject","inLanguage":"pt-PT","@id":"https:\/\/www.cnbaianfire.com\/product\/fixed-type-aluminum-alloy-manual-fire-water-monitor\/#primaryimage","url":"https:\/\/www.cnbaianfire.com\/wp-content\/uploads\/2025\/06\/Fixed-Type-Aluminum-Alloy-Manual-Fire-Water-Monitor-1.webp","contentUrl":"https:\/\/www.cnbaianfire.com\/wp-content\/uploads\/2025\/06\/Fixed-Type-Aluminum-Alloy-Manual-Fire-Water-Monitor-1.webp","width":1100,"height":1100,"caption":"Fixed Type Aluminum Alloy Manual Fire Water Monitor"},{"@type":"BreadcrumbList","@id":"https:\/\/www.cnbaianfire.com\/product\/fixed-type-aluminum-alloy-manual-fire-water-monitor\/#breadcrumb","itemListElement":[{"@type":"ListItem","position":1,"name":"Home","item":"https:\/\/www.cnbaianfire.com\/"},{"@type":"ListItem","position":2,"name":"Products","item":"https:\/\/www.cnbaianfire.com\/shop\/"},{"@type":"ListItem","position":3,"name":"Fixed Type Aluminum Alloy Manual Fire Water Monitor"}]},{"@type":"WebSite","@id":"https:\/\/www.cnbaianfire.com\/#website","url":"https:\/\/www.cnbaianfire.com\/","name":"BAIAN FIRE PROTECTION EQUIPMENT","description":"","publisher":{"@id":"https:\/\/www.cnbaianfire.com\/#organization"},"potentialAction":[{"@type":"SearchAction","target":{"@type":"EntryPoint","urlTemplate":"https:\/\/www.cnbaianfire.com\/?s={search_term_string}"},"query-input":"required name=search_term_string"}],"inLanguage":"pt-PT"},{"@type":"Organization","@id":"https:\/\/www.cnbaianfire.com\/#organization","name":"Baian Group","url":"https:\/\/www.cnbaianfire.com\/","logo":{"@type":"ImageObject","inLanguage":"pt-PT","@id":"https:\/\/www.cnbaianfire.com\/#\/schema\/logo\/image\/","url":"https:\/\/www.cnbaianfire.com\/wp-content\/uploads\/2025\/05\/baian-fire-ptotection-logo.webp","contentUrl":"https:\/\/www.cnbaianfire.com\/wp-content\/uploads\/2025\/05\/baian-fire-ptotection-logo.webp","width":501,"height":494,"caption":"Baian Group"},"image":{"@id":"https:\/\/www.cnbaianfire.com\/#\/schema\/logo\/image\/"},"sameAs":["https:\/\/www.facebook.com\/BaianFirefightingEquipment"]}]}},"_links":{"self":[{"href":"https:\/\/www.cnbaianfire.com\/pt\/wp-json\/wp\/v2\/product\/12486"}],"collection":[{"href":"https:\/\/www.cnbaianfire.com\/pt\/wp-json\/wp\/v2\/product"}],"about":[{"href":"https:\/\/www.cnbaianfire.com\/pt\/wp-json\/wp\/v2\/types\/product"}],"wp:featuredmedia":[{"embeddable":true,"href":"https:\/\/www.cnbaianfire.com\/pt\/wp-json\/wp\/v2\/media\/13016"}],"wp:attachment":[{"href":"https:\/\/www.cnbaianfire.com\/pt\/wp-json\/wp\/v2\/media?parent=12486"}],"wp:term":[{"taxonomy":"product_cat","embeddable":true,"href":"https:\/\/www.cnbaianfire.com\/pt\/wp-json\/wp\/v2\/product_cat?post=12486"},{"taxonomy":"product_tag","embeddable":true,"href":"https:\/\/www.cnbaianfire.com\/pt\/wp-json\/wp\/v2\/product_tag?post=12486"}],"curies":[{"name":"wp","href":"https:\/\/api.w.org\/{rel}","templated":true}]}}