{"id":12469,"date":"2025-06-05T06:45:34","date_gmt":"2025-06-05T06:45:34","guid":{"rendered":"https:\/\/www.cnbaianfire.com\/?post_type=product&#038;p=12469"},"modified":"2025-08-19T06:46:31","modified_gmt":"2025-08-19T06:46:31","slug":"mine-fire-hose","status":"publish","type":"product","link":"https:\/\/www.cnbaianfire.com\/fr\/produit\/mine-fire-hose\/","title":{"rendered":"Tuyau d'incendie de mine"},"content":{"rendered":"<h2>Param\u00e8tres du produit<\/h2>\n<table class=\"tg\" style=\"border-collapse: collapse;border-spacing: 0\">\n<thead>\n<tr>\n<th style=\"font-family: Arial, sans-serif;font-size: 14px;font-weight: normal;overflow: hidden;padding: 10px 5px;text-align: center;vertical-align: middle;border: 1px solid black\" colspan=\"8\">DIMENSIONS<\/th>\n<\/tr>\n<\/thead>\n<tbody>\n<tr>\n<td style=\"background-color: #073980;color: #fff;font-family: Arial, sans-serif;font-size: 14px;font-weight: bold;overflow: hidden;padding: 10px 5px;text-align: center;vertical-align: middle;border: 1px solid black\" colspan=\"2\">I.D.<\/td>\n<td style=\"background-color: #073980;color: #fff;font-family: Arial, sans-serif;font-size: 14px;font-weight: bold;overflow: hidden;padding: 10px 5px;text-align: center;vertical-align: middle;border: 1px solid black\" colspan=\"3\">WP<\/td>\n<td style=\"background-color: #073980;color: #fff;font-family: Arial, sans-serif;font-size: 14px;font-weight: bold;overflow: hidden;padding: 10px 5px;text-align: center;vertical-align: middle;border: 1px solid black\" colspan=\"3\">BP<\/td>\n<\/tr>\n<tr>\n<td style=\"background-color: #073980;color: #fff;font-family: Arial, sans-serif;font-size: 14px;font-weight: bold;overflow: hidden;padding: 10px 5px;text-align: center;vertical-align: middle;border: 1px solid black\">Pouce<\/td>\n<td style=\"background-color: #073980;color: #fff;font-family: Arial, sans-serif;font-size: 14px;font-weight: bold;overflow: hidden;padding: 10px 5px;text-align: center;vertical-align: middle;border: 1px solid black\">mm<\/td>\n<td style=\"background-color: #073980;color: #fff;font-family: Arial, sans-serif;font-size: 14px;font-weight: bold;overflow: hidden;padding: 10px 5px;text-align: center;vertical-align: middle;border: 1px solid black\" colspan=\"3\">(MPA\/PSI\/Barreau)<\/td>\n<td style=\"background-color: #073980;color: #fff;font-family: Arial, sans-serif;font-size: 14px;font-weight: bold;overflow: hidden;padding: 10px 5px;text-align: center;vertical-align: middle;border: 1px solid black\" colspan=\"3\">(MPA\/PSI\/Barreau)<\/td>\n<\/tr>\n<tr>\n<td style=\"font-family: Arial, sans-serif;font-size: 14px;overflow: hidden;padding: 10px 5px;text-align: center;vertical-align: middle;border: 1px solid black\">1 1\/2&#8243;<\/td>\n<td style=\"font-family: Arial, sans-serif;font-size: 14px;overflow: hidden;padding: 10px 5px;text-align: center;vertical-align: middle;border: 1px solid black\">40<\/td>\n<td style=\"font-family: Arial, sans-serif;font-size: 14px;overflow: hidden;padding: 10px 5px;text-align: center;vertical-align: middle;border: 1px solid black\">0.8<\/td>\n<td style=\"font-family: Arial, sans-serif;font-size: 14px;overflow: hidden;padding: 10px 5px;text-align: center;vertical-align: middle;border: 1px solid black\">120<\/td>\n<td style=\"font-family: Arial, sans-serif;font-size: 14px;overflow: hidden;padding: 10px 5px;text-align: center;vertical-align: middle;border: 1px solid black\">8<\/td>\n<td style=\"font-family: Arial, sans-serif;font-size: 14px;overflow: hidden;padding: 10px 5px;text-align: center;vertical-align: middle;border: 1px solid black\">2.4<\/td>\n<td style=\"font-family: Arial, sans-serif;font-size: 14px;overflow: hidden;padding: 10px 5px;text-align: center;vertical-align: middle;border: 1px solid black\">360<\/td>\n<td style=\"font-family: Arial, sans-serif;font-size: 14px;overflow: hidden;padding: 10px 5px;text-align: center;vertical-align: middle;border: 1px solid black\">24<\/td>\n<\/tr>\n<tr>\n<td style=\"background-color: #dad6d5;font-family: Arial, sans-serif;font-size: 14px;overflow: hidden;padding: 10px 5px;text-align: center;vertical-align: middle;border: 1px solid black\">1 3\/4&#8243;<\/td>\n<td style=\"background-color: #dad6d5;font-family: Arial, sans-serif;font-size: 14px;overflow: hidden;padding: 10px 5px;text-align: center;vertical-align: middle;border: 1px solid black\">45<\/td>\n<td style=\"background-color: #dad6d5;font-family: Arial, sans-serif;font-size: 14px;overflow: hidden;padding: 10px 5px;text-align: center;vertical-align: middle;border: 1px solid black\">1<\/td>\n<td style=\"background-color: #dad6d5;font-family: Arial, sans-serif;font-size: 14px;overflow: hidden;padding: 10px 5px;text-align: center;vertical-align: middle;border: 1px solid black\">150<\/td>\n<td style=\"background-color: #dad6d5;font-family: Arial, sans-serif;font-size: 14px;overflow: hidden;padding: 10px 5px;text-align: center;vertical-align: middle;border: 1px solid black\">10<\/td>\n<td style=\"background-color: #dad6d5;font-family: Arial, sans-serif;font-size: 14px;overflow: hidden;padding: 10px 5px;text-align: center;vertical-align: middle;border: 1px solid black\">3<\/td>\n<td style=\"background-color: #dad6d5;font-family: Arial, sans-serif;font-size: 14px;overflow: hidden;padding: 10px 5px;text-align: center;vertical-align: middle;border: 1px solid black\">450<\/td>\n<td style=\"background-color: #dad6d5;font-family: Arial, sans-serif;font-size: 14px;overflow: hidden;padding: 10px 5px;text-align: center;vertical-align: middle;border: 1px solid black\">30<\/td>\n<\/tr>\n<tr>\n<td style=\"font-family: Arial, sans-serif;font-size: 14px;overflow: hidden;padding: 10px 5px;text-align: center;vertical-align: middle;border: 1px solid black\">2&#8243;<\/td>\n<td style=\"font-family: Arial, sans-serif;font-size: 14px;overflow: hidden;padding: 10px 5px;text-align: center;vertical-align: middle;border: 1px solid black\">50<\/td>\n<td style=\"font-family: Arial, sans-serif;font-size: 14px;overflow: hidden;padding: 10px 5px;text-align: center;vertical-align: middle;border: 1px solid black\">1.3<\/td>\n<td style=\"font-family: Arial, sans-serif;font-size: 14px;overflow: hidden;padding: 10px 5px;text-align: center;vertical-align: middle;border: 1px solid black\">195<\/td>\n<td style=\"font-family: Arial, sans-serif;font-size: 14px;overflow: hidden;padding: 10px 5px;text-align: center;vertical-align: middle;border: 1px solid black\">13<\/td>\n<td style=\"font-family: Arial, sans-serif;font-size: 14px;overflow: hidden;padding: 10px 5px;text-align: center;vertical-align: middle;border: 1px solid black\">3.9<\/td>\n<td style=\"font-family: Arial, sans-serif;font-size: 14px;overflow: hidden;padding: 10px 5px;text-align: center;vertical-align: middle;border: 1px solid black\">580<\/td>\n<td style=\"font-family: Arial, sans-serif;font-size: 14px;overflow: hidden;padding: 10px 5px;text-align: center;vertical-align: middle;border: 1px solid black\">39<\/td>\n<\/tr>\n<tr>\n<td style=\"background-color: #dad6d5;font-family: Arial, sans-serif;font-size: 14px;overflow: hidden;padding: 10px 5px;text-align: center;vertical-align: middle;border: 1px solid black\">2 1\/2&#8243;<\/td>\n<td style=\"background-color: #dad6d5;font-family: Arial, sans-serif;font-size: 14px;overflow: hidden;padding: 10px 5px;text-align: center;vertical-align: middle;border: 1px solid black\">65<\/td>\n<td style=\"background-color: #dad6d5;font-family: Arial, sans-serif;font-size: 14px;overflow: hidden;padding: 10px 5px;text-align: center;vertical-align: middle;border: 1px solid black\">1.6<\/td>\n<td style=\"background-color: #dad6d5;font-family: Arial, sans-serif;font-size: 14px;overflow: hidden;padding: 10px 5px;text-align: center;vertical-align: middle;border: 1px solid black\">240<\/td>\n<td style=\"background-color: #dad6d5;font-family: Arial, sans-serif;font-size: 14px;overflow: hidden;padding: 10px 5px;text-align: center;vertical-align: middle;border: 1px solid black\">16<\/td>\n<td style=\"background-color: #dad6d5;font-family: Arial, sans-serif;font-size: 14px;overflow: hidden;padding: 10px 5px;text-align: center;vertical-align: middle;border: 1px solid black\">4.8<\/td>\n<td style=\"background-color: #dad6d5;font-family: Arial, sans-serif;font-size: 14px;overflow: hidden;padding: 10px 5px;text-align: center;vertical-align: middle;border: 1px solid black\">720<\/td>\n<td style=\"background-color: #dad6d5;font-family: Arial, sans-serif;font-size: 14px;overflow: hidden;padding: 10px 5px;text-align: center;vertical-align: middle;border: 1px solid black\">48<\/td>\n<\/tr>\n<tr>\n<td style=\"font-family: Arial, sans-serif;font-size: 14px;overflow: hidden;padding: 10px 5px;text-align: center;vertical-align: middle;border: 1px solid black\">2 3\/4&#8243;<\/td>\n<td style=\"font-family: Arial, sans-serif;font-size: 14px;overflow: hidden;padding: 10px 5px;text-align: center;vertical-align: middle;border: 1px solid black\">70<\/td>\n<td style=\"font-family: Arial, sans-serif;font-size: 14px;overflow: hidden;padding: 10px 5px;text-align: center;vertical-align: middle;border: 1px solid black\">1.73<\/td>\n<td style=\"font-family: Arial, sans-serif;font-size: 14px;overflow: hidden;padding: 10px 5px;text-align: center;vertical-align: middle;border: 1px solid black\">250<\/td>\n<td style=\"font-family: Arial, sans-serif;font-size: 14px;overflow: hidden;padding: 10px 5px;text-align: center;vertical-align: middle;border: 1px solid black\">17.3<\/td>\n<td style=\"font-family: Arial, sans-serif;font-size: 14px;overflow: hidden;padding: 10px 5px;text-align: center;vertical-align: middle;border: 1px solid black\">5.19<\/td>\n<td style=\"font-family: Arial, sans-serif;font-size: 14px;overflow: hidden;padding: 10px 5px;text-align: center;vertical-align: middle;border: 1px solid black\">750<\/td>\n<td style=\"font-family: Arial, sans-serif;font-size: 14px;overflow: hidden;padding: 10px 5px;text-align: center;vertical-align: middle;border: 1px solid black\">52<\/td>\n<\/tr>\n<tr>\n<td style=\"background-color: #dad6d5;font-family: Arial, sans-serif;font-size: 14px;overflow: hidden;padding: 10px 5px;text-align: center;vertical-align: middle;border: 1px solid black\">3&#8243;<\/td>\n<td style=\"background-color: #dad6d5;font-family: Arial, sans-serif;font-size: 14px;overflow: hidden;padding: 10px 5px;text-align: center;vertical-align: middle;border: 1px solid black\">75<\/td>\n<td style=\"background-color: #dad6d5;font-family: Arial, sans-serif;font-size: 14px;overflow: hidden;padding: 10px 5px;text-align: center;vertical-align: middle;border: 1px solid black\">2<\/td>\n<td style=\"background-color: #dad6d5;font-family: Arial, sans-serif;font-size: 14px;overflow: hidden;padding: 10px 5px;text-align: center;vertical-align: middle;border: 1px solid black\">300<\/td>\n<td style=\"background-color: #dad6d5;font-family: Arial, sans-serif;font-size: 14px;overflow: hidden;padding: 10px 5px;text-align: center;vertical-align: middle;border: 1px solid black\">2<\/td>\n<td style=\"background-color: #dad6d5;font-family: Arial, sans-serif;font-size: 14px;overflow: hidden;padding: 10px 5px;text-align: center;vertical-align: middle;border: 1px solid black\">6<\/td>\n<td style=\"background-color: #dad6d5;font-family: Arial, sans-serif;font-size: 14px;overflow: hidden;padding: 10px 5px;text-align: center;vertical-align: middle;border: 1px solid black\">900<\/td>\n<td style=\"background-color: #dad6d5;font-family: Arial, sans-serif;font-size: 14px;overflow: hidden;padding: 10px 5px;text-align: center;vertical-align: middle;border: 1px solid black\">60<\/td>\n<\/tr>\n<\/tbody>\n<\/table>\n<h2>S\u00e9curit\u00e9 sp\u00e9cialis\u00e9e pour les op\u00e9rations souterraines<\/h2>\n<p>Notre robuste <a href=\"https:\/\/www.cnbaianfire.com\/?post_type=product&amp;p=12469&amp;preview=true\"><strong>Tuyau d'incendie de mine<\/strong><\/a> lutte contre l'abrasion des roches, les perforations et les hautes pressions dans les espaces miniers \u00e9troits. Il est conforme aux normes MSHA et retardateur de flammes, ce qui vous permet de lutter rapidement contre les incendies souterrains. Faites confiance \u00e0 ce <a href=\"https:\/\/www.cnbaianfire.com\/category\/fire-hose\/\"><strong>Tuyau d'incendie<\/strong><\/a> pour une extinction fiable des incendies et la s\u00e9curit\u00e9 des mineurs - la solution id\u00e9ale pour les tunnels \u00e0 haut risque.<\/p>\n<p><img loading=\"lazy\" decoding=\"async\" class=\"size-full wp-image-12471 aligncenter\" data-src=\"https:\/\/www.cnbaianfire.com\/wp-content\/uploads\/2025\/06\/Mine-Fire-Hose-1.webp\" alt=\"Tuyau d&#039;incendie de mine\" width=\"800\" height=\"800\" srcset=\"https:\/\/www.cnbaianfire.com\/wp-content\/uploads\/2025\/06\/Mine-Fire-Hose-1.webp 800w, https:\/\/www.cnbaianfire.com\/wp-content\/uploads\/2025\/06\/Mine-Fire-Hose-1-480x480.webp 480w\" sizes=\"(min-width: 0px) and (max-width: 480px) 480px, (min-width: 481px) 800px, 100vw\" \/> <img loading=\"lazy\" decoding=\"async\" class=\"size-full wp-image-12472 aligncenter\" data-src=\"https:\/\/www.cnbaianfire.com\/wp-content\/uploads\/2025\/06\/Mine-Fire-Hose-3.webp\" alt=\"Tuyau d&#039;incendie de mine\" width=\"800\" height=\"800\" srcset=\"https:\/\/www.cnbaianfire.com\/wp-content\/uploads\/2025\/06\/Mine-Fire-Hose-3.webp 800w, https:\/\/www.cnbaianfire.com\/wp-content\/uploads\/2025\/06\/Mine-Fire-Hose-3-480x480.webp 480w\" sizes=\"(min-width: 0px) and (max-width: 480px) 480px, (min-width: 481px) 800px, 100vw\" \/> <img loading=\"lazy\" decoding=\"async\" class=\"size-full wp-image-12473 aligncenter\" data-src=\"https:\/\/www.cnbaianfire.com\/wp-content\/uploads\/2025\/06\/Mine-Fire-Hose-2.webp\" alt=\"Tuyau d&#039;incendie de mine\" width=\"800\" height=\"800\" srcset=\"https:\/\/www.cnbaianfire.com\/wp-content\/uploads\/2025\/06\/Mine-Fire-Hose-2.webp 800w, https:\/\/www.cnbaianfire.com\/wp-content\/uploads\/2025\/06\/Mine-Fire-Hose-2-480x480.webp 480w\" sizes=\"(min-width: 0px) and (max-width: 480px) 480px, (min-width: 481px) 800px, 100vw\" \/><\/p>","protected":false},"excerpt":{"rendered":"<table class=\"tg\" style=\"border-collapse: collapse;border-spacing: 0\">\n<thead>\n<tr>\n<th style=\"color: #073980;font-family: Arial, sans-serif;font-size: 14px;font-weight: bold;overflow: hidden;padding: 10px 5px;text-align: left;vertical-align: middle;border: 1px solid #343434\">Veste<\/th>\n<th style=\"font-family: Arial, sans-serif;font-size: 14px;font-weight: normal;overflow: hidden;padding: 10px 5px;text-align: left;vertical-align: middle;border: 1px solid #343434\">100% vierge haute t\u00e9nacit\u00e9 Polyester Jacket \/Single Jacket\/ Circular woven plain weave.<\/th>\n<\/tr>\n<\/thead>\n<tbody>\n<tr>\n<td style=\"color: #073980;font-family: Arial, sans-serif;font-size: 14px;font-weight: bold;overflow: hidden;padding: 10px 5px;text-align: left;vertical-align: middle;border: 1px solid #343434\">Doublure<\/td>\n<td style=\"font-family: Arial, sans-serif;font-size: 14px;overflow: hidden;padding: 10px 5px;text-align: left;vertical-align: middle;border: 1px solid #343434\">Tube EPDM\/ Tube en caoutchouc nitrile (NBR).<\/td>\n<\/tr>\n<tr>\n<td style=\"color: #073980;font-family: Arial, sans-serif;font-size: 14px;font-weight: bold;overflow: hidden;padding: 10px 5px;text-align: left;vertical-align: middle;border: 1px solid #343434\">Couleur<\/td>\n<td style=\"font-family: Arial, sans-serif;font-size: 14px;overflow: hidden;padding: 10px 5px;text-align: left;vertical-align: middle;border: 1px solid #343434\">Blanc ou autre couleur.<\/td>\n<\/tr>\n<tr>\n<td style=\"color: #073980;font-family: Arial, sans-serif;font-size: 14px;font-weight: bold;overflow: hidden;padding: 10px 5px;text-align: left;vertical-align: middle;border: 1px solid #343434\">Paquet<\/td>\n<td style=\"font-family: Arial, sans-serif;font-size: 14px;overflow: hidden;padding: 10px 5px;text-align: left;vertical-align: middle;border: 1px solid #343434\">Roul\u00e9s\/ emball\u00e9s dans des cartons ou charg\u00e9s sur des palettes.<\/td>\n<\/tr>\n<tr>\n<td style=\"color: #073980;font-family: Arial, sans-serif;font-size: 14px;font-weight: bold;overflow: hidden;padding: 10px 5px;text-align: left;vertical-align: middle;border: 1px solid #343434\">Application<\/td>\n<td style=\"font-family: Arial, sans-serif;font-size: 14px;overflow: hidden;padding: 10px 5px;text-align: left;vertical-align: middle;border: 1px solid #343434\">Rejet d'eau \/ Lutte contre les incendies dans les mines souterraines.<\/td>\n<\/tr>\n<tr>\n<td style=\"color: #073980;font-family: Arial, sans-serif;font-size: 14px;font-weight: bold;overflow: hidden;padding: 10px 5px;text-align: left;vertical-align: middle;border: 1px solid #343434\">Longueur standard<\/td>\n<td style=\"font-family: Arial, sans-serif;font-size: 14px;overflow: hidden;padding: 10px 5px;text-align: left;vertical-align: middle;border: 1px solid #343434\">15m(souple) \/30m(100ft).<\/td>\n<\/tr>\n<\/tbody>\n<\/table>","protected":false},"featured_media":12471,"template":"","meta":{"_et_pb_use_builder":"","_et_pb_old_content":"","_et_gb_content_width":""},"product_cat":[191],"product_tag":[],"yoast_head":"<!-- This site is optimized with the Yoast SEO plugin v22.7 - https:\/\/yoast.com\/wordpress\/plugins\/seo\/ -->\n<title>China wholesales Mine Fire Hose supplier - BAIAN FIRE PROTECTION EQUIPMENT<\/title>\n<meta name=\"description\" content=\"Professional Mine Fire Hose manufacturer - Baian. We offers reliable, certified fire fighting equipment backed by technical support and global experience.\" \/>\n<meta name=\"robots\" content=\"index, follow, max-snippet:-1, max-image-preview:large, max-video-preview:-1\" \/>\n<link rel=\"canonical\" href=\"https:\/\/www.cnbaianfire.com\/fr\/produit\/mine-fire-hose\/\" \/>\n<meta property=\"og:locale\" content=\"fr_FR\" \/>\n<meta property=\"og:type\" content=\"article\" \/>\n<meta property=\"og:title\" content=\"China wholesales Mine Fire Hose supplier - BAIAN FIRE PROTECTION EQUIPMENT\" \/>\n<meta property=\"og:description\" content=\"Professional Mine Fire Hose manufacturer - Baian. We offers reliable, certified fire fighting equipment backed by technical support and global experience.\" \/>\n<meta property=\"og:url\" content=\"https:\/\/www.cnbaianfire.com\/fr\/produit\/mine-fire-hose\/\" \/>\n<meta property=\"og:site_name\" content=\"BAIAN FIRE PROTECTION EQUIPMENT\" \/>\n<meta property=\"article:publisher\" content=\"https:\/\/www.facebook.com\/BaianFirefightingEquipment\" \/>\n<meta property=\"article:modified_time\" content=\"2025-08-19T06:46:31+00:00\" \/>\n<meta property=\"og:image\" content=\"https:\/\/www.cnbaianfire.com\/wp-content\/uploads\/2025\/06\/Mine-Fire-Hose-1.webp\" \/>\n\t<meta property=\"og:image:width\" content=\"800\" \/>\n\t<meta property=\"og:image:height\" content=\"800\" \/>\n\t<meta property=\"og:image:type\" content=\"image\/webp\" \/>\n<meta name=\"twitter:card\" content=\"summary_large_image\" \/>\n<meta name=\"twitter:label1\" content=\"Dur\u00e9e de lecture estim\u00e9e\" \/>\n\t<meta name=\"twitter:data1\" content=\"2 minutes\" \/>\n<script type=\"application\/ld+json\" class=\"yoast-schema-graph\">{\"@context\":\"https:\/\/schema.org\",\"@graph\":[{\"@type\":\"WebPage\",\"@id\":\"https:\/\/www.cnbaianfire.com\/product\/mine-fire-hose\/\",\"url\":\"https:\/\/www.cnbaianfire.com\/product\/mine-fire-hose\/\",\"name\":\"China wholesales Mine Fire Hose supplier - BAIAN FIRE PROTECTION EQUIPMENT\",\"isPartOf\":{\"@id\":\"https:\/\/www.cnbaianfire.com\/#website\"},\"primaryImageOfPage\":{\"@id\":\"https:\/\/www.cnbaianfire.com\/product\/mine-fire-hose\/#primaryimage\"},\"image\":{\"@id\":\"https:\/\/www.cnbaianfire.com\/product\/mine-fire-hose\/#primaryimage\"},\"thumbnailUrl\":\"https:\/\/www.cnbaianfire.com\/wp-content\/uploads\/2025\/06\/Mine-Fire-Hose-1.webp\",\"datePublished\":\"2025-06-05T06:45:34+00:00\",\"dateModified\":\"2025-08-19T06:46:31+00:00\",\"description\":\"Professional Mine Fire Hose manufacturer - Baian. We offers reliable, certified fire fighting equipment backed by technical support and global experience.\",\"breadcrumb\":{\"@id\":\"https:\/\/www.cnbaianfire.com\/product\/mine-fire-hose\/#breadcrumb\"},\"inLanguage\":\"fr-FR\",\"potentialAction\":[{\"@type\":\"ReadAction\",\"target\":[\"https:\/\/www.cnbaianfire.com\/product\/mine-fire-hose\/\"]}]},{\"@type\":\"ImageObject\",\"inLanguage\":\"fr-FR\",\"@id\":\"https:\/\/www.cnbaianfire.com\/product\/mine-fire-hose\/#primaryimage\",\"url\":\"https:\/\/www.cnbaianfire.com\/wp-content\/uploads\/2025\/06\/Mine-Fire-Hose-1.webp\",\"contentUrl\":\"https:\/\/www.cnbaianfire.com\/wp-content\/uploads\/2025\/06\/Mine-Fire-Hose-1.webp\",\"width\":800,\"height\":800,\"caption\":\"Mine Fire Hose\"},{\"@type\":\"BreadcrumbList\",\"@id\":\"https:\/\/www.cnbaianfire.com\/product\/mine-fire-hose\/#breadcrumb\",\"itemListElement\":[{\"@type\":\"ListItem\",\"position\":1,\"name\":\"Home\",\"item\":\"https:\/\/www.cnbaianfire.com\/\"},{\"@type\":\"ListItem\",\"position\":2,\"name\":\"Products\",\"item\":\"https:\/\/www.cnbaianfire.com\/shop\/\"},{\"@type\":\"ListItem\",\"position\":3,\"name\":\"Mine Fire Hose\"}]},{\"@type\":\"WebSite\",\"@id\":\"https:\/\/www.cnbaianfire.com\/#website\",\"url\":\"https:\/\/www.cnbaianfire.com\/\",\"name\":\"BAIAN FIRE PROTECTION EQUIPMENT\",\"description\":\"\",\"publisher\":{\"@id\":\"https:\/\/www.cnbaianfire.com\/#organization\"},\"potentialAction\":[{\"@type\":\"SearchAction\",\"target\":{\"@type\":\"EntryPoint\",\"urlTemplate\":\"https:\/\/www.cnbaianfire.com\/?s={search_term_string}\"},\"query-input\":\"required name=search_term_string\"}],\"inLanguage\":\"fr-FR\"},{\"@type\":\"Organization\",\"@id\":\"https:\/\/www.cnbaianfire.com\/#organization\",\"name\":\"Baian Group\",\"url\":\"https:\/\/www.cnbaianfire.com\/\",\"logo\":{\"@type\":\"ImageObject\",\"inLanguage\":\"fr-FR\",\"@id\":\"https:\/\/www.cnbaianfire.com\/#\/schema\/logo\/image\/\",\"url\":\"https:\/\/www.cnbaianfire.com\/wp-content\/uploads\/2025\/05\/baian-fire-ptotection-logo.webp\",\"contentUrl\":\"https:\/\/www.cnbaianfire.com\/wp-content\/uploads\/2025\/05\/baian-fire-ptotection-logo.webp\",\"width\":501,\"height\":494,\"caption\":\"Baian Group\"},\"image\":{\"@id\":\"https:\/\/www.cnbaianfire.com\/#\/schema\/logo\/image\/\"},\"sameAs\":[\"https:\/\/www.facebook.com\/BaianFirefightingEquipment\"]}]}<\/script>\n<!-- \/ Yoast SEO plugin. -->","yoast_head_json":{"title":"China wholesales Mine Fire Hose supplier - BAIAN FIRE PROTECTION EQUIPMENT","description":"Professional Mine Fire Hose manufacturer - Baian. We offers reliable, certified fire fighting equipment backed by technical support and global experience.","robots":{"index":"index","follow":"follow","max-snippet":"max-snippet:-1","max-image-preview":"max-image-preview:large","max-video-preview":"max-video-preview:-1"},"canonical":"https:\/\/www.cnbaianfire.com\/fr\/produit\/mine-fire-hose\/","og_locale":"fr_FR","og_type":"article","og_title":"China wholesales Mine Fire Hose supplier - BAIAN FIRE PROTECTION EQUIPMENT","og_description":"Professional Mine Fire Hose manufacturer - Baian. We offers reliable, certified fire fighting equipment backed by technical support and global experience.","og_url":"https:\/\/www.cnbaianfire.com\/fr\/produit\/mine-fire-hose\/","og_site_name":"BAIAN FIRE PROTECTION EQUIPMENT","article_publisher":"https:\/\/www.facebook.com\/BaianFirefightingEquipment","article_modified_time":"2025-08-19T06:46:31+00:00","og_image":[{"width":800,"height":800,"url":"https:\/\/www.cnbaianfire.com\/wp-content\/uploads\/2025\/06\/Mine-Fire-Hose-1.webp","type":"image\/webp"}],"twitter_card":"summary_large_image","twitter_misc":{"Dur\u00e9e de lecture estim\u00e9e":"2 minutes"},"schema":{"@context":"https:\/\/schema.org","@graph":[{"@type":"WebPage","@id":"https:\/\/www.cnbaianfire.com\/product\/mine-fire-hose\/","url":"https:\/\/www.cnbaianfire.com\/product\/mine-fire-hose\/","name":"China wholesales Mine Fire Hose supplier - BAIAN FIRE PROTECTION EQUIPMENT","isPartOf":{"@id":"https:\/\/www.cnbaianfire.com\/#website"},"primaryImageOfPage":{"@id":"https:\/\/www.cnbaianfire.com\/product\/mine-fire-hose\/#primaryimage"},"image":{"@id":"https:\/\/www.cnbaianfire.com\/product\/mine-fire-hose\/#primaryimage"},"thumbnailUrl":"https:\/\/www.cnbaianfire.com\/wp-content\/uploads\/2025\/06\/Mine-Fire-Hose-1.webp","datePublished":"2025-06-05T06:45:34+00:00","dateModified":"2025-08-19T06:46:31+00:00","description":"Professional Mine Fire Hose manufacturer - Baian. We offers reliable, certified fire fighting equipment backed by technical support and global experience.","breadcrumb":{"@id":"https:\/\/www.cnbaianfire.com\/product\/mine-fire-hose\/#breadcrumb"},"inLanguage":"fr-FR","potentialAction":[{"@type":"ReadAction","target":["https:\/\/www.cnbaianfire.com\/product\/mine-fire-hose\/"]}]},{"@type":"ImageObject","inLanguage":"fr-FR","@id":"https:\/\/www.cnbaianfire.com\/product\/mine-fire-hose\/#primaryimage","url":"https:\/\/www.cnbaianfire.com\/wp-content\/uploads\/2025\/06\/Mine-Fire-Hose-1.webp","contentUrl":"https:\/\/www.cnbaianfire.com\/wp-content\/uploads\/2025\/06\/Mine-Fire-Hose-1.webp","width":800,"height":800,"caption":"Mine Fire Hose"},{"@type":"BreadcrumbList","@id":"https:\/\/www.cnbaianfire.com\/product\/mine-fire-hose\/#breadcrumb","itemListElement":[{"@type":"ListItem","position":1,"name":"Home","item":"https:\/\/www.cnbaianfire.com\/"},{"@type":"ListItem","position":2,"name":"Products","item":"https:\/\/www.cnbaianfire.com\/shop\/"},{"@type":"ListItem","position":3,"name":"Mine Fire Hose"}]},{"@type":"WebSite","@id":"https:\/\/www.cnbaianfire.com\/#website","url":"https:\/\/www.cnbaianfire.com\/","name":"BAIAN FIRE PROTECTION EQUIPMENT","description":"","publisher":{"@id":"https:\/\/www.cnbaianfire.com\/#organization"},"potentialAction":[{"@type":"SearchAction","target":{"@type":"EntryPoint","urlTemplate":"https:\/\/www.cnbaianfire.com\/?s={search_term_string}"},"query-input":"required name=search_term_string"}],"inLanguage":"fr-FR"},{"@type":"Organization","@id":"https:\/\/www.cnbaianfire.com\/#organization","name":"Baian Group","url":"https:\/\/www.cnbaianfire.com\/","logo":{"@type":"ImageObject","inLanguage":"fr-FR","@id":"https:\/\/www.cnbaianfire.com\/#\/schema\/logo\/image\/","url":"https:\/\/www.cnbaianfire.com\/wp-content\/uploads\/2025\/05\/baian-fire-ptotection-logo.webp","contentUrl":"https:\/\/www.cnbaianfire.com\/wp-content\/uploads\/2025\/05\/baian-fire-ptotection-logo.webp","width":501,"height":494,"caption":"Baian Group"},"image":{"@id":"https:\/\/www.cnbaianfire.com\/#\/schema\/logo\/image\/"},"sameAs":["https:\/\/www.facebook.com\/BaianFirefightingEquipment"]}]}},"_links":{"self":[{"href":"https:\/\/www.cnbaianfire.com\/fr\/wp-json\/wp\/v2\/product\/12469"}],"collection":[{"href":"https:\/\/www.cnbaianfire.com\/fr\/wp-json\/wp\/v2\/product"}],"about":[{"href":"https:\/\/www.cnbaianfire.com\/fr\/wp-json\/wp\/v2\/types\/product"}],"wp:featuredmedia":[{"embeddable":true,"href":"https:\/\/www.cnbaianfire.com\/fr\/wp-json\/wp\/v2\/media\/12471"}],"wp:attachment":[{"href":"https:\/\/www.cnbaianfire.com\/fr\/wp-json\/wp\/v2\/media?parent=12469"}],"wp:term":[{"taxonomy":"product_cat","embeddable":true,"href":"https:\/\/www.cnbaianfire.com\/fr\/wp-json\/wp\/v2\/product_cat?post=12469"},{"taxonomy":"product_tag","embeddable":true,"href":"https:\/\/www.cnbaianfire.com\/fr\/wp-json\/wp\/v2\/product_tag?post=12469"}],"curies":[{"name":"wp","href":"https:\/\/api.w.org\/{rel}","templated":true}]}}