{"id":12457,"date":"2025-06-05T06:26:14","date_gmt":"2025-06-05T06:26:14","guid":{"rendered":"https:\/\/www.cnbaianfire.com\/?post_type=product&#038;p=12457"},"modified":"2025-08-19T06:27:31","modified_gmt":"2025-08-19T06:27:31","slug":"fire-truck-hose","status":"publish","type":"product","link":"https:\/\/www.cnbaianfire.com\/fr\/produit\/fire-truck-hose\/","title":{"rendered":"Tuyau pour camion de pompiers"},"content":{"rendered":"<h2>Param\u00e8tres du produit<\/h2>\n<table class=\"tg\" style=\"border-collapse: collapse;border-spacing: 0\">\n<thead>\n<tr>\n<th style=\"font-family: Arial, sans-serif;font-size: 14px;font-weight: normal;overflow: hidden;padding: 10px 5px;text-align: center;vertical-align: middle;border: 1px solid black\" colspan=\"8\">DIMENSIONS<\/th>\n<\/tr>\n<\/thead>\n<tbody>\n<tr>\n<td style=\"background-color: #073980;color: #fff;font-family: Arial, sans-serif;font-size: 14px;font-weight: bold;overflow: hidden;padding: 10px 5px;text-align: center;vertical-align: middle;border: 1px solid black\" colspan=\"2\">I.D.<\/td>\n<td style=\"background-color: #073980;color: #fff;font-family: Arial, sans-serif;font-size: 14px;font-weight: bold;overflow: hidden;padding: 10px 5px;text-align: center;vertical-align: middle;border: 1px solid black\" colspan=\"3\">WP<\/td>\n<td style=\"background-color: #073980;color: #fff;font-family: Arial, sans-serif;font-size: 14px;font-weight: bold;overflow: hidden;padding: 10px 5px;text-align: center;vertical-align: middle;border: 1px solid black\" colspan=\"3\">BP<\/td>\n<\/tr>\n<tr>\n<td style=\"background-color: #073980;color: #fff;font-family: Arial, sans-serif;font-size: 14px;font-weight: bold;overflow: hidden;padding: 10px 5px;text-align: center;vertical-align: middle;border: 1px solid black\">Pouce<\/td>\n<td style=\"background-color: #073980;color: #fff;font-family: Arial, sans-serif;font-size: 14px;font-weight: bold;overflow: hidden;padding: 10px 5px;text-align: center;vertical-align: middle;border: 1px solid black\">mm<\/td>\n<td style=\"background-color: #073980;color: #fff;font-family: Arial, sans-serif;font-size: 14px;font-weight: bold;overflow: hidden;padding: 10px 5px;text-align: center;vertical-align: middle;border: 1px solid black\" colspan=\"3\">(MPA\/PSI\/Barreau)<\/td>\n<td style=\"background-color: #073980;color: #fff;font-family: Arial, sans-serif;font-size: 14px;font-weight: bold;overflow: hidden;padding: 10px 5px;text-align: center;vertical-align: middle;border: 1px solid black\" colspan=\"3\">(MPA\/PSI\/Barreau)<\/td>\n<\/tr>\n<tr>\n<td style=\"font-family: Arial, sans-serif;font-size: 14px;overflow: hidden;padding: 10px 5px;text-align: center;vertical-align: middle;border: 1px solid black\">1 1\/2&#8243;<\/td>\n<td style=\"font-family: Arial, sans-serif;font-size: 14px;overflow: hidden;padding: 10px 5px;text-align: center;vertical-align: middle;border: 1px solid black\">40<\/td>\n<td style=\"font-family: Arial, sans-serif;font-size: 14px;overflow: hidden;padding: 10px 5px;text-align: center;vertical-align: middle;border: 1px solid black\">0.8<\/td>\n<td style=\"font-family: Arial, sans-serif;font-size: 14px;overflow: hidden;padding: 10px 5px;text-align: center;vertical-align: middle;border: 1px solid black\">120<\/td>\n<td style=\"font-family: Arial, sans-serif;font-size: 14px;overflow: hidden;padding: 10px 5px;text-align: center;vertical-align: middle;border: 1px solid black\">8<\/td>\n<td style=\"font-family: Arial, sans-serif;font-size: 14px;overflow: hidden;padding: 10px 5px;text-align: center;vertical-align: middle;border: 1px solid black\">2.4<\/td>\n<td style=\"font-family: Arial, sans-serif;font-size: 14px;overflow: hidden;padding: 10px 5px;text-align: center;vertical-align: middle;border: 1px solid black\">360<\/td>\n<td style=\"font-family: Arial, sans-serif;font-size: 14px;overflow: hidden;padding: 10px 5px;text-align: center;vertical-align: middle;border: 1px solid black\">24<\/td>\n<\/tr>\n<tr>\n<td style=\"background-color: #dad6d5;font-family: Arial, sans-serif;font-size: 14px;overflow: hidden;padding: 10px 5px;text-align: center;vertical-align: middle;border: 1px solid black\">1 3\/4&#8243;<\/td>\n<td style=\"background-color: #dad6d5;font-family: Arial, sans-serif;font-size: 14px;overflow: hidden;padding: 10px 5px;text-align: center;vertical-align: middle;border: 1px solid black\">45<\/td>\n<td style=\"background-color: #dad6d5;font-family: Arial, sans-serif;font-size: 14px;overflow: hidden;padding: 10px 5px;text-align: center;vertical-align: middle;border: 1px solid black\">1<\/td>\n<td style=\"background-color: #dad6d5;font-family: Arial, sans-serif;font-size: 14px;overflow: hidden;padding: 10px 5px;text-align: center;vertical-align: middle;border: 1px solid black\">150<\/td>\n<td style=\"background-color: #dad6d5;font-family: Arial, sans-serif;font-size: 14px;overflow: hidden;padding: 10px 5px;text-align: center;vertical-align: middle;border: 1px solid black\">10<\/td>\n<td style=\"background-color: #dad6d5;font-family: Arial, sans-serif;font-size: 14px;overflow: hidden;padding: 10px 5px;text-align: center;vertical-align: middle;border: 1px solid black\">3<\/td>\n<td style=\"background-color: #dad6d5;font-family: Arial, sans-serif;font-size: 14px;overflow: hidden;padding: 10px 5px;text-align: center;vertical-align: middle;border: 1px solid black\">450<\/td>\n<td style=\"background-color: #dad6d5;font-family: Arial, sans-serif;font-size: 14px;overflow: hidden;padding: 10px 5px;text-align: center;vertical-align: middle;border: 1px solid black\">30<\/td>\n<\/tr>\n<tr>\n<td style=\"font-family: Arial, sans-serif;font-size: 14px;overflow: hidden;padding: 10px 5px;text-align: center;vertical-align: middle;border: 1px solid black\">2&#8243;<\/td>\n<td style=\"font-family: Arial, sans-serif;font-size: 14px;overflow: hidden;padding: 10px 5px;text-align: center;vertical-align: middle;border: 1px solid black\">50<\/td>\n<td style=\"font-family: Arial, sans-serif;font-size: 14px;overflow: hidden;padding: 10px 5px;text-align: center;vertical-align: middle;border: 1px solid black\">1.3<\/td>\n<td style=\"font-family: Arial, sans-serif;font-size: 14px;overflow: hidden;padding: 10px 5px;text-align: center;vertical-align: middle;border: 1px solid black\">195<\/td>\n<td style=\"font-family: Arial, sans-serif;font-size: 14px;overflow: hidden;padding: 10px 5px;text-align: center;vertical-align: middle;border: 1px solid black\">13<\/td>\n<td style=\"font-family: Arial, sans-serif;font-size: 14px;overflow: hidden;padding: 10px 5px;text-align: center;vertical-align: middle;border: 1px solid black\">3.9<\/td>\n<td style=\"font-family: Arial, sans-serif;font-size: 14px;overflow: hidden;padding: 10px 5px;text-align: center;vertical-align: middle;border: 1px solid black\">580<\/td>\n<td style=\"font-family: Arial, sans-serif;font-size: 14px;overflow: hidden;padding: 10px 5px;text-align: center;vertical-align: middle;border: 1px solid black\">39<\/td>\n<\/tr>\n<tr>\n<td style=\"background-color: #dad6d5;font-family: Arial, sans-serif;font-size: 14px;overflow: hidden;padding: 10px 5px;text-align: center;vertical-align: middle;border: 1px solid black\">2 1\/2&#8243;<\/td>\n<td style=\"background-color: #dad6d5;font-family: Arial, sans-serif;font-size: 14px;overflow: hidden;padding: 10px 5px;text-align: center;vertical-align: middle;border: 1px solid black\">65<\/td>\n<td style=\"background-color: #dad6d5;font-family: Arial, sans-serif;font-size: 14px;overflow: hidden;padding: 10px 5px;text-align: center;vertical-align: middle;border: 1px solid black\">1.6<\/td>\n<td style=\"background-color: #dad6d5;font-family: Arial, sans-serif;font-size: 14px;overflow: hidden;padding: 10px 5px;text-align: center;vertical-align: middle;border: 1px solid black\">240<\/td>\n<td style=\"background-color: #dad6d5;font-family: Arial, sans-serif;font-size: 14px;overflow: hidden;padding: 10px 5px;text-align: center;vertical-align: middle;border: 1px solid black\">16<\/td>\n<td style=\"background-color: #dad6d5;font-family: Arial, sans-serif;font-size: 14px;overflow: hidden;padding: 10px 5px;text-align: center;vertical-align: middle;border: 1px solid black\">4.8<\/td>\n<td style=\"background-color: #dad6d5;font-family: Arial, sans-serif;font-size: 14px;overflow: hidden;padding: 10px 5px;text-align: center;vertical-align: middle;border: 1px solid black\">720<\/td>\n<td style=\"background-color: #dad6d5;font-family: Arial, sans-serif;font-size: 14px;overflow: hidden;padding: 10px 5px;text-align: center;vertical-align: middle;border: 1px solid black\">48<\/td>\n<\/tr>\n<tr>\n<td style=\"font-family: Arial, sans-serif;font-size: 14px;overflow: hidden;padding: 10px 5px;text-align: center;vertical-align: middle;border: 1px solid black\">2 3\/4&#8243;<\/td>\n<td style=\"font-family: Arial, sans-serif;font-size: 14px;overflow: hidden;padding: 10px 5px;text-align: center;vertical-align: middle;border: 1px solid black\">70<\/td>\n<td style=\"font-family: Arial, sans-serif;font-size: 14px;overflow: hidden;padding: 10px 5px;text-align: center;vertical-align: middle;border: 1px solid black\">1.73<\/td>\n<td style=\"font-family: Arial, sans-serif;font-size: 14px;overflow: hidden;padding: 10px 5px;text-align: center;vertical-align: middle;border: 1px solid black\">250<\/td>\n<td style=\"font-family: Arial, sans-serif;font-size: 14px;overflow: hidden;padding: 10px 5px;text-align: center;vertical-align: middle;border: 1px solid black\">17.3<\/td>\n<td style=\"font-family: Arial, sans-serif;font-size: 14px;overflow: hidden;padding: 10px 5px;text-align: center;vertical-align: middle;border: 1px solid black\">5.19<\/td>\n<td style=\"font-family: Arial, sans-serif;font-size: 14px;overflow: hidden;padding: 10px 5px;text-align: center;vertical-align: middle;border: 1px solid black\">750<\/td>\n<td style=\"font-family: Arial, sans-serif;font-size: 14px;overflow: hidden;padding: 10px 5px;text-align: center;vertical-align: middle;border: 1px solid black\">52<\/td>\n<\/tr>\n<tr>\n<td style=\"background-color: #dad6d5;font-family: Arial, sans-serif;font-size: 14px;overflow: hidden;padding: 10px 5px;text-align: center;vertical-align: middle;border: 1px solid black\">3&#8243;<\/td>\n<td style=\"background-color: #dad6d5;font-family: Arial, sans-serif;font-size: 14px;overflow: hidden;padding: 10px 5px;text-align: center;vertical-align: middle;border: 1px solid black\">75<\/td>\n<td style=\"background-color: #dad6d5;font-family: Arial, sans-serif;font-size: 14px;overflow: hidden;padding: 10px 5px;text-align: center;vertical-align: middle;border: 1px solid black\">2<\/td>\n<td style=\"background-color: #dad6d5;font-family: Arial, sans-serif;font-size: 14px;overflow: hidden;padding: 10px 5px;text-align: center;vertical-align: middle;border: 1px solid black\">300<\/td>\n<td style=\"background-color: #dad6d5;font-family: Arial, sans-serif;font-size: 14px;overflow: hidden;padding: 10px 5px;text-align: center;vertical-align: middle;border: 1px solid black\">2<\/td>\n<td style=\"background-color: #dad6d5;font-family: Arial, sans-serif;font-size: 14px;overflow: hidden;padding: 10px 5px;text-align: center;vertical-align: middle;border: 1px solid black\">6<\/td>\n<td style=\"background-color: #dad6d5;font-family: Arial, sans-serif;font-size: 14px;overflow: hidden;padding: 10px 5px;text-align: center;vertical-align: middle;border: 1px solid black\">900<\/td>\n<td style=\"background-color: #dad6d5;font-family: Arial, sans-serif;font-size: 14px;overflow: hidden;padding: 10px 5px;text-align: center;vertical-align: middle;border: 1px solid black\">60<\/td>\n<\/tr>\n<\/tbody>\n<\/table>\n<h2>Performance critique pour les moteurs d'incendie<\/h2>\n<p>Notre syst\u00e8me de <a href=\"https:\/\/www.cnbaianfire.com\/product\/fire-truck-hose\/\"><strong>Tuyau pour camion de pompiers<\/strong><\/a> fournit un d\u00e9bit d'eau haute pression continu, con\u00e7u pour la lutte contre les incendies en premi\u00e8re ligne. En tant que produit certifi\u00e9 NFPA <a href=\"https:\/\/www.cnbaianfire.com\/category\/fire-hose\/\"><strong>Tuyau d'incendie<\/strong><\/a>Il r\u00e9siste \u00e0 l'abrasion, \u00e0 la chaleur et \u00e0 l'\u00e9clatement lors d'op\u00e9rations intenses. Comptez sur ce tuyau essentiel pour un d\u00e9ploiement rapide, la s\u00e9curit\u00e9 et la fiabilit\u00e9. \u00c9quipez votre camion de pompiers avec la solution de tuyau d'incendie la plus r\u00e9sistante de l'industrie.<\/p>\n<p><img loading=\"lazy\" decoding=\"async\" class=\"size-full wp-image-12460 aligncenter\" data-src=\"https:\/\/www.cnbaianfire.com\/wp-content\/uploads\/2025\/06\/Fire-Truck-Hose-2.webp\" alt=\"Tuyau pour camion de pompiers\" width=\"800\" height=\"800\" srcset=\"https:\/\/www.cnbaianfire.com\/wp-content\/uploads\/2025\/06\/Fire-Truck-Hose-2.webp 800w, https:\/\/www.cnbaianfire.com\/wp-content\/uploads\/2025\/06\/Fire-Truck-Hose-2-480x480.webp 480w\" sizes=\"(min-width: 0px) and (max-width: 480px) 480px, (min-width: 481px) 800px, 100vw\" \/> <img loading=\"lazy\" decoding=\"async\" class=\"size-full wp-image-12459 aligncenter\" data-src=\"https:\/\/www.cnbaianfire.com\/wp-content\/uploads\/2025\/06\/Fire-Truck-Hose-3.webp\" alt=\"Tuyau pour camion de pompiers\" width=\"800\" height=\"800\" srcset=\"https:\/\/www.cnbaianfire.com\/wp-content\/uploads\/2025\/06\/Fire-Truck-Hose-3.webp 800w, https:\/\/www.cnbaianfire.com\/wp-content\/uploads\/2025\/06\/Fire-Truck-Hose-3-480x480.webp 480w\" sizes=\"(min-width: 0px) and (max-width: 480px) 480px, (min-width: 481px) 800px, 100vw\" \/> <img loading=\"lazy\" decoding=\"async\" class=\"size-full wp-image-12458 aligncenter\" data-src=\"https:\/\/www.cnbaianfire.com\/wp-content\/uploads\/2025\/06\/Fire-Truck-Hose-1.webp\" alt=\"Tuyau pour camion de pompiers\" width=\"800\" height=\"800\" srcset=\"https:\/\/www.cnbaianfire.com\/wp-content\/uploads\/2025\/06\/Fire-Truck-Hose-1.webp 800w, https:\/\/www.cnbaianfire.com\/wp-content\/uploads\/2025\/06\/Fire-Truck-Hose-1-480x480.webp 480w\" sizes=\"(min-width: 0px) and (max-width: 480px) 480px, (min-width: 481px) 800px, 100vw\" \/><\/p>","protected":false},"excerpt":{"rendered":"<table class=\"tg\" style=\"border-collapse: collapse;border-spacing: 0\">\n<thead>\n<tr>\n<th style=\"color: #073980;font-family: Arial, sans-serif;font-size: 14px;font-weight: bold;overflow: hidden;padding: 10px 5px;text-align: left;vertical-align: middle;border: 1px solid #343434\">Veste<\/th>\n<th style=\"font-family: Arial, sans-serif;font-size: 14px;font-weight: normal;overflow: hidden;padding: 10px 5px;text-align: left;vertical-align: middle;border: 1px solid #343434\">100% Virgin Polyester jacket\/Single jacket\/Twill or Plain Weave.<\/th>\n<\/tr>\n<\/thead>\n<tbody>\n<tr>\n<td style=\"color: #073980;font-family: Arial, sans-serif;font-size: 14px;font-weight: bold;overflow: hidden;padding: 10px 5px;text-align: left;vertical-align: middle;border: 1px solid #343434\">Doublure<\/td>\n<td style=\"font-family: Arial, sans-serif;font-size: 14px;overflow: hidden;padding: 10px 5px;text-align: left;vertical-align: middle;border: 1px solid #343434\">Pu tube\/ EPDM tube.<\/td>\n<\/tr>\n<tr>\n<td style=\"color: #073980;font-family: Arial, sans-serif;font-size: 14px;font-weight: bold;overflow: hidden;padding: 10px 5px;text-align: left;vertical-align: middle;border: 1px solid #343434\">Couleur<\/td>\n<td style=\"font-family: Arial, sans-serif;font-size: 14px;overflow: hidden;padding: 10px 5px;text-align: left;vertical-align: middle;border: 1px solid #343434\">white\/ Red\/ Yellow.<\/td>\n<\/tr>\n<tr>\n<td style=\"color: #073980;font-family: Arial, sans-serif;font-size: 14px;font-weight: bold;overflow: hidden;padding: 10px 5px;text-align: left;vertical-align: middle;border: 1px solid #343434\">Paquet<\/td>\n<td style=\"font-family: Arial, sans-serif;font-size: 14px;overflow: hidden;padding: 10px 5px;text-align: left;vertical-align: middle;border: 1px solid #343434\">Packet in carton or loaded in pallet.<\/td>\n<\/tr>\n<tr>\n<td style=\"color: #073980;font-family: Arial, sans-serif;font-size: 14px;font-weight: bold;overflow: hidden;padding: 10px 5px;text-align: left;vertical-align: middle;border: 1px solid #343434\">Application<\/td>\n<td style=\"font-family: Arial, sans-serif;font-size: 14px;overflow: hidden;padding: 10px 5px;text-align: left;vertical-align: middle;border: 1px solid #343434\">Fire Fighting Truck.<\/td>\n<\/tr>\n<tr>\n<td style=\"color: #073980;font-family: Arial, sans-serif;font-size: 14px;font-weight: bold;overflow: hidden;padding: 10px 5px;text-align: left;vertical-align: middle;border: 1px solid #343434\">Binding Coupling<\/td>\n<td style=\"font-family: Arial, sans-serif;font-size: 14px;overflow: hidden;padding: 10px 5px;text-align: left;vertical-align: middle;border: 1px solid #343434\">Germany\/Japan\/America.<\/td>\n<\/tr>\n<tr>\n<td style=\"color: #073980;font-family: Arial, sans-serif;font-size: 14px;font-weight: bold;overflow: hidden;padding: 10px 5px;text-align: left;vertical-align: middle;border: 1px solid #343434\">Longueur standard<\/td>\n<td style=\"font-family: Arial, sans-serif;font-size: 14px;overflow: hidden;padding: 10px 5px;text-align: left;vertical-align: middle;border: 1px solid #343434\">15m(50ft)\/20m(66ft)\/22.5m(75ft)\/30m(100ft).<\/td>\n<\/tr>\n<\/tbody>\n<\/table>","protected":false},"featured_media":12458,"template":"","meta":{"_et_pb_use_builder":"","_et_pb_old_content":"","_et_gb_content_width":""},"product_cat":[191],"product_tag":[],"yoast_head":"<!-- This site is optimized with the Yoast SEO plugin v22.7 - https:\/\/yoast.com\/wordpress\/plugins\/seo\/ -->\n<title>China wholesales Fire Truck Hose supplier - BAIAN FIRE PROTECTION EQUIPMENT<\/title>\n<meta name=\"description\" content=\"Professional Fire Truck Hose manufacturer - Baian. We offers reliable, certified fire fighting equipment backed by technical support and global experience.\" \/>\n<meta name=\"robots\" content=\"index, follow, max-snippet:-1, max-image-preview:large, max-video-preview:-1\" \/>\n<link rel=\"canonical\" href=\"https:\/\/www.cnbaianfire.com\/fr\/produit\/fire-truck-hose\/\" \/>\n<meta property=\"og:locale\" content=\"fr_FR\" \/>\n<meta property=\"og:type\" content=\"article\" \/>\n<meta property=\"og:title\" content=\"China wholesales Fire Truck Hose supplier - BAIAN FIRE PROTECTION EQUIPMENT\" \/>\n<meta property=\"og:description\" content=\"Professional Fire Truck Hose manufacturer - Baian. We offers reliable, certified fire fighting equipment backed by technical support and global experience.\" \/>\n<meta property=\"og:url\" content=\"https:\/\/www.cnbaianfire.com\/fr\/produit\/fire-truck-hose\/\" \/>\n<meta property=\"og:site_name\" content=\"BAIAN FIRE PROTECTION EQUIPMENT\" \/>\n<meta property=\"article:publisher\" content=\"https:\/\/www.facebook.com\/BaianFirefightingEquipment\" \/>\n<meta property=\"article:modified_time\" content=\"2025-08-19T06:27:31+00:00\" \/>\n<meta property=\"og:image\" content=\"https:\/\/www.cnbaianfire.com\/wp-content\/uploads\/2025\/06\/Fire-Truck-Hose-1.webp\" \/>\n\t<meta property=\"og:image:width\" content=\"800\" \/>\n\t<meta property=\"og:image:height\" content=\"800\" \/>\n\t<meta property=\"og:image:type\" content=\"image\/webp\" \/>\n<meta name=\"twitter:card\" content=\"summary_large_image\" \/>\n<meta name=\"twitter:label1\" content=\"Dur\u00e9e de lecture estim\u00e9e\" \/>\n\t<meta name=\"twitter:data1\" content=\"2 minutes\" \/>\n<script type=\"application\/ld+json\" class=\"yoast-schema-graph\">{\"@context\":\"https:\/\/schema.org\",\"@graph\":[{\"@type\":\"WebPage\",\"@id\":\"https:\/\/www.cnbaianfire.com\/product\/fire-truck-hose\/\",\"url\":\"https:\/\/www.cnbaianfire.com\/product\/fire-truck-hose\/\",\"name\":\"China wholesales Fire Truck Hose supplier - BAIAN FIRE PROTECTION EQUIPMENT\",\"isPartOf\":{\"@id\":\"https:\/\/www.cnbaianfire.com\/#website\"},\"primaryImageOfPage\":{\"@id\":\"https:\/\/www.cnbaianfire.com\/product\/fire-truck-hose\/#primaryimage\"},\"image\":{\"@id\":\"https:\/\/www.cnbaianfire.com\/product\/fire-truck-hose\/#primaryimage\"},\"thumbnailUrl\":\"https:\/\/www.cnbaianfire.com\/wp-content\/uploads\/2025\/06\/Fire-Truck-Hose-1.webp\",\"datePublished\":\"2025-06-05T06:26:14+00:00\",\"dateModified\":\"2025-08-19T06:27:31+00:00\",\"description\":\"Professional Fire Truck Hose manufacturer - Baian. We offers reliable, certified fire fighting equipment backed by technical support and global experience.\",\"breadcrumb\":{\"@id\":\"https:\/\/www.cnbaianfire.com\/product\/fire-truck-hose\/#breadcrumb\"},\"inLanguage\":\"fr-FR\",\"potentialAction\":[{\"@type\":\"ReadAction\",\"target\":[\"https:\/\/www.cnbaianfire.com\/product\/fire-truck-hose\/\"]}]},{\"@type\":\"ImageObject\",\"inLanguage\":\"fr-FR\",\"@id\":\"https:\/\/www.cnbaianfire.com\/product\/fire-truck-hose\/#primaryimage\",\"url\":\"https:\/\/www.cnbaianfire.com\/wp-content\/uploads\/2025\/06\/Fire-Truck-Hose-1.webp\",\"contentUrl\":\"https:\/\/www.cnbaianfire.com\/wp-content\/uploads\/2025\/06\/Fire-Truck-Hose-1.webp\",\"width\":800,\"height\":800,\"caption\":\"Fire Truck Hose\"},{\"@type\":\"BreadcrumbList\",\"@id\":\"https:\/\/www.cnbaianfire.com\/product\/fire-truck-hose\/#breadcrumb\",\"itemListElement\":[{\"@type\":\"ListItem\",\"position\":1,\"name\":\"Home\",\"item\":\"https:\/\/www.cnbaianfire.com\/\"},{\"@type\":\"ListItem\",\"position\":2,\"name\":\"Products\",\"item\":\"https:\/\/www.cnbaianfire.com\/shop\/\"},{\"@type\":\"ListItem\",\"position\":3,\"name\":\"Fire Truck Hose\"}]},{\"@type\":\"WebSite\",\"@id\":\"https:\/\/www.cnbaianfire.com\/#website\",\"url\":\"https:\/\/www.cnbaianfire.com\/\",\"name\":\"BAIAN FIRE PROTECTION EQUIPMENT\",\"description\":\"\",\"publisher\":{\"@id\":\"https:\/\/www.cnbaianfire.com\/#organization\"},\"potentialAction\":[{\"@type\":\"SearchAction\",\"target\":{\"@type\":\"EntryPoint\",\"urlTemplate\":\"https:\/\/www.cnbaianfire.com\/?s={search_term_string}\"},\"query-input\":\"required name=search_term_string\"}],\"inLanguage\":\"fr-FR\"},{\"@type\":\"Organization\",\"@id\":\"https:\/\/www.cnbaianfire.com\/#organization\",\"name\":\"Baian Group\",\"url\":\"https:\/\/www.cnbaianfire.com\/\",\"logo\":{\"@type\":\"ImageObject\",\"inLanguage\":\"fr-FR\",\"@id\":\"https:\/\/www.cnbaianfire.com\/#\/schema\/logo\/image\/\",\"url\":\"https:\/\/www.cnbaianfire.com\/wp-content\/uploads\/2025\/05\/baian-fire-ptotection-logo.webp\",\"contentUrl\":\"https:\/\/www.cnbaianfire.com\/wp-content\/uploads\/2025\/05\/baian-fire-ptotection-logo.webp\",\"width\":501,\"height\":494,\"caption\":\"Baian Group\"},\"image\":{\"@id\":\"https:\/\/www.cnbaianfire.com\/#\/schema\/logo\/image\/\"},\"sameAs\":[\"https:\/\/www.facebook.com\/BaianFirefightingEquipment\"]}]}<\/script>\n<!-- \/ Yoast SEO plugin. -->","yoast_head_json":{"title":"China wholesales Fire Truck Hose supplier - BAIAN FIRE PROTECTION EQUIPMENT","description":"Professional Fire Truck Hose manufacturer - Baian. We offers reliable, certified fire fighting equipment backed by technical support and global experience.","robots":{"index":"index","follow":"follow","max-snippet":"max-snippet:-1","max-image-preview":"max-image-preview:large","max-video-preview":"max-video-preview:-1"},"canonical":"https:\/\/www.cnbaianfire.com\/fr\/produit\/fire-truck-hose\/","og_locale":"fr_FR","og_type":"article","og_title":"China wholesales Fire Truck Hose supplier - BAIAN FIRE PROTECTION EQUIPMENT","og_description":"Professional Fire Truck Hose manufacturer - Baian. We offers reliable, certified fire fighting equipment backed by technical support and global experience.","og_url":"https:\/\/www.cnbaianfire.com\/fr\/produit\/fire-truck-hose\/","og_site_name":"BAIAN FIRE PROTECTION EQUIPMENT","article_publisher":"https:\/\/www.facebook.com\/BaianFirefightingEquipment","article_modified_time":"2025-08-19T06:27:31+00:00","og_image":[{"width":800,"height":800,"url":"https:\/\/www.cnbaianfire.com\/wp-content\/uploads\/2025\/06\/Fire-Truck-Hose-1.webp","type":"image\/webp"}],"twitter_card":"summary_large_image","twitter_misc":{"Dur\u00e9e de lecture estim\u00e9e":"2 minutes"},"schema":{"@context":"https:\/\/schema.org","@graph":[{"@type":"WebPage","@id":"https:\/\/www.cnbaianfire.com\/product\/fire-truck-hose\/","url":"https:\/\/www.cnbaianfire.com\/product\/fire-truck-hose\/","name":"China wholesales Fire Truck Hose supplier - BAIAN FIRE PROTECTION EQUIPMENT","isPartOf":{"@id":"https:\/\/www.cnbaianfire.com\/#website"},"primaryImageOfPage":{"@id":"https:\/\/www.cnbaianfire.com\/product\/fire-truck-hose\/#primaryimage"},"image":{"@id":"https:\/\/www.cnbaianfire.com\/product\/fire-truck-hose\/#primaryimage"},"thumbnailUrl":"https:\/\/www.cnbaianfire.com\/wp-content\/uploads\/2025\/06\/Fire-Truck-Hose-1.webp","datePublished":"2025-06-05T06:26:14+00:00","dateModified":"2025-08-19T06:27:31+00:00","description":"Professional Fire Truck Hose manufacturer - Baian. We offers reliable, certified fire fighting equipment backed by technical support and global experience.","breadcrumb":{"@id":"https:\/\/www.cnbaianfire.com\/product\/fire-truck-hose\/#breadcrumb"},"inLanguage":"fr-FR","potentialAction":[{"@type":"ReadAction","target":["https:\/\/www.cnbaianfire.com\/product\/fire-truck-hose\/"]}]},{"@type":"ImageObject","inLanguage":"fr-FR","@id":"https:\/\/www.cnbaianfire.com\/product\/fire-truck-hose\/#primaryimage","url":"https:\/\/www.cnbaianfire.com\/wp-content\/uploads\/2025\/06\/Fire-Truck-Hose-1.webp","contentUrl":"https:\/\/www.cnbaianfire.com\/wp-content\/uploads\/2025\/06\/Fire-Truck-Hose-1.webp","width":800,"height":800,"caption":"Fire Truck Hose"},{"@type":"BreadcrumbList","@id":"https:\/\/www.cnbaianfire.com\/product\/fire-truck-hose\/#breadcrumb","itemListElement":[{"@type":"ListItem","position":1,"name":"Home","item":"https:\/\/www.cnbaianfire.com\/"},{"@type":"ListItem","position":2,"name":"Products","item":"https:\/\/www.cnbaianfire.com\/shop\/"},{"@type":"ListItem","position":3,"name":"Fire Truck Hose"}]},{"@type":"WebSite","@id":"https:\/\/www.cnbaianfire.com\/#website","url":"https:\/\/www.cnbaianfire.com\/","name":"BAIAN FIRE PROTECTION EQUIPMENT","description":"","publisher":{"@id":"https:\/\/www.cnbaianfire.com\/#organization"},"potentialAction":[{"@type":"SearchAction","target":{"@type":"EntryPoint","urlTemplate":"https:\/\/www.cnbaianfire.com\/?s={search_term_string}"},"query-input":"required name=search_term_string"}],"inLanguage":"fr-FR"},{"@type":"Organization","@id":"https:\/\/www.cnbaianfire.com\/#organization","name":"Baian Group","url":"https:\/\/www.cnbaianfire.com\/","logo":{"@type":"ImageObject","inLanguage":"fr-FR","@id":"https:\/\/www.cnbaianfire.com\/#\/schema\/logo\/image\/","url":"https:\/\/www.cnbaianfire.com\/wp-content\/uploads\/2025\/05\/baian-fire-ptotection-logo.webp","contentUrl":"https:\/\/www.cnbaianfire.com\/wp-content\/uploads\/2025\/05\/baian-fire-ptotection-logo.webp","width":501,"height":494,"caption":"Baian Group"},"image":{"@id":"https:\/\/www.cnbaianfire.com\/#\/schema\/logo\/image\/"},"sameAs":["https:\/\/www.facebook.com\/BaianFirefightingEquipment"]}]}},"_links":{"self":[{"href":"https:\/\/www.cnbaianfire.com\/fr\/wp-json\/wp\/v2\/product\/12457"}],"collection":[{"href":"https:\/\/www.cnbaianfire.com\/fr\/wp-json\/wp\/v2\/product"}],"about":[{"href":"https:\/\/www.cnbaianfire.com\/fr\/wp-json\/wp\/v2\/types\/product"}],"wp:featuredmedia":[{"embeddable":true,"href":"https:\/\/www.cnbaianfire.com\/fr\/wp-json\/wp\/v2\/media\/12458"}],"wp:attachment":[{"href":"https:\/\/www.cnbaianfire.com\/fr\/wp-json\/wp\/v2\/media?parent=12457"}],"wp:term":[{"taxonomy":"product_cat","embeddable":true,"href":"https:\/\/www.cnbaianfire.com\/fr\/wp-json\/wp\/v2\/product_cat?post=12457"},{"taxonomy":"product_tag","embeddable":true,"href":"https:\/\/www.cnbaianfire.com\/fr\/wp-json\/wp\/v2\/product_tag?post=12457"}],"curies":[{"name":"wp","href":"https:\/\/api.w.org\/{rel}","templated":true}]}}