{"id":1622,"date":"2024-01-04T05:06:31","date_gmt":"2024-01-04T05:06:31","guid":{"rendered":"http:\/\/3.215.36.167\/?page_id=1622"},"modified":"2025-08-06T03:45:32","modified_gmt":"2025-08-06T03:45:32","slug":"products","status":"publish","type":"page","link":"https:\/\/www.cnbaianfire.com\/fr\/products\/","title":{"rendered":"Produits"},"content":{"rendered":"[et_pb_section fb_built=&#8221;1&#8243; custom_padding_last_edited=&#8221;on|phone&#8221; _builder_version=&#8221;4.21.0&#8243; _module_preset=&#8221;default&#8221; background_enable_color=&#8221;off&#8221; custom_padding=&#8221;15px||0px||false|false&#8221; custom_padding_tablet=&#8221;35px||0px||false|false&#8221; custom_padding_phone=&#8221;0px||||false|false&#8221; border_color_bottom=&#8221;#eeeeee&#8221; global_colors_info=&#8221;{}&#8221;][et_pb_row _builder_version=&#8221;4.21.0&#8243; _module_preset=&#8221;default&#8221; custom_padding=&#8221;0px||15px||false|false&#8221; border_width_bottom=&#8221;1px&#8221; border_color_bottom=&#8221;#eeeeee&#8221; global_colors_info=&#8221;{}&#8221;][et_pb_column type=&#8221;4_4&#8243; _builder_version=&#8221;4.21.0&#8243; _module_preset=&#8221;default&#8221; global_colors_info=&#8221;{}&#8221;][dipl_breadcrumb breadcrumb_layout=&#8221;layout2&#8243; separator_text=&#8221;\/&#8221; separator_size=&#8221;18px&#8221; separator_color=&#8221;#888888&#8243; _builder_version=&#8221;4.21.0&#8243; _module_preset=&#8221;default&#8221; global_text_settings_text_align=&#8221;left&#8221; global_text_settings_font_size=&#8221;18px&#8221; text_font=&#8221;||||||||&#8221; text_text_color=&#8221;#000000&#8243; link_text_color=&#8221;#000000&#8243; global_text_settings_font_size_tablet=&#8221;18px&#8221; global_text_settings_font_size_phone=&#8221;14px&#8221; global_text_settings_font_size_last_edited=&#8221;on|phone&#8221; global_colors_info=&#8221;{}&#8221;][\/dipl_breadcrumb][\/et_pb_column][\/et_pb_row][\/et_pb_section][et_pb_section fb_built=&#8221;1&#8243; custom_padding_last_edited=&#8221;on|phone&#8221; _builder_version=&#8221;4.21.0&#8243; _module_preset=&#8221;default&#8221; custom_padding=&#8221;29px||29px||true|false&#8221; custom_padding_tablet=&#8221;25px||25px||true|false&#8221; custom_padding_phone=&#8221;0px||25px||false|false&#8221; global_colors_info=&#8221;{}&#8221;][et_pb_row column_structure=&#8221;1_4,3_4&#8243; use_custom_gutter=&#8221;on&#8221; custom_padding_last_edited=&#8221;on|phone&#8221; module_id=&#8221;row-flex&#8221; _builder_version=&#8221;4.21.0&#8243; _module_preset=&#8221;default&#8221; custom_padding=&#8221;0px||||false|false&#8221; custom_padding_tablet=&#8221;25px||||false|false&#8221; custom_padding_phone=&#8221;25px||||false|false&#8221; hover_enabled=&#8221;0&#8243; global_colors_info=&#8221;{}&#8221; sticky_enabled=&#8221;0&#8243;][et_pb_column type=&#8221;1_4&#8243; _builder_version=&#8221;4.21.0&#8243; _module_preset=&#8221;default&#8221; global_colors_info=&#8221;{}&#8221;][et_pb_sidebar area=&#8221;et_pb_widget_area_1&#8243; show_border=&#8221;off&#8221; disabled_on=&#8221;off|off|off&#8221; module_id=&#8221;pro-sidebar&#8221; _builder_version=&#8221;4.21.0&#8243; _module_preset=&#8221;default&#8221; body_font=&#8221;||||||||&#8221; body_text_color=&#8221;#000000&#8243; body_font_size=&#8221;16px&#8221; custom_margin=&#8221;||0px||false|false&#8221; global_colors_info=&#8221;{}&#8221;][\/et_pb_sidebar][\/et_pb_column][et_pb_column type=&#8221;3_4&#8243; _builder_version=&#8221;4.21.0&#8243; _module_preset=&#8221;default&#8221; global_colors_info=&#8221;{}&#8221;][et_pb_text _builder_version=&#8221;4.21.0&#8243; _module_preset=&#8221;default&#8221; header_font=&#8221;|700|||||||&#8221; header_text_align=&#8221;left&#8221; header_text_color=&#8221;#000000&#8243; header_font_size=&#8221;32px&#8221; custom_margin=&#8221;||15px||false|false&#8221; custom_padding=&#8221;||||false|false&#8221; custom_padding_tablet=&#8221;0px||||false|false&#8221; custom_padding_phone=&#8221;0px||||false|false&#8221; custom_padding_last_edited=&#8221;on|tablet&#8221; header_font_size_tablet=&#8221;40px&#8221; header_font_size_phone=&#8221;18px&#8221; header_font_size_last_edited=&#8221;on|phone&#8221; global_colors_info=&#8221;{}&#8221;]<h1><span>Produits de protection contre l'incendie<\/span><\/h1>[\/et_pb_text][et_pb_text _builder_version=&#8221;4.21.0&#8243; _module_preset=&#8221;default&#8221; global_colors_info=&#8221;{}&#8221;]<p>A la recherche d'une personne fiable<span><a href=\"https:\/\/www.cnbaianfire.com\/\">\u00a0\u00e9quipement de protection contre l'incendie<\/a><\/span>? Chez Bai'an, nous combinons une qualit\u00e9 certifi\u00e9e avec une ing\u00e9nierie pratique pour vous aider \u00e0 construire des syst\u00e8mes plus s\u00fbrs et plus efficaces - avec moins de probl\u00e8mes et plus de soutien.<\/p>\n<p><span><a href=\"https:\/\/www.cnbaianfire.com\/contact-us\/\">Contactez nous<\/a><\/span>\u00a0pour obtenir un devis personnalis\u00e9 ou des conseils techniques pour votre prochain projet. Construisons ensemble une protection contre l'incendie qui fonctionne.<\/p>[\/et_pb_text][et_pb_shop show_pagination=&#8221;on&#8221; columns_number=&#8221;4&#8243; icon_hover_color=&#8221;#FFFFFF&#8221; hover_overlay_color=&#8221;rgba(0,0,0,0.42)&#8221; hover_icon=&#8221;&#x4c;||divi||400&#8243; show_price=&#8221;off&#8221; show_rating=&#8221;off&#8221; show_sale_badge=&#8221;off&#8221; module_id=&#8221;p-list&#8221; _builder_version=&#8221;4.21.0&#8243; _module_preset=&#8221;default&#8221; title_text_align=&#8221;center&#8221; title_font_size=&#8221;15px&#8221; title_line_height=&#8221;1.1em&#8221; global_colors_info=&#8221;{}&#8221;][\/et_pb_shop][et_pb_text module_id=&#8221;pdes&#8221; _builder_version=&#8221;4.21.0&#8243; _module_preset=&#8221;default&#8221; global_colors_info=&#8221;{}&#8221;]<h2><strong>Un \u00e9quipement de lutte contre l'incendie fiable - con\u00e7u pour des applications pratiques<\/strong><\/h2>\n<p>Chez Baian, nous savons que chaque seconde compte en mati\u00e8re de s\u00e9curit\u00e9 incendie et que chaque composant de l'\u00e9quipement de lutte contre l'incendie est essentiel. Des services municipaux de lutte contre l'incendie aux grands projets industriels, nos produits sont utilis\u00e9s dans des domaines o\u00f9 la s\u00e9curit\u00e9 ne peut \u00eatre compromise.<\/p>\n<p>Nous proposons une gamme compl\u00e8te d'\u00e9quipements essentiels, notamment <span><a href=\"https:\/\/www.cnbaianfire.com\/category\/fire-hose\/\">tuyau de bouche d'incendie<\/a><\/span>, <span><a href=\"https:\/\/www.cnbaianfire.com\/category\/fire-monitor-system\/\">moniteur d'incendie \u00e0 mousse<\/a><\/span>, <span><a href=\"https:\/\/www.cnbaianfire.com\/category\/foam-system\/\">syst\u00e8me de mousse anti-incendie<\/a><\/span>\u00a0et <span><a href=\"https:\/\/www.cnbaianfire.com\/category\/fire-fighting-valve\/\">vanne de bouche d'incendie<\/a><\/span>- tous con\u00e7us dans un souci de durabilit\u00e9, de compatibilit\u00e9 et de facilit\u00e9 d'utilisation.<\/p>\n<h2><strong>Clapets anti-incendie - un contr\u00f4le fiable du d\u00e9bit<\/strong><\/h2>\n<p>De la r\u00e9gulation de la pression \u00e0 la coupure du d\u00e9bit, nous proposons une gamme de vannes pour assurer le bon fonctionnement de votre syst\u00e8me. Chaque vanne est fabriqu\u00e9e selon les normes internationales et ses performances sont test\u00e9es pour garantir des performances constantes.<\/p>\n<ul>\n<li><span><\/span><span><a href=\"https:\/\/www.cnbaianfire.com\/category\/fire-fighting-valve\/gate-valve\/\">Robinet-vanne de bouche d'incendie<\/a><\/span>, <span><a href=\"https:\/\/www.cnbaianfire.com\/category\/fire-fighting-valve\/butterfly-valve\/\">vanne papillon de protection contre l'incendie<\/a><\/span>, <span><a href=\"https:\/\/www.cnbaianfire.com\/category\/fire-fighting-valve\/brass-valve\/\">Soupape en laiton<\/a><\/span>, <span><a href=\"https:\/\/www.cnbaianfire.com\/category\/fire-fighting-valve\/strainer-valve\/\">Vanne \u00e0 cr\u00e9pine<\/a><\/span>,<span><a href=\"https:\/\/www.cnbaianfire.com\/category\/fire-fighting-valve\/pressure-relief-valve\/\">soupape de d\u00e9charge de la pompe \u00e0 incendie<\/a><\/span>,\u00a0<span><a href=\"https:\/\/www.cnbaianfire.com\/category\/fire-fighting-valve\/pressure-relief-valve\/\">clapet de d\u00e9charge pour pompe \u00e0 incendie<\/a><\/span><\/li>\n<li><span><\/span>Plusieurs tailles et options de mat\u00e9riaux<\/li>\n<li><span><\/span>Facile \u00e0 installer et \u00e0 entretenir<\/li>\n<li><span><\/span>Conforme aux certifications CCCF\/CE\/ISO<\/li>\n<\/ul>\n<h2><strong>Lances d'incendie - durables, flexibles, pr\u00eates \u00e0 l'emploi<\/strong><\/h2>\n<p>Nos tuyaux d'incendie sont con\u00e7us pour r\u00e9sister \u00e0 des conditions difficiles. Ils sont l\u00e9gers, solides et faciles \u00e0 d\u00e9ployer pour les utilisations d'urgence et les syst\u00e8mes fixes de lutte contre l'incendie.<\/p>\n<ul>\n<li><span><\/span>Disponible en version simple ou double<\/li>\n<li><span><\/span>Renforc\u00e9 pour les applications \u00e0 haute pression<\/li>\n<li><span><\/span>Disponible avec des raccords en aluminium, en laiton et en acier inoxydable<\/li>\n<li><span><\/span>R\u00e9sistant \u00e0 l'usure, \u00e0 la moisissure et aux intemp\u00e9ries<\/li>\n<\/ul>\n<h2><strong>Syst\u00e8mes de surveillance des incendies - haut d\u00e9bit, couverture totale<\/strong><\/h2>\n<p>Nos d\u00e9tecteurs d'incendie sont con\u00e7us pour les applications qui n\u00e9cessitent une large couverture et une pulv\u00e9risation d'eau puissante, comme les d\u00e9p\u00f4ts de carburant, les a\u00e9roports et les zones de stockage de produits chimiques. Nous proposons des mod\u00e8les manuels et \u00e0 distance avec des capacit\u00e9s de rotation et de levage en douceur.<\/p>\n<ul>\n<li><span><\/span>D\u00e9bits de 20 l\/s \u00e0 plus de 80 l\/s<\/li>\n<li><span><\/span>Corps robuste et durable pour les environnements ext\u00e9rieurs<\/li>\n<li><span><\/span>Disponible en version eau pure ou en version compatible avec les mousses<\/li>\n<li><span><\/span>Entretien facile et fonctionnement simple<\/li>\n<\/ul>\n<h2><strong>Syst\u00e8mes \u00e0 mousse - pour \u00e9teindre efficacement les incendies de liquides<\/strong><\/h2>\n<p>Les syst\u00e8mes de mousse sont essentiels pour les lieux o\u00f9 des liquides inflammables sont stock\u00e9s ou trait\u00e9s. Nous proposons des syst\u00e8mes complets comprenant des doseurs, des r\u00e9servoirs, des g\u00e9n\u00e9rateurs et des buses pour diff\u00e9rents types de mousse.<\/p>\n<ul>\n<li><span><\/span>Supports de mousse aqueuse formant un film (AFFF), de mousse aqueuse formant un film \u00e0 base de charbon actif (AR-AFFF) et de mousse prot\u00e9inique<\/li>\n<li><span><\/span>M\u00e9lange pr\u00e9cis pour une utilisation efficace de la mousse<\/li>\n<li><span><\/span>Conception modulaire pour une int\u00e9gration facile du syst\u00e8me<\/li>\n<li><span><\/span>Convient aux raffineries, aux quais de chargement et aux d\u00e9p\u00f4ts de carburant<\/li>\n<\/ul>[\/et_pb_text][et_pb_code _builder_version=&#8221;4.21.0&#8243; _module_preset=&#8221;default&#8221; global_colors_info=&#8221;{}&#8221; theme_builder_area=&#8221;post_content&#8221;]    <div class=\"header_inquiry\" style=\"display: flex; align-items: center; justify-content: center; height: 64vh; background-color: #f1f4f6; width: 100%;\">\n        <div id=\"header_inquiry-form\" style=\"border:1px solid #bfbfbf; padding: 2em; padding-top:2.625em;width: 84%; background-color: #fff;\">\n\n            <div style=\"background-color: #013e5a; color: #fff; padding: 1em; border-radius: 5px; margin-bottom: 2em; text-align: center;\">\n                <p style=\"margin: 0; color: #fff;\">Laissez votre message<\/p>\n            <\/div>\n\n            <form id=\"header_inquiry-form-content\" action=\"#\" method=\"post\" style=\"color: #666;\" data-trp-original-action=\"#\">\n\n                <input type=\"text\" name=\"title\" id=\"name\" placeholder=\"*Nom...\" required style=\"width: 100%; padding: 1em; margin-bottom: 1em; box-sizing: border-box;\">\n                <input type=\"email\" name=\"email\" id=\"email\" placeholder=\"*Email (Nous vous r\u00e9pondrons par email dans les 24 heures)\" required style=\"width: 100%; padding: 1em; margin-bottom: 1em; box-sizing: border-box;\">\n                <input type=\"text\" name=\"telephone\" id=\"phone\" placeholder=\"*T\u00e9l\u00e9phone\/WhatsApp\/WeChat (tr\u00e8s important)\" required style=\"width: 100%; padding: 1em; margin-bottom: 1em; box-sizing: border-box;\">\n                <textarea name=\"message\" id=\"details\" rows=\"4\" placeholder=\"*Les d\u00e9tails de l&#039;en-t\u00eate, tels que la taille, la couleur, les mat\u00e9riaux, etc. et d&#039;autres exigences sp\u00e9cifiques sont \u00e0 saisir pour recevoir un devis pr\u00e9cis.\" style=\"width: 100%; padding: 1em; margin-bottom: 1em; box-sizing: border-box;\"><\/textarea>\n\n                <button type=\"submit\" style=\"background-color: #f28808; color: #fff; padding: 1em 1.5em; border: none; border-radius: 3px; cursor: pointer; width: 100%;\">Envoyer<\/button>\n\n            <input type=\"hidden\" name=\"trp-form-language\" value=\"fr\"\/><\/form>\n\n        <\/div>\n    <\/div>\n    [\/et_pb_code][\/et_pb_column][\/et_pb_row][\/et_pb_section]","protected":false},"excerpt":{"rendered":"<p><div class=\"et_pb_module dipl_breadcrumb dipl_breadcrumb_0\">\n\t\t\t\t\n\t\t\t\t\n\t\t\t\t\n\t\t\t\t\n\t\t\t\t\n\t\t\t\t\n\t\t\t\t<div class=\"et_pb_module_inner\">\n\t\t\t\t\t<div class=\"dipl-breadcrumb-wrapper layout2\">\n\t\t\t\t\t\t\t\t<ol class=\"dipl-breadcrumb-inner\" vocab=\"https:\/\/schema.org\/\" typeof=\"BreadcrumbList\">\n\t\t\t\t\t\t\t\t\t<li property=\"itemListElement\" typeof=\"ListItem\" data-icon=\"&#x24;\">\n\t\t\t\t\t\t\t\t\t\t\t\t\t    <a class=\"breadcrumb-item dipl-home-page\" href=\"https:\/\/www.cnbaianfire.com\/fr\" property=\"item\" typeof=\"WebPage\" >\n\t\t\t\t\t\t\t\t\t\t\t\t\t      \t<span class=\"breadcrumb-page\" property=\"name\">Accueil<\/span>\n\t\t\t\t\t\t\t\t\t\t\t\t\t    <\/a>\n\t\t\t\t\t\t\t\t\t\t\t\t\t    <meta property=\"position\" content=\"1\" \/>\n\t\t\t\t\t\t\t\t\t\t\t\t\t<\/li>\n\t\t\t\t\t\t\t\t<\/ol>\n\t\t\t\t\t\t\t<\/div>\n\t\t\t\t<\/div>\n\t\t\t<\/div>Fire Protection ProductsLooking for reliable\u00a0fire protection equipment? At Bai\u2019an, we combine certified quality with practical engineering to help you build safer, more efficient systems \u2014 with less hassle and more support. Contact us\u00a0today to get a customized quote or technical [&hellip;]<\/p>","protected":false},"author":1,"featured_media":12737,"parent":0,"menu_order":0,"comment_status":"closed","ping_status":"closed","template":"","meta":{"_et_pb_use_builder":"on","_et_pb_old_content":"","_et_gb_content_width":"","footnotes":""},"yoast_head":"<!-- This site is optimized with the Yoast SEO plugin v22.7 - https:\/\/yoast.com\/wordpress\/plugins\/seo\/ -->\n<title>Fire Fighting Equipment | Fire Safety Product Catalog<\/title>\n<meta name=\"description\" content=\"Explore our full range of certified fire fighting equipment and fire protection systems. Reliable fire safety products for industrial and commercial use.\" \/>\n<meta name=\"robots\" content=\"index, follow, max-snippet:-1, max-image-preview:large, max-video-preview:-1\" \/>\n<link rel=\"canonical\" href=\"https:\/\/www.cnbaianfire.com\/fr\/products\/\" \/>\n<meta property=\"og:locale\" content=\"fr_FR\" \/>\n<meta property=\"og:type\" content=\"article\" \/>\n<meta property=\"og:title\" content=\"Fire Fighting Equipment | Fire Safety Product Catalog\" \/>\n<meta property=\"og:description\" content=\"Explore our full range of certified fire fighting equipment and fire protection systems. Reliable fire safety products for industrial and commercial use.\" \/>\n<meta property=\"og:url\" content=\"https:\/\/www.cnbaianfire.com\/fr\/products\/\" \/>\n<meta property=\"og:site_name\" content=\"BAIAN FIRE PROTECTION EQUIPMENT\" \/>\n<meta property=\"article:publisher\" content=\"https:\/\/www.facebook.com\/BaianFirefightingEquipment\" \/>\n<meta property=\"article:modified_time\" content=\"2025-08-06T03:45:32+00:00\" \/>\n<meta property=\"og:image\" content=\"https:\/\/www.cnbaianfire.com\/wp-content\/uploads\/2025\/06\/Fire-Foam-System.webp\" \/>\n\t<meta property=\"og:image:width\" content=\"1024\" \/>\n\t<meta property=\"og:image:height\" content=\"768\" \/>\n\t<meta property=\"og:image:type\" content=\"image\/webp\" \/>\n<meta name=\"twitter:card\" content=\"summary_large_image\" \/>\n<meta name=\"twitter:label1\" content=\"Dur\u00e9e de lecture estim\u00e9e\" \/>\n\t<meta name=\"twitter:data1\" content=\"6 minutes\" \/>\n<script type=\"application\/ld+json\" class=\"yoast-schema-graph\">{\"@context\":\"https:\/\/schema.org\",\"@graph\":[{\"@type\":\"WebPage\",\"@id\":\"https:\/\/www.cnbaianfire.com\/products\/\",\"url\":\"https:\/\/www.cnbaianfire.com\/products\/\",\"name\":\"Fire Fighting Equipment | Fire Safety Product Catalog\",\"isPartOf\":{\"@id\":\"https:\/\/www.cnbaianfire.com\/#website\"},\"primaryImageOfPage\":{\"@id\":\"https:\/\/www.cnbaianfire.com\/products\/#primaryimage\"},\"image\":{\"@id\":\"https:\/\/www.cnbaianfire.com\/products\/#primaryimage\"},\"thumbnailUrl\":\"https:\/\/www.cnbaianfire.com\/wp-content\/uploads\/2025\/06\/Fire-Foam-System.webp\",\"datePublished\":\"2024-01-04T05:06:31+00:00\",\"dateModified\":\"2025-08-06T03:45:32+00:00\",\"description\":\"Explore our full range of certified fire fighting equipment and fire protection systems. Reliable fire safety products for industrial and commercial use.\",\"breadcrumb\":{\"@id\":\"https:\/\/www.cnbaianfire.com\/products\/#breadcrumb\"},\"inLanguage\":\"fr-FR\",\"potentialAction\":[{\"@type\":\"ReadAction\",\"target\":[\"https:\/\/www.cnbaianfire.com\/products\/\"]}]},{\"@type\":\"ImageObject\",\"inLanguage\":\"fr-FR\",\"@id\":\"https:\/\/www.cnbaianfire.com\/products\/#primaryimage\",\"url\":\"https:\/\/www.cnbaianfire.com\/wp-content\/uploads\/2025\/06\/Fire-Foam-System.webp\",\"contentUrl\":\"https:\/\/www.cnbaianfire.com\/wp-content\/uploads\/2025\/06\/Fire-Foam-System.webp\",\"width\":1024,\"height\":768,\"caption\":\"Fire Foam System\"},{\"@type\":\"BreadcrumbList\",\"@id\":\"https:\/\/www.cnbaianfire.com\/products\/#breadcrumb\",\"itemListElement\":[{\"@type\":\"ListItem\",\"position\":1,\"name\":\"Home\",\"item\":\"https:\/\/www.cnbaianfire.com\/\"},{\"@type\":\"ListItem\",\"position\":2,\"name\":\"Products\"}]},{\"@type\":\"WebSite\",\"@id\":\"https:\/\/www.cnbaianfire.com\/#website\",\"url\":\"https:\/\/www.cnbaianfire.com\/\",\"name\":\"BAIAN FIRE PROTECTION EQUIPMENT\",\"description\":\"\",\"publisher\":{\"@id\":\"https:\/\/www.cnbaianfire.com\/#organization\"},\"potentialAction\":[{\"@type\":\"SearchAction\",\"target\":{\"@type\":\"EntryPoint\",\"urlTemplate\":\"https:\/\/www.cnbaianfire.com\/?s={search_term_string}\"},\"query-input\":\"required name=search_term_string\"}],\"inLanguage\":\"fr-FR\"},{\"@type\":\"Organization\",\"@id\":\"https:\/\/www.cnbaianfire.com\/#organization\",\"name\":\"Baian Group\",\"url\":\"https:\/\/www.cnbaianfire.com\/\",\"logo\":{\"@type\":\"ImageObject\",\"inLanguage\":\"fr-FR\",\"@id\":\"https:\/\/www.cnbaianfire.com\/#\/schema\/logo\/image\/\",\"url\":\"https:\/\/www.cnbaianfire.com\/wp-content\/uploads\/2025\/05\/baian-fire-ptotection-logo.webp\",\"contentUrl\":\"https:\/\/www.cnbaianfire.com\/wp-content\/uploads\/2025\/05\/baian-fire-ptotection-logo.webp\",\"width\":501,\"height\":494,\"caption\":\"Baian Group\"},\"image\":{\"@id\":\"https:\/\/www.cnbaianfire.com\/#\/schema\/logo\/image\/\"},\"sameAs\":[\"https:\/\/www.facebook.com\/BaianFirefightingEquipment\"]}]}<\/script>\n<!-- \/ Yoast SEO plugin. -->","yoast_head_json":{"title":"Fire Fighting Equipment | Fire Safety Product Catalog","description":"Explore our full range of certified fire fighting equipment and fire protection systems. Reliable fire safety products for industrial and commercial use.","robots":{"index":"index","follow":"follow","max-snippet":"max-snippet:-1","max-image-preview":"max-image-preview:large","max-video-preview":"max-video-preview:-1"},"canonical":"https:\/\/www.cnbaianfire.com\/fr\/products\/","og_locale":"fr_FR","og_type":"article","og_title":"Fire Fighting Equipment | Fire Safety Product Catalog","og_description":"Explore our full range of certified fire fighting equipment and fire protection systems. Reliable fire safety products for industrial and commercial use.","og_url":"https:\/\/www.cnbaianfire.com\/fr\/products\/","og_site_name":"BAIAN FIRE PROTECTION EQUIPMENT","article_publisher":"https:\/\/www.facebook.com\/BaianFirefightingEquipment","article_modified_time":"2025-08-06T03:45:32+00:00","og_image":[{"width":1024,"height":768,"url":"https:\/\/www.cnbaianfire.com\/wp-content\/uploads\/2025\/06\/Fire-Foam-System.webp","type":"image\/webp"}],"twitter_card":"summary_large_image","twitter_misc":{"Dur\u00e9e de lecture estim\u00e9e":"6 minutes"},"schema":{"@context":"https:\/\/schema.org","@graph":[{"@type":"WebPage","@id":"https:\/\/www.cnbaianfire.com\/products\/","url":"https:\/\/www.cnbaianfire.com\/products\/","name":"Fire Fighting Equipment | Fire Safety Product Catalog","isPartOf":{"@id":"https:\/\/www.cnbaianfire.com\/#website"},"primaryImageOfPage":{"@id":"https:\/\/www.cnbaianfire.com\/products\/#primaryimage"},"image":{"@id":"https:\/\/www.cnbaianfire.com\/products\/#primaryimage"},"thumbnailUrl":"https:\/\/www.cnbaianfire.com\/wp-content\/uploads\/2025\/06\/Fire-Foam-System.webp","datePublished":"2024-01-04T05:06:31+00:00","dateModified":"2025-08-06T03:45:32+00:00","description":"Explore our full range of certified fire fighting equipment and fire protection systems. Reliable fire safety products for industrial and commercial use.","breadcrumb":{"@id":"https:\/\/www.cnbaianfire.com\/products\/#breadcrumb"},"inLanguage":"fr-FR","potentialAction":[{"@type":"ReadAction","target":["https:\/\/www.cnbaianfire.com\/products\/"]}]},{"@type":"ImageObject","inLanguage":"fr-FR","@id":"https:\/\/www.cnbaianfire.com\/products\/#primaryimage","url":"https:\/\/www.cnbaianfire.com\/wp-content\/uploads\/2025\/06\/Fire-Foam-System.webp","contentUrl":"https:\/\/www.cnbaianfire.com\/wp-content\/uploads\/2025\/06\/Fire-Foam-System.webp","width":1024,"height":768,"caption":"Fire Foam System"},{"@type":"BreadcrumbList","@id":"https:\/\/www.cnbaianfire.com\/products\/#breadcrumb","itemListElement":[{"@type":"ListItem","position":1,"name":"Home","item":"https:\/\/www.cnbaianfire.com\/"},{"@type":"ListItem","position":2,"name":"Products"}]},{"@type":"WebSite","@id":"https:\/\/www.cnbaianfire.com\/#website","url":"https:\/\/www.cnbaianfire.com\/","name":"BAIAN FIRE PROTECTION EQUIPMENT","description":"","publisher":{"@id":"https:\/\/www.cnbaianfire.com\/#organization"},"potentialAction":[{"@type":"SearchAction","target":{"@type":"EntryPoint","urlTemplate":"https:\/\/www.cnbaianfire.com\/?s={search_term_string}"},"query-input":"required name=search_term_string"}],"inLanguage":"fr-FR"},{"@type":"Organization","@id":"https:\/\/www.cnbaianfire.com\/#organization","name":"Baian Group","url":"https:\/\/www.cnbaianfire.com\/","logo":{"@type":"ImageObject","inLanguage":"fr-FR","@id":"https:\/\/www.cnbaianfire.com\/#\/schema\/logo\/image\/","url":"https:\/\/www.cnbaianfire.com\/wp-content\/uploads\/2025\/05\/baian-fire-ptotection-logo.webp","contentUrl":"https:\/\/www.cnbaianfire.com\/wp-content\/uploads\/2025\/05\/baian-fire-ptotection-logo.webp","width":501,"height":494,"caption":"Baian Group"},"image":{"@id":"https:\/\/www.cnbaianfire.com\/#\/schema\/logo\/image\/"},"sameAs":["https:\/\/www.facebook.com\/BaianFirefightingEquipment"]}]}},"_links":{"self":[{"href":"https:\/\/www.cnbaianfire.com\/fr\/wp-json\/wp\/v2\/pages\/1622"}],"collection":[{"href":"https:\/\/www.cnbaianfire.com\/fr\/wp-json\/wp\/v2\/pages"}],"about":[{"href":"https:\/\/www.cnbaianfire.com\/fr\/wp-json\/wp\/v2\/types\/page"}],"author":[{"embeddable":true,"href":"https:\/\/www.cnbaianfire.com\/fr\/wp-json\/wp\/v2\/users\/1"}],"replies":[{"embeddable":true,"href":"https:\/\/www.cnbaianfire.com\/fr\/wp-json\/wp\/v2\/comments?post=1622"}],"version-history":[{"count":57,"href":"https:\/\/www.cnbaianfire.com\/fr\/wp-json\/wp\/v2\/pages\/1622\/revisions"}],"predecessor-version":[{"id":12973,"href":"https:\/\/www.cnbaianfire.com\/fr\/wp-json\/wp\/v2\/pages\/1622\/revisions\/12973"}],"wp:featuredmedia":[{"embeddable":true,"href":"https:\/\/www.cnbaianfire.com\/fr\/wp-json\/wp\/v2\/media\/12737"}],"wp:attachment":[{"href":"https:\/\/www.cnbaianfire.com\/fr\/wp-json\/wp\/v2\/media?parent=1622"}],"curies":[{"name":"wp","href":"https:\/\/api.w.org\/{rel}","templated":true}]}}