{"id":13711,"date":"2025-11-15T03:04:10","date_gmt":"2025-11-15T03:04:10","guid":{"rendered":"https:\/\/www.cnbaianfire.com\/?post_type=product&#038;p=13711"},"modified":"2025-11-15T03:06:19","modified_gmt":"2025-11-15T03:06:19","slug":"carbon-monoxide-and-smoke-heat-combined-fire-detection-device","status":"publish","type":"product","link":"https:\/\/www.cnbaianfire.com\/es\/producto\/carbon-monoxide-and-smoke-heat-combined-fire-detection-device\/","title":{"rendered":"Carbon Monoxide And Smoke\/Heat Combined Fire Detection Device"},"content":{"rendered":"<h2><strong>Carbon Monoxide And Smoke\/Heat Combined Fire Detection Device<\/strong><\/h2>\n<h2>ESF-EI9103<\/h2>\n<h2><img loading=\"lazy\" decoding=\"async\" class=\"alignnone size-medium wp-image-13712\" data-src=\"https:\/\/www.cnbaianfire.com\/wp-content\/uploads\/2025\/11\/Carbon-Monoxide-And-SmokeHeat-Combined-Fire-Detection-Device-300x300.webp\" alt=\"Carbon Monoxide And Smoke\/Heat Combined Fire Detection Device\" width=\"300\" height=\"300\" \/><\/h2>\n<h2><strong>Caracter\u00edsticas<\/strong><\/h2>\n<p>1.Employs non-polar dual-bus technology for simple installation and maintenance;<br \/>\n2.Low power consumption design with low monitoring and alarm current;<br \/>\n3.Utilizes temperature compensation technology, minimizing the impact of temperature on gas concentration acquisition;<br \/>\n4.Features valve action feedback information reception; valve drive function uses bus power, eliminating the need for a separate 24V power supply;<br \/>\n5.Includes automatic sensor fault detection, effectively preventing missed alarms;<br \/>\n6.Ultra-thin design with a simple and compact appearance.<\/p>\n<h2><strong>Technical Parameter<\/strong><\/h2>\n<table class=\"tg\" style=\"border-collapse: collapse;border-spacing: 0\">\n<thead>\n<tr>\n<th style=\"background-color: #073980;color: #fff;font-family: Arial, sans-serif;font-size: 14px;font-weight: bold;overflow: hidden;padding: 10px 5px;text-align: center;vertical-align: top;border: 1px solid #000000\">Communication Method<\/th>\n<th style=\"font-family: Arial, sans-serif;font-size: 14px;font-weight: normal;overflow: hidden;padding: 10px 5px;text-align: center;vertical-align: top;border: 1px solid #000000\">Non-polar dual-bus<\/th>\n<\/tr>\n<\/thead>\n<tbody>\n<tr>\n<td style=\"background-color: #073980;color: #fff;font-family: Arial, sans-serif;font-size: 14px;font-weight: bold;overflow: hidden;padding: 10px 5px;text-align: center;vertical-align: top;border: 1px solid #000000\">Encoding Method<\/td>\n<td style=\"background-color: #dad6d5;font-family: Arial, sans-serif;font-size: 14px;overflow: hidden;padding: 10px 5px;text-align: center;vertical-align: top;border: 1px solid #000000\">Electronic encoding, address range 1~250<\/td>\n<\/tr>\n<tr>\n<td style=\"background-color: #073980;color: #fff;font-family: Arial, sans-serif;font-size: 14px;font-weight: bold;overflow: hidden;padding: 10px 5px;text-align: center;vertical-align: top;border: 1px solid #000000\">Detection Type<\/td>\n<td style=\"font-family: Arial, sans-serif;font-size: 14px;overflow: hidden;padding: 10px 5px;text-align: center;vertical-align: top;border: 1px solid #000000\">Smoke\/Temperature\/Carbon Monoxide<\/td>\n<\/tr>\n<tr>\n<td style=\"background-color: #073980;color: #fff;font-family: Arial, sans-serif;font-size: 14px;font-weight: bold;overflow: hidden;padding: 10px 5px;text-align: center;vertical-align: top;border: 1px solid #000000\">Temperature Sensing Category<\/td>\n<td style=\"background-color: #dad6d5;font-family: Arial, sans-serif;font-size: 14px;overflow: hidden;padding: 10px 5px;text-align: center;vertical-align: top;border: 1px solid #000000\">Class B<\/td>\n<\/tr>\n<tr>\n<td style=\"background-color: #073980;color: #fff;font-family: Arial, sans-serif;font-size: 14px;font-weight: bold;overflow: hidden;padding: 10px 5px;text-align: center;vertical-align: top;border: 1px solid #000000\">Operating Voltage<\/td>\n<td style=\"font-family: Arial, sans-serif;font-size: 14px;overflow: hidden;padding: 10px 5px;text-align: center;vertical-align: top;border: 1px solid #000000\">Bus 24V (15V~28V pulse voltage)<\/td>\n<\/tr>\n<tr>\n<td style=\"background-color: #073980;color: #fff;font-family: Arial, sans-serif;font-size: 14px;font-weight: bold;overflow: hidden;padding: 10px 5px;text-align: center;vertical-align: top;border: 1px solid #000000\">Monitoring Current<\/td>\n<td style=\"background-color: #dad6d5;font-family: Arial, sans-serif;font-size: 14px;overflow: hidden;padding: 10px 5px;text-align: center;vertical-align: top;border: 1px solid #000000\">\u2264500\u03bcA<\/td>\n<\/tr>\n<tr>\n<td style=\"background-color: #073980;color: #fff;font-family: Arial, sans-serif;font-size: 14px;font-weight: bold;overflow: hidden;padding: 10px 5px;text-align: center;vertical-align: top;border: 1px solid #000000\">Alarm Current<\/td>\n<td style=\"font-family: Arial, sans-serif;font-size: 14px;overflow: hidden;padding: 10px 5px;text-align: center;vertical-align: top;border: 1px solid #000000\">\u22641mA<\/td>\n<\/tr>\n<tr>\n<td style=\"background-color: #073980;color: #fff;font-family: Arial, sans-serif;font-size: 14px;font-weight: bold;overflow: hidden;padding: 10px 5px;text-align: center;vertical-align: top;border: 1px solid #000000\">Valve Actuation<\/td>\n<td style=\"background-color: #dad6d5;font-family: Arial, sans-serif;font-size: 14px;overflow: hidden;padding: 10px 5px;text-align: center;vertical-align: top;border: 1px solid #000000\">One set of DC24V active pulse output\/rated current 1.2A, action time 60ms<\/td>\n<\/tr>\n<tr>\n<td style=\"background-color: #073980;color: #fff;font-family: Arial, sans-serif;font-size: 14px;font-weight: bold;overflow: hidden;padding: 10px 5px;text-align: center;vertical-align: top;border: 1px solid #000000\">Gas Sensor Principle<\/td>\n<td style=\"font-family: Arial, sans-serif;font-size: 14px;overflow: hidden;padding: 10px 5px;text-align: center;vertical-align: top;border: 1px solid #000000\">CO: Electrochemical<\/td>\n<\/tr>\n<tr>\n<td style=\"background-color: #073980;color: #fff;font-family: Arial, sans-serif;font-size: 14px;font-weight: bold;overflow: hidden;padding: 10px 5px;text-align: center;vertical-align: top;border: 1px solid #000000\">Measuring Range<\/td>\n<td style=\"background-color: #dad6d5;font-family: Arial, sans-serif;font-size: 14px;overflow: hidden;padding: 10px 5px;text-align: center;vertical-align: top;border: 1px solid #000000\">Gas testing range: 0~1000ppm; Temperature measurement range: -20\u2103~105\u2103<\/td>\n<\/tr>\n<tr>\n<td style=\"background-color: #073980;color: #fff;font-family: Arial, sans-serif;font-size: 14px;font-weight: bold;overflow: hidden;padding: 10px 5px;text-align: center;vertical-align: top;border: 1px solid #000000\">Measuring Accuracy<\/td>\n<td style=\"font-family: Arial, sans-serif;font-size: 14px;overflow: hidden;padding: 10px 5px;text-align: center;vertical-align: top;border: 1px solid #000000\">CO: &lt;\u00b15%FS; Temperature: \u00b11\u2103<\/td>\n<\/tr>\n<tr>\n<td style=\"background-color: #073980;color: #fff;font-family: Arial, sans-serif;font-size: 14px;font-weight: bold;overflow: hidden;padding: 10px 5px;text-align: center;vertical-align: top;border: 1px solid #000000\">Alarm Setpoint<\/td>\n<td style=\"background-color: #dad6d5;font-family: Arial, sans-serif;font-size: 14px;overflow: hidden;padding: 10px 5px;text-align: center;vertical-align: top;border: 1px solid #000000\">CO: 190ppm \/ Temperature: 69\u2103 \/ Smoke: Factory preset (can be modified via bus, supports multi-level alarms)<\/td>\n<\/tr>\n<tr>\n<td style=\"background-color: #073980;color: #fff;font-family: Arial, sans-serif;font-size: 14px;font-weight: bold;overflow: hidden;padding: 10px 5px;text-align: center;vertical-align: top;border: 1px solid #000000\">Response Time<\/td>\n<td style=\"font-family: Arial, sans-serif;font-size: 14px;overflow: hidden;padding: 10px 5px;text-align: center;vertical-align: top;border: 1px solid #000000\">T90\u226460S<\/td>\n<\/tr>\n<tr>\n<td style=\"background-color: #073980;color: #fff;font-family: Arial, sans-serif;font-size: 14px;font-weight: bold;overflow: hidden;padding: 10px 5px;text-align: center;vertical-align: top;border: 1px solid #000000\">Warm-up Time<\/td>\n<td style=\"background-color: #dad6d5;font-family: Arial, sans-serif;font-size: 14px;overflow: hidden;padding: 10px 5px;text-align: center;vertical-align: top;border: 1px solid #000000\">Recommended 5 minutes<\/td>\n<\/tr>\n<tr>\n<td style=\"background-color: #073980;color: #fff;font-family: Arial, sans-serif;font-size: 14px;font-weight: bold;overflow: hidden;padding: 10px 5px;text-align: center;vertical-align: top;border: 1px solid #000000\">Sensor Lifespan<\/td>\n<td style=\"font-family: Arial, sans-serif;font-size: 14px;overflow: hidden;padding: 10px 5px;text-align: center;vertical-align: top;border: 1px solid #000000\">10 years (typical value, under certain operating conditions)<\/td>\n<\/tr>\n<tr>\n<td style=\"background-color: #073980;color: #fff;font-family: Arial, sans-serif;font-size: 14px;font-weight: bold;overflow: hidden;padding: 10px 5px;text-align: center;vertical-align: top;border: 1px solid #000000\">Operating Environment<\/td>\n<td style=\"background-color: #dad6d5;font-family: Arial, sans-serif;font-size: 14px;overflow: hidden;padding: 10px 5px;text-align: center;vertical-align: top;border: 1px solid #000000\">Temperature: -10\u2103~+55\u2103; Humidity: \u226495%RH, non-condensing<\/td>\n<\/tr>\n<tr>\n<td style=\"background-color: #073980;color: #fff;font-family: Arial, sans-serif;font-size: 14px;font-weight: bold;overflow: hidden;padding: 10px 5px;text-align: center;vertical-align: top;border: 1px solid #000000\">Dimensiones<\/td>\n<td style=\"font-family: Arial, sans-serif;font-size: 14px;overflow: hidden;padding: 10px 5px;text-align: center;vertical-align: top;border: 1px solid #000000\">82mm\u00d768mm\u00d722mm (L\u00d7W\u00d7H)<\/td>\n<\/tr>\n<tr>\n<td style=\"background-color: #073980;color: #fff;font-family: Arial, sans-serif;font-size: 14px;font-weight: bold;overflow: hidden;padding: 10px 5px;text-align: center;vertical-align: top;border: 1px solid #000000\">Peso<\/td>\n<td style=\"background-color: #dad6d5;font-family: Arial, sans-serif;font-size: 14px;overflow: hidden;padding: 10px 5px;text-align: center;vertical-align: top;border: 1px solid #000000\">15g<\/td>\n<\/tr>\n<\/tbody>\n<\/table>\n<p>&nbsp;<\/p>\n<p>&nbsp;<\/p>\n<p>&nbsp;<\/p>\n<p>&nbsp;<\/p>\n<p>&nbsp;<\/p>\n<p>&nbsp;<\/p>\n<p>&nbsp;<\/p>\n<p>&nbsp;<\/p>\n<p>&nbsp;<\/p>\n<p>&nbsp;<\/p>\n<p>&nbsp;<\/p>\n<p>&nbsp;<\/p>\n<p>&nbsp;<\/p>\n<p>&nbsp;<\/p>\n<p>&nbsp;<\/p>\n<p>&nbsp;<\/p>\n<p>&nbsp;<\/p>\n<p>&nbsp;<\/p>\n<p>&nbsp;<\/p>\n<p>&nbsp;<\/p>\n<p>&nbsp;<\/p>\n<p>&nbsp;<\/p>\n<p>&nbsp;<\/p>\n<p>&nbsp;<\/p>\n<p>&nbsp;<\/p>\n<p>&nbsp;<\/p>\n<p>&nbsp;<\/p>\n<p>&nbsp;<\/p>\n<p>&nbsp;<\/p>\n<p>&nbsp;<\/p>","protected":false},"excerpt":{"rendered":"<p>Carbon Monoxide And Smoke\/Heat Combined Fire Detection Device ESF-EI9103 Features 1.Employs non-polar dual-bus technology for simple installation and maintenance; 2.Low power consumption design with low monitoring and alarm current; 3.Utilizes temperature compensation technology, minimizing the impact of temperature on gas concentration acquisition; 4.Features valve action feedback information reception; valve drive function uses bus power, eliminating [&hellip;]<\/p>","protected":false},"featured_media":13712,"template":"","meta":{"_et_pb_use_builder":"","_et_pb_old_content":"","_et_gb_content_width":""},"product_cat":[336,339],"product_tag":[],"yoast_head":"<!-- This site is optimized with the Yoast SEO plugin v22.7 - https:\/\/yoast.com\/wordpress\/plugins\/seo\/ -->\n<title>China wholesales Carbon Monoxide And Smoke\/Heat Combined Fire Detection Device supplier - BAIAN FIRE PROTECTION EQUIPMENT<\/title>\n<meta name=\"description\" content=\"Professional Carbon Monoxide And Smoke\/Heat Combined Fire Detection Device manufacturer - Baian. We offers reliable, certified fire fighting equipment backed by technical support and global experience.\" \/>\n<meta name=\"robots\" content=\"index, follow, max-snippet:-1, max-image-preview:large, max-video-preview:-1\" \/>\n<link rel=\"canonical\" href=\"https:\/\/www.cnbaianfire.com\/es\/producto\/carbon-monoxide-and-smoke-heat-combined-fire-detection-device\/\" \/>\n<meta property=\"og:locale\" content=\"es_ES\" \/>\n<meta property=\"og:type\" content=\"article\" \/>\n<meta property=\"og:title\" content=\"China wholesales Carbon Monoxide And Smoke\/Heat Combined Fire Detection Device supplier - BAIAN FIRE PROTECTION EQUIPMENT\" \/>\n<meta property=\"og:description\" content=\"Professional Carbon Monoxide And Smoke\/Heat Combined Fire Detection Device manufacturer - Baian. We offers reliable, certified fire fighting equipment backed by technical support and global experience.\" \/>\n<meta property=\"og:url\" content=\"https:\/\/www.cnbaianfire.com\/es\/producto\/carbon-monoxide-and-smoke-heat-combined-fire-detection-device\/\" \/>\n<meta property=\"og:site_name\" content=\"BAIAN FIRE PROTECTION EQUIPMENT\" \/>\n<meta property=\"article:publisher\" content=\"https:\/\/www.facebook.com\/BaianFirefightingEquipment\" \/>\n<meta property=\"article:modified_time\" content=\"2025-11-15T03:06:19+00:00\" \/>\n<meta property=\"og:image\" content=\"https:\/\/www.cnbaianfire.com\/wp-content\/uploads\/2025\/11\/Carbon-Monoxide-And-SmokeHeat-Combined-Fire-Detection-Device.webp\" \/>\n\t<meta property=\"og:image:width\" content=\"800\" \/>\n\t<meta property=\"og:image:height\" content=\"800\" \/>\n\t<meta property=\"og:image:type\" content=\"image\/webp\" \/>\n<meta name=\"twitter:card\" content=\"summary_large_image\" \/>\n<meta name=\"twitter:label1\" content=\"Tiempo de lectura\" \/>\n\t<meta name=\"twitter:data1\" content=\"2 minutos\" \/>\n<script type=\"application\/ld+json\" class=\"yoast-schema-graph\">{\"@context\":\"https:\/\/schema.org\",\"@graph\":[{\"@type\":\"WebPage\",\"@id\":\"https:\/\/www.cnbaianfire.com\/product\/carbon-monoxide-and-smoke-heat-combined-fire-detection-device\/\",\"url\":\"https:\/\/www.cnbaianfire.com\/product\/carbon-monoxide-and-smoke-heat-combined-fire-detection-device\/\",\"name\":\"China wholesales Carbon Monoxide And Smoke\/Heat Combined Fire Detection Device supplier - BAIAN FIRE PROTECTION EQUIPMENT\",\"isPartOf\":{\"@id\":\"https:\/\/www.cnbaianfire.com\/#website\"},\"primaryImageOfPage\":{\"@id\":\"https:\/\/www.cnbaianfire.com\/product\/carbon-monoxide-and-smoke-heat-combined-fire-detection-device\/#primaryimage\"},\"image\":{\"@id\":\"https:\/\/www.cnbaianfire.com\/product\/carbon-monoxide-and-smoke-heat-combined-fire-detection-device\/#primaryimage\"},\"thumbnailUrl\":\"https:\/\/www.cnbaianfire.com\/wp-content\/uploads\/2025\/11\/Carbon-Monoxide-And-SmokeHeat-Combined-Fire-Detection-Device.webp\",\"datePublished\":\"2025-11-15T03:04:10+00:00\",\"dateModified\":\"2025-11-15T03:06:19+00:00\",\"description\":\"Professional Carbon Monoxide And Smoke\/Heat Combined Fire Detection Device manufacturer - Baian. We offers reliable, certified fire fighting equipment backed by technical support and global experience.\",\"breadcrumb\":{\"@id\":\"https:\/\/www.cnbaianfire.com\/product\/carbon-monoxide-and-smoke-heat-combined-fire-detection-device\/#breadcrumb\"},\"inLanguage\":\"es\",\"potentialAction\":[{\"@type\":\"ReadAction\",\"target\":[\"https:\/\/www.cnbaianfire.com\/product\/carbon-monoxide-and-smoke-heat-combined-fire-detection-device\/\"]}]},{\"@type\":\"ImageObject\",\"inLanguage\":\"es\",\"@id\":\"https:\/\/www.cnbaianfire.com\/product\/carbon-monoxide-and-smoke-heat-combined-fire-detection-device\/#primaryimage\",\"url\":\"https:\/\/www.cnbaianfire.com\/wp-content\/uploads\/2025\/11\/Carbon-Monoxide-And-SmokeHeat-Combined-Fire-Detection-Device.webp\",\"contentUrl\":\"https:\/\/www.cnbaianfire.com\/wp-content\/uploads\/2025\/11\/Carbon-Monoxide-And-SmokeHeat-Combined-Fire-Detection-Device.webp\",\"width\":800,\"height\":800,\"caption\":\"Carbon Monoxide And Smoke\/Heat Combined Fire Detection Device\"},{\"@type\":\"BreadcrumbList\",\"@id\":\"https:\/\/www.cnbaianfire.com\/product\/carbon-monoxide-and-smoke-heat-combined-fire-detection-device\/#breadcrumb\",\"itemListElement\":[{\"@type\":\"ListItem\",\"position\":1,\"name\":\"Home\",\"item\":\"https:\/\/www.cnbaianfire.com\/\"},{\"@type\":\"ListItem\",\"position\":2,\"name\":\"Products\",\"item\":\"https:\/\/www.cnbaianfire.com\/shop\/\"},{\"@type\":\"ListItem\",\"position\":3,\"name\":\"Carbon Monoxide And Smoke\/Heat Combined Fire Detection Device\"}]},{\"@type\":\"WebSite\",\"@id\":\"https:\/\/www.cnbaianfire.com\/#website\",\"url\":\"https:\/\/www.cnbaianfire.com\/\",\"name\":\"BAIAN FIRE PROTECTION EQUIPMENT\",\"description\":\"\",\"publisher\":{\"@id\":\"https:\/\/www.cnbaianfire.com\/#organization\"},\"potentialAction\":[{\"@type\":\"SearchAction\",\"target\":{\"@type\":\"EntryPoint\",\"urlTemplate\":\"https:\/\/www.cnbaianfire.com\/?s={search_term_string}\"},\"query-input\":\"required name=search_term_string\"}],\"inLanguage\":\"es\"},{\"@type\":\"Organization\",\"@id\":\"https:\/\/www.cnbaianfire.com\/#organization\",\"name\":\"Baian Group\",\"url\":\"https:\/\/www.cnbaianfire.com\/\",\"logo\":{\"@type\":\"ImageObject\",\"inLanguage\":\"es\",\"@id\":\"https:\/\/www.cnbaianfire.com\/#\/schema\/logo\/image\/\",\"url\":\"https:\/\/www.cnbaianfire.com\/wp-content\/uploads\/2025\/05\/baian-fire-ptotection-logo.webp\",\"contentUrl\":\"https:\/\/www.cnbaianfire.com\/wp-content\/uploads\/2025\/05\/baian-fire-ptotection-logo.webp\",\"width\":501,\"height\":494,\"caption\":\"Baian Group\"},\"image\":{\"@id\":\"https:\/\/www.cnbaianfire.com\/#\/schema\/logo\/image\/\"},\"sameAs\":[\"https:\/\/www.facebook.com\/BaianFirefightingEquipment\"]}]}<\/script>\n<!-- \/ Yoast SEO plugin. -->","yoast_head_json":{"title":"China wholesales Carbon Monoxide And Smoke\/Heat Combined Fire Detection Device supplier - BAIAN FIRE PROTECTION EQUIPMENT","description":"Professional Carbon Monoxide And Smoke\/Heat Combined Fire Detection Device manufacturer - Baian. We offers reliable, certified fire fighting equipment backed by technical support and global experience.","robots":{"index":"index","follow":"follow","max-snippet":"max-snippet:-1","max-image-preview":"max-image-preview:large","max-video-preview":"max-video-preview:-1"},"canonical":"https:\/\/www.cnbaianfire.com\/es\/producto\/carbon-monoxide-and-smoke-heat-combined-fire-detection-device\/","og_locale":"es_ES","og_type":"article","og_title":"China wholesales Carbon Monoxide And Smoke\/Heat Combined Fire Detection Device supplier - BAIAN FIRE PROTECTION EQUIPMENT","og_description":"Professional Carbon Monoxide And Smoke\/Heat Combined Fire Detection Device manufacturer - Baian. We offers reliable, certified fire fighting equipment backed by technical support and global experience.","og_url":"https:\/\/www.cnbaianfire.com\/es\/producto\/carbon-monoxide-and-smoke-heat-combined-fire-detection-device\/","og_site_name":"BAIAN FIRE PROTECTION EQUIPMENT","article_publisher":"https:\/\/www.facebook.com\/BaianFirefightingEquipment","article_modified_time":"2025-11-15T03:06:19+00:00","og_image":[{"width":800,"height":800,"url":"https:\/\/www.cnbaianfire.com\/wp-content\/uploads\/2025\/11\/Carbon-Monoxide-And-SmokeHeat-Combined-Fire-Detection-Device.webp","type":"image\/webp"}],"twitter_card":"summary_large_image","twitter_misc":{"Tiempo de lectura":"2 minutos"},"schema":{"@context":"https:\/\/schema.org","@graph":[{"@type":"WebPage","@id":"https:\/\/www.cnbaianfire.com\/product\/carbon-monoxide-and-smoke-heat-combined-fire-detection-device\/","url":"https:\/\/www.cnbaianfire.com\/product\/carbon-monoxide-and-smoke-heat-combined-fire-detection-device\/","name":"China wholesales Carbon Monoxide And Smoke\/Heat Combined Fire Detection Device supplier - BAIAN FIRE PROTECTION EQUIPMENT","isPartOf":{"@id":"https:\/\/www.cnbaianfire.com\/#website"},"primaryImageOfPage":{"@id":"https:\/\/www.cnbaianfire.com\/product\/carbon-monoxide-and-smoke-heat-combined-fire-detection-device\/#primaryimage"},"image":{"@id":"https:\/\/www.cnbaianfire.com\/product\/carbon-monoxide-and-smoke-heat-combined-fire-detection-device\/#primaryimage"},"thumbnailUrl":"https:\/\/www.cnbaianfire.com\/wp-content\/uploads\/2025\/11\/Carbon-Monoxide-And-SmokeHeat-Combined-Fire-Detection-Device.webp","datePublished":"2025-11-15T03:04:10+00:00","dateModified":"2025-11-15T03:06:19+00:00","description":"Professional Carbon Monoxide And Smoke\/Heat Combined Fire Detection Device manufacturer - Baian. We offers reliable, certified fire fighting equipment backed by technical support and global experience.","breadcrumb":{"@id":"https:\/\/www.cnbaianfire.com\/product\/carbon-monoxide-and-smoke-heat-combined-fire-detection-device\/#breadcrumb"},"inLanguage":"es","potentialAction":[{"@type":"ReadAction","target":["https:\/\/www.cnbaianfire.com\/product\/carbon-monoxide-and-smoke-heat-combined-fire-detection-device\/"]}]},{"@type":"ImageObject","inLanguage":"es","@id":"https:\/\/www.cnbaianfire.com\/product\/carbon-monoxide-and-smoke-heat-combined-fire-detection-device\/#primaryimage","url":"https:\/\/www.cnbaianfire.com\/wp-content\/uploads\/2025\/11\/Carbon-Monoxide-And-SmokeHeat-Combined-Fire-Detection-Device.webp","contentUrl":"https:\/\/www.cnbaianfire.com\/wp-content\/uploads\/2025\/11\/Carbon-Monoxide-And-SmokeHeat-Combined-Fire-Detection-Device.webp","width":800,"height":800,"caption":"Carbon Monoxide And Smoke\/Heat Combined Fire Detection Device"},{"@type":"BreadcrumbList","@id":"https:\/\/www.cnbaianfire.com\/product\/carbon-monoxide-and-smoke-heat-combined-fire-detection-device\/#breadcrumb","itemListElement":[{"@type":"ListItem","position":1,"name":"Home","item":"https:\/\/www.cnbaianfire.com\/"},{"@type":"ListItem","position":2,"name":"Products","item":"https:\/\/www.cnbaianfire.com\/shop\/"},{"@type":"ListItem","position":3,"name":"Carbon Monoxide And Smoke\/Heat Combined Fire Detection Device"}]},{"@type":"WebSite","@id":"https:\/\/www.cnbaianfire.com\/#website","url":"https:\/\/www.cnbaianfire.com\/","name":"BAIAN FIRE PROTECTION EQUIPMENT","description":"","publisher":{"@id":"https:\/\/www.cnbaianfire.com\/#organization"},"potentialAction":[{"@type":"SearchAction","target":{"@type":"EntryPoint","urlTemplate":"https:\/\/www.cnbaianfire.com\/?s={search_term_string}"},"query-input":"required name=search_term_string"}],"inLanguage":"es"},{"@type":"Organization","@id":"https:\/\/www.cnbaianfire.com\/#organization","name":"Baian Group","url":"https:\/\/www.cnbaianfire.com\/","logo":{"@type":"ImageObject","inLanguage":"es","@id":"https:\/\/www.cnbaianfire.com\/#\/schema\/logo\/image\/","url":"https:\/\/www.cnbaianfire.com\/wp-content\/uploads\/2025\/05\/baian-fire-ptotection-logo.webp","contentUrl":"https:\/\/www.cnbaianfire.com\/wp-content\/uploads\/2025\/05\/baian-fire-ptotection-logo.webp","width":501,"height":494,"caption":"Baian Group"},"image":{"@id":"https:\/\/www.cnbaianfire.com\/#\/schema\/logo\/image\/"},"sameAs":["https:\/\/www.facebook.com\/BaianFirefightingEquipment"]}]}},"_links":{"self":[{"href":"https:\/\/www.cnbaianfire.com\/es\/wp-json\/wp\/v2\/product\/13711"}],"collection":[{"href":"https:\/\/www.cnbaianfire.com\/es\/wp-json\/wp\/v2\/product"}],"about":[{"href":"https:\/\/www.cnbaianfire.com\/es\/wp-json\/wp\/v2\/types\/product"}],"wp:featuredmedia":[{"embeddable":true,"href":"https:\/\/www.cnbaianfire.com\/es\/wp-json\/wp\/v2\/media\/13712"}],"wp:attachment":[{"href":"https:\/\/www.cnbaianfire.com\/es\/wp-json\/wp\/v2\/media?parent=13711"}],"wp:term":[{"taxonomy":"product_cat","embeddable":true,"href":"https:\/\/www.cnbaianfire.com\/es\/wp-json\/wp\/v2\/product_cat?post=13711"},{"taxonomy":"product_tag","embeddable":true,"href":"https:\/\/www.cnbaianfire.com\/es\/wp-json\/wp\/v2\/product_tag?post=13711"}],"curies":[{"name":"wp","href":"https:\/\/api.w.org\/{rel}","templated":true}]}}