{"id":12712,"date":"2025-06-10T09:52:58","date_gmt":"2025-06-10T09:52:58","guid":{"rendered":"https:\/\/www.cnbaianfire.com\/?post_type=product&#038;p=12712"},"modified":"2025-07-26T06:24:46","modified_gmt":"2025-07-26T06:24:46","slug":"j11w-16t-brass-stop-valve","status":"publish","type":"product","link":"https:\/\/www.cnbaianfire.com\/es\/producto\/j11w-16t-brass-stop-valve\/","title":{"rendered":"J11W-16T V\u00e1lvula de cierre de lat\u00f3n"},"content":{"rendered":"<h2>Descripci\u00f3n del material<\/h2>\n<p>1.Cuerpo de la v\u00e1lvula: lat\u00f3n.<br \/>\n2.Volante: hierro fundido HT150.<\/p>\n<h2>Especificaciones t\u00e9cnicas<\/h2>\n<p>1.Presi\u00f3n nominal: PNs1.6MPa.<br \/>\n2.Medio de trabajo: agua, l\u00edquido no corrosivo.<br \/>\n3.Temperatura de trabajo: -20\u00b0C\u2264T\u2264110\u00b0C.<br \/>\n4.El est\u00e1ndar de rosca cumple la norma ISO 228.<\/p>\n<p><img loading=\"lazy\" decoding=\"async\" class=\"size-full wp-image-12713 aligncenter\" data-src=\"https:\/\/www.cnbaianfire.com\/wp-content\/uploads\/2025\/06\/J11W-16T-brass-stop-valve.webp\" alt=\"J11W-16T V\u00e1lvula de cierre de lat\u00f3n\" width=\"800\" height=\"800\" srcset=\"https:\/\/www.cnbaianfire.com\/wp-content\/uploads\/2025\/06\/J11W-16T-brass-stop-valve.webp 800w, https:\/\/www.cnbaianfire.com\/wp-content\/uploads\/2025\/06\/J11W-16T-brass-stop-valve-480x480.webp 480w\" sizes=\"(min-width: 0px) and (max-width: 480px) 480px, (min-width: 481px) 800px, 100vw\" \/><\/p>","protected":false},"excerpt":{"rendered":"<p>El Z15W-16T<a href=\"https:\/\/www.cnbaianfire.com\/product\/j11w-16t-brass-stop-valve\/\"><strong> V\u00e1lvula de cierre de lat\u00f3n<\/strong><\/a> presenta un cuerpo de lat\u00f3n y volante de fundici\u00f3n HT150, dise\u00f1ado para agua y l\u00edquidos no corrosivos a -20\u00b0C a 110\u00b0C con roscas PN1.6MPa e ISO 228.<\/p>\n<p>M\u00e1s informaci\u00f3n en <a href=\"https:\/\/www.cnbaianfire.com\/category\/fire-fighting-valve\/brass-valve\/\"><strong>V\u00e1lvula de lat\u00f3n<\/strong><\/a> \u00a1Cat\u00e1logo!<\/p>","protected":false},"featured_media":12713,"template":"","meta":{"_et_pb_use_builder":"","_et_pb_old_content":"","_et_gb_content_width":""},"product_cat":[217,273],"product_tag":[287],"yoast_head":"<!-- This site is optimized with the Yoast SEO plugin v22.7 - https:\/\/yoast.com\/wordpress\/plugins\/seo\/ -->\n<title>China wholesales J11W-16T Brass Stop Valve supplier - BAIAN FIRE PROTECTION EQUIPMENT<\/title>\n<meta name=\"description\" content=\"Professional J11W-16T Brass Stop Valve manufacturer - Baian. We offers reliable, certified fire fighting equipment backed by technical support and global experience.\" \/>\n<meta name=\"robots\" content=\"index, follow, max-snippet:-1, max-image-preview:large, max-video-preview:-1\" \/>\n<link rel=\"canonical\" href=\"https:\/\/www.cnbaianfire.com\/es\/producto\/j11w-16t-brass-stop-valve\/\" \/>\n<meta property=\"og:locale\" content=\"es_ES\" \/>\n<meta property=\"og:type\" content=\"article\" \/>\n<meta property=\"og:title\" content=\"China wholesales J11W-16T Brass Stop Valve supplier - BAIAN FIRE PROTECTION EQUIPMENT\" \/>\n<meta property=\"og:description\" content=\"Professional J11W-16T Brass Stop Valve manufacturer - Baian. We offers reliable, certified fire fighting equipment backed by technical support and global experience.\" \/>\n<meta property=\"og:url\" content=\"https:\/\/www.cnbaianfire.com\/es\/producto\/j11w-16t-brass-stop-valve\/\" \/>\n<meta property=\"og:site_name\" content=\"BAIAN FIRE PROTECTION EQUIPMENT\" \/>\n<meta property=\"article:publisher\" content=\"https:\/\/www.facebook.com\/BaianFirefightingEquipment\" \/>\n<meta property=\"article:modified_time\" content=\"2025-07-26T06:24:46+00:00\" \/>\n<meta property=\"og:image\" content=\"https:\/\/www.cnbaianfire.com\/wp-content\/uploads\/2025\/06\/J11W-16T-brass-stop-valve.webp\" \/>\n\t<meta property=\"og:image:width\" content=\"800\" \/>\n\t<meta property=\"og:image:height\" content=\"800\" \/>\n\t<meta property=\"og:image:type\" content=\"image\/webp\" \/>\n<meta name=\"twitter:card\" content=\"summary_large_image\" \/>\n<meta name=\"twitter:label1\" content=\"Tiempo de lectura\" \/>\n\t<meta name=\"twitter:data1\" content=\"1 minuto\" \/>\n<script type=\"application\/ld+json\" class=\"yoast-schema-graph\">{\"@context\":\"https:\/\/schema.org\",\"@graph\":[{\"@type\":\"WebPage\",\"@id\":\"https:\/\/www.cnbaianfire.com\/product\/j11w-16t-brass-stop-valve\/\",\"url\":\"https:\/\/www.cnbaianfire.com\/product\/j11w-16t-brass-stop-valve\/\",\"name\":\"China wholesales J11W-16T Brass Stop Valve supplier - BAIAN FIRE PROTECTION EQUIPMENT\",\"isPartOf\":{\"@id\":\"https:\/\/www.cnbaianfire.com\/#website\"},\"primaryImageOfPage\":{\"@id\":\"https:\/\/www.cnbaianfire.com\/product\/j11w-16t-brass-stop-valve\/#primaryimage\"},\"image\":{\"@id\":\"https:\/\/www.cnbaianfire.com\/product\/j11w-16t-brass-stop-valve\/#primaryimage\"},\"thumbnailUrl\":\"https:\/\/www.cnbaianfire.com\/wp-content\/uploads\/2025\/06\/J11W-16T-brass-stop-valve.webp\",\"datePublished\":\"2025-06-10T09:52:58+00:00\",\"dateModified\":\"2025-07-26T06:24:46+00:00\",\"description\":\"Professional J11W-16T Brass Stop Valve manufacturer - Baian. We offers reliable, certified fire fighting equipment backed by technical support and global experience.\",\"breadcrumb\":{\"@id\":\"https:\/\/www.cnbaianfire.com\/product\/j11w-16t-brass-stop-valve\/#breadcrumb\"},\"inLanguage\":\"es\",\"potentialAction\":[{\"@type\":\"ReadAction\",\"target\":[\"https:\/\/www.cnbaianfire.com\/product\/j11w-16t-brass-stop-valve\/\"]}]},{\"@type\":\"ImageObject\",\"inLanguage\":\"es\",\"@id\":\"https:\/\/www.cnbaianfire.com\/product\/j11w-16t-brass-stop-valve\/#primaryimage\",\"url\":\"https:\/\/www.cnbaianfire.com\/wp-content\/uploads\/2025\/06\/J11W-16T-brass-stop-valve.webp\",\"contentUrl\":\"https:\/\/www.cnbaianfire.com\/wp-content\/uploads\/2025\/06\/J11W-16T-brass-stop-valve.webp\",\"width\":800,\"height\":800,\"caption\":\"J11W-16T brass stop valve\"},{\"@type\":\"BreadcrumbList\",\"@id\":\"https:\/\/www.cnbaianfire.com\/product\/j11w-16t-brass-stop-valve\/#breadcrumb\",\"itemListElement\":[{\"@type\":\"ListItem\",\"position\":1,\"name\":\"Home\",\"item\":\"https:\/\/www.cnbaianfire.com\/\"},{\"@type\":\"ListItem\",\"position\":2,\"name\":\"Products\",\"item\":\"https:\/\/www.cnbaianfire.com\/shop\/\"},{\"@type\":\"ListItem\",\"position\":3,\"name\":\"J11W-16T Brass Stop Valve\"}]},{\"@type\":\"WebSite\",\"@id\":\"https:\/\/www.cnbaianfire.com\/#website\",\"url\":\"https:\/\/www.cnbaianfire.com\/\",\"name\":\"BAIAN FIRE PROTECTION EQUIPMENT\",\"description\":\"\",\"publisher\":{\"@id\":\"https:\/\/www.cnbaianfire.com\/#organization\"},\"potentialAction\":[{\"@type\":\"SearchAction\",\"target\":{\"@type\":\"EntryPoint\",\"urlTemplate\":\"https:\/\/www.cnbaianfire.com\/?s={search_term_string}\"},\"query-input\":\"required name=search_term_string\"}],\"inLanguage\":\"es\"},{\"@type\":\"Organization\",\"@id\":\"https:\/\/www.cnbaianfire.com\/#organization\",\"name\":\"Baian Group\",\"url\":\"https:\/\/www.cnbaianfire.com\/\",\"logo\":{\"@type\":\"ImageObject\",\"inLanguage\":\"es\",\"@id\":\"https:\/\/www.cnbaianfire.com\/#\/schema\/logo\/image\/\",\"url\":\"https:\/\/www.cnbaianfire.com\/wp-content\/uploads\/2025\/05\/baian-fire-ptotection-logo.webp\",\"contentUrl\":\"https:\/\/www.cnbaianfire.com\/wp-content\/uploads\/2025\/05\/baian-fire-ptotection-logo.webp\",\"width\":501,\"height\":494,\"caption\":\"Baian Group\"},\"image\":{\"@id\":\"https:\/\/www.cnbaianfire.com\/#\/schema\/logo\/image\/\"},\"sameAs\":[\"https:\/\/www.facebook.com\/BaianFirefightingEquipment\"]}]}<\/script>\n<!-- \/ Yoast SEO plugin. -->","yoast_head_json":{"title":"China wholesales J11W-16T Brass Stop Valve supplier - BAIAN FIRE PROTECTION EQUIPMENT","description":"Professional J11W-16T Brass Stop Valve manufacturer - Baian. We offers reliable, certified fire fighting equipment backed by technical support and global experience.","robots":{"index":"index","follow":"follow","max-snippet":"max-snippet:-1","max-image-preview":"max-image-preview:large","max-video-preview":"max-video-preview:-1"},"canonical":"https:\/\/www.cnbaianfire.com\/es\/producto\/j11w-16t-brass-stop-valve\/","og_locale":"es_ES","og_type":"article","og_title":"China wholesales J11W-16T Brass Stop Valve supplier - BAIAN FIRE PROTECTION EQUIPMENT","og_description":"Professional J11W-16T Brass Stop Valve manufacturer - Baian. We offers reliable, certified fire fighting equipment backed by technical support and global experience.","og_url":"https:\/\/www.cnbaianfire.com\/es\/producto\/j11w-16t-brass-stop-valve\/","og_site_name":"BAIAN FIRE PROTECTION EQUIPMENT","article_publisher":"https:\/\/www.facebook.com\/BaianFirefightingEquipment","article_modified_time":"2025-07-26T06:24:46+00:00","og_image":[{"width":800,"height":800,"url":"https:\/\/www.cnbaianfire.com\/wp-content\/uploads\/2025\/06\/J11W-16T-brass-stop-valve.webp","type":"image\/webp"}],"twitter_card":"summary_large_image","twitter_misc":{"Tiempo de lectura":"1 minuto"},"schema":{"@context":"https:\/\/schema.org","@graph":[{"@type":"WebPage","@id":"https:\/\/www.cnbaianfire.com\/product\/j11w-16t-brass-stop-valve\/","url":"https:\/\/www.cnbaianfire.com\/product\/j11w-16t-brass-stop-valve\/","name":"China wholesales J11W-16T Brass Stop Valve supplier - BAIAN FIRE PROTECTION EQUIPMENT","isPartOf":{"@id":"https:\/\/www.cnbaianfire.com\/#website"},"primaryImageOfPage":{"@id":"https:\/\/www.cnbaianfire.com\/product\/j11w-16t-brass-stop-valve\/#primaryimage"},"image":{"@id":"https:\/\/www.cnbaianfire.com\/product\/j11w-16t-brass-stop-valve\/#primaryimage"},"thumbnailUrl":"https:\/\/www.cnbaianfire.com\/wp-content\/uploads\/2025\/06\/J11W-16T-brass-stop-valve.webp","datePublished":"2025-06-10T09:52:58+00:00","dateModified":"2025-07-26T06:24:46+00:00","description":"Professional J11W-16T Brass Stop Valve manufacturer - Baian. We offers reliable, certified fire fighting equipment backed by technical support and global experience.","breadcrumb":{"@id":"https:\/\/www.cnbaianfire.com\/product\/j11w-16t-brass-stop-valve\/#breadcrumb"},"inLanguage":"es","potentialAction":[{"@type":"ReadAction","target":["https:\/\/www.cnbaianfire.com\/product\/j11w-16t-brass-stop-valve\/"]}]},{"@type":"ImageObject","inLanguage":"es","@id":"https:\/\/www.cnbaianfire.com\/product\/j11w-16t-brass-stop-valve\/#primaryimage","url":"https:\/\/www.cnbaianfire.com\/wp-content\/uploads\/2025\/06\/J11W-16T-brass-stop-valve.webp","contentUrl":"https:\/\/www.cnbaianfire.com\/wp-content\/uploads\/2025\/06\/J11W-16T-brass-stop-valve.webp","width":800,"height":800,"caption":"J11W-16T brass stop valve"},{"@type":"BreadcrumbList","@id":"https:\/\/www.cnbaianfire.com\/product\/j11w-16t-brass-stop-valve\/#breadcrumb","itemListElement":[{"@type":"ListItem","position":1,"name":"Home","item":"https:\/\/www.cnbaianfire.com\/"},{"@type":"ListItem","position":2,"name":"Products","item":"https:\/\/www.cnbaianfire.com\/shop\/"},{"@type":"ListItem","position":3,"name":"J11W-16T Brass Stop Valve"}]},{"@type":"WebSite","@id":"https:\/\/www.cnbaianfire.com\/#website","url":"https:\/\/www.cnbaianfire.com\/","name":"BAIAN FIRE PROTECTION EQUIPMENT","description":"","publisher":{"@id":"https:\/\/www.cnbaianfire.com\/#organization"},"potentialAction":[{"@type":"SearchAction","target":{"@type":"EntryPoint","urlTemplate":"https:\/\/www.cnbaianfire.com\/?s={search_term_string}"},"query-input":"required name=search_term_string"}],"inLanguage":"es"},{"@type":"Organization","@id":"https:\/\/www.cnbaianfire.com\/#organization","name":"Baian Group","url":"https:\/\/www.cnbaianfire.com\/","logo":{"@type":"ImageObject","inLanguage":"es","@id":"https:\/\/www.cnbaianfire.com\/#\/schema\/logo\/image\/","url":"https:\/\/www.cnbaianfire.com\/wp-content\/uploads\/2025\/05\/baian-fire-ptotection-logo.webp","contentUrl":"https:\/\/www.cnbaianfire.com\/wp-content\/uploads\/2025\/05\/baian-fire-ptotection-logo.webp","width":501,"height":494,"caption":"Baian Group"},"image":{"@id":"https:\/\/www.cnbaianfire.com\/#\/schema\/logo\/image\/"},"sameAs":["https:\/\/www.facebook.com\/BaianFirefightingEquipment"]}]}},"_links":{"self":[{"href":"https:\/\/www.cnbaianfire.com\/es\/wp-json\/wp\/v2\/product\/12712"}],"collection":[{"href":"https:\/\/www.cnbaianfire.com\/es\/wp-json\/wp\/v2\/product"}],"about":[{"href":"https:\/\/www.cnbaianfire.com\/es\/wp-json\/wp\/v2\/types\/product"}],"wp:featuredmedia":[{"embeddable":true,"href":"https:\/\/www.cnbaianfire.com\/es\/wp-json\/wp\/v2\/media\/12713"}],"wp:attachment":[{"href":"https:\/\/www.cnbaianfire.com\/es\/wp-json\/wp\/v2\/media?parent=12712"}],"wp:term":[{"taxonomy":"product_cat","embeddable":true,"href":"https:\/\/www.cnbaianfire.com\/es\/wp-json\/wp\/v2\/product_cat?post=12712"},{"taxonomy":"product_tag","embeddable":true,"href":"https:\/\/www.cnbaianfire.com\/es\/wp-json\/wp\/v2\/product_tag?post=12712"}],"curies":[{"name":"wp","href":"https:\/\/api.w.org\/{rel}","templated":true}]}}