{"id":12537,"date":"2025-06-06T01:39:37","date_gmt":"2025-06-06T01:39:37","guid":{"rendered":"https:\/\/www.cnbaianfire.com\/?post_type=product&#038;p=12537"},"modified":"2025-06-06T01:40:05","modified_gmt":"2025-06-06T01:40:05","slug":"foam-hydrant","status":"publish","type":"product","link":"https:\/\/www.cnbaianfire.com\/es\/producto\/foam-hydrant\/","title":{"rendered":"Hidrante de espuma"},"content":{"rendered":"<h2>Hidrante de espuma<br \/>\nPS100\/65*2 PS150\/80*2<\/h2>\n<table class=\"tg\" style=\"border-collapse: collapse; border-spacing: 0;\">\n<thead>\n<tr>\n<th style=\"font-family: Arial, sans-serif; font-size: 14px; font-weight: normal; overflow: hidden; padding: 10px 5px; text-align: center; vertical-align: middle; word-break: normal; border: 1px solid black;\" colspan=\"5\">Dimensiones<\/th>\n<\/tr>\n<\/thead>\n<tbody>\n<tr>\n<td style=\"background-color: #073980; color: #fff; font-family: Arial, sans-serif; font-size: 14px; font-weight: bold; overflow: hidden; padding: 10px 5px; text-align: center; vertical-align: middle; word-break: normal; border: 1px solid black;\">N\u00famero de modelo<\/td>\n<td style=\"background-color: #073980; color: #fff; font-family: Arial, sans-serif; font-size: 14px; font-weight: bold; overflow: hidden; padding: 10px 5px; text-align: center; vertical-align: middle; word-break: normal; border: 1px solid black;\">Presi\u00f3n de trabajo<\/td>\n<td style=\"background-color: #073980; color: #fff; font-family: Arial, sans-serif; font-size: 14px; font-weight: bold; overflow: hidden; padding: 10px 5px; text-align: center; vertical-align: middle; word-break: normal; border: 1px solid black;\">Brida de entrada<\/td>\n<td style=\"background-color: #073980; color: #fff; font-family: Arial, sans-serif; font-size: 14px; font-weight: bold; overflow: hidden; padding: 10px 5px; text-align: center; vertical-align: middle; word-break: normal; border: 1px solid black;\">Salida<\/td>\n<td style=\"background-color: #073980; color: #fff; font-family: Arial, sans-serif; font-size: 14px; font-weight: bold; overflow: hidden; padding: 10px 5px; text-align: center; vertical-align: middle; word-break: normal; border: 1px solid black;\">Material del cuerpo<\/td>\n<\/tr>\n<tr>\n<td style=\"background-color: #fff; font-family: Arial, sans-serif; font-size: 14px; font-weight: bold; overflow: hidden; padding: 10px 5px; text-align: center; vertical-align: middle; word-break: normal; border: 1px solid black;\">PS100\/65*2<\/td>\n<td style=\"background-color: #fff; font-family: Arial, sans-serif; font-size: 14px; overflow: hidden; padding: 10px 5px; text-align: center; vertical-align: middle; word-break: normal; border: 1px solid black;\">16 Bar<\/td>\n<td style=\"background-color: #fff; font-family: Arial, sans-serif; font-size: 14px; overflow: hidden; padding: 10px 5px; text-align: center; vertical-align: middle; word-break: normal; border: 1px solid black;\">4''<\/td>\n<td style=\"background-color: #fff; font-family: Arial, sans-serif; font-size: 14px; overflow: hidden; padding: 10px 5px; text-align: center; vertical-align: middle; word-break: normal; border: 1px solid black;\">2 1\/2''<\/td>\n<td style=\"background-color: #fff; font-family: Arial, sans-serif; font-size: 14px; overflow: hidden; padding: 10px 5px; text-align: center; vertical-align: top; word-break: normal; border: 1px solid black;\">Tubo galvanizado<\/td>\n<\/tr>\n<tr>\n<td style=\"background-color: #dad6d5; font-family: Arial, sans-serif; font-size: 14px; font-weight: bold; overflow: hidden; padding: 10px 5px; text-align: center; vertical-align: middle; word-break: normal; border: 1px solid black;\">PS150\/80*2<\/td>\n<td style=\"background-color: #dad6d5; font-family: Arial, sans-serif; font-size: 14px; overflow: hidden; padding: 10px 5px; text-align: center; vertical-align: middle; word-break: normal; border: 1px solid black;\">16 Bar<\/td>\n<td style=\"background-color: #dad6d5; font-family: Arial, sans-serif; font-size: 14px; overflow: hidden; padding: 10px 5px; text-align: center; vertical-align: middle; word-break: normal; border: 1px solid black;\">6''<\/td>\n<td style=\"background-color: #dad6d5; font-family: Arial, sans-serif; font-size: 14px; overflow: hidden; padding: 10px 5px; text-align: center; vertical-align: middle; word-break: normal; border: 1px solid black;\">3''<\/td>\n<td style=\"background-color: #dad6d5; font-family: Arial, sans-serif; font-size: 14px; overflow: hidden; padding: 10px 5px; text-align: center; vertical-align: top; word-break: normal; border: 1px solid black;\">Tubo galvanizado<\/td>\n<\/tr>\n<\/tbody>\n<\/table>\n<h2>Especificaciones<\/h2>\n<p>1. Material del cuerpo de la v\u00e1lvula: tubo galvanizado;<br \/>\n2. Tama\u00f1o: 4 pulgadas y 6 pulgadas;<br \/>\n3. Material de la v\u00e1lvula de salida: lat\u00f3n;<br \/>\n4. Conectores: STORZ, NH, John Morris, GOST, Machino, etc.<br \/>\n5. Tratamiento de la superficie: pintura por pulverizaci\u00f3n.<\/p>\n<h2>Plazas de solicitud<\/h2>\n<p>1. Empresas petroqu\u00edmicas, refiner\u00edas, grandes \u00e1reas de tanques de petr\u00f3leo, hangares y otras \u00e1reas donde se concentran l\u00edquidos inflamables.<br \/>\n2. Proyectos subterr\u00e1neos, t\u00faneles, gasolineras, peque\u00f1os dep\u00f3sitos de petr\u00f3leo, garajes y almacenes.<\/p>\n<h2>Principio de funcionamiento<\/h2>\n<p>1. Fase de mezcla: El agua a presi\u00f3n (\u22650,6MPa) fluye a trav\u00e9s del mezclador dosificador a gran velocidad para formar una zona de presi\u00f3n negativa, aspirando el l\u00edquido espum\u00f3geno y mezcl\u00e1ndolo con agua en una proporci\u00f3n de 3%.<br \/>\n2. Etapa de pulverizaci\u00f3n: El l\u00edquido mezclado se transporta a la pistola\/ca\u00f1\u00f3n de espuma a trav\u00e9s de una manguera, y despu\u00e9s de espumar, cubre la superficie del objeto en llamas, formando una pel\u00edcula de agua para aislar el ox\u00edgeno, y lograr la doble extinci\u00f3n del fuego (cobertura de espuma + efecto de sofocaci\u00f3n).<\/p>\n<h2>Caracter\u00edsticas<\/h2>\n<p>1. Extinci\u00f3n de incendios de alta eficacia: El efecto de extinci\u00f3n de incendios de la espuma formadora de pel\u00edcula acuosa (AFFF) es de 2~3 veces el de la espuma proteica, y la vida \u00fatil de almacenamiento es de hasta 12 a\u00f1os.<br \/>\n2. Dise\u00f1o resistente a la corrosi\u00f3n: Los componentes clave est\u00e1n hechos de v\u00e1lvula de bola de acero inoxidable + materiales altamente resistentes a la corrosi\u00f3n, y la c\u00e1mara de lubricaci\u00f3n est\u00e1 dise\u00f1ada para evitar la oxidaci\u00f3n y morir, asegurando a largo plazo libre de mantenimiento.<br \/>\n3. Optimizaci\u00f3n del sellado: La placa de la v\u00e1lvula se autosella con la ayuda de la presi\u00f3n media (cuanto mayor sea la presi\u00f3n, m\u00e1s fuerte ser\u00e1 el sellado), eliminando las fugas.<br \/>\n4. Compatibilidad de modo dual: Admite la extinci\u00f3n de incendios con un solo ca\u00f1\u00f3n o el ca\u00f1\u00f3n de espuma m\u00f3vil de conexi\u00f3n de doble puerto, y responde con flexibilidad a la escala del incendio.<\/p>\n<h2>Presi\u00f3n de trabajo<\/h2>\n<p>0,5~0,8MPa<\/p>\n<p><img loading=\"lazy\" decoding=\"async\" class=\"size-full wp-image-12538 aligncenter\" data-src=\"https:\/\/www.cnbaianfire.com\/wp-content\/uploads\/2025\/06\/Foam-Hydrant.webp\" alt=\"Hidrante de espuma\" width=\"800\" height=\"800\" srcset=\"https:\/\/www.cnbaianfire.com\/wp-content\/uploads\/2025\/06\/Foam-Hydrant.webp 800w, https:\/\/www.cnbaianfire.com\/wp-content\/uploads\/2025\/06\/Foam-Hydrant-480x480.webp 480w\" sizes=\"(min-width: 0px) and (max-width: 480px) 480px, (min-width: 481px) 800px, 100vw\" \/><\/p>","protected":false},"excerpt":{"rendered":"<p>En <a href=\"https:\/\/www.cnbaianfire.com\/product\/foam-hydrant\/\"><strong>Hidrante de espuma<\/strong><\/a> cuenta con un cuerpo de v\u00e1lvula de tubo galvanizado, tama\u00f1os de 4\u2033\/6\u2033, v\u00e1lvulas de salida de lat\u00f3n y superficies pintadas por pulverizaci\u00f3n con conectores STORZ\/NH. Ideal para instalaciones petroqu\u00edmicas y subterr\u00e1neas, utiliza una presi\u00f3n de agua \u22650,6 MPa para extraer el l\u00edquido espum\u00f3geno 3%, ofrece eficiencia AFFF, resistencia a la corrosi\u00f3n y una presi\u00f3n de trabajo de 0,5-0,8 MPa.<\/p>\n<p>Ver <a href=\"https:\/\/www.cnbaianfire.com\/category\/foam-system\/foam-release-equipment\/\"><strong>Equipo de liberaci\u00f3n de espuma<\/strong><\/a> Cat\u00e1logo para m\u00e1s informaci\u00f3n<\/p>","protected":false},"featured_media":12538,"template":"","meta":{"_et_pb_use_builder":"","_et_pb_old_content":"","_et_gb_content_width":""},"product_cat":[215,208],"product_tag":[],"yoast_head":"<!-- This site is optimized with the Yoast SEO plugin v22.7 - https:\/\/yoast.com\/wordpress\/plugins\/seo\/ -->\n<title>China wholesales Foam Hydrant supplier - BAIAN FIRE PROTECTION EQUIPMENT<\/title>\n<meta name=\"description\" content=\"Professional Foam Hydrant manufacturer - Baian. We offers reliable, certified fire fighting equipment backed by technical support and global experience.\" \/>\n<meta name=\"robots\" content=\"index, follow, max-snippet:-1, max-image-preview:large, max-video-preview:-1\" \/>\n<link rel=\"canonical\" href=\"https:\/\/www.cnbaianfire.com\/es\/producto\/foam-hydrant\/\" \/>\n<meta property=\"og:locale\" content=\"es_ES\" \/>\n<meta property=\"og:type\" content=\"article\" \/>\n<meta property=\"og:title\" content=\"China wholesales Foam Hydrant supplier - BAIAN FIRE PROTECTION EQUIPMENT\" \/>\n<meta property=\"og:description\" content=\"Professional Foam Hydrant manufacturer - Baian. We offers reliable, certified fire fighting equipment backed by technical support and global experience.\" \/>\n<meta property=\"og:url\" content=\"https:\/\/www.cnbaianfire.com\/es\/producto\/foam-hydrant\/\" \/>\n<meta property=\"og:site_name\" content=\"BAIAN FIRE PROTECTION EQUIPMENT\" \/>\n<meta property=\"article:publisher\" content=\"https:\/\/www.facebook.com\/BaianFirefightingEquipment\" \/>\n<meta property=\"article:modified_time\" content=\"2025-06-06T01:40:05+00:00\" \/>\n<meta property=\"og:image\" content=\"https:\/\/www.cnbaianfire.com\/wp-content\/uploads\/2025\/06\/Foam-Hydrant.webp\" \/>\n\t<meta property=\"og:image:width\" content=\"800\" \/>\n\t<meta property=\"og:image:height\" content=\"800\" \/>\n\t<meta property=\"og:image:type\" content=\"image\/webp\" \/>\n<meta name=\"twitter:card\" content=\"summary_large_image\" \/>\n<meta name=\"twitter:label1\" content=\"Tiempo de lectura\" \/>\n\t<meta name=\"twitter:data1\" content=\"2 minutos\" \/>\n<script type=\"application\/ld+json\" class=\"yoast-schema-graph\">{\"@context\":\"https:\/\/schema.org\",\"@graph\":[{\"@type\":\"WebPage\",\"@id\":\"https:\/\/www.cnbaianfire.com\/product\/foam-hydrant\/\",\"url\":\"https:\/\/www.cnbaianfire.com\/product\/foam-hydrant\/\",\"name\":\"China wholesales Foam Hydrant supplier - BAIAN FIRE PROTECTION EQUIPMENT\",\"isPartOf\":{\"@id\":\"https:\/\/www.cnbaianfire.com\/#website\"},\"primaryImageOfPage\":{\"@id\":\"https:\/\/www.cnbaianfire.com\/product\/foam-hydrant\/#primaryimage\"},\"image\":{\"@id\":\"https:\/\/www.cnbaianfire.com\/product\/foam-hydrant\/#primaryimage\"},\"thumbnailUrl\":\"https:\/\/www.cnbaianfire.com\/wp-content\/uploads\/2025\/06\/Foam-Hydrant.webp\",\"datePublished\":\"2025-06-06T01:39:37+00:00\",\"dateModified\":\"2025-06-06T01:40:05+00:00\",\"description\":\"Professional Foam Hydrant manufacturer - Baian. We offers reliable, certified fire fighting equipment backed by technical support and global experience.\",\"breadcrumb\":{\"@id\":\"https:\/\/www.cnbaianfire.com\/product\/foam-hydrant\/#breadcrumb\"},\"inLanguage\":\"es\",\"potentialAction\":[{\"@type\":\"ReadAction\",\"target\":[\"https:\/\/www.cnbaianfire.com\/product\/foam-hydrant\/\"]}]},{\"@type\":\"ImageObject\",\"inLanguage\":\"es\",\"@id\":\"https:\/\/www.cnbaianfire.com\/product\/foam-hydrant\/#primaryimage\",\"url\":\"https:\/\/www.cnbaianfire.com\/wp-content\/uploads\/2025\/06\/Foam-Hydrant.webp\",\"contentUrl\":\"https:\/\/www.cnbaianfire.com\/wp-content\/uploads\/2025\/06\/Foam-Hydrant.webp\",\"width\":800,\"height\":800,\"caption\":\"Foam Hydrant\"},{\"@type\":\"BreadcrumbList\",\"@id\":\"https:\/\/www.cnbaianfire.com\/product\/foam-hydrant\/#breadcrumb\",\"itemListElement\":[{\"@type\":\"ListItem\",\"position\":1,\"name\":\"Home\",\"item\":\"https:\/\/www.cnbaianfire.com\/\"},{\"@type\":\"ListItem\",\"position\":2,\"name\":\"Products\",\"item\":\"https:\/\/www.cnbaianfire.com\/shop\/\"},{\"@type\":\"ListItem\",\"position\":3,\"name\":\"Foam Hydrant\"}]},{\"@type\":\"WebSite\",\"@id\":\"https:\/\/www.cnbaianfire.com\/#website\",\"url\":\"https:\/\/www.cnbaianfire.com\/\",\"name\":\"BAIAN FIRE PROTECTION EQUIPMENT\",\"description\":\"\",\"publisher\":{\"@id\":\"https:\/\/www.cnbaianfire.com\/#organization\"},\"potentialAction\":[{\"@type\":\"SearchAction\",\"target\":{\"@type\":\"EntryPoint\",\"urlTemplate\":\"https:\/\/www.cnbaianfire.com\/?s={search_term_string}\"},\"query-input\":\"required name=search_term_string\"}],\"inLanguage\":\"es\"},{\"@type\":\"Organization\",\"@id\":\"https:\/\/www.cnbaianfire.com\/#organization\",\"name\":\"Baian Group\",\"url\":\"https:\/\/www.cnbaianfire.com\/\",\"logo\":{\"@type\":\"ImageObject\",\"inLanguage\":\"es\",\"@id\":\"https:\/\/www.cnbaianfire.com\/#\/schema\/logo\/image\/\",\"url\":\"https:\/\/www.cnbaianfire.com\/wp-content\/uploads\/2025\/05\/baian-fire-ptotection-logo.webp\",\"contentUrl\":\"https:\/\/www.cnbaianfire.com\/wp-content\/uploads\/2025\/05\/baian-fire-ptotection-logo.webp\",\"width\":501,\"height\":494,\"caption\":\"Baian Group\"},\"image\":{\"@id\":\"https:\/\/www.cnbaianfire.com\/#\/schema\/logo\/image\/\"},\"sameAs\":[\"https:\/\/www.facebook.com\/BaianFirefightingEquipment\"]}]}<\/script>\n<!-- \/ Yoast SEO plugin. -->","yoast_head_json":{"title":"China wholesales Foam Hydrant supplier - BAIAN FIRE PROTECTION EQUIPMENT","description":"Professional Foam Hydrant manufacturer - Baian. We offers reliable, certified fire fighting equipment backed by technical support and global experience.","robots":{"index":"index","follow":"follow","max-snippet":"max-snippet:-1","max-image-preview":"max-image-preview:large","max-video-preview":"max-video-preview:-1"},"canonical":"https:\/\/www.cnbaianfire.com\/es\/producto\/foam-hydrant\/","og_locale":"es_ES","og_type":"article","og_title":"China wholesales Foam Hydrant supplier - BAIAN FIRE PROTECTION EQUIPMENT","og_description":"Professional Foam Hydrant manufacturer - Baian. We offers reliable, certified fire fighting equipment backed by technical support and global experience.","og_url":"https:\/\/www.cnbaianfire.com\/es\/producto\/foam-hydrant\/","og_site_name":"BAIAN FIRE PROTECTION EQUIPMENT","article_publisher":"https:\/\/www.facebook.com\/BaianFirefightingEquipment","article_modified_time":"2025-06-06T01:40:05+00:00","og_image":[{"width":800,"height":800,"url":"https:\/\/www.cnbaianfire.com\/wp-content\/uploads\/2025\/06\/Foam-Hydrant.webp","type":"image\/webp"}],"twitter_card":"summary_large_image","twitter_misc":{"Tiempo de lectura":"2 minutos"},"schema":{"@context":"https:\/\/schema.org","@graph":[{"@type":"WebPage","@id":"https:\/\/www.cnbaianfire.com\/product\/foam-hydrant\/","url":"https:\/\/www.cnbaianfire.com\/product\/foam-hydrant\/","name":"China wholesales Foam Hydrant supplier - BAIAN FIRE PROTECTION EQUIPMENT","isPartOf":{"@id":"https:\/\/www.cnbaianfire.com\/#website"},"primaryImageOfPage":{"@id":"https:\/\/www.cnbaianfire.com\/product\/foam-hydrant\/#primaryimage"},"image":{"@id":"https:\/\/www.cnbaianfire.com\/product\/foam-hydrant\/#primaryimage"},"thumbnailUrl":"https:\/\/www.cnbaianfire.com\/wp-content\/uploads\/2025\/06\/Foam-Hydrant.webp","datePublished":"2025-06-06T01:39:37+00:00","dateModified":"2025-06-06T01:40:05+00:00","description":"Professional Foam Hydrant manufacturer - Baian. We offers reliable, certified fire fighting equipment backed by technical support and global experience.","breadcrumb":{"@id":"https:\/\/www.cnbaianfire.com\/product\/foam-hydrant\/#breadcrumb"},"inLanguage":"es","potentialAction":[{"@type":"ReadAction","target":["https:\/\/www.cnbaianfire.com\/product\/foam-hydrant\/"]}]},{"@type":"ImageObject","inLanguage":"es","@id":"https:\/\/www.cnbaianfire.com\/product\/foam-hydrant\/#primaryimage","url":"https:\/\/www.cnbaianfire.com\/wp-content\/uploads\/2025\/06\/Foam-Hydrant.webp","contentUrl":"https:\/\/www.cnbaianfire.com\/wp-content\/uploads\/2025\/06\/Foam-Hydrant.webp","width":800,"height":800,"caption":"Foam Hydrant"},{"@type":"BreadcrumbList","@id":"https:\/\/www.cnbaianfire.com\/product\/foam-hydrant\/#breadcrumb","itemListElement":[{"@type":"ListItem","position":1,"name":"Home","item":"https:\/\/www.cnbaianfire.com\/"},{"@type":"ListItem","position":2,"name":"Products","item":"https:\/\/www.cnbaianfire.com\/shop\/"},{"@type":"ListItem","position":3,"name":"Foam Hydrant"}]},{"@type":"WebSite","@id":"https:\/\/www.cnbaianfire.com\/#website","url":"https:\/\/www.cnbaianfire.com\/","name":"BAIAN FIRE PROTECTION EQUIPMENT","description":"","publisher":{"@id":"https:\/\/www.cnbaianfire.com\/#organization"},"potentialAction":[{"@type":"SearchAction","target":{"@type":"EntryPoint","urlTemplate":"https:\/\/www.cnbaianfire.com\/?s={search_term_string}"},"query-input":"required name=search_term_string"}],"inLanguage":"es"},{"@type":"Organization","@id":"https:\/\/www.cnbaianfire.com\/#organization","name":"Baian Group","url":"https:\/\/www.cnbaianfire.com\/","logo":{"@type":"ImageObject","inLanguage":"es","@id":"https:\/\/www.cnbaianfire.com\/#\/schema\/logo\/image\/","url":"https:\/\/www.cnbaianfire.com\/wp-content\/uploads\/2025\/05\/baian-fire-ptotection-logo.webp","contentUrl":"https:\/\/www.cnbaianfire.com\/wp-content\/uploads\/2025\/05\/baian-fire-ptotection-logo.webp","width":501,"height":494,"caption":"Baian Group"},"image":{"@id":"https:\/\/www.cnbaianfire.com\/#\/schema\/logo\/image\/"},"sameAs":["https:\/\/www.facebook.com\/BaianFirefightingEquipment"]}]}},"_links":{"self":[{"href":"https:\/\/www.cnbaianfire.com\/es\/wp-json\/wp\/v2\/product\/12537"}],"collection":[{"href":"https:\/\/www.cnbaianfire.com\/es\/wp-json\/wp\/v2\/product"}],"about":[{"href":"https:\/\/www.cnbaianfire.com\/es\/wp-json\/wp\/v2\/types\/product"}],"wp:featuredmedia":[{"embeddable":true,"href":"https:\/\/www.cnbaianfire.com\/es\/wp-json\/wp\/v2\/media\/12538"}],"wp:attachment":[{"href":"https:\/\/www.cnbaianfire.com\/es\/wp-json\/wp\/v2\/media?parent=12537"}],"wp:term":[{"taxonomy":"product_cat","embeddable":true,"href":"https:\/\/www.cnbaianfire.com\/es\/wp-json\/wp\/v2\/product_cat?post=12537"},{"taxonomy":"product_tag","embeddable":true,"href":"https:\/\/www.cnbaianfire.com\/es\/wp-json\/wp\/v2\/product_tag?post=12537"}],"curies":[{"name":"wp","href":"https:\/\/api.w.org\/{rel}","templated":true}]}}