{"id":12535,"date":"2025-06-06T01:34:40","date_gmt":"2025-06-06T01:34:40","guid":{"rendered":"https:\/\/www.cnbaianfire.com\/?post_type=product&#038;p=12535"},"modified":"2025-06-06T01:35:04","modified_gmt":"2025-06-06T01:35:04","slug":"mobile-foam-trolley","status":"publish","type":"product","link":"https:\/\/www.cnbaianfire.com\/es\/producto\/mobile-foam-trolley\/","title":{"rendered":"Carro m\u00f3vil para espuma"},"content":{"rendered":"<h2>Carro m\u00f3vil para espuma<br \/>\nPY-Pl\u00e1sticos reforzados con fibra de vidrio Tipo -B<\/h2>\n<table class=\"tg\" style=\"border-collapse: collapse; border-spacing: 0;\">\n<thead>\n<tr>\n<th style=\"font-family: Arial, sans-serif; font-size: 14px; font-weight: normal; overflow: hidden; padding: 10px 5px; text-align: center; vertical-align: middle; word-break: normal; border: 1px solid black;\" colspan=\"6\">Dimensiones<\/th>\n<\/tr>\n<\/thead>\n<tbody>\n<tr>\n<td style=\"background-color: #073980; color: #fff; font-family: Arial, sans-serif; font-size: 14px; font-weight: bold; overflow: hidden; padding: 10px 5px; text-align: center; vertical-align: middle; word-break: normal; border: 1px solid black;\">N\u00famero de modelo<\/td>\n<td style=\"background-color: #073980; color: #fff; font-family: Arial, sans-serif; font-size: 14px; font-weight: bold; overflow: hidden; padding: 10px 5px; text-align: center; vertical-align: middle; word-break: normal; border: 1px solid black;\">Capacidad<\/td>\n<td style=\"background-color: #073980; color: #fff; font-family: Arial, sans-serif; font-size: 14px; font-weight: bold; overflow: hidden; padding: 10px 5px; text-align: center; vertical-align: middle; word-break: normal; border: 1px solid black;\">Presi\u00f3n de trabajo<\/td>\n<td style=\"background-color: #073980; color: #fff; font-family: Arial, sans-serif; font-size: 14px; font-weight: bold; overflow: hidden; padding: 10px 5px; text-align: center; vertical-align: middle; word-break: normal; border: 1px solid black;\">Entrada y salida<\/td>\n<td style=\"background-color: #073980; color: #fff; font-family: Arial, sans-serif; font-size: 14px; font-weight: bold; overflow: hidden; padding: 10px 5px; text-align: center; vertical-align: middle; word-break: normal; border: 1px solid black;\">Soluci\u00f3n de espuma Ratio<\/td>\n<td style=\"background-color: #073980; color: #fff; font-family: Arial, sans-serif; font-size: 14px; font-weight: bold; overflow: hidden; padding: 10px 5px; text-align: center; vertical-align: middle; word-break: normal; border: 1px solid black;\">Caudal<\/td>\n<\/tr>\n<tr>\n<td style=\"background-color: #fff; font-family: Arial, sans-serif; font-size: 14px; font-weight: bold; overflow: hidden; padding: 10px 5px; text-align: center; vertical-align: middle; word-break: normal; border: 1px solid black;\">PY4\/120<\/td>\n<td style=\"background-color: #fff; font-family: Arial, sans-serif; font-size: 14px; overflow: hidden; padding: 10px 5px; text-align: center; vertical-align: middle; word-break: normal; border: 1px solid black;\">120 litros<\/td>\n<td style=\"background-color: #fff; font-family: Arial, sans-serif; font-size: 14px; overflow: hidden; padding: 10px 5px; text-align: center; vertical-align: middle; word-break: normal; border: 1px solid black;\">8-10 Bar<\/td>\n<td style=\"background-color: #fff; font-family: Arial, sans-serif; font-size: 14px; overflow: hidden; padding: 10px 5px; text-align: center; vertical-align: middle; word-break: normal; border: 1px solid black;\">2.5&#8221;<\/td>\n<td style=\"background-color: #fff; font-family: Arial, sans-serif; font-size: 14px; overflow: hidden; padding: 10px 5px; text-align: center; vertical-align: middle; word-break: normal; border: 1px solid black;\">3% o 6%<\/td>\n<td style=\"background-color: #fff; font-family: Arial, sans-serif; font-size: 14px; overflow: hidden; padding: 10px 5px; text-align: center; vertical-align: middle; word-break: normal; border: 1px solid black;\">240LPM<\/td>\n<\/tr>\n<tr>\n<td style=\"background-color: #dad6d5; font-family: Arial, sans-serif; font-size: 14px; font-weight: bold; overflow: hidden; padding: 10px 5px; text-align: center; vertical-align: middle; word-break: normal; border: 1px solid black;\">PY4\/200<\/td>\n<td style=\"background-color: #dad6d5; font-family: Arial, sans-serif; font-size: 14px; overflow: hidden; padding: 10px 5px; text-align: center; vertical-align: middle; word-break: normal; border: 1px solid black;\">200 litros<\/td>\n<td style=\"background-color: #dad6d5; font-family: Arial, sans-serif; font-size: 14px; overflow: hidden; padding: 10px 5px; text-align: center; vertical-align: middle; word-break: normal; border: 1px solid black;\">8-10 Bar<\/td>\n<td style=\"background-color: #dad6d5; font-family: Arial, sans-serif; font-size: 14px; overflow: hidden; padding: 10px 5px; text-align: center; vertical-align: middle; word-break: normal; border: 1px solid black;\">2.5&#8221;&#8217;<\/td>\n<td style=\"background-color: #dad6d5; font-family: Arial, sans-serif; font-size: 14px; overflow: hidden; padding: 10px 5px; text-align: center; vertical-align: middle; word-break: normal; border: 1px solid black;\">3% o 6%<\/td>\n<td style=\"background-color: #dad6d5; font-family: Arial, sans-serif; font-size: 14px; overflow: hidden; padding: 10px 5px; text-align: center; vertical-align: middle; word-break: normal; border: 1px solid black;\">240LPM<\/td>\n<\/tr>\n<tr>\n<td style=\"background-color: #fff; font-family: Arial, sans-serif; font-size: 14px; font-weight: bold; overflow: hidden; padding: 10px 5px; text-align: center; vertical-align: middle; word-break: normal; border: 1px solid black;\">PY4\/300<\/td>\n<td style=\"background-color: #fff; font-family: Arial, sans-serif; font-size: 14px; overflow: hidden; padding: 10px 5px; text-align: center; vertical-align: middle; word-break: normal; border: 1px solid black;\">300 litros<\/td>\n<td style=\"background-color: #fff; font-family: Arial, sans-serif; font-size: 14px; overflow: hidden; padding: 10px 5px; text-align: center; vertical-align: middle; word-break: normal; border: 1px solid black;\">8-10 Bar<\/td>\n<td style=\"background-color: #fff; font-family: Arial, sans-serif; font-size: 14px; overflow: hidden; padding: 10px 5px; text-align: center; vertical-align: middle; word-break: normal; border: 1px solid black;\">2.5&#8221;<\/td>\n<td style=\"background-color: #fff; font-family: Arial, sans-serif; font-size: 14px; overflow: hidden; padding: 10px 5px; text-align: center; vertical-align: middle; word-break: normal; border: 1px solid black;\">3% o 6%<\/td>\n<td style=\"background-color: #fff; font-family: Arial, sans-serif; font-size: 14px; overflow: hidden; padding: 10px 5px; text-align: center; vertical-align: middle; word-break: normal; border: 1px solid black;\">240LPM<\/td>\n<\/tr>\n<tr>\n<td style=\"background-color: #dad6d5; font-family: Arial, sans-serif; font-size: 14px; font-weight: bold; overflow: hidden; padding: 10px 5px; text-align: center; vertical-align: middle; word-break: normal; border: 1px solid black;\">PY8\/400<\/td>\n<td style=\"background-color: #dad6d5; font-family: Arial, sans-serif; font-size: 14px; overflow: hidden; padding: 10px 5px; text-align: center; vertical-align: middle; word-break: normal; border: 1px solid black;\">400 litros<\/td>\n<td style=\"background-color: #dad6d5; font-family: Arial, sans-serif; font-size: 14px; overflow: hidden; padding: 10px 5px; text-align: center; vertical-align: middle; word-break: normal; border: 1px solid black;\">8-10 Bar<\/td>\n<td style=\"background-color: #dad6d5; font-family: Arial, sans-serif; font-size: 14px; overflow: hidden; padding: 10px 5px; text-align: center; vertical-align: middle; word-break: normal; border: 1px solid black;\">2.5&#8221;<\/td>\n<td style=\"background-color: #dad6d5; font-family: Arial, sans-serif; font-size: 14px; overflow: hidden; padding: 10px 5px; text-align: center; vertical-align: middle; word-break: normal; border: 1px solid black;\">3% o 6%<\/td>\n<td style=\"background-color: #dad6d5; font-family: Arial, sans-serif; font-size: 14px; overflow: hidden; padding: 10px 5px; text-align: center; vertical-align: middle; word-break: normal; border: 1px solid black;\">480LPM<\/td>\n<\/tr>\n<tr>\n<td style=\"background-color: #fff; font-family: Arial, sans-serif; font-size: 14px; font-weight: bold; overflow: hidden; padding: 10px 5px; text-align: center; vertical-align: middle; word-break: normal; border: 1px solid black;\">PY8\/500<\/td>\n<td style=\"background-color: #fff; font-family: Arial, sans-serif; font-size: 14px; overflow: hidden; padding: 10px 5px; text-align: center; vertical-align: middle; word-break: normal; border: 1px solid black;\">500 litros<\/td>\n<td style=\"background-color: #fff; font-family: Arial, sans-serif; font-size: 14px; overflow: hidden; padding: 10px 5px; text-align: center; vertical-align: middle; word-break: normal; border: 1px solid black;\">8-10 Bar<\/td>\n<td style=\"background-color: #fff; font-family: Arial, sans-serif; font-size: 14px; overflow: hidden; padding: 10px 5px; text-align: center; vertical-align: middle; word-break: normal; border: 1px solid black;\">2.5&#8221;<\/td>\n<td style=\"background-color: #fff; font-family: Arial, sans-serif; font-size: 14px; overflow: hidden; padding: 10px 5px; text-align: center; vertical-align: middle; word-break: normal; border: 1px solid black;\">3% o 6%<\/td>\n<td style=\"background-color: #fff; font-family: Arial, sans-serif; font-size: 14px; overflow: hidden; padding: 10px 5px; text-align: center; vertical-align: middle; word-break: normal; border: 1px solid black;\">480LPM<\/td>\n<\/tr>\n<\/tbody>\n<\/table>\n<h2>Especificaciones<\/h2>\n<p>1. Material del cuerpo principal: FRP;<br \/>\n2. Inyector: Aleaci\u00f3n de aluminio;<br \/>\n3. Boquilla de espuma: acero inoxidable SS304, aleaci\u00f3n de aluminio;<br \/>\n4. Manguera contra incendios: 20 metros \u00d7 2 rollos;<br \/>\n5. Conectores: STORZ, NH, John Morris, GOST, Machino, etc.<br \/>\n6. Tratamiento de la superficie: pintura por pulverizaci\u00f3n.<\/p>\n<h2>Aplicaci\u00f3n:<\/h2>\n<p>1. Combate incendios de l\u00edquidos de clase B (combustible, disolventes, etc.), especialmente indicado para fugas en atagu\u00edas de tanques, peque\u00f1os accidentes con productos qu\u00edmicos peligrosos e incendios de veh\u00edculos.<br \/>\n2. Como complemento de los sistemas fijos de protecci\u00f3n contra incendios o de los equipos temporales de emergencia, cubriendo los \u00e1ngulos muertos de los dispositivos fijos.<\/p>\n<h2>Principio de funcionamiento:<\/h2>\n<p>1. Mezclado: La bomba de agua extrae agua de la fuente de agua (boca de incendios\/dep\u00f3sito de agua), y aspira el l\u00edquido espum\u00f3geno a trav\u00e9s del mezclador de proporciones de acuerdo con la relaci\u00f3n preestablecida (como 3%\/6%) para formar un l\u00edquido mezclado.<br \/>\n2. Espumado: El l\u00edquido mezclado se transporta a la pistola\/ca\u00f1\u00f3n de espuma a trav\u00e9s de una manguera, se mezcla con aire y se expande para formar espuma de extinci\u00f3n.<br \/>\n3. Extinci\u00f3n de incendios de cobertura: la espuma cubre la superficie del l\u00edquido en combusti\u00f3n, extinguiendo el fuego al aislar el ox\u00edgeno, enfriar y suprimir el vapor.<\/p>\n<h2>Caracter\u00edsticas:<\/h2>\n<p>1. Alta resistencia a la corrosi\u00f3n: El material GFRP resiste la corrosi\u00f3n qu\u00edmica y por niebla salina, y tiene una vida \u00fatil m\u00e1s larga que las carcasas met\u00e1licas tradicionales.<br \/>\n2. Gran movilidad: El dise\u00f1o tipo carro permite \"tirar y usar\" y tiene una velocidad de respuesta muy r\u00e1pida.<br \/>\n3. Adaptabilidad medioambiental: El nivel de protecci\u00f3n alcanza IP67\/IP69K, es resistente a vibraciones y golpes, y se adapta a un rango de temperaturas de -40\u00b0C a 85\u00b0C.<br \/>\n4. 4. F\u00e1cil de manejar: No requiere fuente de alimentaci\u00f3n externa, se basa en el accionamiento por presi\u00f3n de agua, y la extinci\u00f3n de incendios puede completarse mediante control manual.<\/p>\n<h2>Presi\u00f3n de trabajo:<\/h2>\n<p>0,7 MPa - 1,4 MPa (100 psi - 200 psi)<\/p>\n<p><img loading=\"lazy\" decoding=\"async\" class=\"size-full wp-image-12536 aligncenter\" data-src=\"https:\/\/www.cnbaianfire.com\/wp-content\/uploads\/2025\/06\/Mobile-Foam-Trolley.webp\" alt=\"Carro m\u00f3vil para espuma\" width=\"800\" height=\"800\" srcset=\"https:\/\/www.cnbaianfire.com\/wp-content\/uploads\/2025\/06\/Mobile-Foam-Trolley.webp 800w, https:\/\/www.cnbaianfire.com\/wp-content\/uploads\/2025\/06\/Mobile-Foam-Trolley-480x480.webp 480w\" sizes=\"(min-width: 0px) and (max-width: 480px) 480px, (min-width: 481px) 800px, 100vw\" \/><\/p>","protected":false},"excerpt":{"rendered":"<p>En <a href=\"https:\/\/www.cnbaianfire.com\/product\/mobile-foam-trolley\/\"><strong>Carro m\u00f3vil para espuma<\/strong><\/a> cuenta con un cuerpo principal de FRP, inyector de aleaci\u00f3n de aluminio y boquillas SS304\/acero inoxidable con mangueras de 2\u00d720 m. Ideal para incendios de Clase B en atagu\u00edas de tanques e incidentes con veh\u00edculos, utiliza mezcla de espuma 3%-6% accionada por agua a presi\u00f3n, ofrece protecci\u00f3n IP67\/IP69K y funciona a 0,7-1,4 MPa.<\/p>\n<p>M\u00e1s informaci\u00f3n en <a href=\"https:\/\/www.cnbaianfire.com\/category\/foam-system\/mobile-foam-equipment\/\"><strong>Equipos m\u00f3viles de espuma<\/strong><\/a> \u00a1Cat\u00e1logo!<\/p>","protected":false},"featured_media":12536,"template":"","meta":{"_et_pb_use_builder":"","_et_pb_old_content":"","_et_gb_content_width":""},"product_cat":[213,208],"product_tag":[],"yoast_head":"<!-- This site is optimized with the Yoast SEO plugin v22.7 - https:\/\/yoast.com\/wordpress\/plugins\/seo\/ -->\n<title>China wholesales Mobile Foam Trolley supplier - BAIAN FIRE PROTECTION EQUIPMENT<\/title>\n<meta name=\"description\" content=\"Professional Mobile Foam Trolley manufacturer - Baian. We offers reliable, certified fire fighting equipment backed by technical support and global experience.\" \/>\n<meta name=\"robots\" content=\"index, follow, max-snippet:-1, max-image-preview:large, max-video-preview:-1\" \/>\n<link rel=\"canonical\" href=\"https:\/\/www.cnbaianfire.com\/es\/producto\/mobile-foam-trolley\/\" \/>\n<meta property=\"og:locale\" content=\"es_ES\" \/>\n<meta property=\"og:type\" content=\"article\" \/>\n<meta property=\"og:title\" content=\"China wholesales Mobile Foam Trolley supplier - BAIAN FIRE PROTECTION EQUIPMENT\" \/>\n<meta property=\"og:description\" content=\"Professional Mobile Foam Trolley manufacturer - Baian. We offers reliable, certified fire fighting equipment backed by technical support and global experience.\" \/>\n<meta property=\"og:url\" content=\"https:\/\/www.cnbaianfire.com\/es\/producto\/mobile-foam-trolley\/\" \/>\n<meta property=\"og:site_name\" content=\"BAIAN FIRE PROTECTION EQUIPMENT\" \/>\n<meta property=\"article:publisher\" content=\"https:\/\/www.facebook.com\/BaianFirefightingEquipment\" \/>\n<meta property=\"article:modified_time\" content=\"2025-06-06T01:35:04+00:00\" \/>\n<meta property=\"og:image\" content=\"https:\/\/www.cnbaianfire.com\/wp-content\/uploads\/2025\/06\/Mobile-Foam-Trolley.webp\" \/>\n\t<meta property=\"og:image:width\" content=\"800\" \/>\n\t<meta property=\"og:image:height\" content=\"800\" \/>\n\t<meta property=\"og:image:type\" content=\"image\/webp\" \/>\n<meta name=\"twitter:card\" content=\"summary_large_image\" \/>\n<meta name=\"twitter:label1\" content=\"Tiempo de lectura\" \/>\n\t<meta name=\"twitter:data1\" content=\"2 minutos\" \/>\n<script type=\"application\/ld+json\" class=\"yoast-schema-graph\">{\"@context\":\"https:\/\/schema.org\",\"@graph\":[{\"@type\":\"WebPage\",\"@id\":\"https:\/\/www.cnbaianfire.com\/product\/mobile-foam-trolley\/\",\"url\":\"https:\/\/www.cnbaianfire.com\/product\/mobile-foam-trolley\/\",\"name\":\"China wholesales Mobile Foam Trolley supplier - BAIAN FIRE PROTECTION EQUIPMENT\",\"isPartOf\":{\"@id\":\"https:\/\/www.cnbaianfire.com\/#website\"},\"primaryImageOfPage\":{\"@id\":\"https:\/\/www.cnbaianfire.com\/product\/mobile-foam-trolley\/#primaryimage\"},\"image\":{\"@id\":\"https:\/\/www.cnbaianfire.com\/product\/mobile-foam-trolley\/#primaryimage\"},\"thumbnailUrl\":\"https:\/\/www.cnbaianfire.com\/wp-content\/uploads\/2025\/06\/Mobile-Foam-Trolley.webp\",\"datePublished\":\"2025-06-06T01:34:40+00:00\",\"dateModified\":\"2025-06-06T01:35:04+00:00\",\"description\":\"Professional Mobile Foam Trolley manufacturer - Baian. We offers reliable, certified fire fighting equipment backed by technical support and global experience.\",\"breadcrumb\":{\"@id\":\"https:\/\/www.cnbaianfire.com\/product\/mobile-foam-trolley\/#breadcrumb\"},\"inLanguage\":\"es\",\"potentialAction\":[{\"@type\":\"ReadAction\",\"target\":[\"https:\/\/www.cnbaianfire.com\/product\/mobile-foam-trolley\/\"]}]},{\"@type\":\"ImageObject\",\"inLanguage\":\"es\",\"@id\":\"https:\/\/www.cnbaianfire.com\/product\/mobile-foam-trolley\/#primaryimage\",\"url\":\"https:\/\/www.cnbaianfire.com\/wp-content\/uploads\/2025\/06\/Mobile-Foam-Trolley.webp\",\"contentUrl\":\"https:\/\/www.cnbaianfire.com\/wp-content\/uploads\/2025\/06\/Mobile-Foam-Trolley.webp\",\"width\":800,\"height\":800,\"caption\":\"Mobile Foam Trolley\"},{\"@type\":\"BreadcrumbList\",\"@id\":\"https:\/\/www.cnbaianfire.com\/product\/mobile-foam-trolley\/#breadcrumb\",\"itemListElement\":[{\"@type\":\"ListItem\",\"position\":1,\"name\":\"Home\",\"item\":\"https:\/\/www.cnbaianfire.com\/\"},{\"@type\":\"ListItem\",\"position\":2,\"name\":\"Products\",\"item\":\"https:\/\/www.cnbaianfire.com\/shop\/\"},{\"@type\":\"ListItem\",\"position\":3,\"name\":\"Mobile Foam Trolley\"}]},{\"@type\":\"WebSite\",\"@id\":\"https:\/\/www.cnbaianfire.com\/#website\",\"url\":\"https:\/\/www.cnbaianfire.com\/\",\"name\":\"BAIAN FIRE PROTECTION EQUIPMENT\",\"description\":\"\",\"publisher\":{\"@id\":\"https:\/\/www.cnbaianfire.com\/#organization\"},\"potentialAction\":[{\"@type\":\"SearchAction\",\"target\":{\"@type\":\"EntryPoint\",\"urlTemplate\":\"https:\/\/www.cnbaianfire.com\/?s={search_term_string}\"},\"query-input\":\"required name=search_term_string\"}],\"inLanguage\":\"es\"},{\"@type\":\"Organization\",\"@id\":\"https:\/\/www.cnbaianfire.com\/#organization\",\"name\":\"Baian Group\",\"url\":\"https:\/\/www.cnbaianfire.com\/\",\"logo\":{\"@type\":\"ImageObject\",\"inLanguage\":\"es\",\"@id\":\"https:\/\/www.cnbaianfire.com\/#\/schema\/logo\/image\/\",\"url\":\"https:\/\/www.cnbaianfire.com\/wp-content\/uploads\/2025\/05\/baian-fire-ptotection-logo.webp\",\"contentUrl\":\"https:\/\/www.cnbaianfire.com\/wp-content\/uploads\/2025\/05\/baian-fire-ptotection-logo.webp\",\"width\":501,\"height\":494,\"caption\":\"Baian Group\"},\"image\":{\"@id\":\"https:\/\/www.cnbaianfire.com\/#\/schema\/logo\/image\/\"},\"sameAs\":[\"https:\/\/www.facebook.com\/BaianFirefightingEquipment\"]}]}<\/script>\n<!-- \/ Yoast SEO plugin. -->","yoast_head_json":{"title":"China wholesales Mobile Foam Trolley supplier - BAIAN FIRE PROTECTION EQUIPMENT","description":"Professional Mobile Foam Trolley manufacturer - Baian. We offers reliable, certified fire fighting equipment backed by technical support and global experience.","robots":{"index":"index","follow":"follow","max-snippet":"max-snippet:-1","max-image-preview":"max-image-preview:large","max-video-preview":"max-video-preview:-1"},"canonical":"https:\/\/www.cnbaianfire.com\/es\/producto\/mobile-foam-trolley\/","og_locale":"es_ES","og_type":"article","og_title":"China wholesales Mobile Foam Trolley supplier - BAIAN FIRE PROTECTION EQUIPMENT","og_description":"Professional Mobile Foam Trolley manufacturer - Baian. We offers reliable, certified fire fighting equipment backed by technical support and global experience.","og_url":"https:\/\/www.cnbaianfire.com\/es\/producto\/mobile-foam-trolley\/","og_site_name":"BAIAN FIRE PROTECTION EQUIPMENT","article_publisher":"https:\/\/www.facebook.com\/BaianFirefightingEquipment","article_modified_time":"2025-06-06T01:35:04+00:00","og_image":[{"width":800,"height":800,"url":"https:\/\/www.cnbaianfire.com\/wp-content\/uploads\/2025\/06\/Mobile-Foam-Trolley.webp","type":"image\/webp"}],"twitter_card":"summary_large_image","twitter_misc":{"Tiempo de lectura":"2 minutos"},"schema":{"@context":"https:\/\/schema.org","@graph":[{"@type":"WebPage","@id":"https:\/\/www.cnbaianfire.com\/product\/mobile-foam-trolley\/","url":"https:\/\/www.cnbaianfire.com\/product\/mobile-foam-trolley\/","name":"China wholesales Mobile Foam Trolley supplier - BAIAN FIRE PROTECTION EQUIPMENT","isPartOf":{"@id":"https:\/\/www.cnbaianfire.com\/#website"},"primaryImageOfPage":{"@id":"https:\/\/www.cnbaianfire.com\/product\/mobile-foam-trolley\/#primaryimage"},"image":{"@id":"https:\/\/www.cnbaianfire.com\/product\/mobile-foam-trolley\/#primaryimage"},"thumbnailUrl":"https:\/\/www.cnbaianfire.com\/wp-content\/uploads\/2025\/06\/Mobile-Foam-Trolley.webp","datePublished":"2025-06-06T01:34:40+00:00","dateModified":"2025-06-06T01:35:04+00:00","description":"Professional Mobile Foam Trolley manufacturer - Baian. We offers reliable, certified fire fighting equipment backed by technical support and global experience.","breadcrumb":{"@id":"https:\/\/www.cnbaianfire.com\/product\/mobile-foam-trolley\/#breadcrumb"},"inLanguage":"es","potentialAction":[{"@type":"ReadAction","target":["https:\/\/www.cnbaianfire.com\/product\/mobile-foam-trolley\/"]}]},{"@type":"ImageObject","inLanguage":"es","@id":"https:\/\/www.cnbaianfire.com\/product\/mobile-foam-trolley\/#primaryimage","url":"https:\/\/www.cnbaianfire.com\/wp-content\/uploads\/2025\/06\/Mobile-Foam-Trolley.webp","contentUrl":"https:\/\/www.cnbaianfire.com\/wp-content\/uploads\/2025\/06\/Mobile-Foam-Trolley.webp","width":800,"height":800,"caption":"Mobile Foam Trolley"},{"@type":"BreadcrumbList","@id":"https:\/\/www.cnbaianfire.com\/product\/mobile-foam-trolley\/#breadcrumb","itemListElement":[{"@type":"ListItem","position":1,"name":"Home","item":"https:\/\/www.cnbaianfire.com\/"},{"@type":"ListItem","position":2,"name":"Products","item":"https:\/\/www.cnbaianfire.com\/shop\/"},{"@type":"ListItem","position":3,"name":"Mobile Foam Trolley"}]},{"@type":"WebSite","@id":"https:\/\/www.cnbaianfire.com\/#website","url":"https:\/\/www.cnbaianfire.com\/","name":"BAIAN FIRE PROTECTION EQUIPMENT","description":"","publisher":{"@id":"https:\/\/www.cnbaianfire.com\/#organization"},"potentialAction":[{"@type":"SearchAction","target":{"@type":"EntryPoint","urlTemplate":"https:\/\/www.cnbaianfire.com\/?s={search_term_string}"},"query-input":"required name=search_term_string"}],"inLanguage":"es"},{"@type":"Organization","@id":"https:\/\/www.cnbaianfire.com\/#organization","name":"Baian Group","url":"https:\/\/www.cnbaianfire.com\/","logo":{"@type":"ImageObject","inLanguage":"es","@id":"https:\/\/www.cnbaianfire.com\/#\/schema\/logo\/image\/","url":"https:\/\/www.cnbaianfire.com\/wp-content\/uploads\/2025\/05\/baian-fire-ptotection-logo.webp","contentUrl":"https:\/\/www.cnbaianfire.com\/wp-content\/uploads\/2025\/05\/baian-fire-ptotection-logo.webp","width":501,"height":494,"caption":"Baian Group"},"image":{"@id":"https:\/\/www.cnbaianfire.com\/#\/schema\/logo\/image\/"},"sameAs":["https:\/\/www.facebook.com\/BaianFirefightingEquipment"]}]}},"_links":{"self":[{"href":"https:\/\/www.cnbaianfire.com\/es\/wp-json\/wp\/v2\/product\/12535"}],"collection":[{"href":"https:\/\/www.cnbaianfire.com\/es\/wp-json\/wp\/v2\/product"}],"about":[{"href":"https:\/\/www.cnbaianfire.com\/es\/wp-json\/wp\/v2\/types\/product"}],"wp:featuredmedia":[{"embeddable":true,"href":"https:\/\/www.cnbaianfire.com\/es\/wp-json\/wp\/v2\/media\/12536"}],"wp:attachment":[{"href":"https:\/\/www.cnbaianfire.com\/es\/wp-json\/wp\/v2\/media?parent=12535"}],"wp:term":[{"taxonomy":"product_cat","embeddable":true,"href":"https:\/\/www.cnbaianfire.com\/es\/wp-json\/wp\/v2\/product_cat?post=12535"},{"taxonomy":"product_tag","embeddable":true,"href":"https:\/\/www.cnbaianfire.com\/es\/wp-json\/wp\/v2\/product_tag?post=12535"}],"curies":[{"name":"wp","href":"https:\/\/api.w.org\/{rel}","templated":true}]}}