{"id":12528,"date":"2025-06-06T01:21:02","date_gmt":"2025-06-06T01:21:02","guid":{"rendered":"https:\/\/www.cnbaianfire.com\/?post_type=product&#038;p=12528"},"modified":"2025-07-17T07:02:07","modified_gmt":"2025-07-17T07:02:07","slug":"in-line-inductor-foam-manufacturer","status":"publish","type":"product","link":"https:\/\/www.cnbaianfire.com\/es\/producto\/in-line-inductor-foam-manufacturer\/","title":{"rendered":"Espuma inductora en l\u00ednea Fabricantes"},"content":{"rendered":"<h2>Inductores de espuma en l\u00ednea Fabricantes<br \/>\nPHF\/A<\/h2>\n<table class=\"tg\" style=\"border-collapse: collapse; border-spacing: 0;\">\n<thead>\n<tr>\n<th style=\"font-family: Arial, sans-serif; font-size: 14px; font-weight: normal; overflow: hidden; padding: 10px 5px; text-align: center; vertical-align: middle; word-break: normal; border: 1px solid black;\" colspan=\"5\">Dimensiones<\/th>\n<\/tr>\n<\/thead>\n<tbody>\n<tr>\n<td style=\"background-color: #073980; color: #fff; font-family: Arial, sans-serif; font-size: 14px; font-weight: bold; overflow: hidden; padding: 10px 5px; text-align: center; vertical-align: middle; word-break: normal; border: 1px solid black;\">N\u00famero de modelo<\/td>\n<td style=\"background-color: #073980; color: #fff; font-family: Arial, sans-serif; font-size: 14px; font-weight: bold; overflow: hidden; padding: 10px 5px; text-align: center; vertical-align: middle; word-break: normal; border: 1px solid black;\">Presi\u00f3n de trabajo<\/td>\n<td style=\"background-color: #073980; color: #fff; font-family: Arial, sans-serif; font-size: 14px; font-weight: bold; overflow: hidden; padding: 10px 5px; text-align: center; vertical-align: middle; word-break: normal; border: 1px solid black;\">Caudal<\/td>\n<td style=\"background-color: #073980; color: #fff; font-family: Arial, sans-serif; font-size: 14px; font-weight: bold; overflow: hidden; padding: 10px 5px; text-align: center; vertical-align: middle; word-break: normal; border: 1px solid black;\">Tama\u00f1o de conexi\u00f3n<\/td>\n<td style=\"background-color: #073980; color: #fff; font-family: Arial, sans-serif; font-size: 14px; font-weight: bold; overflow: hidden; padding: 10px 5px; text-align: center; vertical-align: middle; word-break: normal; border: 1px solid black;\">Raci\u00f3n de soluci\u00f3n de espuma<\/td>\n<\/tr>\n<tr>\n<td style=\"background-color: #fff; font-family: Arial, sans-serif; font-size: 14px; font-weight: bold; overflow: hidden; padding: 10px 5px; text-align: center; vertical-align: middle; word-break: normal; border: 1px solid black;\">PHF\/A<\/td>\n<td style=\"background-color: #fff; font-family: Arial, sans-serif; font-size: 14px; overflow: hidden; padding: 10px 5px; text-align: center; vertical-align: middle; word-break: normal; border: 1px solid black;\">7-10 Bar<\/td>\n<td style=\"background-color: #fff; font-family: Arial, sans-serif; font-size: 14px; overflow: hidden; padding: 10px 5px; text-align: center; vertical-align: middle; word-break: normal; border: 1px solid black;\">240LPM@7 Bar<\/td>\n<td style=\"background-color: #fff; font-family: Arial, sans-serif; font-size: 14px; overflow: hidden; padding: 10px 5px; text-align: center; vertical-align: middle; word-break: normal; border: 1px solid black;\">2.5&#8221;<\/td>\n<td style=\"background-color: #fff; font-family: Arial, sans-serif; font-size: 14px; overflow: hidden; padding: 10px 5px; text-align: center; vertical-align: middle; word-break: normal; border: 1px solid black;\">1%-6% ajustable<\/td>\n<\/tr>\n<tr>\n<td style=\"background-color: #dad6d5; font-family: Arial, sans-serif; font-size: 14px; font-weight: bold; overflow: hidden; padding: 10px 5px; text-align: center; vertical-align: middle; word-break: normal; border: 1px solid black;\"><\/td>\n<td style=\"background-color: #dad6d5; font-family: Arial, sans-serif; font-size: 14px; overflow: hidden; padding: 10px 5px; text-align: center; vertical-align: middle; word-break: normal; border: 1px solid black;\"><\/td>\n<td style=\"background-color: #dad6d5; font-family: Arial, sans-serif; font-size: 14px; overflow: hidden; padding: 10px 5px; text-align: center; vertical-align: middle; word-break: normal; border: 1px solid black;\">360LPM@10Bar<\/td>\n<td style=\"background-color: #dad6d5; font-family: Arial, sans-serif; font-size: 14px; overflow: hidden; padding: 10px 5px; text-align: center; vertical-align: middle; word-break: normal; border: 1px solid black;\"><\/td>\n<td style=\"background-color: #dad6d5; font-family: Arial, sans-serif; font-size: 14px; overflow: hidden; padding: 10px 5px; text-align: left; vertical-align: middle; word-break: normal; border: 1px solid black;\"><\/td>\n<\/tr>\n<\/tbody>\n<\/table>\n<h2>Especificaciones<\/h2>\n<p>1. Est\u00e1ndar de la brida del mezclador proporcional: ANSI \/ BS4504 \/ GB;<br \/>\n2. Material del cuerpo de la v\u00e1lvula: tubo galvanizado;<br \/>\n3. Tratamiento superficial: pintura en spray<\/p>\n<h2>Escenarios de aplicaci\u00f3n<\/h2>\n<p>Aplicable a sistemas de extinci\u00f3n por espuma peque\u00f1os o m\u00f3viles:<br \/>\nTuber\u00edas para camiones de bomberos<br \/>\nPeque\u00f1a zona de tanques de almacenamiento<br \/>\nEquipos de extinci\u00f3n r\u00e1pida en terminales portuarias<br \/>\nEscenarios que requieren un sistema ligero y listo para usar<\/p>\n<h2>Principio de funcionamiento<\/h2>\n<p>1. La presi\u00f3n negativa se forma cuando el agua a presi\u00f3n fluye a trav\u00e9s del tubo venturi;<br \/>\n2. La presi\u00f3n negativa aspira autom\u00e1ticamente el l\u00edquido espumoso y lo mezcla con agua instant\u00e1neamente en la garganta;<br \/>\n3. La cantidad de l\u00edquido espum\u00f3geno aspirado se controla mediante la v\u00e1lvula reguladora para mantener con precisi\u00f3n la proporci\u00f3n de mezcla establecida (como 3%\/6%).<\/p>\n<h2>Caracter\u00edsticas<\/h2>\n<p>1. Listo para usar: sin tanque de almacenamiento, r\u00e1pida respuesta de puesta en marcha, mantenimiento sencillo;<br \/>\n2. Compacto y ligero: dise\u00f1o de conexi\u00f3n directa a la tuber\u00eda, m\u00ednima ocupaci\u00f3n de espacio;<br \/>\n3. Sin dependencia de la energ\u00eda: estructura mec\u00e1nica hidr\u00e1ulica pura, alta fiabilidad;<br \/>\n4. Ventaja econ\u00f3mica: no se requiere ning\u00fan dep\u00f3sito\/c\u00e1psula de presi\u00f3n, y el coste es significativamente inferior al de los mezcladores de dep\u00f3sito.<\/p>\n<h2>Presi\u00f3n de trabajo<\/h2>\n<p>1. Requisito de presi\u00f3n del agua de entrada: \u22650,7 MPa.<br \/>\n2. Presi\u00f3n m\u00e1xima de trabajo: \u22641,6 MPa.<br \/>\n3. P\u00e9rdida de presi\u00f3n: alrededor de 0,2~0,35 MPa<\/p>\n<p><img loading=\"lazy\" decoding=\"async\" class=\"size-full wp-image-12529 aligncenter\" data-src=\"https:\/\/www.cnbaianfire.com\/wp-content\/uploads\/2025\/06\/In-Line-Foam-Inductor-Manufacturer.webp\" alt=\"Inductores de espuma en l\u00ednea Fabricantes\" width=\"800\" height=\"800\" srcset=\"https:\/\/www.cnbaianfire.com\/wp-content\/uploads\/2025\/06\/In-Line-Foam-Inductor-Manufacturer.webp 800w, https:\/\/www.cnbaianfire.com\/wp-content\/uploads\/2025\/06\/In-Line-Foam-Inductor-Manufacturer-480x480.webp 480w\" sizes=\"(min-width: 0px) and (max-width: 480px) 480px, (min-width: 481px) 800px, 100vw\" \/><\/p>","protected":false},"excerpt":{"rendered":"<p>Nosotros <strong>En l\u00ednea <a href=\"https:\/\/www.cnbaianfire.com\/product\/in-line-inductor-foam-manufacturer\/\">Espuma inductora<\/a> Fabricante<\/strong> ofrece productos con bridas de mezclador proporcional est\u00e1ndar ANSI\/BS4504\/GB, cuerpos de v\u00e1lvula de tuber\u00eda galvanizados y superficies pintadas por pulverizaci\u00f3n. Ideal para la extinci\u00f3n de incendios con espuma peque\u00f1a o m\u00f3vil en \u00e1reas como camiones de bomberos y peque\u00f1os dep\u00f3sitos de almacenamiento, utiliza un principio basado en venturi, est\u00e1 listo para su uso, es compacto y funciona en un rango de presi\u00f3n de 0,7 a 1,6 MPa.<\/p>\n<p>M\u00e1s informaci\u00f3n en <a href=\"https:\/\/www.cnbaianfire.com\/category\/foam-system\/proportioning-and-mixing-equipment\/\"><strong>Equipos de dosificaci\u00f3n y mezcla<\/strong><\/a> \u00a1Cat\u00e1logo!<\/p>","protected":false},"featured_media":12529,"template":"","meta":{"_et_pb_use_builder":"","_et_pb_old_content":"","_et_gb_content_width":""},"product_cat":[208,211],"product_tag":[],"yoast_head":"<!-- This site is optimized with the Yoast SEO plugin v22.7 - https:\/\/yoast.com\/wordpress\/plugins\/seo\/ -->\n<title>China wholesales In-Line Inductor Foam Manufacturer supplier - BAIAN FIRE PROTECTION EQUIPMENT<\/title>\n<meta name=\"description\" content=\"Professional In-Line Inductor Foam Manufacturer manufacturer - Baian. We offers reliable, certified fire fighting equipment backed by technical support and global experience.\" \/>\n<meta name=\"robots\" content=\"index, follow, max-snippet:-1, max-image-preview:large, max-video-preview:-1\" \/>\n<link rel=\"canonical\" href=\"https:\/\/www.cnbaianfire.com\/es\/producto\/in-line-inductor-foam-manufacturer\/\" \/>\n<meta property=\"og:locale\" content=\"es_ES\" \/>\n<meta property=\"og:type\" content=\"article\" \/>\n<meta property=\"og:title\" content=\"China wholesales In-Line Inductor Foam Manufacturer supplier - BAIAN FIRE PROTECTION EQUIPMENT\" \/>\n<meta property=\"og:description\" content=\"Professional In-Line Inductor Foam Manufacturer manufacturer - Baian. We offers reliable, certified fire fighting equipment backed by technical support and global experience.\" \/>\n<meta property=\"og:url\" content=\"https:\/\/www.cnbaianfire.com\/es\/producto\/in-line-inductor-foam-manufacturer\/\" \/>\n<meta property=\"og:site_name\" content=\"BAIAN FIRE PROTECTION EQUIPMENT\" \/>\n<meta property=\"article:publisher\" content=\"https:\/\/www.facebook.com\/BaianFirefightingEquipment\" \/>\n<meta property=\"article:modified_time\" content=\"2025-07-17T07:02:07+00:00\" \/>\n<meta property=\"og:image\" content=\"https:\/\/www.cnbaianfire.com\/wp-content\/uploads\/2025\/06\/In-Line-Foam-Inductor-Manufacturer.webp\" \/>\n\t<meta property=\"og:image:width\" content=\"800\" \/>\n\t<meta property=\"og:image:height\" content=\"800\" \/>\n\t<meta property=\"og:image:type\" content=\"image\/webp\" \/>\n<meta name=\"twitter:card\" content=\"summary_large_image\" \/>\n<meta name=\"twitter:label1\" content=\"Tiempo de lectura\" \/>\n\t<meta name=\"twitter:data1\" content=\"2 minutos\" \/>\n<script type=\"application\/ld+json\" class=\"yoast-schema-graph\">{\"@context\":\"https:\/\/schema.org\",\"@graph\":[{\"@type\":\"WebPage\",\"@id\":\"https:\/\/www.cnbaianfire.com\/product\/in-line-inductor-foam-manufacturer\/\",\"url\":\"https:\/\/www.cnbaianfire.com\/product\/in-line-inductor-foam-manufacturer\/\",\"name\":\"China wholesales In-Line Inductor Foam Manufacturer supplier - BAIAN FIRE PROTECTION EQUIPMENT\",\"isPartOf\":{\"@id\":\"https:\/\/www.cnbaianfire.com\/#website\"},\"primaryImageOfPage\":{\"@id\":\"https:\/\/www.cnbaianfire.com\/product\/in-line-inductor-foam-manufacturer\/#primaryimage\"},\"image\":{\"@id\":\"https:\/\/www.cnbaianfire.com\/product\/in-line-inductor-foam-manufacturer\/#primaryimage\"},\"thumbnailUrl\":\"https:\/\/www.cnbaianfire.com\/wp-content\/uploads\/2025\/06\/In-Line-Foam-Inductor-Manufacturer.webp\",\"datePublished\":\"2025-06-06T01:21:02+00:00\",\"dateModified\":\"2025-07-17T07:02:07+00:00\",\"description\":\"Professional In-Line Inductor Foam Manufacturer manufacturer - Baian. We offers reliable, certified fire fighting equipment backed by technical support and global experience.\",\"breadcrumb\":{\"@id\":\"https:\/\/www.cnbaianfire.com\/product\/in-line-inductor-foam-manufacturer\/#breadcrumb\"},\"inLanguage\":\"es\",\"potentialAction\":[{\"@type\":\"ReadAction\",\"target\":[\"https:\/\/www.cnbaianfire.com\/product\/in-line-inductor-foam-manufacturer\/\"]}]},{\"@type\":\"ImageObject\",\"inLanguage\":\"es\",\"@id\":\"https:\/\/www.cnbaianfire.com\/product\/in-line-inductor-foam-manufacturer\/#primaryimage\",\"url\":\"https:\/\/www.cnbaianfire.com\/wp-content\/uploads\/2025\/06\/In-Line-Foam-Inductor-Manufacturer.webp\",\"contentUrl\":\"https:\/\/www.cnbaianfire.com\/wp-content\/uploads\/2025\/06\/In-Line-Foam-Inductor-Manufacturer.webp\",\"width\":800,\"height\":800,\"caption\":\"In-Line Foam Inductor Manufacturer\"},{\"@type\":\"BreadcrumbList\",\"@id\":\"https:\/\/www.cnbaianfire.com\/product\/in-line-inductor-foam-manufacturer\/#breadcrumb\",\"itemListElement\":[{\"@type\":\"ListItem\",\"position\":1,\"name\":\"Home\",\"item\":\"https:\/\/www.cnbaianfire.com\/\"},{\"@type\":\"ListItem\",\"position\":2,\"name\":\"Products\",\"item\":\"https:\/\/www.cnbaianfire.com\/shop\/\"},{\"@type\":\"ListItem\",\"position\":3,\"name\":\"In-Line Inductor Foam Manufacturer\"}]},{\"@type\":\"WebSite\",\"@id\":\"https:\/\/www.cnbaianfire.com\/#website\",\"url\":\"https:\/\/www.cnbaianfire.com\/\",\"name\":\"BAIAN FIRE PROTECTION EQUIPMENT\",\"description\":\"\",\"publisher\":{\"@id\":\"https:\/\/www.cnbaianfire.com\/#organization\"},\"potentialAction\":[{\"@type\":\"SearchAction\",\"target\":{\"@type\":\"EntryPoint\",\"urlTemplate\":\"https:\/\/www.cnbaianfire.com\/?s={search_term_string}\"},\"query-input\":\"required name=search_term_string\"}],\"inLanguage\":\"es\"},{\"@type\":\"Organization\",\"@id\":\"https:\/\/www.cnbaianfire.com\/#organization\",\"name\":\"Baian Group\",\"url\":\"https:\/\/www.cnbaianfire.com\/\",\"logo\":{\"@type\":\"ImageObject\",\"inLanguage\":\"es\",\"@id\":\"https:\/\/www.cnbaianfire.com\/#\/schema\/logo\/image\/\",\"url\":\"https:\/\/www.cnbaianfire.com\/wp-content\/uploads\/2025\/05\/baian-fire-ptotection-logo.webp\",\"contentUrl\":\"https:\/\/www.cnbaianfire.com\/wp-content\/uploads\/2025\/05\/baian-fire-ptotection-logo.webp\",\"width\":501,\"height\":494,\"caption\":\"Baian Group\"},\"image\":{\"@id\":\"https:\/\/www.cnbaianfire.com\/#\/schema\/logo\/image\/\"},\"sameAs\":[\"https:\/\/www.facebook.com\/BaianFirefightingEquipment\"]}]}<\/script>\n<!-- \/ Yoast SEO plugin. -->","yoast_head_json":{"title":"China wholesales In-Line Inductor Foam Manufacturer supplier - BAIAN FIRE PROTECTION EQUIPMENT","description":"Professional In-Line Inductor Foam Manufacturer manufacturer - Baian. We offers reliable, certified fire fighting equipment backed by technical support and global experience.","robots":{"index":"index","follow":"follow","max-snippet":"max-snippet:-1","max-image-preview":"max-image-preview:large","max-video-preview":"max-video-preview:-1"},"canonical":"https:\/\/www.cnbaianfire.com\/es\/producto\/in-line-inductor-foam-manufacturer\/","og_locale":"es_ES","og_type":"article","og_title":"China wholesales In-Line Inductor Foam Manufacturer supplier - BAIAN FIRE PROTECTION EQUIPMENT","og_description":"Professional In-Line Inductor Foam Manufacturer manufacturer - Baian. We offers reliable, certified fire fighting equipment backed by technical support and global experience.","og_url":"https:\/\/www.cnbaianfire.com\/es\/producto\/in-line-inductor-foam-manufacturer\/","og_site_name":"BAIAN FIRE PROTECTION EQUIPMENT","article_publisher":"https:\/\/www.facebook.com\/BaianFirefightingEquipment","article_modified_time":"2025-07-17T07:02:07+00:00","og_image":[{"width":800,"height":800,"url":"https:\/\/www.cnbaianfire.com\/wp-content\/uploads\/2025\/06\/In-Line-Foam-Inductor-Manufacturer.webp","type":"image\/webp"}],"twitter_card":"summary_large_image","twitter_misc":{"Tiempo de lectura":"2 minutos"},"schema":{"@context":"https:\/\/schema.org","@graph":[{"@type":"WebPage","@id":"https:\/\/www.cnbaianfire.com\/product\/in-line-inductor-foam-manufacturer\/","url":"https:\/\/www.cnbaianfire.com\/product\/in-line-inductor-foam-manufacturer\/","name":"China wholesales In-Line Inductor Foam Manufacturer supplier - BAIAN FIRE PROTECTION EQUIPMENT","isPartOf":{"@id":"https:\/\/www.cnbaianfire.com\/#website"},"primaryImageOfPage":{"@id":"https:\/\/www.cnbaianfire.com\/product\/in-line-inductor-foam-manufacturer\/#primaryimage"},"image":{"@id":"https:\/\/www.cnbaianfire.com\/product\/in-line-inductor-foam-manufacturer\/#primaryimage"},"thumbnailUrl":"https:\/\/www.cnbaianfire.com\/wp-content\/uploads\/2025\/06\/In-Line-Foam-Inductor-Manufacturer.webp","datePublished":"2025-06-06T01:21:02+00:00","dateModified":"2025-07-17T07:02:07+00:00","description":"Professional In-Line Inductor Foam Manufacturer manufacturer - Baian. We offers reliable, certified fire fighting equipment backed by technical support and global experience.","breadcrumb":{"@id":"https:\/\/www.cnbaianfire.com\/product\/in-line-inductor-foam-manufacturer\/#breadcrumb"},"inLanguage":"es","potentialAction":[{"@type":"ReadAction","target":["https:\/\/www.cnbaianfire.com\/product\/in-line-inductor-foam-manufacturer\/"]}]},{"@type":"ImageObject","inLanguage":"es","@id":"https:\/\/www.cnbaianfire.com\/product\/in-line-inductor-foam-manufacturer\/#primaryimage","url":"https:\/\/www.cnbaianfire.com\/wp-content\/uploads\/2025\/06\/In-Line-Foam-Inductor-Manufacturer.webp","contentUrl":"https:\/\/www.cnbaianfire.com\/wp-content\/uploads\/2025\/06\/In-Line-Foam-Inductor-Manufacturer.webp","width":800,"height":800,"caption":"In-Line Foam Inductor Manufacturer"},{"@type":"BreadcrumbList","@id":"https:\/\/www.cnbaianfire.com\/product\/in-line-inductor-foam-manufacturer\/#breadcrumb","itemListElement":[{"@type":"ListItem","position":1,"name":"Home","item":"https:\/\/www.cnbaianfire.com\/"},{"@type":"ListItem","position":2,"name":"Products","item":"https:\/\/www.cnbaianfire.com\/shop\/"},{"@type":"ListItem","position":3,"name":"In-Line Inductor Foam Manufacturer"}]},{"@type":"WebSite","@id":"https:\/\/www.cnbaianfire.com\/#website","url":"https:\/\/www.cnbaianfire.com\/","name":"BAIAN FIRE PROTECTION EQUIPMENT","description":"","publisher":{"@id":"https:\/\/www.cnbaianfire.com\/#organization"},"potentialAction":[{"@type":"SearchAction","target":{"@type":"EntryPoint","urlTemplate":"https:\/\/www.cnbaianfire.com\/?s={search_term_string}"},"query-input":"required name=search_term_string"}],"inLanguage":"es"},{"@type":"Organization","@id":"https:\/\/www.cnbaianfire.com\/#organization","name":"Baian Group","url":"https:\/\/www.cnbaianfire.com\/","logo":{"@type":"ImageObject","inLanguage":"es","@id":"https:\/\/www.cnbaianfire.com\/#\/schema\/logo\/image\/","url":"https:\/\/www.cnbaianfire.com\/wp-content\/uploads\/2025\/05\/baian-fire-ptotection-logo.webp","contentUrl":"https:\/\/www.cnbaianfire.com\/wp-content\/uploads\/2025\/05\/baian-fire-ptotection-logo.webp","width":501,"height":494,"caption":"Baian Group"},"image":{"@id":"https:\/\/www.cnbaianfire.com\/#\/schema\/logo\/image\/"},"sameAs":["https:\/\/www.facebook.com\/BaianFirefightingEquipment"]}]}},"_links":{"self":[{"href":"https:\/\/www.cnbaianfire.com\/es\/wp-json\/wp\/v2\/product\/12528"}],"collection":[{"href":"https:\/\/www.cnbaianfire.com\/es\/wp-json\/wp\/v2\/product"}],"about":[{"href":"https:\/\/www.cnbaianfire.com\/es\/wp-json\/wp\/v2\/types\/product"}],"wp:featuredmedia":[{"embeddable":true,"href":"https:\/\/www.cnbaianfire.com\/es\/wp-json\/wp\/v2\/media\/12529"}],"wp:attachment":[{"href":"https:\/\/www.cnbaianfire.com\/es\/wp-json\/wp\/v2\/media?parent=12528"}],"wp:term":[{"taxonomy":"product_cat","embeddable":true,"href":"https:\/\/www.cnbaianfire.com\/es\/wp-json\/wp\/v2\/product_cat?post=12528"},{"taxonomy":"product_tag","embeddable":true,"href":"https:\/\/www.cnbaianfire.com\/es\/wp-json\/wp\/v2\/product_tag?post=12528"}],"curies":[{"name":"wp","href":"https:\/\/api.w.org\/{rel}","templated":true}]}}