{"id":12508,"date":"2025-06-05T08:13:00","date_gmt":"2025-06-05T08:13:00","guid":{"rendered":"https:\/\/www.cnbaianfire.com\/?post_type=product&#038;p=12508"},"modified":"2025-06-06T01:08:52","modified_gmt":"2025-06-06T01:08:52","slug":"joystick-aluminum-alloy-manual-fire-water-foam-monitor","status":"publish","type":"product","link":"https:\/\/www.cnbaianfire.com\/es\/producto\/joystick-aluminum-alloy-manual-fire-water-foam-monitor\/","title":{"rendered":"Joystick Aleaci\u00f3n de Aluminio Monitor Manual de Espuma de Agua contra Incendios"},"content":{"rendered":"<h2><a href=\"https:\/\/www.cnbaianfire.com\/product\/joystick-aluminum-alloy-manual-fire-water-foam-monitor\/\"><strong>Joystick Aleaci\u00f3n de Aluminio Monitor Manual de Espuma de Agua contra Incendios<\/strong><\/a><br \/>\nPLZ8\/24-48(1440-2880LPM)<\/h2>\n<table class=\"tg\" style=\"border-collapse: collapse; border-spacing: 0;\">\n<thead>\n<tr>\n<th style=\"font-family: Arial, sans-serif; font-size: 14px; font-weight: normal; overflow: hidden; padding: 10px 5px; text-align: center; vertical-align: middle; word-break: normal; border: 1px solid black;\" colspan=\"2\">Par\u00e1metros t\u00e9cnicos<\/th>\n<\/tr>\n<\/thead>\n<tbody>\n<tr>\n<td style=\"background-color: #073980; color: #fff; font-family: Arial, sans-serif; font-size: 14px; font-weight: bold; overflow: hidden; padding: 10px 5px; text-align: center; vertical-align: middle; word-break: normal; border: 1px solid black;\">N\u00famero de modelo<\/td>\n<td style=\"background-color: #fff; font-family: Arial, sans-serif; font-size: 14px; overflow: hidden; padding: 10px 5px; text-align: center; vertical-align: middle; word-break: normal; border: 1px solid black;\">PLZ8\/24-48<\/td>\n<\/tr>\n<tr>\n<td style=\"background-color: #073980; color: #fff; font-family: Arial, sans-serif; font-size: 14px; font-weight: bold; overflow: hidden; padding: 10px 5px; text-align: center; vertical-align: middle; word-break: normal; border: 1px solid black;\">Caudal<\/td>\n<td style=\"background-color: #dad6d5; font-family: Arial, sans-serif; font-size: 14px; overflow: hidden; padding: 10px 5px; text-align: center; vertical-align: middle; word-break: normal; border: 1px solid black;\">1440\/1920\/2400\/2880LPM (Elija un caudal )<\/td>\n<\/tr>\n<tr>\n<td style=\"background-color: #073980; color: #fff; font-family: Arial, sans-serif; font-size: 14px; font-weight: bold; overflow: hidden; padding: 10px 5px; text-align: center; vertical-align: middle; word-break: normal; border: 1px solid black;\">Presi\u00f3n de trabajo<\/td>\n<td style=\"font-family: Arial, sans-serif; font-size: 14px; overflow: hidden; padding: 10px 5px; text-align: center; vertical-align: middle; word-break: normal; border: 1px solid black;\">8Bar<\/td>\n<\/tr>\n<tr>\n<td style=\"background-color: #073980; color: #fff; font-family: Arial, sans-serif; font-size: 14px; font-weight: bold; overflow: hidden; padding: 10px 5px; text-align: center; vertical-align: middle; word-break: normal; border: 1px solid black;\">Alcance m\u00e1x. Alcance @ 10 bar<\/td>\n<td style=\"background-color: #dad6d5; font-family: Arial, sans-serif; font-size: 14px; overflow: hidden; padding: 10px 5px; text-align: center; vertical-align: middle; word-break: normal; border: 1px solid black;\">60 metros @2880 LPM<\/td>\n<\/tr>\n<tr>\n<td style=\"background-color: #073980; color: #fff; font-family: Arial, sans-serif; font-size: 14px; font-weight: bold; overflow: hidden; padding: 10px 5px; text-align: center; vertical-align: middle; word-break: normal; border: 1px solid black;\">Max. \u00c1ngulo de niebla<\/td>\n<td style=\"font-family: Arial, sans-serif; font-size: 14px; overflow: hidden; padding: 10px 5px; text-align: center; vertical-align: middle; word-break: normal; border: 1px solid black;\">120\u00b0<\/td>\n<\/tr>\n<tr>\n<td style=\"background-color: #073980; color: #fff; font-family: Arial, sans-serif; font-size: 14px; font-weight: bold; overflow: hidden; padding: 10px 5px; text-align: center; vertical-align: middle; word-break: normal; border: 1px solid black;\">Alcance m\u00e1ximo del monitor<\/td>\n<td style=\"background-color: #dad6d5; font-family: Arial, sans-serif; font-size: 14px; overflow: hidden; padding: 10px 5px; text-align: center; vertical-align: middle; word-break: normal; border: 1px solid black;\">De -15\u00b0 a +60\u00b0 en vertical, rotaci\u00f3n de 360<\/td>\n<\/tr>\n<tr>\n<td style=\"background-color: #073980; color: #fff; font-family: Arial, sans-serif; font-size: 14px; font-weight: bold; overflow: hidden; padding: 10px 5px; text-align: center; vertical-align: middle; word-break: normal; border: 1px solid black;\">Tama\u00f1o de la v\u00eda navegable<\/td>\n<td style=\"font-family: Arial, sans-serif; font-size: 14px; overflow: hidden; padding: 10px 5px; text-align: center; vertical-align: middle; word-break: normal; border: 1px solid black;\">65 mm (2,5\")<\/td>\n<\/tr>\n<tr>\n<td style=\"background-color: #073980; color: #fff; font-family: Arial, sans-serif; font-size: 14px; font-weight: bold; overflow: hidden; padding: 10px 5px; text-align: center; vertical-align: middle; word-break: normal; border: 1px solid black;\">Salida de monitor<\/td>\n<td style=\"background-color: #dad6d5; font-family: Arial, sans-serif; font-size: 14px; overflow: hidden; padding: 10px 5px; text-align: center; vertical-align: middle; word-break: normal; border: 1px solid black;\">Rosca macho NH de 2,5\" (65 mm)<\/td>\n<\/tr>\n<tr>\n<td style=\"background-color: #073980; color: #fff; font-family: Arial, sans-serif; font-size: 14px; font-weight: bold; overflow: hidden; padding: 10px 5px; text-align: center; vertical-align: middle; word-break: normal; border: 1px solid black;\">Entrada del monitor<\/td>\n<td style=\"font-family: Arial, sans-serif; font-size: 14px; overflow: hidden; padding: 10px 5px; text-align: center; vertical-align: middle; word-break: normal; border: 1px solid black;\">Brida 4\" BS4504 es est\u00e1ndar,otra brida est\u00e1ndar est\u00e1 disponible<\/td>\n<\/tr>\n<tr>\n<td style=\"background-color: #073980; color: #fff; font-family: Arial, sans-serif; font-size: 14px; font-weight: bold; overflow: hidden; padding: 10px 5px; text-align: center; vertical-align: middle; word-break: normal; border: 1px solid black;\">Material<\/td>\n<td style=\"background-color: #dad6d5; font-family: Arial, sans-serif; font-size: 14px; overflow: hidden; padding: 10px 5px; text-align: center; vertical-align: middle; word-break: normal; border: 1px solid black;\">Aluminio<\/td>\n<\/tr>\n<tr>\n<td style=\"background-color: #073980; color: #fff; font-family: Arial, sans-serif; font-size: 14px; font-weight: bold; overflow: hidden; padding: 10px 5px; text-align: center; vertical-align: middle; word-break: normal; border: 1px solid black;\">Expansi\u00f3n de la espuma<\/td>\n<td style=\"font-family: Arial, sans-serif; font-size: 14px; overflow: hidden; padding: 10px 5px; text-align: center; vertical-align: middle; word-break: normal; border: 1px solid black;\">\u22656<\/td>\n<\/tr>\n<tr>\n<td style=\"background-color: #073980; color: #fff; font-family: Arial, sans-serif; font-size: 14px; font-weight: bold; overflow: hidden; padding: 10px 5px; text-align: center; vertical-align: middle; word-break: normal; border: 1px solid black;\">25% Tiempo de drenaje<\/td>\n<td style=\"background-color: #dad6d5; font-family: Arial, sans-serif; font-size: 14px; overflow: hidden; padding: 10px 5px; text-align: center; vertical-align: middle; word-break: normal; border: 1px solid black;\">\u2265150S<\/td>\n<\/tr>\n<\/tbody>\n<\/table>\n<h2>Especificaciones<\/h2>\n<p>1. Caudal: 24-48L\/s<br \/>\n2. Modo de pulverizaci\u00f3n: CC;<br \/>\n3. Funcionamiento: Rotaci\u00f3n horizontal de 360\u00b0, elevaci\u00f3n vertical de -15\u00b0 a +60\u00b0;<br \/>\n4. Normas de bridas: BS4504, ANSI150, GB, etc.<br \/>\n5. Longitud de la tuber\u00eda 3 metros<\/p>\n<h2>Escenarios de aplicaci\u00f3n<\/h2>\n<p>1. Lucha contra incendios: extinci\u00f3n de incendios industriales (como dep\u00f3sitos de petr\u00f3leo, plantas qu\u00edmicas), incendios forestales o grandes incendios de edificios.<br \/>\n2. Entornos especiales: adecuado para instalaciones de GNL (gas natural licuado) (resistente a -162\u00b0C de baja temperatura), buques y entornos corrosivos (el aluminio tiene una excelente resistencia a la corrosi\u00f3n).<\/p>\n<h2>Principio de funcionamiento<\/h2>\n<p>1. Control manual: ajuste el \u00e1ngulo de pulverizaci\u00f3n (inclinaci\u00f3n\/rotaci\u00f3n horizontal) y el caudal de agua\/v\u00e1lvula de conmutaci\u00f3n de espuma mediante el joystick.<br \/>\n2. Cambio de medio: seleccione manualmente agua pura o mezcla de espuma, y transp\u00f3rtela a la boquilla para pulverizar por atomizaci\u00f3n a trav\u00e9s de la tuber\u00eda incorporada.<\/p>\n<h2>Caracter\u00edsticas<\/h2>\n<p>1. Ligereza y alta resistencia: Las aleaciones de aluminio aumentan su resistencia a bajas temperaturas, lo que las hace adecuadas para entornos extremos<br \/>\n2. Resistencia a la corrosi\u00f3n: El aluminio forma naturalmente una pel\u00edcula de \u00f3xido para resistir la corrosi\u00f3n del agua, la espuma y los productos qu\u00edmicos<br \/>\n3. Rapid heat dissipation: Aluminum&#8217;s thermal conductivity is about three times that of iron, which prevents high-temperature deformation<br \/>\n4. Respetuoso con el medio ambiente y reciclable: Las aleaciones de aluminio tienen una alta tasa de reciclaje, lo que reduce los costes del ciclo de vida<\/p>\n<h2>Presi\u00f3n de trabajo<\/h2>\n<p>Rango est\u00e1ndar: Normalmente 6~12 bar (aproximadamente 0,6~1,2 MPa), el dise\u00f1o de alta presi\u00f3n garantiza la pulverizaci\u00f3n a larga distancia (alcance de hasta 60~100 metros).<\/p>\n<p><img loading=\"lazy\" decoding=\"async\" class=\"size-full wp-image-12509 aligncenter\" data-src=\"https:\/\/www.cnbaianfire.com\/wp-content\/uploads\/2025\/06\/Joystick-Aluminum-Alloy-Manual-Fire-Water-Foam-Monitor.webp\" alt=\"Joystick Aleaci\u00f3n de Aluminio Monitor Manual de Espuma de Agua contra Incendios\" width=\"800\" height=\"800\" srcset=\"https:\/\/www.cnbaianfire.com\/wp-content\/uploads\/2025\/06\/Joystick-Aluminum-Alloy-Manual-Fire-Water-Foam-Monitor.webp 800w, https:\/\/www.cnbaianfire.com\/wp-content\/uploads\/2025\/06\/Joystick-Aluminum-Alloy-Manual-Fire-Water-Foam-Monitor-480x480.webp 480w\" sizes=\"(min-width: 0px) and (max-width: 480px) 480px, (min-width: 481px) 800px, 100vw\" \/><\/p>","protected":false},"excerpt":{"rendered":"<p>En <a href=\"https:\/\/www.cnbaianfire.com\/category\/fire-monitor-system\/manual-fire-water-cannon\/\"><strong>Ca\u00f1\u00f3n manual de agua contra incendios<\/strong><\/a> cuenta con un caudal de 24-48L\/s, modo de pulverizaci\u00f3n de CC, rotaci\u00f3n horizontal de 360\u00b0, elevaci\u00f3n vertical de -15\u00b0~+60\u00b0, bridas BS4504\/ANSI150\/GB y longitud de tuber\u00eda de 3 metros.<\/p>","protected":false},"featured_media":12509,"template":"","meta":{"_et_pb_use_builder":"","_et_pb_old_content":"","_et_gb_content_width":""},"product_cat":[204,203],"product_tag":[],"yoast_head":"<!-- This site is optimized with the Yoast SEO plugin v22.7 - https:\/\/yoast.com\/wordpress\/plugins\/seo\/ -->\n<title>China wholesales Joystick Aluminum Alloy Manual Fire Water Foam Monitor supplier - BAIAN FIRE PROTECTION EQUIPMENT<\/title>\n<meta name=\"description\" content=\"Professional Joystick Aluminum Alloy Manual Fire Water Foam Monitor manufacturer - Baian. We offers reliable, certified fire fighting equipment backed by technical support and global experience.\" \/>\n<meta name=\"robots\" content=\"index, follow, max-snippet:-1, max-image-preview:large, max-video-preview:-1\" \/>\n<link rel=\"canonical\" href=\"https:\/\/www.cnbaianfire.com\/es\/producto\/joystick-aluminum-alloy-manual-fire-water-foam-monitor\/\" \/>\n<meta property=\"og:locale\" content=\"es_ES\" \/>\n<meta property=\"og:type\" content=\"article\" \/>\n<meta property=\"og:title\" content=\"China wholesales Joystick Aluminum Alloy Manual Fire Water Foam Monitor supplier - BAIAN FIRE PROTECTION EQUIPMENT\" \/>\n<meta property=\"og:description\" content=\"Professional Joystick Aluminum Alloy Manual Fire Water Foam Monitor manufacturer - Baian. We offers reliable, certified fire fighting equipment backed by technical support and global experience.\" \/>\n<meta property=\"og:url\" content=\"https:\/\/www.cnbaianfire.com\/es\/producto\/joystick-aluminum-alloy-manual-fire-water-foam-monitor\/\" \/>\n<meta property=\"og:site_name\" content=\"BAIAN FIRE PROTECTION EQUIPMENT\" \/>\n<meta property=\"article:publisher\" content=\"https:\/\/www.facebook.com\/BaianFirefightingEquipment\" \/>\n<meta property=\"article:modified_time\" content=\"2025-06-06T01:08:52+00:00\" \/>\n<meta property=\"og:image\" content=\"https:\/\/www.cnbaianfire.com\/wp-content\/uploads\/2025\/06\/Joystick-Aluminum-Alloy-Manual-Fire-Water-Foam-Monitor.webp\" \/>\n\t<meta property=\"og:image:width\" content=\"800\" \/>\n\t<meta property=\"og:image:height\" content=\"800\" \/>\n\t<meta property=\"og:image:type\" content=\"image\/webp\" \/>\n<meta name=\"twitter:card\" content=\"summary_large_image\" \/>\n<meta name=\"twitter:label1\" content=\"Tiempo de lectura\" \/>\n\t<meta name=\"twitter:data1\" content=\"2 minutos\" \/>\n<script type=\"application\/ld+json\" class=\"yoast-schema-graph\">{\"@context\":\"https:\/\/schema.org\",\"@graph\":[{\"@type\":\"WebPage\",\"@id\":\"https:\/\/www.cnbaianfire.com\/product\/joystick-aluminum-alloy-manual-fire-water-foam-monitor\/\",\"url\":\"https:\/\/www.cnbaianfire.com\/product\/joystick-aluminum-alloy-manual-fire-water-foam-monitor\/\",\"name\":\"China wholesales Joystick Aluminum Alloy Manual Fire Water Foam Monitor supplier - BAIAN FIRE PROTECTION EQUIPMENT\",\"isPartOf\":{\"@id\":\"https:\/\/www.cnbaianfire.com\/#website\"},\"primaryImageOfPage\":{\"@id\":\"https:\/\/www.cnbaianfire.com\/product\/joystick-aluminum-alloy-manual-fire-water-foam-monitor\/#primaryimage\"},\"image\":{\"@id\":\"https:\/\/www.cnbaianfire.com\/product\/joystick-aluminum-alloy-manual-fire-water-foam-monitor\/#primaryimage\"},\"thumbnailUrl\":\"https:\/\/www.cnbaianfire.com\/wp-content\/uploads\/2025\/06\/Joystick-Aluminum-Alloy-Manual-Fire-Water-Foam-Monitor.webp\",\"datePublished\":\"2025-06-05T08:13:00+00:00\",\"dateModified\":\"2025-06-06T01:08:52+00:00\",\"description\":\"Professional Joystick Aluminum Alloy Manual Fire Water Foam Monitor manufacturer - Baian. We offers reliable, certified fire fighting equipment backed by technical support and global experience.\",\"breadcrumb\":{\"@id\":\"https:\/\/www.cnbaianfire.com\/product\/joystick-aluminum-alloy-manual-fire-water-foam-monitor\/#breadcrumb\"},\"inLanguage\":\"es\",\"potentialAction\":[{\"@type\":\"ReadAction\",\"target\":[\"https:\/\/www.cnbaianfire.com\/product\/joystick-aluminum-alloy-manual-fire-water-foam-monitor\/\"]}]},{\"@type\":\"ImageObject\",\"inLanguage\":\"es\",\"@id\":\"https:\/\/www.cnbaianfire.com\/product\/joystick-aluminum-alloy-manual-fire-water-foam-monitor\/#primaryimage\",\"url\":\"https:\/\/www.cnbaianfire.com\/wp-content\/uploads\/2025\/06\/Joystick-Aluminum-Alloy-Manual-Fire-Water-Foam-Monitor.webp\",\"contentUrl\":\"https:\/\/www.cnbaianfire.com\/wp-content\/uploads\/2025\/06\/Joystick-Aluminum-Alloy-Manual-Fire-Water-Foam-Monitor.webp\",\"width\":800,\"height\":800,\"caption\":\"Joystick Aluminum Alloy Manual Fire Water Foam Monitor\"},{\"@type\":\"BreadcrumbList\",\"@id\":\"https:\/\/www.cnbaianfire.com\/product\/joystick-aluminum-alloy-manual-fire-water-foam-monitor\/#breadcrumb\",\"itemListElement\":[{\"@type\":\"ListItem\",\"position\":1,\"name\":\"Home\",\"item\":\"https:\/\/www.cnbaianfire.com\/\"},{\"@type\":\"ListItem\",\"position\":2,\"name\":\"Products\",\"item\":\"https:\/\/www.cnbaianfire.com\/shop\/\"},{\"@type\":\"ListItem\",\"position\":3,\"name\":\"Joystick Aluminum Alloy Manual Fire Water Foam Monitor\"}]},{\"@type\":\"WebSite\",\"@id\":\"https:\/\/www.cnbaianfire.com\/#website\",\"url\":\"https:\/\/www.cnbaianfire.com\/\",\"name\":\"BAIAN FIRE PROTECTION EQUIPMENT\",\"description\":\"\",\"publisher\":{\"@id\":\"https:\/\/www.cnbaianfire.com\/#organization\"},\"potentialAction\":[{\"@type\":\"SearchAction\",\"target\":{\"@type\":\"EntryPoint\",\"urlTemplate\":\"https:\/\/www.cnbaianfire.com\/?s={search_term_string}\"},\"query-input\":\"required name=search_term_string\"}],\"inLanguage\":\"es\"},{\"@type\":\"Organization\",\"@id\":\"https:\/\/www.cnbaianfire.com\/#organization\",\"name\":\"Baian Group\",\"url\":\"https:\/\/www.cnbaianfire.com\/\",\"logo\":{\"@type\":\"ImageObject\",\"inLanguage\":\"es\",\"@id\":\"https:\/\/www.cnbaianfire.com\/#\/schema\/logo\/image\/\",\"url\":\"https:\/\/www.cnbaianfire.com\/wp-content\/uploads\/2025\/05\/baian-fire-ptotection-logo.webp\",\"contentUrl\":\"https:\/\/www.cnbaianfire.com\/wp-content\/uploads\/2025\/05\/baian-fire-ptotection-logo.webp\",\"width\":501,\"height\":494,\"caption\":\"Baian Group\"},\"image\":{\"@id\":\"https:\/\/www.cnbaianfire.com\/#\/schema\/logo\/image\/\"},\"sameAs\":[\"https:\/\/www.facebook.com\/BaianFirefightingEquipment\"]}]}<\/script>\n<!-- \/ Yoast SEO plugin. -->","yoast_head_json":{"title":"China wholesales Joystick Aluminum Alloy Manual Fire Water Foam Monitor supplier - BAIAN FIRE PROTECTION EQUIPMENT","description":"Professional Joystick Aluminum Alloy Manual Fire Water Foam Monitor manufacturer - Baian. We offers reliable, certified fire fighting equipment backed by technical support and global experience.","robots":{"index":"index","follow":"follow","max-snippet":"max-snippet:-1","max-image-preview":"max-image-preview:large","max-video-preview":"max-video-preview:-1"},"canonical":"https:\/\/www.cnbaianfire.com\/es\/producto\/joystick-aluminum-alloy-manual-fire-water-foam-monitor\/","og_locale":"es_ES","og_type":"article","og_title":"China wholesales Joystick Aluminum Alloy Manual Fire Water Foam Monitor supplier - BAIAN FIRE PROTECTION EQUIPMENT","og_description":"Professional Joystick Aluminum Alloy Manual Fire Water Foam Monitor manufacturer - Baian. We offers reliable, certified fire fighting equipment backed by technical support and global experience.","og_url":"https:\/\/www.cnbaianfire.com\/es\/producto\/joystick-aluminum-alloy-manual-fire-water-foam-monitor\/","og_site_name":"BAIAN FIRE PROTECTION EQUIPMENT","article_publisher":"https:\/\/www.facebook.com\/BaianFirefightingEquipment","article_modified_time":"2025-06-06T01:08:52+00:00","og_image":[{"width":800,"height":800,"url":"https:\/\/www.cnbaianfire.com\/wp-content\/uploads\/2025\/06\/Joystick-Aluminum-Alloy-Manual-Fire-Water-Foam-Monitor.webp","type":"image\/webp"}],"twitter_card":"summary_large_image","twitter_misc":{"Tiempo de lectura":"2 minutos"},"schema":{"@context":"https:\/\/schema.org","@graph":[{"@type":"WebPage","@id":"https:\/\/www.cnbaianfire.com\/product\/joystick-aluminum-alloy-manual-fire-water-foam-monitor\/","url":"https:\/\/www.cnbaianfire.com\/product\/joystick-aluminum-alloy-manual-fire-water-foam-monitor\/","name":"China wholesales Joystick Aluminum Alloy Manual Fire Water Foam Monitor supplier - BAIAN FIRE PROTECTION EQUIPMENT","isPartOf":{"@id":"https:\/\/www.cnbaianfire.com\/#website"},"primaryImageOfPage":{"@id":"https:\/\/www.cnbaianfire.com\/product\/joystick-aluminum-alloy-manual-fire-water-foam-monitor\/#primaryimage"},"image":{"@id":"https:\/\/www.cnbaianfire.com\/product\/joystick-aluminum-alloy-manual-fire-water-foam-monitor\/#primaryimage"},"thumbnailUrl":"https:\/\/www.cnbaianfire.com\/wp-content\/uploads\/2025\/06\/Joystick-Aluminum-Alloy-Manual-Fire-Water-Foam-Monitor.webp","datePublished":"2025-06-05T08:13:00+00:00","dateModified":"2025-06-06T01:08:52+00:00","description":"Professional Joystick Aluminum Alloy Manual Fire Water Foam Monitor manufacturer - Baian. We offers reliable, certified fire fighting equipment backed by technical support and global experience.","breadcrumb":{"@id":"https:\/\/www.cnbaianfire.com\/product\/joystick-aluminum-alloy-manual-fire-water-foam-monitor\/#breadcrumb"},"inLanguage":"es","potentialAction":[{"@type":"ReadAction","target":["https:\/\/www.cnbaianfire.com\/product\/joystick-aluminum-alloy-manual-fire-water-foam-monitor\/"]}]},{"@type":"ImageObject","inLanguage":"es","@id":"https:\/\/www.cnbaianfire.com\/product\/joystick-aluminum-alloy-manual-fire-water-foam-monitor\/#primaryimage","url":"https:\/\/www.cnbaianfire.com\/wp-content\/uploads\/2025\/06\/Joystick-Aluminum-Alloy-Manual-Fire-Water-Foam-Monitor.webp","contentUrl":"https:\/\/www.cnbaianfire.com\/wp-content\/uploads\/2025\/06\/Joystick-Aluminum-Alloy-Manual-Fire-Water-Foam-Monitor.webp","width":800,"height":800,"caption":"Joystick Aluminum Alloy Manual Fire Water Foam Monitor"},{"@type":"BreadcrumbList","@id":"https:\/\/www.cnbaianfire.com\/product\/joystick-aluminum-alloy-manual-fire-water-foam-monitor\/#breadcrumb","itemListElement":[{"@type":"ListItem","position":1,"name":"Home","item":"https:\/\/www.cnbaianfire.com\/"},{"@type":"ListItem","position":2,"name":"Products","item":"https:\/\/www.cnbaianfire.com\/shop\/"},{"@type":"ListItem","position":3,"name":"Joystick Aluminum Alloy Manual Fire Water Foam Monitor"}]},{"@type":"WebSite","@id":"https:\/\/www.cnbaianfire.com\/#website","url":"https:\/\/www.cnbaianfire.com\/","name":"BAIAN FIRE PROTECTION EQUIPMENT","description":"","publisher":{"@id":"https:\/\/www.cnbaianfire.com\/#organization"},"potentialAction":[{"@type":"SearchAction","target":{"@type":"EntryPoint","urlTemplate":"https:\/\/www.cnbaianfire.com\/?s={search_term_string}"},"query-input":"required name=search_term_string"}],"inLanguage":"es"},{"@type":"Organization","@id":"https:\/\/www.cnbaianfire.com\/#organization","name":"Baian Group","url":"https:\/\/www.cnbaianfire.com\/","logo":{"@type":"ImageObject","inLanguage":"es","@id":"https:\/\/www.cnbaianfire.com\/#\/schema\/logo\/image\/","url":"https:\/\/www.cnbaianfire.com\/wp-content\/uploads\/2025\/05\/baian-fire-ptotection-logo.webp","contentUrl":"https:\/\/www.cnbaianfire.com\/wp-content\/uploads\/2025\/05\/baian-fire-ptotection-logo.webp","width":501,"height":494,"caption":"Baian Group"},"image":{"@id":"https:\/\/www.cnbaianfire.com\/#\/schema\/logo\/image\/"},"sameAs":["https:\/\/www.facebook.com\/BaianFirefightingEquipment"]}]}},"_links":{"self":[{"href":"https:\/\/www.cnbaianfire.com\/es\/wp-json\/wp\/v2\/product\/12508"}],"collection":[{"href":"https:\/\/www.cnbaianfire.com\/es\/wp-json\/wp\/v2\/product"}],"about":[{"href":"https:\/\/www.cnbaianfire.com\/es\/wp-json\/wp\/v2\/types\/product"}],"wp:featuredmedia":[{"embeddable":true,"href":"https:\/\/www.cnbaianfire.com\/es\/wp-json\/wp\/v2\/media\/12509"}],"wp:attachment":[{"href":"https:\/\/www.cnbaianfire.com\/es\/wp-json\/wp\/v2\/media?parent=12508"}],"wp:term":[{"taxonomy":"product_cat","embeddable":true,"href":"https:\/\/www.cnbaianfire.com\/es\/wp-json\/wp\/v2\/product_cat?post=12508"},{"taxonomy":"product_tag","embeddable":true,"href":"https:\/\/www.cnbaianfire.com\/es\/wp-json\/wp\/v2\/product_tag?post=12508"}],"curies":[{"name":"wp","href":"https:\/\/api.w.org\/{rel}","templated":true}]}}