{"id":12497,"date":"2025-06-05T07:38:39","date_gmt":"2025-06-05T07:38:39","guid":{"rendered":"https:\/\/www.cnbaianfire.com\/?post_type=product&#038;p=12497"},"modified":"2025-07-26T06:36:37","modified_gmt":"2025-07-26T06:36:37","slug":"versatile-stainless-steel-manual-fire-water-monitor","status":"publish","type":"product","link":"https:\/\/www.cnbaianfire.com\/es\/producto\/versatile-stainless-steel-manual-fire-water-monitor\/","title":{"rendered":"Vers\u00e1til monitor manual de agua contra incendios de acero inoxidable"},"content":{"rendered":"<h2><a href=\"https:\/\/www.cnbaianfire.com\/product\/versatile-stainless-steel-manual-fire-water-monitor\/\"><strong>Vers\u00e1til monitor manual de agua contra incendios de acero inoxidable<\/strong><\/a><br \/>\nPS10\/60-80-W-H(3600-4800LPM)<\/h2>\n<table class=\"tg\" style=\"border-collapse: collapse; border-spacing: 0;\">\n<thead>\n<tr>\n<th style=\"font-family: Arial, sans-serif; font-size: 14px; font-weight: normal; overflow: hidden; padding: 10px 5px; vertical-align: middle; word-break: normal; border: 1px solid black; text-align: center;\" colspan=\"2\">Par\u00e1metros t\u00e9cnicos<\/th>\n<\/tr>\n<\/thead>\n<tbody>\n<tr>\n<td style=\"background-color: #073980; color: #fff; font-family: Arial, sans-serif; font-size: 14px; font-weight: bold; overflow: hidden; padding: 10px 5px; text-align: center; vertical-align: middle; word-break: normal; border: 1px solid black;\">N\u00famero de modelo<\/td>\n<td style=\"font-family: Arial, sans-serif; font-size: 14px; overflow: hidden; padding: 10px 5px; text-align: center; vertical-align: middle; word-break: normal; border: 1px solid black;\">PS10\/60-80-W-H<\/td>\n<\/tr>\n<tr>\n<td style=\"background-color: #073980; color: #fff; font-family: Arial, sans-serif; font-size: 14px; font-weight: bold; overflow: hidden; padding: 10px 5px; text-align: center; vertical-align: middle; word-break: normal; border: 1px solid black;\">Caudal<\/td>\n<td style=\"background-color: #dad6d5; font-family: Arial, sans-serif; font-size: 14px; overflow: hidden; padding: 10px 5px; text-align: center; vertical-align: middle; word-break: normal; border: 1px solid black;\">3600\/4200\/4800LPM\u00a0\u00a0\u00a0(Choose one flow rate )<\/td>\n<\/tr>\n<tr>\n<td style=\"background-color: #073980; color: #fff; font-family: Arial, sans-serif; font-size: 14px; font-weight: bold; overflow: hidden; padding: 10px 5px; text-align: center; vertical-align: middle; word-break: normal; border: 1px solid black;\">Presi\u00f3n de trabajo<\/td>\n<td style=\"font-family: Arial, sans-serif; font-size: 14px; overflow: hidden; padding: 10px 5px; text-align: center; vertical-align: middle; word-break: normal; border: 1px solid black;\">10Bar<\/td>\n<\/tr>\n<tr>\n<td style=\"background-color: #073980; color: #fff; font-family: Arial, sans-serif; font-size: 14px; font-weight: bold; overflow: hidden; padding: 10px 5px; text-align: center; vertical-align: middle; word-break: normal; border: 1px solid black;\">Alcance m\u00e1x. Alcance @ 10 bar<\/td>\n<td style=\"background-color: #dad6d5; font-family: Arial, sans-serif; font-size: 14px; overflow: hidden; padding: 10px 5px; text-align: center; vertical-align: middle; word-break: normal; border: 1px solid black;\">85\u00a0\u00a0\u00a0meters @4800 LPM<\/td>\n<\/tr>\n<tr>\n<td style=\"background-color: #073980; color: #fff; font-family: Arial, sans-serif; font-size: 14px; font-weight: bold; overflow: hidden; padding: 10px 5px; text-align: center; vertical-align: middle; word-break: normal; border: 1px solid black;\">Max. \u00c1ngulo de niebla<\/td>\n<td style=\"font-family: Arial, sans-serif; font-size: 14px; overflow: hidden; padding: 10px 5px; text-align: center; vertical-align: middle; word-break: normal; border: 1px solid black;\">120\u00b0<\/td>\n<\/tr>\n<tr>\n<td style=\"background-color: #073980; color: #fff; font-family: Arial, sans-serif; font-size: 14px; font-weight: bold; overflow: hidden; padding: 10px 5px; text-align: center; vertical-align: middle; word-break: normal; border: 1px solid black;\">Alcance m\u00e1ximo del monitor<\/td>\n<td style=\"background-color: #dad6d5; font-family: Arial, sans-serif; font-size: 14px; overflow: hidden; padding: 10px 5px; text-align: center; vertical-align: middle; word-break: normal; border: 1px solid black;\">De -15\u00b0 a +60\u00b0 en vertical, rotaci\u00f3n de 360<\/td>\n<\/tr>\n<tr>\n<td style=\"background-color: #073980; color: #fff; font-family: Arial, sans-serif; font-size: 14px; font-weight: bold; overflow: hidden; padding: 10px 5px; text-align: center; vertical-align: middle; word-break: normal; border: 1px solid black;\">Tama\u00f1o de la v\u00eda navegable<\/td>\n<td style=\"font-family: Arial, sans-serif; font-size: 14px; overflow: hidden; padding: 10px 5px; text-align: center; vertical-align: middle; word-break: normal; border: 1px solid black;\">65 mm (2,5\")<\/td>\n<\/tr>\n<tr>\n<td style=\"background-color: #073980; color: #fff; font-family: Arial, sans-serif; font-size: 14px; font-weight: bold; overflow: hidden; padding: 10px 5px; text-align: center; vertical-align: middle; word-break: normal; border: 1px solid black;\">Salida de monitor<\/td>\n<td style=\"background-color: #dad6d5; font-family: Arial, sans-serif; font-size: 14px; overflow: hidden; padding: 10px 5px; text-align: center; vertical-align: middle; word-break: normal; border: 1px solid black;\">Rosca macho NH de 2,5\" (65 mm)<\/td>\n<\/tr>\n<tr>\n<td style=\"background-color: #073980; color: #fff; font-family: Arial, sans-serif; font-size: 14px; font-weight: bold; overflow: hidden; padding: 10px 5px; text-align: center; vertical-align: middle; word-break: normal; border: 1px solid black;\">Entrada del monitor<\/td>\n<td style=\"font-family: Arial, sans-serif; font-size: 14px; overflow: hidden; padding: 10px 5px; text-align: center; vertical-align: middle; word-break: normal; border: 1px solid black;\">Brida 4\" BS4504 es est\u00e1ndar,otra brida est\u00e1ndar est\u00e1 disponible<\/td>\n<\/tr>\n<tr>\n<td style=\"background-color: #073980; color: #fff; font-family: Arial, sans-serif; font-size: 14px; font-weight: bold; overflow: hidden; padding: 10px 5px; text-align: center; vertical-align: middle; word-break: normal; border: 1px solid black;\">Material<\/td>\n<td style=\"background-color: #dad6d5; font-family: Arial, sans-serif; font-size: 14px; overflow: hidden; padding: 10px 5px; text-align: center; vertical-align: middle; word-break: normal; border: 1px solid black;\">SS304<\/td>\n<\/tr>\n<\/tbody>\n<\/table>\n<h2>Especificaciones<\/h2>\n<p>1. Material structure: The gun body and core flow channel are made of SS304 material, which is corrosion-resistant and high-temperature resistant (the working temperature usually covers -20\u00b0C to +80\u00b0C), suitable for corrosive environments such as chemical and marine.<br \/>\n2. Spray mode: direct current, mist;<br \/>\n3. Rotaci\u00f3n horizontal de 360\u00b0;<br \/>\n4. Vertical -15\u00b0 to +60\u00b0 lifting;<\/p>\n<h2>Flow rate and range:<\/h2>\n<p>Working flow rate: 20\u2013180 L\/s (according to model classification)<br \/>\nEffective range: 70\u2013150 m (positively correlated with pressure)<\/p>\n<h2>Brida est\u00e1ndar<\/h2>\n<p>BS4504, ANSI150, GB, etc.<\/p>\n<h2>Aplicaciones<\/h2>\n<p>1. Industrial scenarios:<br \/>\nPetrochemical tank area, chemical plant (chemical corrosion resistance)<br \/>\nPort terminal, LNG receiving station (salt spray corrosion resistance)<br \/>\n2. Special environment:<br \/>\nTunnel firefighting (can be fixedly installed on the side wall)<br \/>\nAirport rescue (quickly extinguish aviation fuel fire)<br \/>\n3. Public facilities:<br \/>\nLarge gymnasium, storage and logistics center (wide coverage area)<\/p>\n<h2>Principio de funcionamiento<\/h2>\n<p>1.Manual control:<br \/>\nThe double worm gear mechanism is used to achieve precise horizontal\/pitch positioning, and the operating handle applies mechanical force to drive the gun body to turn.<br \/>\n2.Fluid control:<br \/>\nThe water flows through the gun body rectifier to eliminate turbulence, and accelerates through the contraction nozzle to form a concentrated jet (direct current) or atomization coverage (flowering mode).<br \/>\n3.Safety lock:<br \/>\nBuilt-in angle locking pin to prevent water hammer recoil from causing the gun body to lose control.<\/p>\n<h2>Caracter\u00edsticas<\/h2>\n<p>1. Durability:<br \/>\nThe stainless steel structure withstands high pressure (normal pressure 1.0\u20131.6 MPa), high temperature flame radiation and chemical medium erosion, and its life span far exceeds that of ordinary carbon steel1.<br \/>\n2. Multifunctional spray:<br \/>\nDirect current\/flowering stepless switching: Direct current mode impacts distant fire points, and flowering mode diffuses water mist to cool large areas.<br \/>\n3. Operational safety:<br \/>\nThe tail of the gun is designed with a buffer valve to prevent instantaneous pressure shock during start-up and shutdown; some models have integrated pressure relief protection devices.<br \/>\n4. Maintenance convenience:<br \/>\nModular design, seals (such as PTFE\/Viton rubber rings) can be quickly replaced1.<\/p>\n<h2>Presi\u00f3n nominal<\/h2>\n<p>Standard model: 1.0 MPa, high pressure model can reach 1.6 MPa<\/p>\n<p><img loading=\"lazy\" decoding=\"async\" class=\"size-full wp-image-12498 aligncenter\" data-src=\"https:\/\/www.cnbaianfire.com\/wp-content\/uploads\/2025\/06\/Versatile-Stainless-Steel-Manual-Fire-Water-Monitor.webp\" alt=\"Vers\u00e1til monitor manual de agua contra incendios de acero inoxidable\" width=\"800\" height=\"800\" srcset=\"https:\/\/www.cnbaianfire.com\/wp-content\/uploads\/2025\/06\/Versatile-Stainless-Steel-Manual-Fire-Water-Monitor.webp 800w, https:\/\/www.cnbaianfire.com\/wp-content\/uploads\/2025\/06\/Versatile-Stainless-Steel-Manual-Fire-Water-Monitor-480x480.webp 480w\" sizes=\"(min-width: 0px) and (max-width: 480px) 480px, (min-width: 481px) 800px, 100vw\" \/><\/p>","protected":false},"excerpt":{"rendered":"<p>Este tipo de <a href=\"https:\/\/www.cnbaianfire.com\/category\/fire-monitor-system\/manual-fire-water-cannon\/\"><strong>Ca\u00f1\u00f3n de agua de disparo manual<\/strong><\/a> is made of SS304, the gun body with core flow channel resists corrosion and high temps (-20\u00b0C~+80\u00b0C). Features DC\/mist sprays, 360\u00b0 horizontal rotation, and -15\u00b0~+60\u00b0 vertical lift.<\/p>","protected":false},"featured_media":12498,"template":"","meta":{"_et_pb_use_builder":"","_et_pb_old_content":"","_et_gb_content_width":""},"product_cat":[204,203],"product_tag":[],"yoast_head":"<!-- This site is optimized with the Yoast SEO plugin v22.7 - https:\/\/yoast.com\/wordpress\/plugins\/seo\/ -->\n<title>China wholesales Versatile Stainless Steel Manual Fire Water Monitor supplier - BAIAN FIRE PROTECTION EQUIPMENT<\/title>\n<meta name=\"description\" content=\"Professional Versatile Stainless Steel Manual Fire Water Monitor manufacturer - Baian. We offers reliable, certified fire fighting equipment backed by technical support and global experience.\" \/>\n<meta name=\"robots\" content=\"index, follow, max-snippet:-1, max-image-preview:large, max-video-preview:-1\" \/>\n<link rel=\"canonical\" href=\"https:\/\/www.cnbaianfire.com\/es\/producto\/versatile-stainless-steel-manual-fire-water-monitor\/\" \/>\n<meta property=\"og:locale\" content=\"es_ES\" \/>\n<meta property=\"og:type\" content=\"article\" \/>\n<meta property=\"og:title\" content=\"China wholesales Versatile Stainless Steel Manual Fire Water Monitor supplier - BAIAN FIRE PROTECTION EQUIPMENT\" \/>\n<meta property=\"og:description\" content=\"Professional Versatile Stainless Steel Manual Fire Water Monitor manufacturer - Baian. We offers reliable, certified fire fighting equipment backed by technical support and global experience.\" \/>\n<meta property=\"og:url\" content=\"https:\/\/www.cnbaianfire.com\/es\/producto\/versatile-stainless-steel-manual-fire-water-monitor\/\" \/>\n<meta property=\"og:site_name\" content=\"BAIAN FIRE PROTECTION EQUIPMENT\" \/>\n<meta property=\"article:publisher\" content=\"https:\/\/www.facebook.com\/BaianFirefightingEquipment\" \/>\n<meta property=\"article:modified_time\" content=\"2025-07-26T06:36:37+00:00\" \/>\n<meta property=\"og:image\" content=\"https:\/\/www.cnbaianfire.com\/wp-content\/uploads\/2025\/06\/Versatile-Stainless-Steel-Manual-Fire-Water-Monitor.webp\" \/>\n\t<meta property=\"og:image:width\" content=\"800\" \/>\n\t<meta property=\"og:image:height\" content=\"800\" \/>\n\t<meta property=\"og:image:type\" content=\"image\/webp\" \/>\n<meta name=\"twitter:card\" content=\"summary_large_image\" \/>\n<meta name=\"twitter:label1\" content=\"Tiempo de lectura\" \/>\n\t<meta name=\"twitter:data1\" content=\"3 minutos\" \/>\n<script type=\"application\/ld+json\" class=\"yoast-schema-graph\">{\"@context\":\"https:\/\/schema.org\",\"@graph\":[{\"@type\":\"WebPage\",\"@id\":\"https:\/\/www.cnbaianfire.com\/product\/versatile-stainless-steel-manual-fire-water-monitor\/\",\"url\":\"https:\/\/www.cnbaianfire.com\/product\/versatile-stainless-steel-manual-fire-water-monitor\/\",\"name\":\"China wholesales Versatile Stainless Steel Manual Fire Water Monitor supplier - BAIAN FIRE PROTECTION EQUIPMENT\",\"isPartOf\":{\"@id\":\"https:\/\/www.cnbaianfire.com\/#website\"},\"primaryImageOfPage\":{\"@id\":\"https:\/\/www.cnbaianfire.com\/product\/versatile-stainless-steel-manual-fire-water-monitor\/#primaryimage\"},\"image\":{\"@id\":\"https:\/\/www.cnbaianfire.com\/product\/versatile-stainless-steel-manual-fire-water-monitor\/#primaryimage\"},\"thumbnailUrl\":\"https:\/\/www.cnbaianfire.com\/wp-content\/uploads\/2025\/06\/Versatile-Stainless-Steel-Manual-Fire-Water-Monitor.webp\",\"datePublished\":\"2025-06-05T07:38:39+00:00\",\"dateModified\":\"2025-07-26T06:36:37+00:00\",\"description\":\"Professional Versatile Stainless Steel Manual Fire Water Monitor manufacturer - Baian. We offers reliable, certified fire fighting equipment backed by technical support and global experience.\",\"breadcrumb\":{\"@id\":\"https:\/\/www.cnbaianfire.com\/product\/versatile-stainless-steel-manual-fire-water-monitor\/#breadcrumb\"},\"inLanguage\":\"es\",\"potentialAction\":[{\"@type\":\"ReadAction\",\"target\":[\"https:\/\/www.cnbaianfire.com\/product\/versatile-stainless-steel-manual-fire-water-monitor\/\"]}]},{\"@type\":\"ImageObject\",\"inLanguage\":\"es\",\"@id\":\"https:\/\/www.cnbaianfire.com\/product\/versatile-stainless-steel-manual-fire-water-monitor\/#primaryimage\",\"url\":\"https:\/\/www.cnbaianfire.com\/wp-content\/uploads\/2025\/06\/Versatile-Stainless-Steel-Manual-Fire-Water-Monitor.webp\",\"contentUrl\":\"https:\/\/www.cnbaianfire.com\/wp-content\/uploads\/2025\/06\/Versatile-Stainless-Steel-Manual-Fire-Water-Monitor.webp\",\"width\":800,\"height\":800,\"caption\":\"Versatile Stainless Steel Manual Fire Water Monitor\"},{\"@type\":\"BreadcrumbList\",\"@id\":\"https:\/\/www.cnbaianfire.com\/product\/versatile-stainless-steel-manual-fire-water-monitor\/#breadcrumb\",\"itemListElement\":[{\"@type\":\"ListItem\",\"position\":1,\"name\":\"Home\",\"item\":\"https:\/\/www.cnbaianfire.com\/\"},{\"@type\":\"ListItem\",\"position\":2,\"name\":\"Products\",\"item\":\"https:\/\/www.cnbaianfire.com\/shop\/\"},{\"@type\":\"ListItem\",\"position\":3,\"name\":\"Versatile Stainless Steel Manual Fire Water Monitor\"}]},{\"@type\":\"WebSite\",\"@id\":\"https:\/\/www.cnbaianfire.com\/#website\",\"url\":\"https:\/\/www.cnbaianfire.com\/\",\"name\":\"BAIAN FIRE PROTECTION EQUIPMENT\",\"description\":\"\",\"publisher\":{\"@id\":\"https:\/\/www.cnbaianfire.com\/#organization\"},\"potentialAction\":[{\"@type\":\"SearchAction\",\"target\":{\"@type\":\"EntryPoint\",\"urlTemplate\":\"https:\/\/www.cnbaianfire.com\/?s={search_term_string}\"},\"query-input\":\"required name=search_term_string\"}],\"inLanguage\":\"es\"},{\"@type\":\"Organization\",\"@id\":\"https:\/\/www.cnbaianfire.com\/#organization\",\"name\":\"Baian Group\",\"url\":\"https:\/\/www.cnbaianfire.com\/\",\"logo\":{\"@type\":\"ImageObject\",\"inLanguage\":\"es\",\"@id\":\"https:\/\/www.cnbaianfire.com\/#\/schema\/logo\/image\/\",\"url\":\"https:\/\/www.cnbaianfire.com\/wp-content\/uploads\/2025\/05\/baian-fire-ptotection-logo.webp\",\"contentUrl\":\"https:\/\/www.cnbaianfire.com\/wp-content\/uploads\/2025\/05\/baian-fire-ptotection-logo.webp\",\"width\":501,\"height\":494,\"caption\":\"Baian Group\"},\"image\":{\"@id\":\"https:\/\/www.cnbaianfire.com\/#\/schema\/logo\/image\/\"},\"sameAs\":[\"https:\/\/www.facebook.com\/BaianFirefightingEquipment\"]}]}<\/script>\n<!-- \/ Yoast SEO plugin. -->","yoast_head_json":{"title":"China wholesales Versatile Stainless Steel Manual Fire Water Monitor supplier - BAIAN FIRE PROTECTION EQUIPMENT","description":"Professional Versatile Stainless Steel Manual Fire Water Monitor manufacturer - Baian. We offers reliable, certified fire fighting equipment backed by technical support and global experience.","robots":{"index":"index","follow":"follow","max-snippet":"max-snippet:-1","max-image-preview":"max-image-preview:large","max-video-preview":"max-video-preview:-1"},"canonical":"https:\/\/www.cnbaianfire.com\/es\/producto\/versatile-stainless-steel-manual-fire-water-monitor\/","og_locale":"es_ES","og_type":"article","og_title":"China wholesales Versatile Stainless Steel Manual Fire Water Monitor supplier - BAIAN FIRE PROTECTION EQUIPMENT","og_description":"Professional Versatile Stainless Steel Manual Fire Water Monitor manufacturer - Baian. We offers reliable, certified fire fighting equipment backed by technical support and global experience.","og_url":"https:\/\/www.cnbaianfire.com\/es\/producto\/versatile-stainless-steel-manual-fire-water-monitor\/","og_site_name":"BAIAN FIRE PROTECTION EQUIPMENT","article_publisher":"https:\/\/www.facebook.com\/BaianFirefightingEquipment","article_modified_time":"2025-07-26T06:36:37+00:00","og_image":[{"width":800,"height":800,"url":"https:\/\/www.cnbaianfire.com\/wp-content\/uploads\/2025\/06\/Versatile-Stainless-Steel-Manual-Fire-Water-Monitor.webp","type":"image\/webp"}],"twitter_card":"summary_large_image","twitter_misc":{"Tiempo de lectura":"3 minutos"},"schema":{"@context":"https:\/\/schema.org","@graph":[{"@type":"WebPage","@id":"https:\/\/www.cnbaianfire.com\/product\/versatile-stainless-steel-manual-fire-water-monitor\/","url":"https:\/\/www.cnbaianfire.com\/product\/versatile-stainless-steel-manual-fire-water-monitor\/","name":"China wholesales Versatile Stainless Steel Manual Fire Water Monitor supplier - BAIAN FIRE PROTECTION EQUIPMENT","isPartOf":{"@id":"https:\/\/www.cnbaianfire.com\/#website"},"primaryImageOfPage":{"@id":"https:\/\/www.cnbaianfire.com\/product\/versatile-stainless-steel-manual-fire-water-monitor\/#primaryimage"},"image":{"@id":"https:\/\/www.cnbaianfire.com\/product\/versatile-stainless-steel-manual-fire-water-monitor\/#primaryimage"},"thumbnailUrl":"https:\/\/www.cnbaianfire.com\/wp-content\/uploads\/2025\/06\/Versatile-Stainless-Steel-Manual-Fire-Water-Monitor.webp","datePublished":"2025-06-05T07:38:39+00:00","dateModified":"2025-07-26T06:36:37+00:00","description":"Professional Versatile Stainless Steel Manual Fire Water Monitor manufacturer - Baian. We offers reliable, certified fire fighting equipment backed by technical support and global experience.","breadcrumb":{"@id":"https:\/\/www.cnbaianfire.com\/product\/versatile-stainless-steel-manual-fire-water-monitor\/#breadcrumb"},"inLanguage":"es","potentialAction":[{"@type":"ReadAction","target":["https:\/\/www.cnbaianfire.com\/product\/versatile-stainless-steel-manual-fire-water-monitor\/"]}]},{"@type":"ImageObject","inLanguage":"es","@id":"https:\/\/www.cnbaianfire.com\/product\/versatile-stainless-steel-manual-fire-water-monitor\/#primaryimage","url":"https:\/\/www.cnbaianfire.com\/wp-content\/uploads\/2025\/06\/Versatile-Stainless-Steel-Manual-Fire-Water-Monitor.webp","contentUrl":"https:\/\/www.cnbaianfire.com\/wp-content\/uploads\/2025\/06\/Versatile-Stainless-Steel-Manual-Fire-Water-Monitor.webp","width":800,"height":800,"caption":"Versatile Stainless Steel Manual Fire Water Monitor"},{"@type":"BreadcrumbList","@id":"https:\/\/www.cnbaianfire.com\/product\/versatile-stainless-steel-manual-fire-water-monitor\/#breadcrumb","itemListElement":[{"@type":"ListItem","position":1,"name":"Home","item":"https:\/\/www.cnbaianfire.com\/"},{"@type":"ListItem","position":2,"name":"Products","item":"https:\/\/www.cnbaianfire.com\/shop\/"},{"@type":"ListItem","position":3,"name":"Versatile Stainless Steel Manual Fire Water Monitor"}]},{"@type":"WebSite","@id":"https:\/\/www.cnbaianfire.com\/#website","url":"https:\/\/www.cnbaianfire.com\/","name":"BAIAN FIRE PROTECTION EQUIPMENT","description":"","publisher":{"@id":"https:\/\/www.cnbaianfire.com\/#organization"},"potentialAction":[{"@type":"SearchAction","target":{"@type":"EntryPoint","urlTemplate":"https:\/\/www.cnbaianfire.com\/?s={search_term_string}"},"query-input":"required name=search_term_string"}],"inLanguage":"es"},{"@type":"Organization","@id":"https:\/\/www.cnbaianfire.com\/#organization","name":"Baian Group","url":"https:\/\/www.cnbaianfire.com\/","logo":{"@type":"ImageObject","inLanguage":"es","@id":"https:\/\/www.cnbaianfire.com\/#\/schema\/logo\/image\/","url":"https:\/\/www.cnbaianfire.com\/wp-content\/uploads\/2025\/05\/baian-fire-ptotection-logo.webp","contentUrl":"https:\/\/www.cnbaianfire.com\/wp-content\/uploads\/2025\/05\/baian-fire-ptotection-logo.webp","width":501,"height":494,"caption":"Baian Group"},"image":{"@id":"https:\/\/www.cnbaianfire.com\/#\/schema\/logo\/image\/"},"sameAs":["https:\/\/www.facebook.com\/BaianFirefightingEquipment"]}]}},"_links":{"self":[{"href":"https:\/\/www.cnbaianfire.com\/es\/wp-json\/wp\/v2\/product\/12497"}],"collection":[{"href":"https:\/\/www.cnbaianfire.com\/es\/wp-json\/wp\/v2\/product"}],"about":[{"href":"https:\/\/www.cnbaianfire.com\/es\/wp-json\/wp\/v2\/types\/product"}],"wp:featuredmedia":[{"embeddable":true,"href":"https:\/\/www.cnbaianfire.com\/es\/wp-json\/wp\/v2\/media\/12498"}],"wp:attachment":[{"href":"https:\/\/www.cnbaianfire.com\/es\/wp-json\/wp\/v2\/media?parent=12497"}],"wp:term":[{"taxonomy":"product_cat","embeddable":true,"href":"https:\/\/www.cnbaianfire.com\/es\/wp-json\/wp\/v2\/product_cat?post=12497"},{"taxonomy":"product_tag","embeddable":true,"href":"https:\/\/www.cnbaianfire.com\/es\/wp-json\/wp\/v2\/product_tag?post=12497"}],"curies":[{"name":"wp","href":"https:\/\/api.w.org\/{rel}","templated":true}]}}