{"id":12493,"date":"2025-06-05T07:32:06","date_gmt":"2025-06-05T07:32:06","guid":{"rendered":"https:\/\/www.cnbaianfire.com\/?post_type=product&#038;p=12493"},"modified":"2025-06-06T01:08:21","modified_gmt":"2025-06-06T01:08:21","slug":"stainless-steel-manual-fire-water-cannon","status":"publish","type":"product","link":"https:\/\/www.cnbaianfire.com\/es\/producto\/stainless-steel-manual-fire-water-cannon\/","title":{"rendered":"Ca\u00f1\u00f3n manual de agua contra incendios de acero inoxidable"},"content":{"rendered":"<h2><a href=\"https:\/\/www.cnbaianfire.com\/product\/stainless-steel-manual-fire-water-cannon\/\">Ca\u00f1\u00f3n manual de agua contra incendios de acero inoxidable<\/a><br \/>\nPS8\/20-50-W-H\uff081200-3000LPM\uff09<\/h2>\n<table class=\"tg\" style=\"border-collapse: collapse; border-spacing: 0;\">\n<thead>\n<tr>\n<th style=\"font-family: Arial, sans-serif; font-size: 14px; font-weight: normal; overflow: hidden; padding: 10px 5px; text-align: center; vertical-align: middle; word-break: normal; border: 1px solid black;\" colspan=\"2\">Par\u00e1metros t\u00e9cnicos<\/th>\n<\/tr>\n<\/thead>\n<tbody>\n<tr>\n<td style=\"background-color: #073980; color: #fff; font-family: Arial, sans-serif; font-size: 14px; font-weight: bold; overflow: hidden; padding: 10px 5px; text-align: center; vertical-align: middle; word-break: normal; border: 1px solid black;\">N\u00famero de modelo<\/td>\n<td style=\"font-family: Arial, sans-serif; font-size: 14px; overflow: hidden; padding: 10px 5px; text-align: center; vertical-align: middle; word-break: normal; border: 1px solid black;\">PS8\/20-50-W-H\uff09<\/td>\n<\/tr>\n<tr>\n<td style=\"background-color: #073980; color: #fff; font-family: Arial, sans-serif; font-size: 14px; font-weight: bold; overflow: hidden; padding: 10px 5px; text-align: center; vertical-align: middle; word-break: normal; border: 1px solid black;\">Caudal<\/td>\n<td style=\"background-color: #dad6d5; font-family: Arial, sans-serif; font-size: 14px; overflow: hidden; padding: 10px 5px; text-align: center; vertical-align: middle; word-break: normal; border: 1px solid black;\">1200\/1800\/2400\/3000LPM\u00a0\u00a0\u00a0(Choose one flow rate )<\/td>\n<\/tr>\n<tr>\n<td style=\"background-color: #073980; color: #fff; font-family: Arial, sans-serif; font-size: 14px; font-weight: bold; overflow: hidden; padding: 10px 5px; text-align: center; vertical-align: middle; word-break: normal; border: 1px solid black;\">Presi\u00f3n de trabajo<\/td>\n<td style=\"font-family: Arial, sans-serif; font-size: 14px; overflow: hidden; padding: 10px 5px; text-align: center; vertical-align: middle; word-break: normal; border: 1px solid black;\">8\u00a0\u00a0\u00a0Bar<\/td>\n<\/tr>\n<tr>\n<td style=\"background-color: #073980; color: #fff; font-family: Arial, sans-serif; font-size: 14px; font-weight: bold; overflow: hidden; padding: 10px 5px; text-align: center; vertical-align: middle; word-break: normal; border: 1px solid black;\">Max. Reach @ 8 bar<\/td>\n<td style=\"background-color: #dad6d5; font-family: Arial, sans-serif; font-size: 14px; overflow: hidden; padding: 10px 5px; text-align: center; vertical-align: middle; word-break: normal; border: 1px solid black;\">70\u00a0\u00a0\u00a0meters @ 3000 LPM<\/td>\n<\/tr>\n<tr>\n<td style=\"background-color: #073980; color: #fff; font-family: Arial, sans-serif; font-size: 14px; font-weight: bold; overflow: hidden; padding: 10px 5px; text-align: center; vertical-align: middle; word-break: normal; border: 1px solid black;\">Max. \u00c1ngulo de niebla<\/td>\n<td style=\"font-family: Arial, sans-serif; font-size: 14px; overflow: hidden; padding: 10px 5px; text-align: center; vertical-align: middle; word-break: normal; border: 1px solid black;\">120\u00b0<\/td>\n<\/tr>\n<tr>\n<td style=\"background-color: #073980; color: #fff; font-family: Arial, sans-serif; font-size: 14px; font-weight: bold; overflow: hidden; padding: 10px 5px; text-align: center; vertical-align: middle; word-break: normal; border: 1px solid black;\">Alcance m\u00e1ximo del monitor<\/td>\n<td style=\"background-color: #dad6d5; font-family: Arial, sans-serif; font-size: 14px; overflow: hidden; padding: 10px 5px; text-align: center; vertical-align: middle; word-break: normal; border: 1px solid black;\">De -15\u00b0 a +60\u00b0 en vertical, rotaci\u00f3n de 360<\/td>\n<\/tr>\n<tr>\n<td style=\"background-color: #073980; color: #fff; font-family: Arial, sans-serif; font-size: 14px; font-weight: bold; overflow: hidden; padding: 10px 5px; text-align: center; vertical-align: middle; word-break: normal; border: 1px solid black;\">Tama\u00f1o de la v\u00eda navegable<\/td>\n<td style=\"font-family: Arial, sans-serif; font-size: 14px; overflow: hidden; padding: 10px 5px; text-align: center; vertical-align: middle; word-break: normal; border: 1px solid black;\">65 mm (2,5\")<\/td>\n<\/tr>\n<tr>\n<td style=\"background-color: #073980; color: #fff; font-family: Arial, sans-serif; font-size: 14px; font-weight: bold; overflow: hidden; padding: 10px 5px; text-align: center; vertical-align: middle; word-break: normal; border: 1px solid black;\">Salida de monitor<\/td>\n<td style=\"background-color: #dad6d5; font-family: Arial, sans-serif; font-size: 14px; overflow: hidden; padding: 10px 5px; text-align: center; vertical-align: middle; word-break: normal; border: 1px solid black;\">Rosca macho NH de 2,5\" (65 mm)<\/td>\n<\/tr>\n<tr>\n<td style=\"background-color: #073980; color: #fff; font-family: Arial, sans-serif; font-size: 14px; font-weight: bold; overflow: hidden; padding: 10px 5px; text-align: center; vertical-align: middle; word-break: normal; border: 1px solid black;\">Entrada del monitor<\/td>\n<td style=\"font-family: Arial, sans-serif; font-size: 14px; overflow: hidden; padding: 10px 5px; text-align: center; vertical-align: middle; word-break: normal; border: 1px solid black;\">Brida 4\" BS4504 es est\u00e1ndar,otra brida est\u00e1ndar est\u00e1 disponible<\/td>\n<\/tr>\n<tr>\n<td style=\"background-color: #073980; color: #fff; font-family: Arial, sans-serif; font-size: 14px; font-weight: bold; overflow: hidden; padding: 10px 5px; text-align: center; vertical-align: middle; word-break: normal; border: 1px solid black;\">Material<\/td>\n<td style=\"background-color: #dad6d5; font-family: Arial, sans-serif; font-size: 14px; overflow: hidden; padding: 10px 5px; text-align: center; vertical-align: middle; word-break: normal; border: 1px solid black;\">SS304<\/td>\n<\/tr>\n<\/tbody>\n<\/table>\n<h2>Especificaciones<\/h2>\n<p>1. Size and flow rate:<br \/>\nThe common diameter range of this <a href=\"https:\/\/www.cnbaianfire.com\/category\/fire-monitor-system\/manual-fire-water-cannon\/\"><strong>Ca\u00f1\u00f3n de agua de disparo manual<\/strong><\/a> is 50\u2013100 mm, the rated flow rate is usually 16\u201364 L\/s, and the range can reach 40\u201370 meters (depending on the water pressure and nozzle design).<br \/>\n2. Material composition:<br \/>\nThe main body is made of SS304.<br \/>\n3. Structural design:<br \/>\nHandle control.<br \/>\nSpray mode: DC, mist.<br \/>\nHorizontal 360\u00b0 rotation.<br \/>\nVertical -15\u00b0 to +60\u00b0 lifting.<\/p>\n<h2>Aplicaciones<\/h2>\n<p>1.Highly corrosive industrial environment.<br \/>\n2.Food and pharmaceutical industry.<br \/>\n3.Extreme temperature and high pressure scenarios.<br \/>\n4.Data center, substation.<\/p>\n<h2>Principio de funcionamiento<\/h2>\n<p>1. High-pressure water enters the water cannon from the fire pump\/pipeline through the interface.<br \/>\n2. The operator opens and adjusts the valve to control the water flow.<br \/>\n3. The operator turns the pitch handwheel to adjust the up and down angle of the water jet as needed.<br \/>\n4. The operator turns the horizontal rotation handwheel (or push-pull handle) to adjust the left and right direction of the water jet.<br \/>\n5. The operator rotates the muzzle adjustment ring to select the direct current (long range, strong impact) or spray (large area coverage, strong cooling) spray form.<br \/>\n6. The water flows through the gun body flow channel and nozzle, and is sprayed to the fire target in the required form, flow, direction and range.<\/p>\n<h2>Caracter\u00edsticas<\/h2>\n<p>1.Simple and reliable structure: no complex electronic components or power sources, few points of failure.<br \/>\n2.Intuitive operation: personnel can master it after simple training.<br \/>\n3.Not affected by electricity: can still work reliably when power is off or electronic equipment fails.<br \/>\n4.Low cost: lower purchase and maintenance costs compared to electric or hydraulic water cannons.<br \/>\n5.Requires manpower: adjusting direction and flow rate depends entirely on the strength and skills of the operator, especially at high pressure and high flow rate, which may require greater operating force.<\/p>\n<h2>Brida est\u00e1ndar<\/h2>\n<p>BS4504, ANSI150, GB, etc.<\/p>\n<h2>Presi\u00f3n de trabajo<\/h2>\n<p>Normal range: 0.8\u20131.2 MPa (about 8\u201312 bar), maximum pressure resistance can reach 1.6 MPa (16 bar).<\/p>\n<p><img loading=\"lazy\" decoding=\"async\" class=\"size-full wp-image-12496 aligncenter\" data-src=\"https:\/\/www.cnbaianfire.com\/wp-content\/uploads\/2025\/06\/Stainless-Steel-Manual-Fire-Water-Cannon-1.webp\" alt=\"Ca\u00f1\u00f3n manual de agua contra incendios de acero inoxidable\" width=\"800\" height=\"800\" srcset=\"https:\/\/www.cnbaianfire.com\/wp-content\/uploads\/2025\/06\/Stainless-Steel-Manual-Fire-Water-Cannon-1.webp 800w, https:\/\/www.cnbaianfire.com\/wp-content\/uploads\/2025\/06\/Stainless-Steel-Manual-Fire-Water-Cannon-1-480x480.webp 480w\" sizes=\"(min-width: 0px) and (max-width: 480px) 480px, (min-width: 481px) 800px, 100vw\" \/><\/p>","protected":false},"excerpt":{"rendered":"<p>Stainless Steel Manual Fire Water Cannon PS8\/20-50-W-H\uff081200-3000LPM\uff09 Technical\u00a0\u00a0\u00a0Parameter Model\u00a0\u00a0\u00a0Number PS8\/20-50-W-H\uff09 Flow Rate 1200\/1800\/2400\/3000LPM\u00a0\u00a0\u00a0(Choose one flow rate ) Working Pressure 8\u00a0\u00a0\u00a0Bar Max. Reach @ 8 bar 70\u00a0\u00a0\u00a0meters @ 3000 LPM Max. Fog Angle 120\u00b0 Max Range Of Monitor -15\u00b0\u00a0\u00a0\u00a0to +60\u00b0 Vertically, 360\u00b0 Rotation Waterway Size 2.5\u201d(65mm) Monitor Outlet 2.5\u201d\u00a0\u00a0\u00a0(65mm) NH male thread Monitor Inlet Flange\u00a0\u00a0\u00a04\u201d BS4504 [&hellip;]<\/p>","protected":false},"featured_media":12494,"template":"","meta":{"_et_pb_use_builder":"","_et_pb_old_content":"","_et_gb_content_width":""},"product_cat":[204,203],"product_tag":[],"yoast_head":"<!-- This site is optimized with the Yoast SEO plugin v22.7 - https:\/\/yoast.com\/wordpress\/plugins\/seo\/ -->\n<title>China wholesales Stainless Steel Manual Fire Water Cannon supplier - BAIAN FIRE PROTECTION EQUIPMENT<\/title>\n<meta name=\"description\" content=\"Professional Stainless Steel Manual Fire Water Cannon manufacturer - Baian. We offers reliable, certified fire fighting equipment backed by technical support and global experience.\" \/>\n<meta name=\"robots\" content=\"index, follow, max-snippet:-1, max-image-preview:large, max-video-preview:-1\" \/>\n<link rel=\"canonical\" href=\"https:\/\/www.cnbaianfire.com\/es\/producto\/stainless-steel-manual-fire-water-cannon\/\" \/>\n<meta property=\"og:locale\" content=\"es_ES\" \/>\n<meta property=\"og:type\" content=\"article\" \/>\n<meta property=\"og:title\" content=\"China wholesales Stainless Steel Manual Fire Water Cannon supplier - BAIAN FIRE PROTECTION EQUIPMENT\" \/>\n<meta property=\"og:description\" content=\"Professional Stainless Steel Manual Fire Water Cannon manufacturer - Baian. We offers reliable, certified fire fighting equipment backed by technical support and global experience.\" \/>\n<meta property=\"og:url\" content=\"https:\/\/www.cnbaianfire.com\/es\/producto\/stainless-steel-manual-fire-water-cannon\/\" \/>\n<meta property=\"og:site_name\" content=\"BAIAN FIRE PROTECTION EQUIPMENT\" \/>\n<meta property=\"article:publisher\" content=\"https:\/\/www.facebook.com\/BaianFirefightingEquipment\" \/>\n<meta property=\"article:modified_time\" content=\"2025-06-06T01:08:21+00:00\" \/>\n<meta property=\"og:image\" content=\"https:\/\/www.cnbaianfire.com\/wp-content\/uploads\/2025\/06\/Stainless-Steel-Manual-Fire-Water-Cannon.webp\" \/>\n\t<meta property=\"og:image:width\" content=\"800\" \/>\n\t<meta property=\"og:image:height\" content=\"800\" \/>\n\t<meta property=\"og:image:type\" content=\"image\/webp\" \/>\n<meta name=\"twitter:card\" content=\"summary_large_image\" \/>\n<meta name=\"twitter:label1\" content=\"Tiempo de lectura\" \/>\n\t<meta name=\"twitter:data1\" content=\"3 minutos\" \/>\n<script type=\"application\/ld+json\" class=\"yoast-schema-graph\">{\"@context\":\"https:\/\/schema.org\",\"@graph\":[{\"@type\":\"WebPage\",\"@id\":\"https:\/\/www.cnbaianfire.com\/product\/stainless-steel-manual-fire-water-cannon\/\",\"url\":\"https:\/\/www.cnbaianfire.com\/product\/stainless-steel-manual-fire-water-cannon\/\",\"name\":\"China wholesales Stainless Steel Manual Fire Water Cannon supplier - BAIAN FIRE PROTECTION EQUIPMENT\",\"isPartOf\":{\"@id\":\"https:\/\/www.cnbaianfire.com\/#website\"},\"primaryImageOfPage\":{\"@id\":\"https:\/\/www.cnbaianfire.com\/product\/stainless-steel-manual-fire-water-cannon\/#primaryimage\"},\"image\":{\"@id\":\"https:\/\/www.cnbaianfire.com\/product\/stainless-steel-manual-fire-water-cannon\/#primaryimage\"},\"thumbnailUrl\":\"https:\/\/www.cnbaianfire.com\/wp-content\/uploads\/2025\/06\/Stainless-Steel-Manual-Fire-Water-Cannon.webp\",\"datePublished\":\"2025-06-05T07:32:06+00:00\",\"dateModified\":\"2025-06-06T01:08:21+00:00\",\"description\":\"Professional Stainless Steel Manual Fire Water Cannon manufacturer - Baian. We offers reliable, certified fire fighting equipment backed by technical support and global experience.\",\"breadcrumb\":{\"@id\":\"https:\/\/www.cnbaianfire.com\/product\/stainless-steel-manual-fire-water-cannon\/#breadcrumb\"},\"inLanguage\":\"es\",\"potentialAction\":[{\"@type\":\"ReadAction\",\"target\":[\"https:\/\/www.cnbaianfire.com\/product\/stainless-steel-manual-fire-water-cannon\/\"]}]},{\"@type\":\"ImageObject\",\"inLanguage\":\"es\",\"@id\":\"https:\/\/www.cnbaianfire.com\/product\/stainless-steel-manual-fire-water-cannon\/#primaryimage\",\"url\":\"https:\/\/www.cnbaianfire.com\/wp-content\/uploads\/2025\/06\/Stainless-Steel-Manual-Fire-Water-Cannon.webp\",\"contentUrl\":\"https:\/\/www.cnbaianfire.com\/wp-content\/uploads\/2025\/06\/Stainless-Steel-Manual-Fire-Water-Cannon.webp\",\"width\":800,\"height\":800,\"caption\":\"Stainless Steel Manual Fire Water Cannon\"},{\"@type\":\"BreadcrumbList\",\"@id\":\"https:\/\/www.cnbaianfire.com\/product\/stainless-steel-manual-fire-water-cannon\/#breadcrumb\",\"itemListElement\":[{\"@type\":\"ListItem\",\"position\":1,\"name\":\"Home\",\"item\":\"https:\/\/www.cnbaianfire.com\/\"},{\"@type\":\"ListItem\",\"position\":2,\"name\":\"Products\",\"item\":\"https:\/\/www.cnbaianfire.com\/shop\/\"},{\"@type\":\"ListItem\",\"position\":3,\"name\":\"Stainless Steel Manual Fire Water Cannon\"}]},{\"@type\":\"WebSite\",\"@id\":\"https:\/\/www.cnbaianfire.com\/#website\",\"url\":\"https:\/\/www.cnbaianfire.com\/\",\"name\":\"BAIAN FIRE PROTECTION EQUIPMENT\",\"description\":\"\",\"publisher\":{\"@id\":\"https:\/\/www.cnbaianfire.com\/#organization\"},\"potentialAction\":[{\"@type\":\"SearchAction\",\"target\":{\"@type\":\"EntryPoint\",\"urlTemplate\":\"https:\/\/www.cnbaianfire.com\/?s={search_term_string}\"},\"query-input\":\"required name=search_term_string\"}],\"inLanguage\":\"es\"},{\"@type\":\"Organization\",\"@id\":\"https:\/\/www.cnbaianfire.com\/#organization\",\"name\":\"Baian Group\",\"url\":\"https:\/\/www.cnbaianfire.com\/\",\"logo\":{\"@type\":\"ImageObject\",\"inLanguage\":\"es\",\"@id\":\"https:\/\/www.cnbaianfire.com\/#\/schema\/logo\/image\/\",\"url\":\"https:\/\/www.cnbaianfire.com\/wp-content\/uploads\/2025\/05\/baian-fire-ptotection-logo.webp\",\"contentUrl\":\"https:\/\/www.cnbaianfire.com\/wp-content\/uploads\/2025\/05\/baian-fire-ptotection-logo.webp\",\"width\":501,\"height\":494,\"caption\":\"Baian Group\"},\"image\":{\"@id\":\"https:\/\/www.cnbaianfire.com\/#\/schema\/logo\/image\/\"},\"sameAs\":[\"https:\/\/www.facebook.com\/BaianFirefightingEquipment\"]}]}<\/script>\n<!-- \/ Yoast SEO plugin. -->","yoast_head_json":{"title":"China wholesales Stainless Steel Manual Fire Water Cannon supplier - BAIAN FIRE PROTECTION EQUIPMENT","description":"Professional Stainless Steel Manual Fire Water Cannon manufacturer - Baian. We offers reliable, certified fire fighting equipment backed by technical support and global experience.","robots":{"index":"index","follow":"follow","max-snippet":"max-snippet:-1","max-image-preview":"max-image-preview:large","max-video-preview":"max-video-preview:-1"},"canonical":"https:\/\/www.cnbaianfire.com\/es\/producto\/stainless-steel-manual-fire-water-cannon\/","og_locale":"es_ES","og_type":"article","og_title":"China wholesales Stainless Steel Manual Fire Water Cannon supplier - BAIAN FIRE PROTECTION EQUIPMENT","og_description":"Professional Stainless Steel Manual Fire Water Cannon manufacturer - Baian. We offers reliable, certified fire fighting equipment backed by technical support and global experience.","og_url":"https:\/\/www.cnbaianfire.com\/es\/producto\/stainless-steel-manual-fire-water-cannon\/","og_site_name":"BAIAN FIRE PROTECTION EQUIPMENT","article_publisher":"https:\/\/www.facebook.com\/BaianFirefightingEquipment","article_modified_time":"2025-06-06T01:08:21+00:00","og_image":[{"width":800,"height":800,"url":"https:\/\/www.cnbaianfire.com\/wp-content\/uploads\/2025\/06\/Stainless-Steel-Manual-Fire-Water-Cannon.webp","type":"image\/webp"}],"twitter_card":"summary_large_image","twitter_misc":{"Tiempo de lectura":"3 minutos"},"schema":{"@context":"https:\/\/schema.org","@graph":[{"@type":"WebPage","@id":"https:\/\/www.cnbaianfire.com\/product\/stainless-steel-manual-fire-water-cannon\/","url":"https:\/\/www.cnbaianfire.com\/product\/stainless-steel-manual-fire-water-cannon\/","name":"China wholesales Stainless Steel Manual Fire Water Cannon supplier - BAIAN FIRE PROTECTION EQUIPMENT","isPartOf":{"@id":"https:\/\/www.cnbaianfire.com\/#website"},"primaryImageOfPage":{"@id":"https:\/\/www.cnbaianfire.com\/product\/stainless-steel-manual-fire-water-cannon\/#primaryimage"},"image":{"@id":"https:\/\/www.cnbaianfire.com\/product\/stainless-steel-manual-fire-water-cannon\/#primaryimage"},"thumbnailUrl":"https:\/\/www.cnbaianfire.com\/wp-content\/uploads\/2025\/06\/Stainless-Steel-Manual-Fire-Water-Cannon.webp","datePublished":"2025-06-05T07:32:06+00:00","dateModified":"2025-06-06T01:08:21+00:00","description":"Professional Stainless Steel Manual Fire Water Cannon manufacturer - Baian. We offers reliable, certified fire fighting equipment backed by technical support and global experience.","breadcrumb":{"@id":"https:\/\/www.cnbaianfire.com\/product\/stainless-steel-manual-fire-water-cannon\/#breadcrumb"},"inLanguage":"es","potentialAction":[{"@type":"ReadAction","target":["https:\/\/www.cnbaianfire.com\/product\/stainless-steel-manual-fire-water-cannon\/"]}]},{"@type":"ImageObject","inLanguage":"es","@id":"https:\/\/www.cnbaianfire.com\/product\/stainless-steel-manual-fire-water-cannon\/#primaryimage","url":"https:\/\/www.cnbaianfire.com\/wp-content\/uploads\/2025\/06\/Stainless-Steel-Manual-Fire-Water-Cannon.webp","contentUrl":"https:\/\/www.cnbaianfire.com\/wp-content\/uploads\/2025\/06\/Stainless-Steel-Manual-Fire-Water-Cannon.webp","width":800,"height":800,"caption":"Stainless Steel Manual Fire Water Cannon"},{"@type":"BreadcrumbList","@id":"https:\/\/www.cnbaianfire.com\/product\/stainless-steel-manual-fire-water-cannon\/#breadcrumb","itemListElement":[{"@type":"ListItem","position":1,"name":"Home","item":"https:\/\/www.cnbaianfire.com\/"},{"@type":"ListItem","position":2,"name":"Products","item":"https:\/\/www.cnbaianfire.com\/shop\/"},{"@type":"ListItem","position":3,"name":"Stainless Steel Manual Fire Water Cannon"}]},{"@type":"WebSite","@id":"https:\/\/www.cnbaianfire.com\/#website","url":"https:\/\/www.cnbaianfire.com\/","name":"BAIAN FIRE PROTECTION EQUIPMENT","description":"","publisher":{"@id":"https:\/\/www.cnbaianfire.com\/#organization"},"potentialAction":[{"@type":"SearchAction","target":{"@type":"EntryPoint","urlTemplate":"https:\/\/www.cnbaianfire.com\/?s={search_term_string}"},"query-input":"required name=search_term_string"}],"inLanguage":"es"},{"@type":"Organization","@id":"https:\/\/www.cnbaianfire.com\/#organization","name":"Baian Group","url":"https:\/\/www.cnbaianfire.com\/","logo":{"@type":"ImageObject","inLanguage":"es","@id":"https:\/\/www.cnbaianfire.com\/#\/schema\/logo\/image\/","url":"https:\/\/www.cnbaianfire.com\/wp-content\/uploads\/2025\/05\/baian-fire-ptotection-logo.webp","contentUrl":"https:\/\/www.cnbaianfire.com\/wp-content\/uploads\/2025\/05\/baian-fire-ptotection-logo.webp","width":501,"height":494,"caption":"Baian Group"},"image":{"@id":"https:\/\/www.cnbaianfire.com\/#\/schema\/logo\/image\/"},"sameAs":["https:\/\/www.facebook.com\/BaianFirefightingEquipment"]}]}},"_links":{"self":[{"href":"https:\/\/www.cnbaianfire.com\/es\/wp-json\/wp\/v2\/product\/12493"}],"collection":[{"href":"https:\/\/www.cnbaianfire.com\/es\/wp-json\/wp\/v2\/product"}],"about":[{"href":"https:\/\/www.cnbaianfire.com\/es\/wp-json\/wp\/v2\/types\/product"}],"wp:featuredmedia":[{"embeddable":true,"href":"https:\/\/www.cnbaianfire.com\/es\/wp-json\/wp\/v2\/media\/12494"}],"wp:attachment":[{"href":"https:\/\/www.cnbaianfire.com\/es\/wp-json\/wp\/v2\/media?parent=12493"}],"wp:term":[{"taxonomy":"product_cat","embeddable":true,"href":"https:\/\/www.cnbaianfire.com\/es\/wp-json\/wp\/v2\/product_cat?post=12493"},{"taxonomy":"product_tag","embeddable":true,"href":"https:\/\/www.cnbaianfire.com\/es\/wp-json\/wp\/v2\/product_tag?post=12493"}],"curies":[{"name":"wp","href":"https:\/\/api.w.org\/{rel}","templated":true}]}}