{"id":12120,"date":"2025-05-22T05:57:33","date_gmt":"2025-05-22T05:57:33","guid":{"rendered":"https:\/\/www.cnbaianfire.com\/?page_id=12120"},"modified":"2025-08-06T03:58:32","modified_gmt":"2025-08-06T03:58:32","slug":"projects","status":"publish","type":"page","link":"https:\/\/www.cnbaianfire.com\/es\/projects\/","title":{"rendered":"Proyectos"},"content":{"rendered":"[et_pb_section fb_built=&#8221;1&#8243; fullwidth=&#8221;on&#8221; _builder_version=&#8221;4.21.0&#8243; _module_preset=&#8221;default&#8221; global_colors_info=&#8221;{}&#8221;][et_pb_fullwidth_image src=&#8221;https:\/\/www.cnbaianfire.com\/wp-content\/uploads\/2025\/07\/cd.webp&#8221; alt=&#8221;Overseas Typical Project&#8221; title_text=&#8221;cd&#8221; _builder_version=&#8221;4.21.0&#8243; _module_preset=&#8221;default&#8221; global_colors_info=&#8221;{}&#8221;][\/et_pb_fullwidth_image][\/et_pb_section][et_pb_section fb_built=&#8221;1&#8243; _builder_version=&#8221;4.21.0&#8243; _module_preset=&#8221;default&#8221; background_enable_color=&#8221;off&#8221; custom_padding=&#8221;15px||0px||false|false&#8221; border_color_bottom=&#8221;#eeeeee&#8221; global_colors_info=&#8221;{}&#8221;][et_pb_row _builder_version=&#8221;4.21.0&#8243; _module_preset=&#8221;default&#8221; custom_padding=&#8221;0px||15px||false|false&#8221; border_width_bottom=&#8221;1px&#8221; border_color_bottom=&#8221;#eeeeee&#8221; global_colors_info=&#8221;{}&#8221;][et_pb_column type=&#8221;4_4&#8243; _builder_version=&#8221;4.21.0&#8243; _module_preset=&#8221;default&#8221; global_colors_info=&#8221;{}&#8221;][dipl_breadcrumb breadcrumb_layout=&#8221;layout2&#8243; separator_text=&#8221;\/&#8221; separator_size=&#8221;18px&#8221; separator_color=&#8221;#888888&#8243; _builder_version=&#8221;4.21.0&#8243; _module_preset=&#8221;default&#8221; global_text_settings_text_align=&#8221;left&#8221; global_text_settings_font_size=&#8221;18px&#8221; text_font=&#8221;||||||||&#8221; text_text_color=&#8221;#000000&#8243; link_text_color=&#8221;#000000&#8243; global_text_settings_font_size_tablet=&#8221;18px&#8221; global_text_settings_font_size_phone=&#8221;14px&#8221; global_text_settings_font_size_last_edited=&#8221;on|phone&#8221; global_colors_info=&#8221;{}&#8221;][\/dipl_breadcrumb][\/et_pb_column][\/et_pb_row][et_pb_row custom_padding_last_edited=&#8221;on|phone&#8221; module_id=&#8221;wu&#8221; _builder_version=&#8221;4.21.0&#8243; _module_preset=&#8221;default&#8221; custom_padding=&#8221;||||false|false&#8221; custom_padding_tablet=&#8221;||||false|false&#8221; custom_padding_phone=&#8221;||0px||false|false&#8221; global_colors_info=&#8221;{}&#8221;][et_pb_column type=&#8221;4_4&#8243; _builder_version=&#8221;4.21.0&#8243; _module_preset=&#8221;default&#8221; global_colors_info=&#8221;{}&#8221;][et_pb_text _builder_version=&#8221;4.21.0&#8243; _module_preset=&#8221;default&#8221; header_font=&#8221;|700|||||||&#8221; header_text_align=&#8221;center&#8221; header_text_color=&#8221;#000000&#8243; header_font_size=&#8221;32px&#8221; custom_margin=&#8221;||15px||false|false&#8221; custom_padding=&#8221;0px||||false|false&#8221; custom_padding_tablet=&#8221;0px||||false|false&#8221; custom_padding_phone=&#8221;0px||||false|false&#8221; custom_padding_last_edited=&#8221;on|tablet&#8221; hover_enabled=&#8221;0&#8243; header_font_size_tablet=&#8221;40px&#8221; header_font_size_phone=&#8221;18px&#8221; header_font_size_last_edited=&#8221;on|phone&#8221; global_colors_info=&#8221;{}&#8221; sticky_enabled=&#8221;0&#8243;]<h1>Proyectos de ingenier\u00eda de protecci\u00f3n contra incendios en el extranjero<\/h1>[\/et_pb_text][et_pb_text _builder_version=&#8221;4.21.0&#8243; _module_preset=&#8221;default&#8221; hover_enabled=&#8221;0&#8243; sticky_enabled=&#8221;0&#8243;]<p>A lo largo de los a\u00f1os, Baian ha trabajado con \u00e9xito con clientes de todo el mundo para completar una serie de proyectos de ingenier\u00eda de protecci\u00f3n contra incendios. Trabajamos en estrecha colaboraci\u00f3n con contratistas locales, consultores de ingenier\u00eda y organismos gubernamentales para proporcionar soluciones de protecci\u00f3n contra incendios conformes, eficientes y fiables basadas en las necesidades espec\u00edficas de cada proyecto. Nuestro alcance de suministro incluye <span><a href=\"https:\/\/www.cnbaianfire.com\/category\/fire-hose\/\"><u>mangueras contra incendios<\/u><\/a><\/span>, <span><a href=\"https:\/\/www.cnbaianfire.com\/category\/fire-monitor-system\/\"><u>monitor de bocas de incendio<\/u><\/a><\/span>, <span><a href=\"https:\/\/www.cnbaianfire.com\/category\/foam-system\/\"><u>sistema de extinci\u00f3n de incendios por espuma<\/u><\/a><\/span>,\u00a0<span><a href=\"https:\/\/www.cnbaianfire.com\/category\/fire-fighting-valve\/\"><u>v\u00e1lvulas de protecci\u00f3n contra incendios<\/u><\/a><\/span>,\u00a0<span><a href=\"https:\/\/www.cnbaianfire.com\/category\/fire-fighting-valve\/connectors-and-flow-monitoring-equipment\/\"><u>sistema de control del caudal de agua<\/u><\/a><\/span>y ofrecemos asistencia t\u00e9cnica y asesoramiento in situ.<\/p>[\/et_pb_text][\/et_pb_column][\/et_pb_row][et_pb_row _builder_version=&#8221;4.21.0&#8243; _module_preset=&#8221;default&#8221; custom_margin=&#8221;0px||||false|false&#8221; custom_padding=&#8221;0px||||false|false&#8221; global_colors_info=&#8221;{}&#8221;][et_pb_column type=&#8221;4_4&#8243; _builder_version=&#8221;4.21.0&#8243; _module_preset=&#8221;default&#8221; global_colors_info=&#8221;{}&#8221;][dipl_image_card_carousel slider_loop=&#8221;on&#8221; show_arrow=&#8221;on&#8221; show_arrow_on_hover=&#8221;on&#8221; arrows_position=&#8221;outside&#8221; show_control_dot=&#8221;on&#8221; control_dot_style=&#8221;line&#8221; arrow_font_size=&#8221;26px&#8221; arrow_color=&#8221;#000000&#8243; cards_per_slide_tablet=&#8221;2&#8243; cards_per_slide_phone=&#8221;1&#8243; module_id=&#8221;projectSlider&#8221; _builder_version=&#8221;4.21.0&#8243; _module_preset=&#8221;default&#8221; title_level=&#8221;h2&#8243; title_font_size_tablet=&#8221;18px&#8221; title_font_size_phone=&#8221;16px&#8221; title_font_size_last_edited=&#8221;on|phone&#8221; global_colors_info=&#8221;{}&#8221;][dipl_image_card_carousel_item title=&#8221;VIETNAM-QMS TOWER&#8221; image=&#8221;https:\/\/www.cnbaianfire.com\/wp-content\/uploads\/2025\/05\/VIETNAM-QMS-TOWER.webp&#8221; image_alt=&#8221;VIETNAM-QMS TOWER&#8221; _builder_version=&#8221;4.21.0&#8243; _module_preset=&#8221;default&#8221; title_level=&#8221;h2&#8243; title_text_align=&#8221;center&#8221; title_font_size=&#8221;18px&#8221; title_line_height=&#8221;1.3em&#8221; title_font_size_tablet=&#8221;16px&#8221; title_font_size_phone=&#8221;14px&#8221; title_font_size_last_edited=&#8221;on|phone&#8221; global_colors_info=&#8221;{}&#8221;][\/dipl_image_card_carousel_item][dipl_image_card_carousel_item title=&#8221;VIETNAM -QMS STARTUP&#8221; image=&#8221;https:\/\/www.cnbaianfire.com\/wp-content\/uploads\/2025\/05\/VIETNAM-QMS-STARTUP.webp&#8221; image_alt=&#8221;VIETNAM -QMS STARTUP&#8221; _builder_version=&#8221;4.21.0&#8243; _module_preset=&#8221;default&#8221; title_level=&#8221;h2&#8243; title_text_align=&#8221;center&#8221; title_font_size=&#8221;18px&#8221; title_line_height=&#8221;1.3em&#8221; title_font_size_tablet=&#8221;16px&#8221; title_font_size_phone=&#8221;14px&#8221; title_font_size_last_edited=&#8221;on|phone&#8221; global_colors_info=&#8221;{}&#8221;][\/dipl_image_card_carousel_item][dipl_image_card_carousel_item title=&#8221;THAILAND-UNITCABINET&#8221; image=&#8221;https:\/\/www.cnbaianfire.com\/wp-content\/uploads\/2025\/05\/THAILAND-UNITCABINET.webp&#8221; image_alt=&#8221;THAILAND-UNITCABINET&#8221; _builder_version=&#8221;4.21.0&#8243; _module_preset=&#8221;default&#8221; title_level=&#8221;h2&#8243; title_text_align=&#8221;center&#8221; title_font_size=&#8221;18px&#8221; title_line_height=&#8221;1.3em&#8221; title_font_size_tablet=&#8221;16px&#8221; title_font_size_phone=&#8221;14px&#8221; title_font_size_last_edited=&#8221;on|phone&#8221; global_colors_info=&#8221;{}&#8221;][\/dipl_image_card_carousel_item][dipl_image_card_carousel_item title=&#8221;THAILAND -EOPTOLINK TECHNOLOGY INC&#8221; image=&#8221;https:\/\/www.cnbaianfire.com\/wp-content\/uploads\/2025\/05\/THAILAND-EOPTOLINK-TECHNOLOGY-INC.webp&#8221; image_alt=&#8221;THAILAND -EOPTOLINK TECHNOLOGY INC&#8221; _builder_version=&#8221;4.21.0&#8243; _module_preset=&#8221;default&#8221; title_level=&#8221;h2&#8243; title_text_align=&#8221;center&#8221; title_font_size=&#8221;18px&#8221; title_line_height=&#8221;1.3em&#8221; title_font_size_tablet=&#8221;16px&#8221; title_font_size_phone=&#8221;14px&#8221; title_font_size_last_edited=&#8221;on|phone&#8221; global_colors_info=&#8221;{}&#8221;][\/dipl_image_card_carousel_item][dipl_image_card_carousel_item title=&#8221;THAILAND -WANGZI INDUSTRIAL&#8221; image=&#8221;https:\/\/www.cnbaianfire.com\/wp-content\/uploads\/2025\/05\/THAILAND-WANGZI-INDUSTRIAL.webp&#8221; image_alt=&#8221;THAILAND -WANGZI INDUSTRIAL&#8221; _builder_version=&#8221;4.21.0&#8243; _module_preset=&#8221;default&#8221; title_level=&#8221;h2&#8243; title_text_align=&#8221;center&#8221; title_font_size=&#8221;18px&#8221; title_line_height=&#8221;1.3em&#8221; title_font_size_tablet=&#8221;16px&#8221; title_font_size_phone=&#8221;14px&#8221; title_font_size_last_edited=&#8221;on|phone&#8221; global_colors_info=&#8221;{}&#8221;][\/dipl_image_card_carousel_item][dipl_image_card_carousel_item title=&#8221;THAILAND -WEIMA AGRICULTURE PROJECT&#8221; image=&#8221;https:\/\/www.cnbaianfire.com\/wp-content\/uploads\/2025\/05\/THAILAND-WEIMA-AGRICULTURE-PROJECT.webp&#8221; image_alt=&#8221;THAILAND -WEIMA AGRICULTURE PROJECT&#8221; _builder_version=&#8221;4.21.0&#8243; _module_preset=&#8221;default&#8221; title_level=&#8221;h2&#8243; title_text_align=&#8221;center&#8221; title_font_size=&#8221;18px&#8221; title_line_height=&#8221;1.3em&#8221; title_font_size_tablet=&#8221;16px&#8221; title_font_size_phone=&#8221;14px&#8221; title_font_size_last_edited=&#8221;on|phone&#8221; global_colors_info=&#8221;{}&#8221;][\/dipl_image_card_carousel_item][dipl_image_card_carousel_item title=&#8221;LAO- AIR FORCE HEADQUARTERS BUILDING&#8221; image=&#8221;https:\/\/www.cnbaianfire.com\/wp-content\/uploads\/2025\/05\/LAO-AIR-FORCE-HEADQUARTERS-BUILDING.webp&#8221; image_alt=&#8221;LAO- AIR FORCE HEADQUARTERS BUILDING&#8221; _builder_version=&#8221;4.21.0&#8243; _module_preset=&#8221;default&#8221; title_level=&#8221;h2&#8243; title_text_align=&#8221;center&#8221; title_font_size=&#8221;18px&#8221; title_line_height=&#8221;1.3em&#8221; title_font_size_tablet=&#8221;16px&#8221; title_font_size_phone=&#8221;14px&#8221; title_font_size_last_edited=&#8221;on|phone&#8221; global_colors_info=&#8221;{}&#8221;][\/dipl_image_card_carousel_item][\/dipl_image_card_carousel][\/et_pb_column][\/et_pb_row][\/et_pb_section]","protected":false},"excerpt":{"rendered":"<p><div class=\"et_pb_module dipl_breadcrumb dipl_breadcrumb_0\">\n\t\t\t\t\n\t\t\t\t\n\t\t\t\t\n\t\t\t\t\n\t\t\t\t\n\t\t\t\t\n\t\t\t\t<div class=\"et_pb_module_inner\">\n\t\t\t\t\t<div class=\"dipl-breadcrumb-wrapper layout2\">\n\t\t\t\t\t\t\t\t<ol class=\"dipl-breadcrumb-inner\" vocab=\"https:\/\/schema.org\/\" typeof=\"BreadcrumbList\">\n\t\t\t\t\t\t\t\t\t<li property=\"itemListElement\" typeof=\"ListItem\" data-icon=\"&#x24;\">\n\t\t\t\t\t\t\t\t\t\t\t\t\t    <a class=\"breadcrumb-item dipl-home-page\" href=\"https:\/\/www.cnbaianfire.com\/es\" property=\"item\" typeof=\"WebPage\" >\n\t\t\t\t\t\t\t\t\t\t\t\t\t      \t<span class=\"breadcrumb-page\" property=\"name\">Inicio<\/span>\n\t\t\t\t\t\t\t\t\t\t\t\t\t    <\/a>\n\t\t\t\t\t\t\t\t\t\t\t\t\t    <meta property=\"position\" content=\"1\" \/>\n\t\t\t\t\t\t\t\t\t\t\t\t\t<\/li>\n\t\t\t\t\t\t\t\t<\/ol>\n\t\t\t\t\t\t\t<\/div>\n\t\t\t\t<\/div>\n\t\t\t<\/div>Overseas Fire Protection Engineering ProjectsOver the years, Baian has successfully worked with customers around the world to complete a series of fire protection engineering projects. We work closely with local contractors, engineering consultants and government agencies to provide compliant, efficient [&hellip;]<\/p>","protected":false},"author":1,"featured_media":12231,"parent":0,"menu_order":0,"comment_status":"closed","ping_status":"closed","template":"","meta":{"_et_pb_use_builder":"on","_et_pb_old_content":"<!-- wp:divi\/placeholder \/-->","_et_gb_content_width":"","footnotes":""},"yoast_head":"<!-- This site is optimized with the Yoast SEO plugin v22.7 - https:\/\/yoast.com\/wordpress\/plugins\/seo\/ -->\n<title>Overseas Fire Protection Projects | Baian Fire<\/title>\n<meta name=\"description\" content=\"Baian delivers global fire protection projects, supplying hoses, valves, foam systems, and monitoring solutions with expert support and on-site guidance.\" \/>\n<meta name=\"robots\" content=\"index, follow, max-snippet:-1, max-image-preview:large, max-video-preview:-1\" \/>\n<link rel=\"canonical\" href=\"https:\/\/www.cnbaianfire.com\/es\/projects\/\" \/>\n<meta property=\"og:locale\" content=\"es_ES\" \/>\n<meta property=\"og:type\" content=\"article\" \/>\n<meta property=\"og:title\" content=\"Overseas Fire Protection Projects | Baian Fire\" \/>\n<meta property=\"og:description\" content=\"Baian delivers global fire protection projects, supplying hoses, valves, foam systems, and monitoring solutions with expert support and on-site guidance.\" \/>\n<meta property=\"og:url\" content=\"https:\/\/www.cnbaianfire.com\/es\/projects\/\" \/>\n<meta property=\"og:site_name\" content=\"BAIAN FIRE PROTECTION EQUIPMENT\" \/>\n<meta property=\"article:publisher\" content=\"https:\/\/www.facebook.com\/BaianFirefightingEquipment\" \/>\n<meta property=\"article:modified_time\" content=\"2025-08-06T03:58:32+00:00\" \/>\n<meta property=\"og:image\" content=\"https:\/\/www.cnbaianfire.com\/wp-content\/uploads\/2025\/05\/VIETNAM-QMS-STARTUP.webp\" \/>\n\t<meta property=\"og:image:width\" content=\"800\" \/>\n\t<meta property=\"og:image:height\" content=\"600\" \/>\n\t<meta property=\"og:image:type\" content=\"image\/webp\" \/>\n<meta name=\"twitter:card\" content=\"summary_large_image\" \/>\n<meta name=\"twitter:label1\" content=\"Tiempo de lectura\" \/>\n\t<meta name=\"twitter:data1\" content=\"3 minutos\" \/>\n<script type=\"application\/ld+json\" class=\"yoast-schema-graph\">{\"@context\":\"https:\/\/schema.org\",\"@graph\":[{\"@type\":\"WebPage\",\"@id\":\"https:\/\/www.cnbaianfire.com\/projects\/\",\"url\":\"https:\/\/www.cnbaianfire.com\/projects\/\",\"name\":\"Overseas Fire Protection Projects | Baian Fire\",\"isPartOf\":{\"@id\":\"https:\/\/www.cnbaianfire.com\/#website\"},\"primaryImageOfPage\":{\"@id\":\"https:\/\/www.cnbaianfire.com\/projects\/#primaryimage\"},\"image\":{\"@id\":\"https:\/\/www.cnbaianfire.com\/projects\/#primaryimage\"},\"thumbnailUrl\":\"https:\/\/www.cnbaianfire.com\/wp-content\/uploads\/2025\/05\/VIETNAM-QMS-STARTUP.webp\",\"datePublished\":\"2025-05-22T05:57:33+00:00\",\"dateModified\":\"2025-08-06T03:58:32+00:00\",\"description\":\"Baian delivers global fire protection projects, supplying hoses, valves, foam systems, and monitoring solutions with expert support and on-site guidance.\",\"breadcrumb\":{\"@id\":\"https:\/\/www.cnbaianfire.com\/projects\/#breadcrumb\"},\"inLanguage\":\"es\",\"potentialAction\":[{\"@type\":\"ReadAction\",\"target\":[\"https:\/\/www.cnbaianfire.com\/projects\/\"]}]},{\"@type\":\"ImageObject\",\"inLanguage\":\"es\",\"@id\":\"https:\/\/www.cnbaianfire.com\/projects\/#primaryimage\",\"url\":\"https:\/\/www.cnbaianfire.com\/wp-content\/uploads\/2025\/05\/VIETNAM-QMS-STARTUP.webp\",\"contentUrl\":\"https:\/\/www.cnbaianfire.com\/wp-content\/uploads\/2025\/05\/VIETNAM-QMS-STARTUP.webp\",\"width\":800,\"height\":600,\"caption\":\"VIETNAM -QMS STARTUP\"},{\"@type\":\"BreadcrumbList\",\"@id\":\"https:\/\/www.cnbaianfire.com\/projects\/#breadcrumb\",\"itemListElement\":[{\"@type\":\"ListItem\",\"position\":1,\"name\":\"Home\",\"item\":\"https:\/\/www.cnbaianfire.com\/\"},{\"@type\":\"ListItem\",\"position\":2,\"name\":\"Projects\"}]},{\"@type\":\"WebSite\",\"@id\":\"https:\/\/www.cnbaianfire.com\/#website\",\"url\":\"https:\/\/www.cnbaianfire.com\/\",\"name\":\"BAIAN FIRE PROTECTION EQUIPMENT\",\"description\":\"\",\"publisher\":{\"@id\":\"https:\/\/www.cnbaianfire.com\/#organization\"},\"potentialAction\":[{\"@type\":\"SearchAction\",\"target\":{\"@type\":\"EntryPoint\",\"urlTemplate\":\"https:\/\/www.cnbaianfire.com\/?s={search_term_string}\"},\"query-input\":\"required name=search_term_string\"}],\"inLanguage\":\"es\"},{\"@type\":\"Organization\",\"@id\":\"https:\/\/www.cnbaianfire.com\/#organization\",\"name\":\"Baian Group\",\"url\":\"https:\/\/www.cnbaianfire.com\/\",\"logo\":{\"@type\":\"ImageObject\",\"inLanguage\":\"es\",\"@id\":\"https:\/\/www.cnbaianfire.com\/#\/schema\/logo\/image\/\",\"url\":\"https:\/\/www.cnbaianfire.com\/wp-content\/uploads\/2025\/05\/baian-fire-ptotection-logo.webp\",\"contentUrl\":\"https:\/\/www.cnbaianfire.com\/wp-content\/uploads\/2025\/05\/baian-fire-ptotection-logo.webp\",\"width\":501,\"height\":494,\"caption\":\"Baian Group\"},\"image\":{\"@id\":\"https:\/\/www.cnbaianfire.com\/#\/schema\/logo\/image\/\"},\"sameAs\":[\"https:\/\/www.facebook.com\/BaianFirefightingEquipment\"]}]}<\/script>\n<!-- \/ Yoast SEO plugin. -->","yoast_head_json":{"title":"Overseas Fire Protection Projects | Baian Fire","description":"Baian delivers global fire protection projects, supplying hoses, valves, foam systems, and monitoring solutions with expert support and on-site guidance.","robots":{"index":"index","follow":"follow","max-snippet":"max-snippet:-1","max-image-preview":"max-image-preview:large","max-video-preview":"max-video-preview:-1"},"canonical":"https:\/\/www.cnbaianfire.com\/es\/projects\/","og_locale":"es_ES","og_type":"article","og_title":"Overseas Fire Protection Projects | Baian Fire","og_description":"Baian delivers global fire protection projects, supplying hoses, valves, foam systems, and monitoring solutions with expert support and on-site guidance.","og_url":"https:\/\/www.cnbaianfire.com\/es\/projects\/","og_site_name":"BAIAN FIRE PROTECTION EQUIPMENT","article_publisher":"https:\/\/www.facebook.com\/BaianFirefightingEquipment","article_modified_time":"2025-08-06T03:58:32+00:00","og_image":[{"width":800,"height":600,"url":"https:\/\/www.cnbaianfire.com\/wp-content\/uploads\/2025\/05\/VIETNAM-QMS-STARTUP.webp","type":"image\/webp"}],"twitter_card":"summary_large_image","twitter_misc":{"Tiempo de lectura":"3 minutos"},"schema":{"@context":"https:\/\/schema.org","@graph":[{"@type":"WebPage","@id":"https:\/\/www.cnbaianfire.com\/projects\/","url":"https:\/\/www.cnbaianfire.com\/projects\/","name":"Overseas Fire Protection Projects | Baian Fire","isPartOf":{"@id":"https:\/\/www.cnbaianfire.com\/#website"},"primaryImageOfPage":{"@id":"https:\/\/www.cnbaianfire.com\/projects\/#primaryimage"},"image":{"@id":"https:\/\/www.cnbaianfire.com\/projects\/#primaryimage"},"thumbnailUrl":"https:\/\/www.cnbaianfire.com\/wp-content\/uploads\/2025\/05\/VIETNAM-QMS-STARTUP.webp","datePublished":"2025-05-22T05:57:33+00:00","dateModified":"2025-08-06T03:58:32+00:00","description":"Baian delivers global fire protection projects, supplying hoses, valves, foam systems, and monitoring solutions with expert support and on-site guidance.","breadcrumb":{"@id":"https:\/\/www.cnbaianfire.com\/projects\/#breadcrumb"},"inLanguage":"es","potentialAction":[{"@type":"ReadAction","target":["https:\/\/www.cnbaianfire.com\/projects\/"]}]},{"@type":"ImageObject","inLanguage":"es","@id":"https:\/\/www.cnbaianfire.com\/projects\/#primaryimage","url":"https:\/\/www.cnbaianfire.com\/wp-content\/uploads\/2025\/05\/VIETNAM-QMS-STARTUP.webp","contentUrl":"https:\/\/www.cnbaianfire.com\/wp-content\/uploads\/2025\/05\/VIETNAM-QMS-STARTUP.webp","width":800,"height":600,"caption":"VIETNAM -QMS STARTUP"},{"@type":"BreadcrumbList","@id":"https:\/\/www.cnbaianfire.com\/projects\/#breadcrumb","itemListElement":[{"@type":"ListItem","position":1,"name":"Home","item":"https:\/\/www.cnbaianfire.com\/"},{"@type":"ListItem","position":2,"name":"Projects"}]},{"@type":"WebSite","@id":"https:\/\/www.cnbaianfire.com\/#website","url":"https:\/\/www.cnbaianfire.com\/","name":"BAIAN FIRE PROTECTION EQUIPMENT","description":"","publisher":{"@id":"https:\/\/www.cnbaianfire.com\/#organization"},"potentialAction":[{"@type":"SearchAction","target":{"@type":"EntryPoint","urlTemplate":"https:\/\/www.cnbaianfire.com\/?s={search_term_string}"},"query-input":"required name=search_term_string"}],"inLanguage":"es"},{"@type":"Organization","@id":"https:\/\/www.cnbaianfire.com\/#organization","name":"Baian Group","url":"https:\/\/www.cnbaianfire.com\/","logo":{"@type":"ImageObject","inLanguage":"es","@id":"https:\/\/www.cnbaianfire.com\/#\/schema\/logo\/image\/","url":"https:\/\/www.cnbaianfire.com\/wp-content\/uploads\/2025\/05\/baian-fire-ptotection-logo.webp","contentUrl":"https:\/\/www.cnbaianfire.com\/wp-content\/uploads\/2025\/05\/baian-fire-ptotection-logo.webp","width":501,"height":494,"caption":"Baian Group"},"image":{"@id":"https:\/\/www.cnbaianfire.com\/#\/schema\/logo\/image\/"},"sameAs":["https:\/\/www.facebook.com\/BaianFirefightingEquipment"]}]}},"_links":{"self":[{"href":"https:\/\/www.cnbaianfire.com\/es\/wp-json\/wp\/v2\/pages\/12120"}],"collection":[{"href":"https:\/\/www.cnbaianfire.com\/es\/wp-json\/wp\/v2\/pages"}],"about":[{"href":"https:\/\/www.cnbaianfire.com\/es\/wp-json\/wp\/v2\/types\/page"}],"author":[{"embeddable":true,"href":"https:\/\/www.cnbaianfire.com\/es\/wp-json\/wp\/v2\/users\/1"}],"replies":[{"embeddable":true,"href":"https:\/\/www.cnbaianfire.com\/es\/wp-json\/wp\/v2\/comments?post=12120"}],"version-history":[{"count":12,"href":"https:\/\/www.cnbaianfire.com\/es\/wp-json\/wp\/v2\/pages\/12120\/revisions"}],"predecessor-version":[{"id":13031,"href":"https:\/\/www.cnbaianfire.com\/es\/wp-json\/wp\/v2\/pages\/12120\/revisions\/13031"}],"wp:featuredmedia":[{"embeddable":true,"href":"https:\/\/www.cnbaianfire.com\/es\/wp-json\/wp\/v2\/media\/12231"}],"wp:attachment":[{"href":"https:\/\/www.cnbaianfire.com\/es\/wp-json\/wp\/v2\/media?parent=12120"}],"curies":[{"name":"wp","href":"https:\/\/api.w.org\/{rel}","templated":true}]}}