{"id":1622,"date":"2024-01-04T05:06:31","date_gmt":"2024-01-04T05:06:31","guid":{"rendered":"http:\/\/3.215.36.167\/?page_id=1622"},"modified":"2025-08-06T03:45:32","modified_gmt":"2025-08-06T03:45:32","slug":"products","status":"publish","type":"page","link":"http:\/\/www.cnbaianfire.com\/pt\/products\/","title":{"rendered":"Produtos"},"content":{"rendered":"[et_pb_section fb_built=&#8221;1&#8243; custom_padding_last_edited=&#8221;on|phone&#8221; _builder_version=&#8221;4.21.0&#8243; _module_preset=&#8221;default&#8221; background_enable_color=&#8221;off&#8221; custom_padding=&#8221;15px||0px||false|false&#8221; custom_padding_tablet=&#8221;35px||0px||false|false&#8221; custom_padding_phone=&#8221;0px||||false|false&#8221; border_color_bottom=&#8221;#eeeeee&#8221; global_colors_info=&#8221;{}&#8221;][et_pb_row _builder_version=&#8221;4.21.0&#8243; _module_preset=&#8221;default&#8221; custom_padding=&#8221;0px||15px||false|false&#8221; border_width_bottom=&#8221;1px&#8221; border_color_bottom=&#8221;#eeeeee&#8221; global_colors_info=&#8221;{}&#8221;][et_pb_column type=&#8221;4_4&#8243; _builder_version=&#8221;4.21.0&#8243; _module_preset=&#8221;default&#8221; global_colors_info=&#8221;{}&#8221;][dipl_breadcrumb breadcrumb_layout=&#8221;layout2&#8243; separator_text=&#8221;\/&#8221; separator_size=&#8221;18px&#8221; separator_color=&#8221;#888888&#8243; _builder_version=&#8221;4.21.0&#8243; _module_preset=&#8221;default&#8221; global_text_settings_text_align=&#8221;left&#8221; global_text_settings_font_size=&#8221;18px&#8221; text_font=&#8221;||||||||&#8221; text_text_color=&#8221;#000000&#8243; link_text_color=&#8221;#000000&#8243; global_text_settings_font_size_tablet=&#8221;18px&#8221; global_text_settings_font_size_phone=&#8221;14px&#8221; global_text_settings_font_size_last_edited=&#8221;on|phone&#8221; global_colors_info=&#8221;{}&#8221;][\/dipl_breadcrumb][\/et_pb_column][\/et_pb_row][\/et_pb_section][et_pb_section fb_built=&#8221;1&#8243; custom_padding_last_edited=&#8221;on|phone&#8221; _builder_version=&#8221;4.21.0&#8243; _module_preset=&#8221;default&#8221; custom_padding=&#8221;29px||29px||true|false&#8221; custom_padding_tablet=&#8221;25px||25px||true|false&#8221; custom_padding_phone=&#8221;0px||25px||false|false&#8221; global_colors_info=&#8221;{}&#8221;][et_pb_row column_structure=&#8221;1_4,3_4&#8243; use_custom_gutter=&#8221;on&#8221; custom_padding_last_edited=&#8221;on|phone&#8221; module_id=&#8221;row-flex&#8221; _builder_version=&#8221;4.21.0&#8243; _module_preset=&#8221;default&#8221; custom_padding=&#8221;0px||||false|false&#8221; custom_padding_tablet=&#8221;25px||||false|false&#8221; custom_padding_phone=&#8221;25px||||false|false&#8221; hover_enabled=&#8221;0&#8243; global_colors_info=&#8221;{}&#8221; sticky_enabled=&#8221;0&#8243;][et_pb_column type=&#8221;1_4&#8243; _builder_version=&#8221;4.21.0&#8243; _module_preset=&#8221;default&#8221; global_colors_info=&#8221;{}&#8221;][et_pb_sidebar area=&#8221;et_pb_widget_area_1&#8243; show_border=&#8221;off&#8221; disabled_on=&#8221;off|off|off&#8221; module_id=&#8221;pro-sidebar&#8221; _builder_version=&#8221;4.21.0&#8243; _module_preset=&#8221;default&#8221; body_font=&#8221;||||||||&#8221; body_text_color=&#8221;#000000&#8243; body_font_size=&#8221;16px&#8221; custom_margin=&#8221;||0px||false|false&#8221; global_colors_info=&#8221;{}&#8221;][\/et_pb_sidebar][\/et_pb_column][et_pb_column type=&#8221;3_4&#8243; _builder_version=&#8221;4.21.0&#8243; _module_preset=&#8221;default&#8221; global_colors_info=&#8221;{}&#8221;][et_pb_text _builder_version=&#8221;4.21.0&#8243; _module_preset=&#8221;default&#8221; header_font=&#8221;|700|||||||&#8221; header_text_align=&#8221;left&#8221; header_text_color=&#8221;#000000&#8243; header_font_size=&#8221;32px&#8221; custom_margin=&#8221;||15px||false|false&#8221; custom_padding=&#8221;||||false|false&#8221; custom_padding_tablet=&#8221;0px||||false|false&#8221; custom_padding_phone=&#8221;0px||||false|false&#8221; custom_padding_last_edited=&#8221;on|tablet&#8221; header_font_size_tablet=&#8221;40px&#8221; header_font_size_phone=&#8221;18px&#8221; header_font_size_last_edited=&#8221;on|phone&#8221; global_colors_info=&#8221;{}&#8221;]<h1><span>Produtos de prote\u00e7\u00e3o contra inc\u00eandios<\/span><\/h1>[\/et_pb_text][et_pb_text _builder_version=&#8221;4.21.0&#8243; _module_preset=&#8221;default&#8221; global_colors_info=&#8221;{}&#8221;]<p>\u00c0 procura de pessoas de confian\u00e7a<span><a href=\"https:\/\/www.cnbaianfire.com\/\">\u00a0equipamento de prote\u00e7\u00e3o contra inc\u00eandios<\/a><\/span>? Na Bai'an, combinamos qualidade certificada com engenharia pr\u00e1tica para o ajudar a construir sistemas mais seguros e mais eficientes - com menos problemas e mais apoio.<\/p>\n<p><span><a href=\"https:\/\/www.cnbaianfire.com\/contact-us\/\">Contactar-nos<\/a><\/span>\u00a0hoje para obter um or\u00e7amento personalizado ou aconselhamento t\u00e9cnico para o seu pr\u00f3ximo projeto. Vamos construir uma prote\u00e7\u00e3o contra inc\u00eandios que funcione em conjunto.<\/p>[\/et_pb_text][et_pb_shop show_pagination=&#8221;on&#8221; columns_number=&#8221;4&#8243; icon_hover_color=&#8221;#FFFFFF&#8221; hover_overlay_color=&#8221;rgba(0,0,0,0.42)&#8221; hover_icon=&#8221;&#x4c;||divi||400&#8243; show_price=&#8221;off&#8221; show_rating=&#8221;off&#8221; show_sale_badge=&#8221;off&#8221; module_id=&#8221;p-list&#8221; _builder_version=&#8221;4.21.0&#8243; _module_preset=&#8221;default&#8221; title_text_align=&#8221;center&#8221; title_font_size=&#8221;15px&#8221; title_line_height=&#8221;1.1em&#8221; global_colors_info=&#8221;{}&#8221;][\/et_pb_shop][et_pb_text module_id=&#8221;pdes&#8221; _builder_version=&#8221;4.21.0&#8243; _module_preset=&#8221;default&#8221; global_colors_info=&#8221;{}&#8221;]<h2><strong>Equipamento de combate a inc\u00eandios fi\u00e1vel - concebido para aplica\u00e7\u00f5es pr\u00e1ticas<\/strong><\/h2>\n<p>Na Baian, sabemos que cada segundo conta na seguran\u00e7a contra inc\u00eandios e que cada componente do equipamento de combate a inc\u00eandios \u00e9 fundamental. Desde bombeiros municipais a grandes projectos industriais, os nossos produtos s\u00e3o de confian\u00e7a em \u00e1reas onde a seguran\u00e7a n\u00e3o pode ser comprometida.<\/p>\n<p>Oferecemos uma gama completa de equipamentos essenciais, incluindo <span><a href=\"https:\/\/www.cnbaianfire.com\/category\/fire-hose\/\">mangueira de hidrante<\/a><\/span>, <span><a href=\"https:\/\/www.cnbaianfire.com\/category\/fire-monitor-system\/\">monitor de inc\u00eandio de espuma<\/a><\/span>, <span><a href=\"https:\/\/www.cnbaianfire.com\/category\/foam-system\/\">sistema de espuma de combate a inc\u00eandios<\/a><\/span>\u00a0e <span><a href=\"https:\/\/www.cnbaianfire.com\/category\/fire-fighting-valve\/\">v\u00e1lvula de boca de inc\u00eandio<\/a><\/span>- todos concebidos tendo em mente a durabilidade, a compatibilidade e a facilidade de utiliza\u00e7\u00e3o.<\/p>\n<h2><strong>V\u00e1lvulas de inc\u00eandio - controlo fi\u00e1vel do fluxo<\/strong><\/h2>\n<p>Desde a regula\u00e7\u00e3o da press\u00e3o at\u00e9 ao corte do fluxo, oferecemos uma gama de v\u00e1lvulas para garantir o funcionamento correto do seu sistema. Cada v\u00e1lvula \u00e9 fabricada segundo normas internacionais e testada para garantir um desempenho consistente.<\/p>\n<ul>\n<li><span><\/span><span><a href=\"https:\/\/www.cnbaianfire.com\/category\/fire-fighting-valve\/gate-valve\/\">V\u00e1lvula de porta de boca de inc\u00eandio<\/a><\/span>, <span><a href=\"https:\/\/www.cnbaianfire.com\/category\/fire-fighting-valve\/butterfly-valve\/\">v\u00e1lvula de borboleta de prote\u00e7\u00e3o contra inc\u00eandios<\/a><\/span>, <span><a href=\"https:\/\/www.cnbaianfire.com\/category\/fire-fighting-valve\/brass-valve\/\">V\u00e1lvula de lat\u00e3o<\/a><\/span>, <span><a href=\"https:\/\/www.cnbaianfire.com\/category\/fire-fighting-valve\/strainer-valve\/\">V\u00e1lvula de filtragem<\/a><\/span>,<span><a href=\"https:\/\/www.cnbaianfire.com\/category\/fire-fighting-valve\/pressure-relief-valve\/\">v\u00e1lvula de al\u00edvio da bomba de inc\u00eandio<\/a><\/span>,\u00a0<span><a href=\"https:\/\/www.cnbaianfire.com\/category\/fire-fighting-valve\/pressure-relief-valve\/\">v\u00e1lvula de al\u00edvio do corpo da bomba de inc\u00eandio<\/a><\/span><\/li>\n<li><span><\/span>V\u00e1rios tamanhos e op\u00e7\u00f5es de materiais<\/li>\n<li><span><\/span>F\u00e1cil de instalar e manter<\/li>\n<li><span><\/span>Em conformidade com as certifica\u00e7\u00f5es CCCF\/CE\/ISO<\/li>\n<\/ul>\n<h2><strong>Mangueiras de inc\u00eandio - dur\u00e1veis, flex\u00edveis, prontas a utilizar<\/strong><\/h2>\n<p>As nossas mangueiras de inc\u00eandio s\u00e3o concebidas para suportar condi\u00e7\u00f5es dif\u00edceis. S\u00e3o leves, resistentes e f\u00e1ceis de utilizar em situa\u00e7\u00f5es de emerg\u00eancia e em sistemas fixos de combate a inc\u00eandios.<\/p>\n<ul>\n<li><span><\/span>Dispon\u00edvel em modelos de revestimento simples e duplo<\/li>\n<li><span><\/span>Refor\u00e7ado para aplica\u00e7\u00f5es de alta press\u00e3o<\/li>\n<li><span><\/span>Dispon\u00edvel em acess\u00f3rios de alum\u00ednio, lat\u00e3o e a\u00e7o inoxid\u00e1vel<\/li>\n<li><span><\/span>Resistente ao desgaste, ao bolor e \u00e0s intemp\u00e9ries<\/li>\n<\/ul>\n<h2><strong>Sistemas de monitoriza\u00e7\u00e3o de inc\u00eandios - caudal elevado, cobertura total<\/strong><\/h2>\n<p>Os nossos monitores de inc\u00eandio s\u00e3o concebidos para aplica\u00e7\u00f5es que requerem uma grande cobertura e uma potente pulveriza\u00e7\u00e3o de \u00e1gua, tais como dep\u00f3sitos de combust\u00edvel, aeroportos e \u00e1reas de armazenamento de produtos qu\u00edmicos. Oferecemos modelos manuais e remotos com rota\u00e7\u00e3o suave e capacidades de eleva\u00e7\u00e3o.<\/p>\n<ul>\n<li><span><\/span>Caudais de 20 l\/s a mais de 80 l\/s<\/li>\n<li><span><\/span>Corpo robusto e duradouro para ambientes exteriores<\/li>\n<li><span><\/span>Dispon\u00edvel em modelos compat\u00edveis com \u00e1gua pura ou espuma<\/li>\n<li><span><\/span>Manuten\u00e7\u00e3o f\u00e1cil e funcionamento simples<\/li>\n<\/ul>\n<h2><strong>Sistemas de espuma - extin\u00e7\u00e3o eficaz de inc\u00eandios com l\u00edquidos<\/strong><\/h2>\n<p>Os sistemas de espuma s\u00e3o essenciais para locais onde os l\u00edquidos inflam\u00e1veis s\u00e3o armazenados ou processados. Oferecemos sistemas completos, incluindo doseadores, tanques, geradores e bocais para uma variedade de tipos de espuma.<\/p>\n<ul>\n<li><span><\/span>Suporta espuma aquosa formadora de pel\u00edcula (AFFF), espuma aquosa formadora de pel\u00edcula de carbono ativado (AR-AFFF) e espuma de prote\u00ednas<\/li>\n<li><span><\/span>Mistura precisa para uma utiliza\u00e7\u00e3o eficiente da espuma<\/li>\n<li><span><\/span>Design modular para uma f\u00e1cil integra\u00e7\u00e3o do sistema<\/li>\n<li><span><\/span>Adequado para refinarias, docas de carga e dep\u00f3sitos de combust\u00edvel<\/li>\n<\/ul>[\/et_pb_text][et_pb_code _builder_version=&#8221;4.21.0&#8243; _module_preset=&#8221;default&#8221; global_colors_info=&#8221;{}&#8221; theme_builder_area=&#8221;post_content&#8221;]    <div class=\"header_inquiry\" style=\"display: flex; align-items: center; justify-content: center; height: 64vh; background-color: #f1f4f6; width: 100%;\">\n        <div id=\"header_inquiry-form\" style=\"border:1px solid #bfbfbf; padding: 2em; padding-top:2.625em;width: 84%; background-color: #fff;\">\n\n            <div style=\"background-color: #013e5a; color: #fff; padding: 1em; border-radius: 5px; margin-bottom: 2em; text-align: center;\">\n                <p style=\"margin: 0; color: #fff;\">Deixe a sua mensagem<\/p>\n            <\/div>\n\n            <form id=\"header_inquiry-form-content\" action=\"#\" method=\"post\" style=\"color: #666;\" data-trp-original-action=\"#\">\n\n                <input type=\"text\" name=\"title\" id=\"name\" placeholder=\"*Nome...\" required style=\"width: 100%; padding: 1em; margin-bottom: 1em; box-sizing: border-box;\">\n                <input type=\"email\" name=\"email\" id=\"email\" placeholder=\"*E-mail (Responderemos por e-mail em 24 horas)\" required style=\"width: 100%; padding: 1em; margin-bottom: 1em; box-sizing: border-box;\">\n                <input type=\"text\" name=\"telephone\" id=\"phone\" placeholder=\"*Telefone\/WhatsApp\/WeChat (muito importante)\" required style=\"width: 100%; padding: 1em; margin-bottom: 1em; box-sizing: border-box;\">\n                <textarea name=\"message\" id=\"details\" rows=\"4\" placeholder=\"*Introduza os detalhes do cabe\u00e7alho, como o tamanho, a cor, os materiais, etc., e outros requisitos espec\u00edficos para receber um or\u00e7amento exato.\" style=\"width: 100%; padding: 1em; margin-bottom: 1em; box-sizing: border-box;\"><\/textarea>\n\n                <button type=\"submit\" style=\"background-color: #f28808; color: #fff; padding: 1em 1.5em; border: none; border-radius: 3px; cursor: pointer; width: 100%;\">Enviar<\/button>\n\n            <input type=\"hidden\" name=\"trp-form-language\" value=\"pt\"\/><\/form>\n\n        <\/div>\n    <\/div>\n    [\/et_pb_code][\/et_pb_column][\/et_pb_row][\/et_pb_section]","protected":false},"excerpt":{"rendered":"<p><div class=\"et_pb_module dipl_breadcrumb dipl_breadcrumb_0\">\n\t\t\t\t\n\t\t\t\t\n\t\t\t\t\n\t\t\t\t\n\t\t\t\t\n\t\t\t\t\n\t\t\t\t<div class=\"et_pb_module_inner\">\n\t\t\t\t\t<div class=\"dipl-breadcrumb-wrapper layout2\">\n\t\t\t\t\t\t\t\t<ol class=\"dipl-breadcrumb-inner\" vocab=\"https:\/\/schema.org\/\" typeof=\"BreadcrumbList\">\n\t\t\t\t\t\t\t\t\t<li property=\"itemListElement\" typeof=\"ListItem\" data-icon=\"&#x24;\">\n\t\t\t\t\t\t\t\t\t\t\t\t\t    <a class=\"breadcrumb-item dipl-home-page\" href=\"http:\/\/www.cnbaianfire.com\/pt\" property=\"item\" typeof=\"WebPage\" >\n\t\t\t\t\t\t\t\t\t\t\t\t\t      \t<span class=\"breadcrumb-page\" property=\"name\">In\u00edcio<\/span>\n\t\t\t\t\t\t\t\t\t\t\t\t\t    <\/a>\n\t\t\t\t\t\t\t\t\t\t\t\t\t    <meta property=\"position\" content=\"1\" \/>\n\t\t\t\t\t\t\t\t\t\t\t\t\t<\/li>\n\t\t\t\t\t\t\t\t<\/ol>\n\t\t\t\t\t\t\t<\/div>\n\t\t\t\t<\/div>\n\t\t\t<\/div>Fire Protection ProductsLooking for reliable\u00a0fire protection equipment? At Bai\u2019an, we combine certified quality with practical engineering to help you build safer, more efficient systems \u2014 with less hassle and more support. Contact us\u00a0today to get a customized quote or technical [&hellip;]<\/p>","protected":false},"author":1,"featured_media":12737,"parent":0,"menu_order":0,"comment_status":"closed","ping_status":"closed","template":"","meta":{"_et_pb_use_builder":"on","_et_pb_old_content":"","_et_gb_content_width":"","footnotes":""},"yoast_head":"<!-- This site is optimized with the Yoast SEO plugin v22.7 - https:\/\/yoast.com\/wordpress\/plugins\/seo\/ -->\n<title>Fire Fighting Equipment | Fire Safety Product Catalog<\/title>\n<meta name=\"description\" content=\"Explore our full range of certified fire fighting equipment and fire protection systems. Reliable fire safety products for industrial and commercial use.\" \/>\n<meta name=\"robots\" content=\"index, follow, max-snippet:-1, max-image-preview:large, max-video-preview:-1\" \/>\n<link rel=\"canonical\" href=\"http:\/\/www.cnbaianfire.com\/pt\/products\/\" \/>\n<meta property=\"og:locale\" content=\"pt_PT\" \/>\n<meta property=\"og:type\" content=\"article\" \/>\n<meta property=\"og:title\" content=\"Fire Fighting Equipment | Fire Safety Product Catalog\" \/>\n<meta property=\"og:description\" content=\"Explore our full range of certified fire fighting equipment and fire protection systems. Reliable fire safety products for industrial and commercial use.\" \/>\n<meta property=\"og:url\" content=\"http:\/\/www.cnbaianfire.com\/pt\/products\/\" \/>\n<meta property=\"og:site_name\" content=\"BAIAN FIRE PROTECTION EQUIPMENT\" \/>\n<meta property=\"article:publisher\" content=\"https:\/\/www.facebook.com\/BaianFirefightingEquipment\" \/>\n<meta property=\"article:modified_time\" content=\"2025-08-06T03:45:32+00:00\" \/>\n<meta property=\"og:image\" content=\"https:\/\/www.cnbaianfire.com\/wp-content\/uploads\/2025\/06\/Fire-Foam-System.webp\" \/>\n\t<meta property=\"og:image:width\" content=\"1024\" \/>\n\t<meta property=\"og:image:height\" content=\"768\" \/>\n\t<meta property=\"og:image:type\" content=\"image\/webp\" \/>\n<meta name=\"twitter:card\" content=\"summary_large_image\" \/>\n<meta name=\"twitter:label1\" content=\"Tempo estimado de leitura\" \/>\n\t<meta name=\"twitter:data1\" content=\"6 minutos\" \/>\n<script type=\"application\/ld+json\" class=\"yoast-schema-graph\">{\"@context\":\"https:\/\/schema.org\",\"@graph\":[{\"@type\":\"WebPage\",\"@id\":\"https:\/\/www.cnbaianfire.com\/products\/\",\"url\":\"https:\/\/www.cnbaianfire.com\/products\/\",\"name\":\"Fire Fighting Equipment | Fire Safety Product Catalog\",\"isPartOf\":{\"@id\":\"https:\/\/www.cnbaianfire.com\/#website\"},\"primaryImageOfPage\":{\"@id\":\"https:\/\/www.cnbaianfire.com\/products\/#primaryimage\"},\"image\":{\"@id\":\"https:\/\/www.cnbaianfire.com\/products\/#primaryimage\"},\"thumbnailUrl\":\"https:\/\/www.cnbaianfire.com\/wp-content\/uploads\/2025\/06\/Fire-Foam-System.webp\",\"datePublished\":\"2024-01-04T05:06:31+00:00\",\"dateModified\":\"2025-08-06T03:45:32+00:00\",\"description\":\"Explore our full range of certified fire fighting equipment and fire protection systems. Reliable fire safety products for industrial and commercial use.\",\"breadcrumb\":{\"@id\":\"https:\/\/www.cnbaianfire.com\/products\/#breadcrumb\"},\"inLanguage\":\"pt-PT\",\"potentialAction\":[{\"@type\":\"ReadAction\",\"target\":[\"https:\/\/www.cnbaianfire.com\/products\/\"]}]},{\"@type\":\"ImageObject\",\"inLanguage\":\"pt-PT\",\"@id\":\"https:\/\/www.cnbaianfire.com\/products\/#primaryimage\",\"url\":\"https:\/\/www.cnbaianfire.com\/wp-content\/uploads\/2025\/06\/Fire-Foam-System.webp\",\"contentUrl\":\"https:\/\/www.cnbaianfire.com\/wp-content\/uploads\/2025\/06\/Fire-Foam-System.webp\",\"width\":1024,\"height\":768,\"caption\":\"Fire Foam System\"},{\"@type\":\"BreadcrumbList\",\"@id\":\"https:\/\/www.cnbaianfire.com\/products\/#breadcrumb\",\"itemListElement\":[{\"@type\":\"ListItem\",\"position\":1,\"name\":\"Home\",\"item\":\"https:\/\/www.cnbaianfire.com\/\"},{\"@type\":\"ListItem\",\"position\":2,\"name\":\"Products\"}]},{\"@type\":\"WebSite\",\"@id\":\"https:\/\/www.cnbaianfire.com\/#website\",\"url\":\"https:\/\/www.cnbaianfire.com\/\",\"name\":\"BAIAN FIRE PROTECTION EQUIPMENT\",\"description\":\"\",\"publisher\":{\"@id\":\"https:\/\/www.cnbaianfire.com\/#organization\"},\"potentialAction\":[{\"@type\":\"SearchAction\",\"target\":{\"@type\":\"EntryPoint\",\"urlTemplate\":\"https:\/\/www.cnbaianfire.com\/?s={search_term_string}\"},\"query-input\":\"required name=search_term_string\"}],\"inLanguage\":\"pt-PT\"},{\"@type\":\"Organization\",\"@id\":\"https:\/\/www.cnbaianfire.com\/#organization\",\"name\":\"Baian Group\",\"url\":\"https:\/\/www.cnbaianfire.com\/\",\"logo\":{\"@type\":\"ImageObject\",\"inLanguage\":\"pt-PT\",\"@id\":\"https:\/\/www.cnbaianfire.com\/#\/schema\/logo\/image\/\",\"url\":\"https:\/\/www.cnbaianfire.com\/wp-content\/uploads\/2025\/05\/baian-fire-ptotection-logo.webp\",\"contentUrl\":\"https:\/\/www.cnbaianfire.com\/wp-content\/uploads\/2025\/05\/baian-fire-ptotection-logo.webp\",\"width\":501,\"height\":494,\"caption\":\"Baian Group\"},\"image\":{\"@id\":\"https:\/\/www.cnbaianfire.com\/#\/schema\/logo\/image\/\"},\"sameAs\":[\"https:\/\/www.facebook.com\/BaianFirefightingEquipment\"]}]}<\/script>\n<!-- \/ Yoast SEO plugin. -->","yoast_head_json":{"title":"Fire Fighting Equipment | Fire Safety Product Catalog","description":"Explore our full range of certified fire fighting equipment and fire protection systems. Reliable fire safety products for industrial and commercial use.","robots":{"index":"index","follow":"follow","max-snippet":"max-snippet:-1","max-image-preview":"max-image-preview:large","max-video-preview":"max-video-preview:-1"},"canonical":"http:\/\/www.cnbaianfire.com\/pt\/products\/","og_locale":"pt_PT","og_type":"article","og_title":"Fire Fighting Equipment | Fire Safety Product Catalog","og_description":"Explore our full range of certified fire fighting equipment and fire protection systems. Reliable fire safety products for industrial and commercial use.","og_url":"http:\/\/www.cnbaianfire.com\/pt\/products\/","og_site_name":"BAIAN FIRE PROTECTION EQUIPMENT","article_publisher":"https:\/\/www.facebook.com\/BaianFirefightingEquipment","article_modified_time":"2025-08-06T03:45:32+00:00","og_image":[{"width":1024,"height":768,"url":"https:\/\/www.cnbaianfire.com\/wp-content\/uploads\/2025\/06\/Fire-Foam-System.webp","type":"image\/webp"}],"twitter_card":"summary_large_image","twitter_misc":{"Tempo estimado de leitura":"6 minutos"},"schema":{"@context":"https:\/\/schema.org","@graph":[{"@type":"WebPage","@id":"https:\/\/www.cnbaianfire.com\/products\/","url":"https:\/\/www.cnbaianfire.com\/products\/","name":"Fire Fighting Equipment | Fire Safety Product Catalog","isPartOf":{"@id":"https:\/\/www.cnbaianfire.com\/#website"},"primaryImageOfPage":{"@id":"https:\/\/www.cnbaianfire.com\/products\/#primaryimage"},"image":{"@id":"https:\/\/www.cnbaianfire.com\/products\/#primaryimage"},"thumbnailUrl":"https:\/\/www.cnbaianfire.com\/wp-content\/uploads\/2025\/06\/Fire-Foam-System.webp","datePublished":"2024-01-04T05:06:31+00:00","dateModified":"2025-08-06T03:45:32+00:00","description":"Explore our full range of certified fire fighting equipment and fire protection systems. Reliable fire safety products for industrial and commercial use.","breadcrumb":{"@id":"https:\/\/www.cnbaianfire.com\/products\/#breadcrumb"},"inLanguage":"pt-PT","potentialAction":[{"@type":"ReadAction","target":["https:\/\/www.cnbaianfire.com\/products\/"]}]},{"@type":"ImageObject","inLanguage":"pt-PT","@id":"https:\/\/www.cnbaianfire.com\/products\/#primaryimage","url":"https:\/\/www.cnbaianfire.com\/wp-content\/uploads\/2025\/06\/Fire-Foam-System.webp","contentUrl":"https:\/\/www.cnbaianfire.com\/wp-content\/uploads\/2025\/06\/Fire-Foam-System.webp","width":1024,"height":768,"caption":"Fire Foam System"},{"@type":"BreadcrumbList","@id":"https:\/\/www.cnbaianfire.com\/products\/#breadcrumb","itemListElement":[{"@type":"ListItem","position":1,"name":"Home","item":"https:\/\/www.cnbaianfire.com\/"},{"@type":"ListItem","position":2,"name":"Products"}]},{"@type":"WebSite","@id":"https:\/\/www.cnbaianfire.com\/#website","url":"https:\/\/www.cnbaianfire.com\/","name":"BAIAN FIRE PROTECTION EQUIPMENT","description":"","publisher":{"@id":"https:\/\/www.cnbaianfire.com\/#organization"},"potentialAction":[{"@type":"SearchAction","target":{"@type":"EntryPoint","urlTemplate":"https:\/\/www.cnbaianfire.com\/?s={search_term_string}"},"query-input":"required name=search_term_string"}],"inLanguage":"pt-PT"},{"@type":"Organization","@id":"https:\/\/www.cnbaianfire.com\/#organization","name":"Baian Group","url":"https:\/\/www.cnbaianfire.com\/","logo":{"@type":"ImageObject","inLanguage":"pt-PT","@id":"https:\/\/www.cnbaianfire.com\/#\/schema\/logo\/image\/","url":"https:\/\/www.cnbaianfire.com\/wp-content\/uploads\/2025\/05\/baian-fire-ptotection-logo.webp","contentUrl":"https:\/\/www.cnbaianfire.com\/wp-content\/uploads\/2025\/05\/baian-fire-ptotection-logo.webp","width":501,"height":494,"caption":"Baian Group"},"image":{"@id":"https:\/\/www.cnbaianfire.com\/#\/schema\/logo\/image\/"},"sameAs":["https:\/\/www.facebook.com\/BaianFirefightingEquipment"]}]}},"_links":{"self":[{"href":"http:\/\/www.cnbaianfire.com\/pt\/wp-json\/wp\/v2\/pages\/1622"}],"collection":[{"href":"http:\/\/www.cnbaianfire.com\/pt\/wp-json\/wp\/v2\/pages"}],"about":[{"href":"http:\/\/www.cnbaianfire.com\/pt\/wp-json\/wp\/v2\/types\/page"}],"author":[{"embeddable":true,"href":"http:\/\/www.cnbaianfire.com\/pt\/wp-json\/wp\/v2\/users\/1"}],"replies":[{"embeddable":true,"href":"http:\/\/www.cnbaianfire.com\/pt\/wp-json\/wp\/v2\/comments?post=1622"}],"version-history":[{"count":57,"href":"http:\/\/www.cnbaianfire.com\/pt\/wp-json\/wp\/v2\/pages\/1622\/revisions"}],"predecessor-version":[{"id":12973,"href":"http:\/\/www.cnbaianfire.com\/pt\/wp-json\/wp\/v2\/pages\/1622\/revisions\/12973"}],"wp:featuredmedia":[{"embeddable":true,"href":"http:\/\/www.cnbaianfire.com\/pt\/wp-json\/wp\/v2\/media\/12737"}],"wp:attachment":[{"href":"http:\/\/www.cnbaianfire.com\/pt\/wp-json\/wp\/v2\/media?parent=1622"}],"curies":[{"name":"wp","href":"https:\/\/api.w.org\/{rel}","templated":true}]}}