{"id":12506,"date":"2025-06-05T08:03:26","date_gmt":"2025-06-05T08:03:26","guid":{"rendered":"https:\/\/www.cnbaianfire.com\/?post_type=product&#038;p=12506"},"modified":"2025-07-26T06:36:19","modified_gmt":"2025-07-26T06:36:19","slug":"aluminum-alloy-manual-fire-water-foam-monitor-for-industrial-system","status":"publish","type":"product","link":"http:\/\/www.cnbaianfire.com\/fr\/produit\/aluminum-alloy-manual-fire-water-foam-monitor-for-industrial-system\/","title":{"rendered":"Moniteur manuel en alliage d'aluminium de mousse d'eau anti-incendie pour syst\u00e8me industriel"},"content":{"rendered":"<h2><a href=\"https:\/\/www.cnbaianfire.com\/product\/aluminum-alloy-manual-fire-water-foam-monitor-for-industrial-system\/\"><strong>Moniteur manuel en alliage d'aluminium de mousse d'eau anti-incendie pour syst\u00e8me industriel<\/strong><\/a><br \/>\nPL8\/24-48(1440-2880LPM)<\/h2>\n<table class=\"tg\" style=\"border-collapse: collapse; border-spacing: 0;\">\n<thead>\n<tr>\n<th style=\"font-family: Arial, sans-serif; font-size: 14px; font-weight: normal; overflow: hidden; padding: 10px 5px; text-align: center; vertical-align: middle; word-break: normal; border: 1px solid black;\" colspan=\"2\">Param\u00e8tres techniques<\/th>\n<\/tr>\n<\/thead>\n<tbody>\n<tr>\n<td style=\"background-color: #073980; color: #fff; font-family: Arial, sans-serif; font-size: 14px; font-weight: bold; overflow: hidden; padding: 10px 5px; text-align: center; vertical-align: middle; word-break: normal; border: 1px solid black;\">Num\u00e9ro de mod\u00e8le<\/td>\n<td style=\"font-family: Arial, sans-serif; font-size: 14px; overflow: hidden; padding: 10px 5px; text-align: center; vertical-align: middle; word-break: normal; border: 1px solid black;\">PL8\/24-48<\/td>\n<\/tr>\n<tr>\n<td style=\"background-color: #073980; color: #fff; font-family: Arial, sans-serif; font-size: 14px; font-weight: bold; overflow: hidden; padding: 10px 5px; text-align: center; vertical-align: middle; word-break: normal; border: 1px solid black;\">D\u00e9bit<\/td>\n<td style=\"background-color: #dad6d5; font-family: Arial, sans-serif; font-size: 14px; overflow: hidden; padding: 10px 5px; text-align: center; vertical-align: middle; word-break: normal; border: 1px solid black;\">1440\/1920\/2400\/2880LPM (Choisissez un d\u00e9bit)<\/td>\n<\/tr>\n<tr>\n<td style=\"background-color: #073980; color: #fff; font-family: Arial, sans-serif; font-size: 14px; font-weight: bold; overflow: hidden; padding: 10px 5px; text-align: center; vertical-align: middle; word-break: normal; border: 1px solid black;\">Pression de service<\/td>\n<td style=\"font-family: Arial, sans-serif; font-size: 14px; overflow: hidden; padding: 10px 5px; text-align: center; vertical-align: middle; word-break: normal; border: 1px solid black;\">8Bar<\/td>\n<\/tr>\n<tr>\n<td style=\"background-color: #073980; color: #fff; font-family: Arial, sans-serif; font-size: 14px; font-weight: bold; overflow: hidden; padding: 10px 5px; text-align: center; vertical-align: middle; word-break: normal; border: 1px solid black;\">Port\u00e9e max. Port\u00e9e \u00e0 10 bar<\/td>\n<td style=\"background-color: #dad6d5; font-family: Arial, sans-serif; font-size: 14px; overflow: hidden; padding: 10px 5px; text-align: center; vertical-align: middle; word-break: normal; border: 1px solid black;\">60 m\u00e8tres \u00e0 2880 LPM<\/td>\n<\/tr>\n<tr>\n<td style=\"background-color: #073980; color: #fff; font-family: Arial, sans-serif; font-size: 14px; font-weight: bold; overflow: hidden; padding: 10px 5px; text-align: center; vertical-align: middle; word-break: normal; border: 1px solid black;\">Max. Angle de brouillard<\/td>\n<td style=\"font-family: Arial, sans-serif; font-size: 14px; overflow: hidden; padding: 10px 5px; text-align: center; vertical-align: middle; word-break: normal; border: 1px solid black;\">120\u00b0<\/td>\n<\/tr>\n<tr>\n<td style=\"background-color: #073980; color: #fff; font-family: Arial, sans-serif; font-size: 14px; font-weight: bold; overflow: hidden; padding: 10px 5px; text-align: center; vertical-align: middle; word-break: normal; border: 1px solid black;\">Port\u00e9e maximale du moniteur<\/td>\n<td style=\"background-color: #dad6d5; font-family: Arial, sans-serif; font-size: 14px; overflow: hidden; padding: 10px 5px; text-align: center; vertical-align: middle; word-break: normal; border: 1px solid black;\">-15\u00b0 \u00e0 +60\u00b0 verticalement, 360\u00b0 de rotation<\/td>\n<\/tr>\n<tr>\n<td style=\"background-color: #073980; color: #fff; font-family: Arial, sans-serif; font-size: 14px; font-weight: bold; overflow: hidden; padding: 10px 5px; text-align: center; vertical-align: middle; word-break: normal; border: 1px solid black;\">Taille de la voie d'eau<\/td>\n<td style=\"font-family: Arial, sans-serif; font-size: 14px; overflow: hidden; padding: 10px 5px; text-align: center; vertical-align: middle; word-break: normal; border: 1px solid black;\">2,5\"(65mm)<\/td>\n<\/tr>\n<tr>\n<td style=\"background-color: #073980; color: #fff; font-family: Arial, sans-serif; font-size: 14px; font-weight: bold; overflow: hidden; padding: 10px 5px; text-align: center; vertical-align: middle; word-break: normal; border: 1px solid black;\">Sortie du moniteur<\/td>\n<td style=\"background-color: #dad6d5; font-family: Arial, sans-serif; font-size: 14px; overflow: hidden; padding: 10px 5px; text-align: center; vertical-align: middle; word-break: normal; border: 1px solid black;\">Filetage m\u00e2le NH de 2,5\" (65 mm)<\/td>\n<\/tr>\n<tr>\n<td style=\"background-color: #073980; color: #fff; font-family: Arial, sans-serif; font-size: 14px; font-weight: bold; overflow: hidden; padding: 10px 5px; text-align: center; vertical-align: middle; word-break: normal; border: 1px solid black;\">Entr\u00e9e du moniteur<\/td>\n<td style=\"font-family: Arial, sans-serif; font-size: 14px; overflow: hidden; padding: 10px 5px; text-align: center; vertical-align: middle; word-break: normal; border: 1px solid black;\">La bride 4\" BS4504 est standard, d'autres brides standard sont disponibles.<\/td>\n<\/tr>\n<tr>\n<td style=\"background-color: #073980; color: #fff; font-family: Arial, sans-serif; font-size: 14px; font-weight: bold; overflow: hidden; padding: 10px 5px; text-align: center; vertical-align: middle; word-break: normal; border: 1px solid black;\">Mat\u00e9riau<\/td>\n<td style=\"background-color: #dad6d5; font-family: Arial, sans-serif; font-size: 14px; overflow: hidden; padding: 10px 5px; text-align: center; vertical-align: middle; word-break: normal; border: 1px solid black;\">Aluminium<\/td>\n<\/tr>\n<tr>\n<td style=\"background-color: #073980; color: #fff; font-family: Arial, sans-serif; font-size: 14px; font-weight: bold; overflow: hidden; padding: 10px 5px; text-align: center; vertical-align: middle; word-break: normal; border: 1px solid black;\">Expansion de la mousse<\/td>\n<td style=\"font-family: Arial, sans-serif; font-size: 14px; overflow: hidden; padding: 10px 5px; text-align: center; vertical-align: middle; word-break: normal; border: 1px solid black;\">\u22656<\/td>\n<\/tr>\n<tr>\n<td style=\"background-color: #073980; color: #fff; font-family: Arial, sans-serif; font-size: 14px; font-weight: bold; overflow: hidden; padding: 10px 5px; text-align: center; vertical-align: middle; word-break: normal; border: 1px solid black;\">25% Temps de vidange<\/td>\n<td style=\"background-color: #dad6d5; font-family: Arial, sans-serif; font-size: 14px; overflow: hidden; padding: 10px 5px; text-align: center; vertical-align: middle; word-break: normal; border: 1px solid black;\">\u2265150S<\/td>\n<\/tr>\n<\/tbody>\n<\/table>\n<h2>Sp\u00e9cifications<\/h2>\n<p>1. Mat\u00e9riau : structure en alliage d'aluminium, rev\u00eatement dur anodis\u00e9 ;<br \/>\n2. D\u00e9bit : 24-48 litres\/seconde<br \/>\n3. Mode de pulv\u00e9risation : DC ;<br \/>\n4. Fonctionnement : Rotation horizontale de 360\u00b0 ; levage vertical de -15\u00b0 \u00e0 +60\u00b0 ;<br \/>\n6. Norme de bride : BS4504, ANSI150, GB, etc.<\/p>\n<h2>Occasions d'application industrielle<\/h2>\n<p>1. Usines p\u00e9trochimiques et chimiques<br \/>\nZone des r\u00e9servoirs de stockage (incendie d'huile\/solvant)<br \/>\nAutour du r\u00e9acteur (couvrir rapidement les fuites de feu)<br \/>\nTr\u00e9teaux de chargement et de d\u00e9chargement (extinction mobile des sources d'incendie)<br \/>\n2. Installations \u00e9nerg\u00e9tiques<br \/>\nGaz naturel liqu\u00e9fi\u00e9 (GNL) Station de r\u00e9ception (tol\u00e9rance de basse temp\u00e9rature de -162\u2103)<br \/>\nUsine chimique de charbon (r\u00e9sistant \u00e0 la corrosion par la poussi\u00e8re de charbon)<br \/>\n3. Stockage \u00e0 haut risque<br \/>\nEntrep\u00f4t de produits chimiques dangereux (compatible avec les environnements acides et alcalins)<br \/>\nD\u00e9p\u00f4t de carburant (la mousse \u00e9touffe l'incendie de la surface du p\u00e9trole)<br \/>\n4. Industrie pharmaceutique et alimentaire<br \/>\nAtelier d'extraction d'\u00e9thanol (conception antid\u00e9flagrante)<br \/>\nR\u00e9servoir de stockage d'huile alimentaire (compatible avec la mousse de qualit\u00e9 alimentaire)<\/p>\n<h2>Principe de fonctionnement<\/h2>\n<p>1. Contr\u00f4le ind\u00e9pendant des deux fluides : l'eau et la mousse liquide sont m\u00e9lang\u00e9es dans des proportions pr\u00e9cises dans la chambre de m\u00e9lange \u00e0 l'int\u00e9rieur du corps du pistolet (erreur \u2264\u00b10,5%), et expans\u00e9es et mouss\u00e9es par le g\u00e9n\u00e9rateur de mousse de la t\u00eate du pistolet (multiple de moussage \u22655:1).<br \/>\n2. Contr\u00f4le homme-machine : un volant antid\u00e9rapant permet de r\u00e9gler l'angle d'inclinaison et l'angle horizontal, et la vanne gradu\u00e9e contr\u00f4le avec pr\u00e9cision le d\u00e9bit (permet un d\u00e9marrage et un arr\u00eat rapides).<\/p>\n<h2>Caract\u00e9ristiques<\/h2>\n<p>1. Tol\u00e9rance aux environnements extr\u00eames<br \/>\n2. L\u00e9ger et r\u00e9sistant \u00e0 la charge<br \/>\n3. Antid\u00e9flagrant et s\u00fbr<br \/>\n4. R\u00e9ponse rapide<br \/>\n5. Tr\u00e8s peu d'entretien<\/p>\n<h2>Pression de service nominale<\/h2>\n<p>0,8~1,2 MPa<\/p>\n<p><img loading=\"lazy\" decoding=\"async\" class=\"size-full wp-image-12507 aligncenter\" data-src=\"https:\/\/www.cnbaianfire.com\/wp-content\/uploads\/2025\/06\/Aluminum-Alloy-Manual-Fire-Water-Foam-Monitor-For-Industrial-System.webp\" alt=\"Moniteur manuel en alliage d&#039;aluminium de mousse d&#039;eau anti-incendie pour syst\u00e8me industriel\" width=\"800\" height=\"800\" srcset=\"https:\/\/www.cnbaianfire.com\/wp-content\/uploads\/2025\/06\/Aluminum-Alloy-Manual-Fire-Water-Foam-Monitor-For-Industrial-System.webp 800w, https:\/\/www.cnbaianfire.com\/wp-content\/uploads\/2025\/06\/Aluminum-Alloy-Manual-Fire-Water-Foam-Monitor-For-Industrial-System-480x480.webp 480w\" sizes=\"(min-width: 0px) and (max-width: 480px) 480px, (min-width: 481px) 800px, 100vw\" \/><\/p>","protected":false},"excerpt":{"rendered":"<p>Le pr\u00e9sent <a href=\"https:\/\/www.cnbaianfire.com\/category\/fire-monitor-system\/manual-fire-water-cannon\/\"><strong>Canon \u00e0 eau manuel<\/strong><\/a> a une structure en alliage d'aluminium avec un rev\u00eatement anodis\u00e9 dur. Il offre un d\u00e9bit de 24 \u00e0 48 litres par seconde et un mode de pulv\u00e9risation en courant continu. Il permet une rotation horizontale de 360\u00b0 et un levage vertical de -15\u00b0 \u00e0 +60\u00b0, avec des normes de brides telles que BS4504, ANSI150 et GB.<\/p>","protected":false},"featured_media":12507,"template":"","meta":{"_et_pb_use_builder":"","_et_pb_old_content":"","_et_gb_content_width":""},"product_cat":[204,203],"product_tag":[],"yoast_head":"<!-- This site is optimized with the Yoast SEO plugin v22.7 - https:\/\/yoast.com\/wordpress\/plugins\/seo\/ -->\n<title>China wholesales Aluminum Alloy Manual Fire Water Foam Monitor For Industrial System supplier - BAIAN FIRE PROTECTION EQUIPMENT<\/title>\n<meta name=\"description\" content=\"Professional Aluminum Alloy Manual Fire Water Foam Monitor For Industrial System manufacturer - Baian. We offers reliable, certified fire fighting equipment backed by technical support and global experience.\" \/>\n<meta name=\"robots\" content=\"index, follow, max-snippet:-1, max-image-preview:large, max-video-preview:-1\" \/>\n<link rel=\"canonical\" href=\"http:\/\/www.cnbaianfire.com\/fr\/produit\/aluminum-alloy-manual-fire-water-foam-monitor-for-industrial-system\/\" \/>\n<meta property=\"og:locale\" content=\"fr_FR\" \/>\n<meta property=\"og:type\" content=\"article\" \/>\n<meta property=\"og:title\" content=\"China wholesales Aluminum Alloy Manual Fire Water Foam Monitor For Industrial System supplier - BAIAN FIRE PROTECTION EQUIPMENT\" \/>\n<meta property=\"og:description\" content=\"Professional Aluminum Alloy Manual Fire Water Foam Monitor For Industrial System manufacturer - Baian. We offers reliable, certified fire fighting equipment backed by technical support and global experience.\" \/>\n<meta property=\"og:url\" content=\"http:\/\/www.cnbaianfire.com\/fr\/produit\/aluminum-alloy-manual-fire-water-foam-monitor-for-industrial-system\/\" \/>\n<meta property=\"og:site_name\" content=\"BAIAN FIRE PROTECTION EQUIPMENT\" \/>\n<meta property=\"article:publisher\" content=\"https:\/\/www.facebook.com\/BaianFirefightingEquipment\" \/>\n<meta property=\"article:modified_time\" content=\"2025-07-26T06:36:19+00:00\" \/>\n<meta property=\"og:image\" content=\"https:\/\/www.cnbaianfire.com\/wp-content\/uploads\/2025\/06\/Aluminum-Alloy-Manual-Fire-Water-Foam-Monitor-For-Industrial-System.webp\" \/>\n\t<meta property=\"og:image:width\" content=\"800\" \/>\n\t<meta property=\"og:image:height\" content=\"800\" \/>\n\t<meta property=\"og:image:type\" content=\"image\/webp\" \/>\n<meta name=\"twitter:card\" content=\"summary_large_image\" \/>\n<meta name=\"twitter:label1\" content=\"Dur\u00e9e de lecture estim\u00e9e\" \/>\n\t<meta name=\"twitter:data1\" content=\"2 minutes\" \/>\n<script type=\"application\/ld+json\" class=\"yoast-schema-graph\">{\"@context\":\"https:\/\/schema.org\",\"@graph\":[{\"@type\":\"WebPage\",\"@id\":\"https:\/\/www.cnbaianfire.com\/product\/aluminum-alloy-manual-fire-water-foam-monitor-for-industrial-system\/\",\"url\":\"https:\/\/www.cnbaianfire.com\/product\/aluminum-alloy-manual-fire-water-foam-monitor-for-industrial-system\/\",\"name\":\"China wholesales Aluminum Alloy Manual Fire Water Foam Monitor For Industrial System supplier - BAIAN FIRE PROTECTION EQUIPMENT\",\"isPartOf\":{\"@id\":\"https:\/\/www.cnbaianfire.com\/#website\"},\"primaryImageOfPage\":{\"@id\":\"https:\/\/www.cnbaianfire.com\/product\/aluminum-alloy-manual-fire-water-foam-monitor-for-industrial-system\/#primaryimage\"},\"image\":{\"@id\":\"https:\/\/www.cnbaianfire.com\/product\/aluminum-alloy-manual-fire-water-foam-monitor-for-industrial-system\/#primaryimage\"},\"thumbnailUrl\":\"https:\/\/www.cnbaianfire.com\/wp-content\/uploads\/2025\/06\/Aluminum-Alloy-Manual-Fire-Water-Foam-Monitor-For-Industrial-System.webp\",\"datePublished\":\"2025-06-05T08:03:26+00:00\",\"dateModified\":\"2025-07-26T06:36:19+00:00\",\"description\":\"Professional Aluminum Alloy Manual Fire Water Foam Monitor For Industrial System manufacturer - Baian. We offers reliable, certified fire fighting equipment backed by technical support and global experience.\",\"breadcrumb\":{\"@id\":\"https:\/\/www.cnbaianfire.com\/product\/aluminum-alloy-manual-fire-water-foam-monitor-for-industrial-system\/#breadcrumb\"},\"inLanguage\":\"fr-FR\",\"potentialAction\":[{\"@type\":\"ReadAction\",\"target\":[\"https:\/\/www.cnbaianfire.com\/product\/aluminum-alloy-manual-fire-water-foam-monitor-for-industrial-system\/\"]}]},{\"@type\":\"ImageObject\",\"inLanguage\":\"fr-FR\",\"@id\":\"https:\/\/www.cnbaianfire.com\/product\/aluminum-alloy-manual-fire-water-foam-monitor-for-industrial-system\/#primaryimage\",\"url\":\"https:\/\/www.cnbaianfire.com\/wp-content\/uploads\/2025\/06\/Aluminum-Alloy-Manual-Fire-Water-Foam-Monitor-For-Industrial-System.webp\",\"contentUrl\":\"https:\/\/www.cnbaianfire.com\/wp-content\/uploads\/2025\/06\/Aluminum-Alloy-Manual-Fire-Water-Foam-Monitor-For-Industrial-System.webp\",\"width\":800,\"height\":800,\"caption\":\"Aluminum Alloy Manual Fire Water Foam Monitor For Industrial System\"},{\"@type\":\"BreadcrumbList\",\"@id\":\"https:\/\/www.cnbaianfire.com\/product\/aluminum-alloy-manual-fire-water-foam-monitor-for-industrial-system\/#breadcrumb\",\"itemListElement\":[{\"@type\":\"ListItem\",\"position\":1,\"name\":\"Home\",\"item\":\"https:\/\/www.cnbaianfire.com\/\"},{\"@type\":\"ListItem\",\"position\":2,\"name\":\"Products\",\"item\":\"https:\/\/www.cnbaianfire.com\/shop\/\"},{\"@type\":\"ListItem\",\"position\":3,\"name\":\"Aluminum Alloy Manual Fire Water Foam Monitor For Industrial System\"}]},{\"@type\":\"WebSite\",\"@id\":\"https:\/\/www.cnbaianfire.com\/#website\",\"url\":\"https:\/\/www.cnbaianfire.com\/\",\"name\":\"BAIAN FIRE PROTECTION EQUIPMENT\",\"description\":\"\",\"publisher\":{\"@id\":\"https:\/\/www.cnbaianfire.com\/#organization\"},\"potentialAction\":[{\"@type\":\"SearchAction\",\"target\":{\"@type\":\"EntryPoint\",\"urlTemplate\":\"https:\/\/www.cnbaianfire.com\/?s={search_term_string}\"},\"query-input\":\"required name=search_term_string\"}],\"inLanguage\":\"fr-FR\"},{\"@type\":\"Organization\",\"@id\":\"https:\/\/www.cnbaianfire.com\/#organization\",\"name\":\"Baian Group\",\"url\":\"https:\/\/www.cnbaianfire.com\/\",\"logo\":{\"@type\":\"ImageObject\",\"inLanguage\":\"fr-FR\",\"@id\":\"https:\/\/www.cnbaianfire.com\/#\/schema\/logo\/image\/\",\"url\":\"https:\/\/www.cnbaianfire.com\/wp-content\/uploads\/2025\/05\/baian-fire-ptotection-logo.webp\",\"contentUrl\":\"https:\/\/www.cnbaianfire.com\/wp-content\/uploads\/2025\/05\/baian-fire-ptotection-logo.webp\",\"width\":501,\"height\":494,\"caption\":\"Baian Group\"},\"image\":{\"@id\":\"https:\/\/www.cnbaianfire.com\/#\/schema\/logo\/image\/\"},\"sameAs\":[\"https:\/\/www.facebook.com\/BaianFirefightingEquipment\"]}]}<\/script>\n<!-- \/ Yoast SEO plugin. -->","yoast_head_json":{"title":"China wholesales Aluminum Alloy Manual Fire Water Foam Monitor For Industrial System supplier - BAIAN FIRE PROTECTION EQUIPMENT","description":"Professional Aluminum Alloy Manual Fire Water Foam Monitor For Industrial System manufacturer - Baian. We offers reliable, certified fire fighting equipment backed by technical support and global experience.","robots":{"index":"index","follow":"follow","max-snippet":"max-snippet:-1","max-image-preview":"max-image-preview:large","max-video-preview":"max-video-preview:-1"},"canonical":"http:\/\/www.cnbaianfire.com\/fr\/produit\/aluminum-alloy-manual-fire-water-foam-monitor-for-industrial-system\/","og_locale":"fr_FR","og_type":"article","og_title":"China wholesales Aluminum Alloy Manual Fire Water Foam Monitor For Industrial System supplier - BAIAN FIRE PROTECTION EQUIPMENT","og_description":"Professional Aluminum Alloy Manual Fire Water Foam Monitor For Industrial System manufacturer - Baian. We offers reliable, certified fire fighting equipment backed by technical support and global experience.","og_url":"http:\/\/www.cnbaianfire.com\/fr\/produit\/aluminum-alloy-manual-fire-water-foam-monitor-for-industrial-system\/","og_site_name":"BAIAN FIRE PROTECTION EQUIPMENT","article_publisher":"https:\/\/www.facebook.com\/BaianFirefightingEquipment","article_modified_time":"2025-07-26T06:36:19+00:00","og_image":[{"width":800,"height":800,"url":"https:\/\/www.cnbaianfire.com\/wp-content\/uploads\/2025\/06\/Aluminum-Alloy-Manual-Fire-Water-Foam-Monitor-For-Industrial-System.webp","type":"image\/webp"}],"twitter_card":"summary_large_image","twitter_misc":{"Dur\u00e9e de lecture estim\u00e9e":"2 minutes"},"schema":{"@context":"https:\/\/schema.org","@graph":[{"@type":"WebPage","@id":"https:\/\/www.cnbaianfire.com\/product\/aluminum-alloy-manual-fire-water-foam-monitor-for-industrial-system\/","url":"https:\/\/www.cnbaianfire.com\/product\/aluminum-alloy-manual-fire-water-foam-monitor-for-industrial-system\/","name":"China wholesales Aluminum Alloy Manual Fire Water Foam Monitor For Industrial System supplier - BAIAN FIRE PROTECTION EQUIPMENT","isPartOf":{"@id":"https:\/\/www.cnbaianfire.com\/#website"},"primaryImageOfPage":{"@id":"https:\/\/www.cnbaianfire.com\/product\/aluminum-alloy-manual-fire-water-foam-monitor-for-industrial-system\/#primaryimage"},"image":{"@id":"https:\/\/www.cnbaianfire.com\/product\/aluminum-alloy-manual-fire-water-foam-monitor-for-industrial-system\/#primaryimage"},"thumbnailUrl":"https:\/\/www.cnbaianfire.com\/wp-content\/uploads\/2025\/06\/Aluminum-Alloy-Manual-Fire-Water-Foam-Monitor-For-Industrial-System.webp","datePublished":"2025-06-05T08:03:26+00:00","dateModified":"2025-07-26T06:36:19+00:00","description":"Professional Aluminum Alloy Manual Fire Water Foam Monitor For Industrial System manufacturer - Baian. We offers reliable, certified fire fighting equipment backed by technical support and global experience.","breadcrumb":{"@id":"https:\/\/www.cnbaianfire.com\/product\/aluminum-alloy-manual-fire-water-foam-monitor-for-industrial-system\/#breadcrumb"},"inLanguage":"fr-FR","potentialAction":[{"@type":"ReadAction","target":["https:\/\/www.cnbaianfire.com\/product\/aluminum-alloy-manual-fire-water-foam-monitor-for-industrial-system\/"]}]},{"@type":"ImageObject","inLanguage":"fr-FR","@id":"https:\/\/www.cnbaianfire.com\/product\/aluminum-alloy-manual-fire-water-foam-monitor-for-industrial-system\/#primaryimage","url":"https:\/\/www.cnbaianfire.com\/wp-content\/uploads\/2025\/06\/Aluminum-Alloy-Manual-Fire-Water-Foam-Monitor-For-Industrial-System.webp","contentUrl":"https:\/\/www.cnbaianfire.com\/wp-content\/uploads\/2025\/06\/Aluminum-Alloy-Manual-Fire-Water-Foam-Monitor-For-Industrial-System.webp","width":800,"height":800,"caption":"Aluminum Alloy Manual Fire Water Foam Monitor For Industrial System"},{"@type":"BreadcrumbList","@id":"https:\/\/www.cnbaianfire.com\/product\/aluminum-alloy-manual-fire-water-foam-monitor-for-industrial-system\/#breadcrumb","itemListElement":[{"@type":"ListItem","position":1,"name":"Home","item":"https:\/\/www.cnbaianfire.com\/"},{"@type":"ListItem","position":2,"name":"Products","item":"https:\/\/www.cnbaianfire.com\/shop\/"},{"@type":"ListItem","position":3,"name":"Aluminum Alloy Manual Fire Water Foam Monitor For Industrial System"}]},{"@type":"WebSite","@id":"https:\/\/www.cnbaianfire.com\/#website","url":"https:\/\/www.cnbaianfire.com\/","name":"BAIAN FIRE PROTECTION EQUIPMENT","description":"","publisher":{"@id":"https:\/\/www.cnbaianfire.com\/#organization"},"potentialAction":[{"@type":"SearchAction","target":{"@type":"EntryPoint","urlTemplate":"https:\/\/www.cnbaianfire.com\/?s={search_term_string}"},"query-input":"required name=search_term_string"}],"inLanguage":"fr-FR"},{"@type":"Organization","@id":"https:\/\/www.cnbaianfire.com\/#organization","name":"Baian Group","url":"https:\/\/www.cnbaianfire.com\/","logo":{"@type":"ImageObject","inLanguage":"fr-FR","@id":"https:\/\/www.cnbaianfire.com\/#\/schema\/logo\/image\/","url":"https:\/\/www.cnbaianfire.com\/wp-content\/uploads\/2025\/05\/baian-fire-ptotection-logo.webp","contentUrl":"https:\/\/www.cnbaianfire.com\/wp-content\/uploads\/2025\/05\/baian-fire-ptotection-logo.webp","width":501,"height":494,"caption":"Baian Group"},"image":{"@id":"https:\/\/www.cnbaianfire.com\/#\/schema\/logo\/image\/"},"sameAs":["https:\/\/www.facebook.com\/BaianFirefightingEquipment"]}]}},"_links":{"self":[{"href":"http:\/\/www.cnbaianfire.com\/fr\/wp-json\/wp\/v2\/product\/12506"}],"collection":[{"href":"http:\/\/www.cnbaianfire.com\/fr\/wp-json\/wp\/v2\/product"}],"about":[{"href":"http:\/\/www.cnbaianfire.com\/fr\/wp-json\/wp\/v2\/types\/product"}],"wp:featuredmedia":[{"embeddable":true,"href":"http:\/\/www.cnbaianfire.com\/fr\/wp-json\/wp\/v2\/media\/12507"}],"wp:attachment":[{"href":"http:\/\/www.cnbaianfire.com\/fr\/wp-json\/wp\/v2\/media?parent=12506"}],"wp:term":[{"taxonomy":"product_cat","embeddable":true,"href":"http:\/\/www.cnbaianfire.com\/fr\/wp-json\/wp\/v2\/product_cat?post=12506"},{"taxonomy":"product_tag","embeddable":true,"href":"http:\/\/www.cnbaianfire.com\/fr\/wp-json\/wp\/v2\/product_tag?post=12506"}],"curies":[{"name":"wp","href":"https:\/\/api.w.org\/{rel}","templated":true}]}}