{"id":1622,"date":"2024-01-04T05:06:31","date_gmt":"2024-01-04T05:06:31","guid":{"rendered":"http:\/\/3.215.36.167\/?page_id=1622"},"modified":"2025-08-06T03:45:32","modified_gmt":"2025-08-06T03:45:32","slug":"products","status":"publish","type":"page","link":"http:\/\/www.cnbaianfire.com\/es\/products\/","title":{"rendered":"Productos"},"content":{"rendered":"[et_pb_section fb_built=&#8221;1&#8243; custom_padding_last_edited=&#8221;on|phone&#8221; _builder_version=&#8221;4.21.0&#8243; _module_preset=&#8221;default&#8221; background_enable_color=&#8221;off&#8221; custom_padding=&#8221;15px||0px||false|false&#8221; custom_padding_tablet=&#8221;35px||0px||false|false&#8221; custom_padding_phone=&#8221;0px||||false|false&#8221; border_color_bottom=&#8221;#eeeeee&#8221; global_colors_info=&#8221;{}&#8221;][et_pb_row _builder_version=&#8221;4.21.0&#8243; _module_preset=&#8221;default&#8221; custom_padding=&#8221;0px||15px||false|false&#8221; border_width_bottom=&#8221;1px&#8221; border_color_bottom=&#8221;#eeeeee&#8221; global_colors_info=&#8221;{}&#8221;][et_pb_column type=&#8221;4_4&#8243; _builder_version=&#8221;4.21.0&#8243; _module_preset=&#8221;default&#8221; global_colors_info=&#8221;{}&#8221;][dipl_breadcrumb breadcrumb_layout=&#8221;layout2&#8243; separator_text=&#8221;\/&#8221; separator_size=&#8221;18px&#8221; separator_color=&#8221;#888888&#8243; _builder_version=&#8221;4.21.0&#8243; _module_preset=&#8221;default&#8221; global_text_settings_text_align=&#8221;left&#8221; global_text_settings_font_size=&#8221;18px&#8221; text_font=&#8221;||||||||&#8221; text_text_color=&#8221;#000000&#8243; link_text_color=&#8221;#000000&#8243; global_text_settings_font_size_tablet=&#8221;18px&#8221; global_text_settings_font_size_phone=&#8221;14px&#8221; global_text_settings_font_size_last_edited=&#8221;on|phone&#8221; global_colors_info=&#8221;{}&#8221;][\/dipl_breadcrumb][\/et_pb_column][\/et_pb_row][\/et_pb_section][et_pb_section fb_built=&#8221;1&#8243; custom_padding_last_edited=&#8221;on|phone&#8221; _builder_version=&#8221;4.21.0&#8243; _module_preset=&#8221;default&#8221; custom_padding=&#8221;29px||29px||true|false&#8221; custom_padding_tablet=&#8221;25px||25px||true|false&#8221; custom_padding_phone=&#8221;0px||25px||false|false&#8221; global_colors_info=&#8221;{}&#8221;][et_pb_row column_structure=&#8221;1_4,3_4&#8243; use_custom_gutter=&#8221;on&#8221; custom_padding_last_edited=&#8221;on|phone&#8221; module_id=&#8221;row-flex&#8221; _builder_version=&#8221;4.21.0&#8243; _module_preset=&#8221;default&#8221; custom_padding=&#8221;0px||||false|false&#8221; custom_padding_tablet=&#8221;25px||||false|false&#8221; custom_padding_phone=&#8221;25px||||false|false&#8221; hover_enabled=&#8221;0&#8243; global_colors_info=&#8221;{}&#8221; sticky_enabled=&#8221;0&#8243;][et_pb_column type=&#8221;1_4&#8243; _builder_version=&#8221;4.21.0&#8243; _module_preset=&#8221;default&#8221; global_colors_info=&#8221;{}&#8221;][et_pb_sidebar area=&#8221;et_pb_widget_area_1&#8243; show_border=&#8221;off&#8221; disabled_on=&#8221;off|off|off&#8221; module_id=&#8221;pro-sidebar&#8221; _builder_version=&#8221;4.21.0&#8243; _module_preset=&#8221;default&#8221; body_font=&#8221;||||||||&#8221; body_text_color=&#8221;#000000&#8243; body_font_size=&#8221;16px&#8221; custom_margin=&#8221;||0px||false|false&#8221; global_colors_info=&#8221;{}&#8221;][\/et_pb_sidebar][\/et_pb_column][et_pb_column type=&#8221;3_4&#8243; _builder_version=&#8221;4.21.0&#8243; _module_preset=&#8221;default&#8221; global_colors_info=&#8221;{}&#8221;][et_pb_text _builder_version=&#8221;4.21.0&#8243; _module_preset=&#8221;default&#8221; header_font=&#8221;|700|||||||&#8221; header_text_align=&#8221;left&#8221; header_text_color=&#8221;#000000&#8243; header_font_size=&#8221;32px&#8221; custom_margin=&#8221;||15px||false|false&#8221; custom_padding=&#8221;||||false|false&#8221; custom_padding_tablet=&#8221;0px||||false|false&#8221; custom_padding_phone=&#8221;0px||||false|false&#8221; custom_padding_last_edited=&#8221;on|tablet&#8221; header_font_size_tablet=&#8221;40px&#8221; header_font_size_phone=&#8221;18px&#8221; header_font_size_last_edited=&#8221;on|phone&#8221; global_colors_info=&#8221;{}&#8221;]<h1><span>Productos de protecci\u00f3n contra incendios<\/span><\/h1>[\/et_pb_text][et_pb_text _builder_version=&#8221;4.21.0&#8243; _module_preset=&#8221;default&#8221; global_colors_info=&#8221;{}&#8221;]<p>Buscamos<span><a href=\"https:\/\/www.cnbaianfire.com\/\">\u00a0equipos de protecci\u00f3n contra incendios<\/a><\/span>? En Bai'an combinamos calidad certificada con ingenier\u00eda pr\u00e1ctica para ayudarle a construir sistemas m\u00e1s seguros y eficientes, con menos complicaciones y m\u00e1s asistencia.<\/p>\n<p><span><a href=\"https:\/\/www.cnbaianfire.com\/contact-us\/\">P\u00f3ngase en contacto con nosotros<\/a><\/span>\u00a0hoy mismo para obtener un presupuesto personalizado o asesoramiento t\u00e9cnico para su pr\u00f3ximo proyecto. Construyamos juntos una protecci\u00f3n contra incendios que funcione.<\/p>[\/et_pb_text][et_pb_shop show_pagination=&#8221;on&#8221; columns_number=&#8221;4&#8243; icon_hover_color=&#8221;#FFFFFF&#8221; hover_overlay_color=&#8221;rgba(0,0,0,0.42)&#8221; hover_icon=&#8221;&#x4c;||divi||400&#8243; show_price=&#8221;off&#8221; show_rating=&#8221;off&#8221; show_sale_badge=&#8221;off&#8221; module_id=&#8221;p-list&#8221; _builder_version=&#8221;4.21.0&#8243; _module_preset=&#8221;default&#8221; title_text_align=&#8221;center&#8221; title_font_size=&#8221;15px&#8221; title_line_height=&#8221;1.1em&#8221; global_colors_info=&#8221;{}&#8221;][\/et_pb_shop][et_pb_text module_id=&#8221;pdes&#8221; _builder_version=&#8221;4.21.0&#8243; _module_preset=&#8221;default&#8221; global_colors_info=&#8221;{}&#8221;]<h2><strong>Equipos contra incendios fiables: dise\u00f1ados para aplicaciones pr\u00e1cticas<\/strong><\/h2>\n<p>En Baian, sabemos que cada segundo cuenta en la seguridad contra incendios, y cada componente de los equipos contra incendios es fundamental. Desde los cuerpos de bomberos municipales hasta los grandes proyectos industriales, se conf\u00eda en nuestros productos en \u00e1reas donde la seguridad no puede verse comprometida.<\/p>\n<p>Ofrecemos una gama completa de equipamiento esencial, que incluye <span><a href=\"https:\/\/www.cnbaianfire.com\/category\/fire-hose\/\">manguera de boca de incendios<\/a><\/span>, <span><a href=\"https:\/\/www.cnbaianfire.com\/category\/fire-monitor-system\/\">monitor de espuma contra incendios<\/a><\/span>, <span><a href=\"https:\/\/www.cnbaianfire.com\/category\/foam-system\/\">sistema de espuma contra incendios<\/a><\/span>\u00a0y <span><a href=\"https:\/\/www.cnbaianfire.com\/category\/fire-fighting-valve\/\">v\u00e1lvula de boca de incendios<\/a><\/span>- todos ellos dise\u00f1ados pensando en la durabilidad, la compatibilidad y la facilidad de uso.<\/p>\n<h2><strong>V\u00e1lvulas antiincendios: control fiable del caudal<\/strong><\/h2>\n<p>Desde la regulaci\u00f3n de la presi\u00f3n hasta el corte de caudal, ofrecemos una gama de v\u00e1lvulas para garantizar el correcto funcionamiento de su sistema. Todas las v\u00e1lvulas se fabrican conforme a normas internacionales y se someten a pruebas de rendimiento para garantizar un rendimiento constante.<\/p>\n<ul>\n<li><span><\/span><span><a href=\"https:\/\/www.cnbaianfire.com\/category\/fire-fighting-valve\/gate-valve\/\">V\u00e1lvula de compuerta para boca de incendios<\/a><\/span>, <span><a href=\"https:\/\/www.cnbaianfire.com\/category\/fire-fighting-valve\/butterfly-valve\/\">v\u00e1lvula de mariposa de protecci\u00f3n contra incendios<\/a><\/span>, <span><a href=\"https:\/\/www.cnbaianfire.com\/category\/fire-fighting-valve\/brass-valve\/\">V\u00e1lvula de lat\u00f3n<\/a><\/span>, <span><a href=\"https:\/\/www.cnbaianfire.com\/category\/fire-fighting-valve\/strainer-valve\/\">V\u00e1lvula de filtro<\/a><\/span>,<span><a href=\"https:\/\/www.cnbaianfire.com\/category\/fire-fighting-valve\/pressure-relief-valve\/\">v\u00e1lvula de alivio de la bomba contra incendios<\/a><\/span>,\u00a0<span><a href=\"https:\/\/www.cnbaianfire.com\/category\/fire-fighting-valve\/pressure-relief-valve\/\">v\u00e1lvula de seguridad para bomba contra incendios<\/a><\/span><\/li>\n<li><span><\/span>M\u00faltiples tama\u00f1os y materiales<\/li>\n<li><span><\/span>F\u00e1cil de instalar y mantener<\/li>\n<li><span><\/span>Conformidad con las certificaciones CCCF\/CE\/ISO<\/li>\n<\/ul>\n<h2><strong>Mangueras contra incendios: duraderas, flexibles y listas para usar<\/strong><\/h2>\n<p>Nuestras mangueras contra incendios est\u00e1n dise\u00f1adas para soportar condiciones duras. Son ligeras, resistentes y f\u00e1ciles de desplegar para uso en emergencias y sistemas fijos de extinci\u00f3n de incendios.<\/p>\n<ul>\n<li><span><\/span>Disponible en dise\u00f1os de chaqueta simple y doble<\/li>\n<li><span><\/span>Reforzado para aplicaciones de alta presi\u00f3n<\/li>\n<li><span><\/span>Disponible en accesorios de aluminio, lat\u00f3n y acero inoxidable<\/li>\n<li><span><\/span>Resistente al desgaste, al moho y a la intemperie<\/li>\n<\/ul>\n<h2><strong>Sistemas de monitorizaci\u00f3n de incendios: gran caudal, cobertura total<\/strong><\/h2>\n<p>Nuestros monitores de incendios est\u00e1n dise\u00f1ados para aplicaciones que requieren una gran cobertura y un potente rociado de agua, como dep\u00f3sitos de combustible, aeropuertos y zonas de almacenamiento de productos qu\u00edmicos. Ofrecemos modelos manuales y remotos con rotaci\u00f3n suave y capacidad de elevaci\u00f3n.<\/p>\n<ul>\n<li><span><\/span>Caudales de 20 l\/s a m\u00e1s de 80 l\/s<\/li>\n<li><span><\/span>Cuerpo robusto y duradero para exteriores<\/li>\n<li><span><\/span>Disponible en modelos compatibles con agua pura o espuma<\/li>\n<li><span><\/span>F\u00e1cil mantenimiento y funcionamiento sencillo<\/li>\n<\/ul>\n<h2><strong>Sistemas de espuma: extinci\u00f3n eficaz de incendios de l\u00edquidos<\/strong><\/h2>\n<p>Los sistemas de espuma son esenciales para los lugares donde se almacenan o procesan l\u00edquidos inflamables. Ofrecemos sistemas completos que incluyen dosificadores, dep\u00f3sitos, generadores y boquillas para diversos tipos de espuma.<\/p>\n<ul>\n<li><span><\/span>Admite espuma formadora de pel\u00edcula acuosa (AFFF), espuma formadora de pel\u00edcula acuosa de carb\u00f3n activado (AR-AFFF) y espuma proteica<\/li>\n<li><span><\/span>Mezcla precisa para un uso eficaz de la espuma<\/li>\n<li><span><\/span>Dise\u00f1o modular para facilitar la integraci\u00f3n del sistema<\/li>\n<li><span><\/span>Adecuado para refiner\u00edas, muelles de carga y dep\u00f3sitos de combustible<\/li>\n<\/ul>[\/et_pb_text][et_pb_code _builder_version=&#8221;4.21.0&#8243; _module_preset=&#8221;default&#8221; global_colors_info=&#8221;{}&#8221; theme_builder_area=&#8221;post_content&#8221;]    <div class=\"header_inquiry\" style=\"display: flex; align-items: center; justify-content: center; height: 64vh; background-color: #f1f4f6; width: 100%;\">\n        <div id=\"header_inquiry-form\" style=\"border:1px solid #bfbfbf; padding: 2em; padding-top:2.625em;width: 84%; background-color: #fff;\">\n\n            <div style=\"background-color: #013e5a; color: #fff; padding: 1em; border-radius: 5px; margin-bottom: 2em; text-align: center;\">\n                <p style=\"margin: 0; color: #fff;\">Deje su mensaje<\/p>\n            <\/div>\n\n            <form id=\"header_inquiry-form-content\" action=\"#\" method=\"post\" style=\"color: #666;\" data-trp-original-action=\"#\">\n\n                <input type=\"text\" name=\"title\" id=\"name\" placeholder=\"*Nombre...\" required style=\"width: 100%; padding: 1em; margin-bottom: 1em; box-sizing: border-box;\">\n                <input type=\"email\" name=\"email\" id=\"email\" placeholder=\"*Correo electr\u00f3nico (le responderemos por correo electr\u00f3nico en 24 horas)\" required style=\"width: 100%; padding: 1em; margin-bottom: 1em; box-sizing: border-box;\">\n                <input type=\"text\" name=\"telephone\" id=\"phone\" placeholder=\"*Tel\u00e9fono\/WhatsApp\/WeChat (Muy importante)\" required style=\"width: 100%; padding: 1em; margin-bottom: 1em; box-sizing: border-box;\">\n                <textarea name=\"message\" id=\"details\" rows=\"4\" placeholder=\"*Introduzca detalles de la cabecera como tama\u00f1o, color, materiales, etc. y otros requisitos espec\u00edficos para recibir un presupuesto preciso.\" style=\"width: 100%; padding: 1em; margin-bottom: 1em; box-sizing: border-box;\"><\/textarea>\n\n                <button type=\"submit\" style=\"background-color: #f28808; color: #fff; padding: 1em 1.5em; border: none; border-radius: 3px; cursor: pointer; width: 100%;\">Enviar<\/button>\n\n            <input type=\"hidden\" name=\"trp-form-language\" value=\"es\"\/><\/form>\n\n        <\/div>\n    <\/div>\n    [\/et_pb_code][\/et_pb_column][\/et_pb_row][\/et_pb_section]","protected":false},"excerpt":{"rendered":"<p><div class=\"et_pb_module dipl_breadcrumb dipl_breadcrumb_0\">\n\t\t\t\t\n\t\t\t\t\n\t\t\t\t\n\t\t\t\t\n\t\t\t\t\n\t\t\t\t\n\t\t\t\t<div class=\"et_pb_module_inner\">\n\t\t\t\t\t<div class=\"dipl-breadcrumb-wrapper layout2\">\n\t\t\t\t\t\t\t\t<ol class=\"dipl-breadcrumb-inner\" vocab=\"https:\/\/schema.org\/\" typeof=\"BreadcrumbList\">\n\t\t\t\t\t\t\t\t\t<li property=\"itemListElement\" typeof=\"ListItem\" data-icon=\"&#x24;\">\n\t\t\t\t\t\t\t\t\t\t\t\t\t    <a class=\"breadcrumb-item dipl-home-page\" href=\"http:\/\/www.cnbaianfire.com\/es\" property=\"item\" typeof=\"WebPage\" >\n\t\t\t\t\t\t\t\t\t\t\t\t\t      \t<span class=\"breadcrumb-page\" property=\"name\">Inicio<\/span>\n\t\t\t\t\t\t\t\t\t\t\t\t\t    <\/a>\n\t\t\t\t\t\t\t\t\t\t\t\t\t    <meta property=\"position\" content=\"1\" \/>\n\t\t\t\t\t\t\t\t\t\t\t\t\t<\/li>\n\t\t\t\t\t\t\t\t<\/ol>\n\t\t\t\t\t\t\t<\/div>\n\t\t\t\t<\/div>\n\t\t\t<\/div>Fire Protection ProductsLooking for reliable\u00a0fire protection equipment? At Bai\u2019an, we combine certified quality with practical engineering to help you build safer, more efficient systems \u2014 with less hassle and more support. Contact us\u00a0today to get a customized quote or technical [&hellip;]<\/p>","protected":false},"author":1,"featured_media":12737,"parent":0,"menu_order":0,"comment_status":"closed","ping_status":"closed","template":"","meta":{"_et_pb_use_builder":"on","_et_pb_old_content":"","_et_gb_content_width":"","footnotes":""},"yoast_head":"<!-- This site is optimized with the Yoast SEO plugin v22.7 - https:\/\/yoast.com\/wordpress\/plugins\/seo\/ -->\n<title>Fire Fighting Equipment | Fire Safety Product Catalog<\/title>\n<meta name=\"description\" content=\"Explore our full range of certified fire fighting equipment and fire protection systems. Reliable fire safety products for industrial and commercial use.\" \/>\n<meta name=\"robots\" content=\"index, follow, max-snippet:-1, max-image-preview:large, max-video-preview:-1\" \/>\n<link rel=\"canonical\" href=\"http:\/\/www.cnbaianfire.com\/es\/products\/\" \/>\n<meta property=\"og:locale\" content=\"es_ES\" \/>\n<meta property=\"og:type\" content=\"article\" \/>\n<meta property=\"og:title\" content=\"Fire Fighting Equipment | Fire Safety Product Catalog\" \/>\n<meta property=\"og:description\" content=\"Explore our full range of certified fire fighting equipment and fire protection systems. Reliable fire safety products for industrial and commercial use.\" \/>\n<meta property=\"og:url\" content=\"http:\/\/www.cnbaianfire.com\/es\/products\/\" \/>\n<meta property=\"og:site_name\" content=\"BAIAN FIRE PROTECTION EQUIPMENT\" \/>\n<meta property=\"article:publisher\" content=\"https:\/\/www.facebook.com\/BaianFirefightingEquipment\" \/>\n<meta property=\"article:modified_time\" content=\"2025-08-06T03:45:32+00:00\" \/>\n<meta property=\"og:image\" content=\"https:\/\/www.cnbaianfire.com\/wp-content\/uploads\/2025\/06\/Fire-Foam-System.webp\" \/>\n\t<meta property=\"og:image:width\" content=\"1024\" \/>\n\t<meta property=\"og:image:height\" content=\"768\" \/>\n\t<meta property=\"og:image:type\" content=\"image\/webp\" \/>\n<meta name=\"twitter:card\" content=\"summary_large_image\" \/>\n<meta name=\"twitter:label1\" content=\"Tiempo de lectura\" \/>\n\t<meta name=\"twitter:data1\" content=\"6 minutos\" \/>\n<script type=\"application\/ld+json\" class=\"yoast-schema-graph\">{\"@context\":\"https:\/\/schema.org\",\"@graph\":[{\"@type\":\"WebPage\",\"@id\":\"https:\/\/www.cnbaianfire.com\/products\/\",\"url\":\"https:\/\/www.cnbaianfire.com\/products\/\",\"name\":\"Fire Fighting Equipment | Fire Safety Product Catalog\",\"isPartOf\":{\"@id\":\"https:\/\/www.cnbaianfire.com\/#website\"},\"primaryImageOfPage\":{\"@id\":\"https:\/\/www.cnbaianfire.com\/products\/#primaryimage\"},\"image\":{\"@id\":\"https:\/\/www.cnbaianfire.com\/products\/#primaryimage\"},\"thumbnailUrl\":\"https:\/\/www.cnbaianfire.com\/wp-content\/uploads\/2025\/06\/Fire-Foam-System.webp\",\"datePublished\":\"2024-01-04T05:06:31+00:00\",\"dateModified\":\"2025-08-06T03:45:32+00:00\",\"description\":\"Explore our full range of certified fire fighting equipment and fire protection systems. Reliable fire safety products for industrial and commercial use.\",\"breadcrumb\":{\"@id\":\"https:\/\/www.cnbaianfire.com\/products\/#breadcrumb\"},\"inLanguage\":\"es\",\"potentialAction\":[{\"@type\":\"ReadAction\",\"target\":[\"https:\/\/www.cnbaianfire.com\/products\/\"]}]},{\"@type\":\"ImageObject\",\"inLanguage\":\"es\",\"@id\":\"https:\/\/www.cnbaianfire.com\/products\/#primaryimage\",\"url\":\"https:\/\/www.cnbaianfire.com\/wp-content\/uploads\/2025\/06\/Fire-Foam-System.webp\",\"contentUrl\":\"https:\/\/www.cnbaianfire.com\/wp-content\/uploads\/2025\/06\/Fire-Foam-System.webp\",\"width\":1024,\"height\":768,\"caption\":\"Fire Foam System\"},{\"@type\":\"BreadcrumbList\",\"@id\":\"https:\/\/www.cnbaianfire.com\/products\/#breadcrumb\",\"itemListElement\":[{\"@type\":\"ListItem\",\"position\":1,\"name\":\"Home\",\"item\":\"https:\/\/www.cnbaianfire.com\/\"},{\"@type\":\"ListItem\",\"position\":2,\"name\":\"Products\"}]},{\"@type\":\"WebSite\",\"@id\":\"https:\/\/www.cnbaianfire.com\/#website\",\"url\":\"https:\/\/www.cnbaianfire.com\/\",\"name\":\"BAIAN FIRE PROTECTION EQUIPMENT\",\"description\":\"\",\"publisher\":{\"@id\":\"https:\/\/www.cnbaianfire.com\/#organization\"},\"potentialAction\":[{\"@type\":\"SearchAction\",\"target\":{\"@type\":\"EntryPoint\",\"urlTemplate\":\"https:\/\/www.cnbaianfire.com\/?s={search_term_string}\"},\"query-input\":\"required name=search_term_string\"}],\"inLanguage\":\"es\"},{\"@type\":\"Organization\",\"@id\":\"https:\/\/www.cnbaianfire.com\/#organization\",\"name\":\"Baian Group\",\"url\":\"https:\/\/www.cnbaianfire.com\/\",\"logo\":{\"@type\":\"ImageObject\",\"inLanguage\":\"es\",\"@id\":\"https:\/\/www.cnbaianfire.com\/#\/schema\/logo\/image\/\",\"url\":\"https:\/\/www.cnbaianfire.com\/wp-content\/uploads\/2025\/05\/baian-fire-ptotection-logo.webp\",\"contentUrl\":\"https:\/\/www.cnbaianfire.com\/wp-content\/uploads\/2025\/05\/baian-fire-ptotection-logo.webp\",\"width\":501,\"height\":494,\"caption\":\"Baian Group\"},\"image\":{\"@id\":\"https:\/\/www.cnbaianfire.com\/#\/schema\/logo\/image\/\"},\"sameAs\":[\"https:\/\/www.facebook.com\/BaianFirefightingEquipment\"]}]}<\/script>\n<!-- \/ Yoast SEO plugin. -->","yoast_head_json":{"title":"Fire Fighting Equipment | Fire Safety Product Catalog","description":"Explore our full range of certified fire fighting equipment and fire protection systems. Reliable fire safety products for industrial and commercial use.","robots":{"index":"index","follow":"follow","max-snippet":"max-snippet:-1","max-image-preview":"max-image-preview:large","max-video-preview":"max-video-preview:-1"},"canonical":"http:\/\/www.cnbaianfire.com\/es\/products\/","og_locale":"es_ES","og_type":"article","og_title":"Fire Fighting Equipment | Fire Safety Product Catalog","og_description":"Explore our full range of certified fire fighting equipment and fire protection systems. Reliable fire safety products for industrial and commercial use.","og_url":"http:\/\/www.cnbaianfire.com\/es\/products\/","og_site_name":"BAIAN FIRE PROTECTION EQUIPMENT","article_publisher":"https:\/\/www.facebook.com\/BaianFirefightingEquipment","article_modified_time":"2025-08-06T03:45:32+00:00","og_image":[{"width":1024,"height":768,"url":"https:\/\/www.cnbaianfire.com\/wp-content\/uploads\/2025\/06\/Fire-Foam-System.webp","type":"image\/webp"}],"twitter_card":"summary_large_image","twitter_misc":{"Tiempo de lectura":"6 minutos"},"schema":{"@context":"https:\/\/schema.org","@graph":[{"@type":"WebPage","@id":"https:\/\/www.cnbaianfire.com\/products\/","url":"https:\/\/www.cnbaianfire.com\/products\/","name":"Fire Fighting Equipment | Fire Safety Product Catalog","isPartOf":{"@id":"https:\/\/www.cnbaianfire.com\/#website"},"primaryImageOfPage":{"@id":"https:\/\/www.cnbaianfire.com\/products\/#primaryimage"},"image":{"@id":"https:\/\/www.cnbaianfire.com\/products\/#primaryimage"},"thumbnailUrl":"https:\/\/www.cnbaianfire.com\/wp-content\/uploads\/2025\/06\/Fire-Foam-System.webp","datePublished":"2024-01-04T05:06:31+00:00","dateModified":"2025-08-06T03:45:32+00:00","description":"Explore our full range of certified fire fighting equipment and fire protection systems. Reliable fire safety products for industrial and commercial use.","breadcrumb":{"@id":"https:\/\/www.cnbaianfire.com\/products\/#breadcrumb"},"inLanguage":"es","potentialAction":[{"@type":"ReadAction","target":["https:\/\/www.cnbaianfire.com\/products\/"]}]},{"@type":"ImageObject","inLanguage":"es","@id":"https:\/\/www.cnbaianfire.com\/products\/#primaryimage","url":"https:\/\/www.cnbaianfire.com\/wp-content\/uploads\/2025\/06\/Fire-Foam-System.webp","contentUrl":"https:\/\/www.cnbaianfire.com\/wp-content\/uploads\/2025\/06\/Fire-Foam-System.webp","width":1024,"height":768,"caption":"Fire Foam System"},{"@type":"BreadcrumbList","@id":"https:\/\/www.cnbaianfire.com\/products\/#breadcrumb","itemListElement":[{"@type":"ListItem","position":1,"name":"Home","item":"https:\/\/www.cnbaianfire.com\/"},{"@type":"ListItem","position":2,"name":"Products"}]},{"@type":"WebSite","@id":"https:\/\/www.cnbaianfire.com\/#website","url":"https:\/\/www.cnbaianfire.com\/","name":"BAIAN FIRE PROTECTION EQUIPMENT","description":"","publisher":{"@id":"https:\/\/www.cnbaianfire.com\/#organization"},"potentialAction":[{"@type":"SearchAction","target":{"@type":"EntryPoint","urlTemplate":"https:\/\/www.cnbaianfire.com\/?s={search_term_string}"},"query-input":"required name=search_term_string"}],"inLanguage":"es"},{"@type":"Organization","@id":"https:\/\/www.cnbaianfire.com\/#organization","name":"Baian Group","url":"https:\/\/www.cnbaianfire.com\/","logo":{"@type":"ImageObject","inLanguage":"es","@id":"https:\/\/www.cnbaianfire.com\/#\/schema\/logo\/image\/","url":"https:\/\/www.cnbaianfire.com\/wp-content\/uploads\/2025\/05\/baian-fire-ptotection-logo.webp","contentUrl":"https:\/\/www.cnbaianfire.com\/wp-content\/uploads\/2025\/05\/baian-fire-ptotection-logo.webp","width":501,"height":494,"caption":"Baian Group"},"image":{"@id":"https:\/\/www.cnbaianfire.com\/#\/schema\/logo\/image\/"},"sameAs":["https:\/\/www.facebook.com\/BaianFirefightingEquipment"]}]}},"_links":{"self":[{"href":"http:\/\/www.cnbaianfire.com\/es\/wp-json\/wp\/v2\/pages\/1622"}],"collection":[{"href":"http:\/\/www.cnbaianfire.com\/es\/wp-json\/wp\/v2\/pages"}],"about":[{"href":"http:\/\/www.cnbaianfire.com\/es\/wp-json\/wp\/v2\/types\/page"}],"author":[{"embeddable":true,"href":"http:\/\/www.cnbaianfire.com\/es\/wp-json\/wp\/v2\/users\/1"}],"replies":[{"embeddable":true,"href":"http:\/\/www.cnbaianfire.com\/es\/wp-json\/wp\/v2\/comments?post=1622"}],"version-history":[{"count":57,"href":"http:\/\/www.cnbaianfire.com\/es\/wp-json\/wp\/v2\/pages\/1622\/revisions"}],"predecessor-version":[{"id":12973,"href":"http:\/\/www.cnbaianfire.com\/es\/wp-json\/wp\/v2\/pages\/1622\/revisions\/12973"}],"wp:featuredmedia":[{"embeddable":true,"href":"http:\/\/www.cnbaianfire.com\/es\/wp-json\/wp\/v2\/media\/12737"}],"wp:attachment":[{"href":"http:\/\/www.cnbaianfire.com\/es\/wp-json\/wp\/v2\/media?parent=1622"}],"curies":[{"name":"wp","href":"https:\/\/api.w.org\/{rel}","templated":true}]}}